{"id":23599,"date":"2025-09-02T15:12:30","date_gmt":"2025-09-02T18:12:30","guid":{"rendered":"https:\/\/packdesites.com\/?post_type=product&#038;p=23599"},"modified":"2025-09-02T15:12:35","modified_gmt":"2025-09-02T18:12:35","slug":"plantilla-buzzz-elementor-para-agencias-de-marketing-en-redes-sociales","status":"publish","type":"product","link":"https:\/\/packdesites.com\/es\/product\/plantilla-buzzz-elementor-para-agencias-de-marketing-en-redes-sociales\/","title":{"rendered":"Buzzz \u2013 Plantilla Elementor para agencia de marketing en redes sociales"},"content":{"rendered":"<p>Presentamos \u201cBuzzz\u201d, un kit de plantillas Elementor para mejorar tu presencia en marketing en redes sociales.<\/p>\n\n\n\n<p>Creado para profesionales del marketing en redes sociales y estrategas digitales modernos, Buzzz es tu soluci\u00f3n integral para establecer una presencia online destacada. Impulsado por la din\u00e1mica combinaci\u00f3n de Elementor y WordPress, este kit de plantillas te permite crear f\u00e1cilmente un sitio web profesional y elegante para tu agencia de marketing en redes sociales. Ya sea que muestres historias de \u00e9xito de tus clientes, promociones tus servicios o atraigas nuevos clientes, Buzzz est\u00e1 dise\u00f1ado para cautivar a tu audiencia con su tipograf\u00eda limpia y un dise\u00f1o optimizado para la generaci\u00f3n de leads que convierte a tus visitantes en valiosos clientes.<\/p>\n\n\n\n<p>Con una variedad de funciones de vanguardia dise\u00f1adas espec\u00edficamente para profesionales del marketing en redes sociales, Buzzz garantiza que su sitio web destaque entre la competencia. Su arquitectura basada en sistemas de dise\u00f1o garantiza la coherencia visual en todas las p\u00e1ginas, a la vez que mantiene elementos totalmente personalizables que se adaptan a su identidad de marca. Los puntos de interrupci\u00f3n optimizados ofrecen una experiencia de usuario superior en todos los dispositivos, garantizando que los clientes potenciales puedan acceder a sus servicios sin problemas, ya sea desde computadoras, tabletas o dispositivos m\u00f3viles.<\/p>\n\n\n\n<p>Libera el potencial de tu agencia con la extensa colecci\u00f3n de 25 plantillas meticulosamente dise\u00f1adas de Buzzz. Cada p\u00e1gina est\u00e1 dise\u00f1ada para transmitir profesionalismo, creatividad y experiencia orientada a resultados, complementando a la perfecci\u00f3n las diversas facetas de tus servicios de marketing en redes sociales. Desde presentaciones de servicios hasta dise\u00f1os de casos pr\u00e1cticos, Buzzz ofrece plantillas completas para agilizar el proceso de desarrollo de tu sitio web y ayudarte a alcanzar tus objetivos comerciales de forma eficiente.<\/p>\n\n\n\n<p>Lleve la presencia online de su agencia al siguiente nivel con Buzzz, donde la estrategia se encuentra con el dise\u00f1o y la funcionalidad se encuentra con la conversi\u00f3n.<\/p>\n\n\n\n<p><strong>Adecuado para:<\/strong><\/p>\n\n\n\n<ul class=\"wp-block-list\">\n<li>Expertos en crecimiento de Instagram<\/li>\n\n\n\n<li>Agencias de publicidad en Facebook<\/li>\n\n\n\n<li>Estudios de creaci\u00f3n de contenidos<\/li>\n<\/ul>\n\n\n\n<p><strong>Caracter\u00edsticas:<\/strong><\/p>\n\n\n\n<ul class=\"wp-block-list\">\n<li>Dise\u00f1o \u00fanico y limpio<\/li>\n\n\n\n<li>Dise\u00f1o moderno basado en el sistema de dise\u00f1o<\/li>\n\n\n\n<li>M\u00e1s de 23 plantillas listas para usar<\/li>\n\n\n\n<li>Colores ilimitados<\/li>\n\n\n\n<li>M\u00e1s de 900 fuentes listas para usar<\/li>\n\n\n\n<li>Dise\u00f1o totalmente adaptable<\/li>\n\n\n\n<li>Totalmente personalizable<\/li>\n\n\n\n<li>Haga clic para ir arriba<\/li>\n\n\n\n<li>Compatibilidad entre navegadores<\/li>\n<\/ul>\n\n\n\n<p><strong>Modelos incluidos:<\/strong><\/p>\n\n\n\n<ul class=\"wp-block-list\">\n<li>Estilo de tema global<\/li>\n\n\n\n<li>Gu\u00eda de dise\u00f1o<\/li>\n\n\n\n<li>P\u00e1gina de inicio<\/li>\n\n\n\n<li>Sobre nosotros<\/li>\n\n\n\n<li>Formulario de experiencia<\/li>\n\n\n\n<li>Formulario de consulta<\/li>\n\n\n\n<li>Publicaci\u00f3n \u00fanica<\/li>\n\n\n\n<li>Dentro de poco<\/li>\n\n\n\n<li>Nuestro blog<\/li>\n\n\n\n<li>Error<\/li>\n\n\n\n<li>Cont\u00e1ctanos<\/li>\n\n\n\n<li>Estudios de caso<\/li>\n\n\n\n<li>PREGUNTAS FRECUENTES<\/li>\n\n\n\n<li>Premios<\/li>\n\n\n\n<li>Especializaci\u00f3n<\/li>\n\n\n\n<li>Precios<\/li>\n\n\n\n<li>Carrera<\/li>\n\n\n\n<li>Testimonios<\/li>\n\n\n\n<li>Equipo<\/li>\n\n\n\n<li>Clientela<\/li>\n\n\n\n<li>Servicios<\/li>\n\n\n\n<li>Formulario de contacto<\/li>\n\n\n\n<li>Formulario de introducci\u00f3n<\/li>\n\n\n\n<li>Formulario de inscripci\u00f3n<\/li>\n\n\n\n<li>Z\u00f3calo<\/li>\n\n\n\n<li>encabezamiento<\/li>\n<\/ul>\n\n\n\n<p><strong>Complemento necesario (incluido):<\/strong><\/p>\n\n\n\n<ul class=\"wp-block-list\">\n<li>Elementor<\/li>\n\n\n\n<li>El complemento Plus<\/li>\n\n\n\n<li>ElementsKit Lite<\/li>\n\n\n\n<li>Kit de elementos de goma de mascar<\/li>\n\n\n\n<li>Metform<\/li>\n<\/ul>","protected":false},"excerpt":{"rendered":"<p>Apresentando o \u201cBuzzz\u201d &#8211; um Template Kit Elementor para elevar sua presen\u00e7a no marketing de m\u00eddia social! Criado para profissionais de marketing de m\u00eddia social e estrategistas digitais modernos, o Buzzz \u00e9 sua solu\u00e7\u00e3o completa para estabelecer uma presen\u00e7a on-line dominante. Desenvolvido pela dupla din\u00e2mica de Elementor e WordPress, este kit de templates permite que [&hellip;]<\/p>","protected":false},"featured_media":23600,"comment_status":"open","ping_status":"closed","template":"","meta":{"_jf_limit_responses":"","iawp_total_views":276},"product_brand":[],"product_cat":[23,32,24],"product_tag":[91,49],"class_list":{"0":"post-23599","1":"product","2":"type-product","3":"status-publish","4":"has-post-thumbnail","6":"product_cat-templates-elementor-e-envato","7":"product_cat-agencia-de-marketing","8":"product_cat-templates-envato","9":"product_tag-business","10":"product_tag-starter","12":"first","13":"instock","14":"downloadable","15":"virtual","16":"purchasable","17":"product-type-simple"},"_links":{"self":[{"href":"https:\/\/packdesites.com\/es\/wp-json\/wp\/v2\/product\/23599","targetHints":{"allow":["GET"]}}],"collection":[{"href":"https:\/\/packdesites.com\/es\/wp-json\/wp\/v2\/product"}],"about":[{"href":"https:\/\/packdesites.com\/es\/wp-json\/wp\/v2\/types\/product"}],"replies":[{"embeddable":true,"href":"https:\/\/packdesites.com\/es\/wp-json\/wp\/v2\/comments?post=23599"}],"version-history":[{"count":1,"href":"https:\/\/packdesites.com\/es\/wp-json\/wp\/v2\/product\/23599\/revisions"}],"predecessor-version":[{"id":23601,"href":"https:\/\/packdesites.com\/es\/wp-json\/wp\/v2\/product\/23599\/revisions\/23601"}],"wp:featuredmedia":[{"embeddable":true,"href":"https:\/\/packdesites.com\/es\/wp-json\/wp\/v2\/media\/23600"}],"wp:attachment":[{"href":"https:\/\/packdesites.com\/es\/wp-json\/wp\/v2\/media?parent=23599"}],"wp:term":[{"taxonomy":"product_brand","embeddable":true,"href":"https:\/\/packdesites.com\/es\/wp-json\/wp\/v2\/product_brand?post=23599"},{"taxonomy":"product_cat","embeddable":true,"href":"https:\/\/packdesites.com\/es\/wp-json\/wp\/v2\/product_cat?post=23599"},{"taxonomy":"product_tag","embeddable":true,"href":"https:\/\/packdesites.com\/es\/wp-json\/wp\/v2\/product_tag?post=23599"}],"curies":[{"name":"wp","href":"https:\/\/api.w.org\/{rel}","templated":true}]}}