{"id":23596,"date":"2025-09-02T15:07:39","date_gmt":"2025-09-02T18:07:39","guid":{"rendered":"https:\/\/packdesites.com\/?post_type=product&#038;p=23596"},"modified":"2025-09-02T15:07:43","modified_gmt":"2025-09-02T18:07:43","slug":"kit-de-plantillas-elementor-de-revolix-para-agencias-de-marketing-digital","status":"publish","type":"product","link":"https:\/\/packdesites.com\/es\/product\/kit-de-plantillas-elementor-de-revolix-para-agencias-de-marketing-digital\/","title":{"rendered":"Revolix: Kit de plantillas de Elementor para agencias de marketing digital"},"content":{"rendered":"<p>Revolix \u2013 Kit de Plantillas Elementor para Agencias de Marketing Digital es una colecci\u00f3n de dise\u00f1os para el plugin de creaci\u00f3n de p\u00e1ginas Elementor, dise\u00f1ado para usar con la versi\u00f3n gratuita de Elementor y lograr un dise\u00f1o limpio. Funciona con la mayor\u00eda de los temas y est\u00e1 optimizado para usar con el tema gratuito Hello Elementor.<\/p>\n\n\n\n<p><strong>M\u00e1s de 10 plantillas de importaci\u00f3n listas para usar:<\/strong><\/p>\n\n\n\n<ul class=\"wp-block-list\">\n<li>P\u00e1gina de inicio<\/li>\n\n\n\n<li>En<\/li>\n\n\n\n<li>Servicio<\/li>\n\n\n\n<li>Detalles del servicio<\/li>\n\n\n\n<li>404<\/li>\n\n\n\n<li>Ponte en contacto con nosotros<\/li>\n\n\n\n<li>Dentro de poco<\/li>\n\n\n\n<li>Noticias<\/li>\n\n\n\n<li>Equipo<\/li>\n\n\n\n<li>Preguntas frecuentes<\/li>\n\n\n\n<li>Kit de estilo global<\/li>\n\n\n\n<li>Bloque | encabezado<\/li>\n\n\n\n<li>Bloque | Pie de p\u00e1gina<\/li>\n<\/ul>\n\n\n\n<p><strong>Caracter\u00edsticas del modelo<\/strong><\/p>\n\n\n\n<ul class=\"wp-block-list\">\n<li>No se requieren actualizaciones ni complementos profesionales<\/li>\n\n\n\n<li>Verdadero: No se requiere codificaci\u00f3n<\/li>\n\n\n\n<li>Estilo de tema global<\/li>\n<\/ul>\n\n\n\n<p><strong>Complementos instalados con el kit<\/strong><\/p>\n\n\n\n<ul class=\"wp-block-list\">\n<li>Elementor<\/li>\n\n\n\n<li>Kit de elementos RMT<\/li>\n\n\n\n<li>MetForm<\/li>\n<\/ul>\n\n\n\n<p><strong>Requisitos de WordPress<\/strong>&nbsp;PHP 8.3 o superior MySQL 8.0 o superior O MariaDB 10.6 o superior Nginx o Apache con m\u00f3dulo SSL mod_rewrite activo<\/p>","protected":false},"excerpt":{"rendered":"<p>Revolix &#8211; Ag\u00eancia de Marketing Digital Elementor Template Kit \u00e9 uma cole\u00e7\u00e3o de layouts para o plugin WordPress do construtor de p\u00e1ginas Elementor, projetado para uso com a vers\u00e3o gratuita do Elementor para um design limpo. Ele funciona com a maioria dos temas e \u00e9 otimizado para uso com o tema Hello Elementor gratuito. Mais [&hellip;]<\/p>","protected":false},"featured_media":23597,"comment_status":"open","ping_status":"closed","template":"","meta":{"_jf_limit_responses":"","iawp_total_views":176},"product_brand":[],"product_cat":[24,32,23],"product_tag":[91,49],"class_list":{"0":"post-23596","1":"product","2":"type-product","3":"status-publish","4":"has-post-thumbnail","6":"product_cat-templates-envato","7":"product_cat-agencia-de-marketing","8":"product_cat-templates-elementor-e-envato","9":"product_tag-business","10":"product_tag-starter","12":"first","13":"instock","14":"downloadable","15":"virtual","16":"purchasable","17":"product-type-simple"},"_links":{"self":[{"href":"https:\/\/packdesites.com\/es\/wp-json\/wp\/v2\/product\/23596","targetHints":{"allow":["GET"]}}],"collection":[{"href":"https:\/\/packdesites.com\/es\/wp-json\/wp\/v2\/product"}],"about":[{"href":"https:\/\/packdesites.com\/es\/wp-json\/wp\/v2\/types\/product"}],"replies":[{"embeddable":true,"href":"https:\/\/packdesites.com\/es\/wp-json\/wp\/v2\/comments?post=23596"}],"version-history":[{"count":1,"href":"https:\/\/packdesites.com\/es\/wp-json\/wp\/v2\/product\/23596\/revisions"}],"predecessor-version":[{"id":23598,"href":"https:\/\/packdesites.com\/es\/wp-json\/wp\/v2\/product\/23596\/revisions\/23598"}],"wp:featuredmedia":[{"embeddable":true,"href":"https:\/\/packdesites.com\/es\/wp-json\/wp\/v2\/media\/23597"}],"wp:attachment":[{"href":"https:\/\/packdesites.com\/es\/wp-json\/wp\/v2\/media?parent=23596"}],"wp:term":[{"taxonomy":"product_brand","embeddable":true,"href":"https:\/\/packdesites.com\/es\/wp-json\/wp\/v2\/product_brand?post=23596"},{"taxonomy":"product_cat","embeddable":true,"href":"https:\/\/packdesites.com\/es\/wp-json\/wp\/v2\/product_cat?post=23596"},{"taxonomy":"product_tag","embeddable":true,"href":"https:\/\/packdesites.com\/es\/wp-json\/wp\/v2\/product_tag?post=23596"}],"curies":[{"name":"wp","href":"https:\/\/api.w.org\/{rel}","templated":true}]}}