{"id":23593,"date":"2025-09-02T15:04:21","date_gmt":"2025-09-02T18:04:21","guid":{"rendered":"https:\/\/packdesites.com\/?post_type=product&#038;p=23593"},"modified":"2025-09-02T15:04:25","modified_gmt":"2025-09-02T18:04:25","slug":"plantillas-de-elementor-de-nurox-para-empresas-de-saas-e-ia","status":"publish","type":"product","link":"https:\/\/packdesites.com\/es\/product\/plantillas-de-elementor-de-nurox-para-empresas-de-saas-e-ia\/","title":{"rendered":"Nurox: Plantillas de Elementor para empresas de SaaS e IA"},"content":{"rendered":"<p>Nurox \u2013 El Kit de Plantillas Elementor para Empresas Digitales y SaaS de IA es un kit de plantillas Elementor elegante y moderno, dise\u00f1ado espec\u00edficamente para startups de IA, plataformas SaaS, empresas tecnol\u00f3gicas y proveedores de servicios digitales. Con una est\u00e9tica limpia y un dise\u00f1o orientado a la conversi\u00f3n, Nurox te ayuda a presentar tus soluciones, servicios y equipo de vanguardia con estilo. Es totalmente responsivo, de carga r\u00e1pida y se integra a la perfecci\u00f3n con Elementor, para que puedas personalizarlo todo sin escribir una sola l\u00ednea de c\u00f3digo.<\/p>\n\n\n\n<p>Ya sea que est\u00e9 lanzando una nueva herramienta de IA, promocionando un producto SaaS o consolidando la presencia de su agencia digital, Nurox le proporciona todas las p\u00e1ginas y componentes esenciales: p\u00e1gina de inicio, p\u00e1gina &quot;Acerca de&quot;, p\u00e1gina de servicios, p\u00e1gina de precios, p\u00e1gina de blog, p\u00e1gina de contacto y m\u00e1s. Dise\u00f1ado con precisi\u00f3n de dise\u00f1o y optimizado para un rendimiento \u00f3ptimo, este kit es el punto de partida perfecto para crear una presencia online destacada en el competitivo panorama tecnol\u00f3gico actual.<\/p>\n\n\n\n<p><strong>Caracter\u00edsticas:<\/strong><\/p>\n\n\n\n<ul class=\"wp-block-list\">\n<li>Para IA, SaaS y empresas digitales<\/li>\n\n\n\n<li>Completamente con la versi\u00f3n gratuita de Elementor (no se requiere Elementor Pro)<\/li>\n\n\n\n<li>Dise\u00f1o simple, moderno y limpio.<\/li>\n\n\n\n<li>No se requieren conocimientos de codificaci\u00f3n<\/li>\n\n\n\n<li>M\u00e1s de 17 plantillas listas para usar<\/li>\n\n\n\n<li>F\u00e1cil y totalmente personalizable.<\/li>\n<\/ul>\n\n\n\n<p><strong>Los modelos incluyen:<\/strong><\/p>\n\n\n\n<ol class=\"wp-block-list\">\n<li>Estilo de kit global<\/li>\n\n\n\n<li>Comenzar<\/li>\n\n\n\n<li>Sobre nosotros<\/li>\n\n\n\n<li>Servicios<\/li>\n\n\n\n<li>Detalle del servicio<\/li>\n\n\n\n<li>Nuestro equipo<\/li>\n\n\n\n<li>Precios<\/li>\n\n\n\n<li>Testimonios<\/li>\n\n\n\n<li>Blog<\/li>\n\n\n\n<li>Blog \u00fanico<\/li>\n\n\n\n<li>PREGUNTAS FRECUENTES<\/li>\n\n\n\n<li>Cont\u00e1ctanos<\/li>\n\n\n\n<li>Contacte con Metform<\/li>\n\n\n\n<li>P\u00e1gina 404<\/li>\n\n\n\n<li>Dentro de poco<\/li>\n\n\n\n<li>encabezamiento<\/li>\n<\/ol>\n\n\n\n<ul class=\"wp-block-list\">\n<li>Z\u00f3calo<\/li>\n<\/ul>\n\n\n\n<p><strong>Complementos instalados con el kit:<\/strong><\/p>\n\n\n\n<ul class=\"wp-block-list\">\n<li>Kit de elementos Elementor<\/li>\n\n\n\n<li>MetForm<\/li>\n<\/ul>","protected":false},"excerpt":{"rendered":"<p>Nurox &#8211; AI SaaS &amp; Digital Company Elementor Template Kit \u00e9 um kit de templates Elementor elegante e moderno, constru\u00eddo especificamente para startups de IA, plataformas SaaS, empresas de tecnologia e provedores de servi\u00e7os digitais. Com uma est\u00e9tica limpa e um layout focado na convers\u00e3o, a Nurox ajuda voc\u00ea a mostrar suas solu\u00e7\u00f5es, servi\u00e7os e [&hellip;]<\/p>","protected":false},"featured_media":23594,"comment_status":"open","ping_status":"closed","template":"","meta":{"_jf_limit_responses":"","iawp_total_views":507},"product_brand":[],"product_cat":[23,99,32,24],"product_tag":[91,49],"class_list":{"0":"post-23593","1":"product","2":"type-product","3":"status-publish","4":"has-post-thumbnail","6":"product_cat-templates-elementor-e-envato","7":"product_cat-saas","8":"product_cat-agencia-de-marketing","9":"product_cat-templates-envato","10":"product_tag-business","11":"product_tag-starter","13":"first","14":"instock","15":"downloadable","16":"virtual","17":"purchasable","18":"product-type-simple"},"_links":{"self":[{"href":"https:\/\/packdesites.com\/es\/wp-json\/wp\/v2\/product\/23593","targetHints":{"allow":["GET"]}}],"collection":[{"href":"https:\/\/packdesites.com\/es\/wp-json\/wp\/v2\/product"}],"about":[{"href":"https:\/\/packdesites.com\/es\/wp-json\/wp\/v2\/types\/product"}],"replies":[{"embeddable":true,"href":"https:\/\/packdesites.com\/es\/wp-json\/wp\/v2\/comments?post=23593"}],"version-history":[{"count":2,"href":"https:\/\/packdesites.com\/es\/wp-json\/wp\/v2\/product\/23593\/revisions"}],"predecessor-version":[{"id":23621,"href":"https:\/\/packdesites.com\/es\/wp-json\/wp\/v2\/product\/23593\/revisions\/23621"}],"wp:featuredmedia":[{"embeddable":true,"href":"https:\/\/packdesites.com\/es\/wp-json\/wp\/v2\/media\/23594"}],"wp:attachment":[{"href":"https:\/\/packdesites.com\/es\/wp-json\/wp\/v2\/media?parent=23593"}],"wp:term":[{"taxonomy":"product_brand","embeddable":true,"href":"https:\/\/packdesites.com\/es\/wp-json\/wp\/v2\/product_brand?post=23593"},{"taxonomy":"product_cat","embeddable":true,"href":"https:\/\/packdesites.com\/es\/wp-json\/wp\/v2\/product_cat?post=23593"},{"taxonomy":"product_tag","embeddable":true,"href":"https:\/\/packdesites.com\/es\/wp-json\/wp\/v2\/product_tag?post=23593"}],"curies":[{"name":"wp","href":"https:\/\/api.w.org\/{rel}","templated":true}]}}