{"id":23590,"date":"2025-09-02T15:00:36","date_gmt":"2025-09-02T18:00:36","guid":{"rendered":"https:\/\/packdesites.com\/?post_type=product&#038;p=23590"},"modified":"2025-09-02T15:00:40","modified_gmt":"2025-09-02T18:00:40","slug":"kit-de-plantillas-creavision-elementor-pro-para-agencias-de-marketing-digital","status":"publish","type":"product","link":"https:\/\/packdesites.com\/es\/product\/kit-de-plantillas-creavision-elementor-pro-para-agencias-de-marketing-digital\/","title":{"rendered":"Creavision \u2013 Kit de plantillas Elementor Pro para agencias de marketing digital"},"content":{"rendered":"<p><strong>Creavisi\u00f3n<\/strong>\u00a0Kit de plantillas Elementor Pro para agencias de marketing digital, creado espec\u00edficamente para agencias de SEO, servicios de dise\u00f1o web, agencias de marketing en redes sociales o cualquier tipo de negocio que busque presentar sus servicios profesionalmente. Creavision tiene un dise\u00f1o simple, moderno y limpio con una plantilla 100% responsiva y es muy f\u00e1cil de personalizar, lo que lo hace accesible para cualquier persona sin necesidad de conocimientos de programaci\u00f3n.<\/p>\n\n\n\n<p><strong>Este no es un tema de WordPress.<\/strong>\u00a0Los kits de plantillas contienen contenido para el constructor de p\u00e1ginas Elementor. Este kit est\u00e1 optimizado para usarse con el tema gratuito Hello Elementor, pero es compatible con la mayor\u00eda de los temas compatibles con Elementor.<\/p>\n\n\n\n<p><strong>Caracter\u00edsticas:<\/strong><\/p>\n\n\n\n<ul class=\"wp-block-list\">\n<li>Uso de complementos de Elementor Pro<\/li>\n\n\n\n<li>Dise\u00f1o \u00fanico y limpio<\/li>\n\n\n\n<li>12 p\u00e1ginas listas para usar<\/li>\n\n\n\n<li>16 plantillas listas para usar<\/li>\n\n\n\n<li>Dise\u00f1o totalmente adaptable<\/li>\n\n\n\n<li>Totalmente personalizable<\/li>\n\n\n\n<li>Compatibilidad del navegador: Chrome, Firefox, Safari, Opera<\/li>\n<\/ul>\n\n\n\n<p><strong>Los modelos incluyen:<\/strong><\/p>\n\n\n\n<ul class=\"wp-block-list\">\n<li>P\u00e1gina de inicio<\/li>\n\n\n\n<li>Servicios<\/li>\n\n\n\n<li>Detalles del servicio<\/li>\n\n\n\n<li>Proyectos<\/li>\n\n\n\n<li>En<\/li>\n\n\n\n<li>Nuestro equipo<\/li>\n\n\n\n<li>Carrera<\/li>\n\n\n\n<li>PREGUNTAS FRECUENTES<\/li>\n\n\n\n<li>Precios<\/li>\n\n\n\n<li>404<\/li>\n\n\n\n<li>Blog<\/li>\n\n\n\n<li>Publicaci\u00f3n \u00fanica<\/li>\n\n\n\n<li>Archivo<\/li>\n\n\n\n<li>Ponte en contacto con nosotros<\/li>\n\n\n\n<li>encabezamiento<\/li>\n\n\n\n<li>Z\u00f3calo<\/li>\n\n\n\n<li>Estilo de tema global<\/li>\n<\/ul>\n\n\n\n<p><strong>Complementos instalados con el kit:<\/strong><\/p>\n\n\n\n<ul class=\"wp-block-list\">\n<li>Elementor<\/li>\n\n\n\n<li>Kit de elementos Elementor<\/li>\n<\/ul>\n\n\n\n<p><strong>Se requiere la actualizaci\u00f3n de Elementor Pro para algunas plantillas y funciones (no incluidas)<\/strong><\/p>","protected":false},"excerpt":{"rendered":"<p>Creavision\u00a0&#8211; Kit de modelos Elementor Pro para ag\u00eancia de marketing digital criado especialmente para ag\u00eancias de SEO, servi\u00e7os de web design, ag\u00eancia de marketing de m\u00eddia social ou qualquer tipo de empresa que queira publicar seus servi\u00e7os de forma profissional. O Creavision tem um design simples, moderno e limpo, com um layout 100% responsivo, e [&hellip;]<\/p>","protected":false},"featured_media":23591,"comment_status":"open","ping_status":"closed","template":"","meta":{"_jf_limit_responses":"","iawp_total_views":204},"product_brand":[],"product_cat":[23,32,24],"product_tag":[91,49],"class_list":{"0":"post-23590","1":"product","2":"type-product","3":"status-publish","4":"has-post-thumbnail","6":"product_cat-templates-elementor-e-envato","7":"product_cat-agencia-de-marketing","8":"product_cat-templates-envato","9":"product_tag-business","10":"product_tag-starter","12":"first","13":"instock","14":"downloadable","15":"virtual","16":"purchasable","17":"product-type-simple"},"_links":{"self":[{"href":"https:\/\/packdesites.com\/es\/wp-json\/wp\/v2\/product\/23590","targetHints":{"allow":["GET"]}}],"collection":[{"href":"https:\/\/packdesites.com\/es\/wp-json\/wp\/v2\/product"}],"about":[{"href":"https:\/\/packdesites.com\/es\/wp-json\/wp\/v2\/types\/product"}],"replies":[{"embeddable":true,"href":"https:\/\/packdesites.com\/es\/wp-json\/wp\/v2\/comments?post=23590"}],"version-history":[{"count":1,"href":"https:\/\/packdesites.com\/es\/wp-json\/wp\/v2\/product\/23590\/revisions"}],"predecessor-version":[{"id":23592,"href":"https:\/\/packdesites.com\/es\/wp-json\/wp\/v2\/product\/23590\/revisions\/23592"}],"wp:featuredmedia":[{"embeddable":true,"href":"https:\/\/packdesites.com\/es\/wp-json\/wp\/v2\/media\/23591"}],"wp:attachment":[{"href":"https:\/\/packdesites.com\/es\/wp-json\/wp\/v2\/media?parent=23590"}],"wp:term":[{"taxonomy":"product_brand","embeddable":true,"href":"https:\/\/packdesites.com\/es\/wp-json\/wp\/v2\/product_brand?post=23590"},{"taxonomy":"product_cat","embeddable":true,"href":"https:\/\/packdesites.com\/es\/wp-json\/wp\/v2\/product_cat?post=23590"},{"taxonomy":"product_tag","embeddable":true,"href":"https:\/\/packdesites.com\/es\/wp-json\/wp\/v2\/product_tag?post=23590"}],"curies":[{"name":"wp","href":"https:\/\/api.w.org\/{rel}","templated":true}]}}