{"id":23458,"date":"2025-08-25T16:47:59","date_gmt":"2025-08-25T19:47:59","guid":{"rendered":"https:\/\/packdesites.com\/?post_type=product&#038;p=23458"},"modified":"2025-08-25T16:48:04","modified_gmt":"2025-08-25T19:48:04","slug":"envios-y-pagos-condicionales-para-woocommerce","status":"publish","type":"product","link":"https:\/\/packdesites.com\/es\/product\/envios-y-pagos-condicionales-para-woocommerce\/","title":{"rendered":"Env\u00edos y pagos condicionales para WooCommerce"},"content":{"rendered":"<p>Utilice la l\u00f3gica condicional para restringir las opciones de env\u00edo y pago disponibles en su tienda.<\/p>\n\n\n\n<hr class=\"wp-block-separator has-alpha-channel-opacity\"\/>\n\n\n\n<p><strong>Env\u00edos y pagos condicionales<\/strong>&nbsp;ofrece una forma simplificada de restringir los m\u00e9todos de env\u00edo, las pasarelas de pago y los destinos de env\u00edo disponibles para sus clientes.<\/p>\n\n\n\n<ul class=\"wp-block-list\">\n<li>Poner a disposici\u00f3n\u00a0<strong>env\u00edo gratis<\/strong>\u00a0<strong>por producto<\/strong>,\u00a0<strong>categor\u00eda<\/strong>\u00a0o\u00a0<strong>clase de carga<\/strong>.<\/li>\n\n\n\n<li>Restrinja los m\u00e9todos de env\u00edo y las tarifas en vivo seg\u00fan\u00a0<strong>peso del paquete<\/strong>,\u00a0<strong>en el recuento de art\u00edculos<\/strong>\u00a0O no\u00a0<strong>total del carrito<\/strong>.<\/li>\n\n\n\n<li>Evitar que se env\u00eden productos o categor\u00edas individuales a\u00a0<strong>pa\u00edses<\/strong>,\u00a0<strong>estados<\/strong>\u00a0y\u00a0<strong>C\u00f3digos postales restringidos<\/strong>.<\/li>\n\n\n\n<li>Limitar las opciones de env\u00edo y pago a los clientes y\u00a0<strong>funciones del cliente<\/strong>\u00a0espec\u00edfico, como por ejemplo\u00a0<a href=\"https:\/\/woocommerce.com\/products\/woocommerce-memberships\/\" target=\"_blank\" rel=\"noreferrer noopener\">titulares de asociaciones<\/a>\u00a0o clientes mayoristas.<\/li>\n\n\n\n<li>Utilice pasarelas de pago espec\u00edficas para comprar\u00a0<a href=\"https:\/\/woocommerce.com\/products\/woocommerce-subscriptions\/\" target=\"_blank\" rel=\"noreferrer noopener\">firmas<\/a>\u00a0o ofrecer env\u00edo gratuito con renovaciones de suscripci\u00f3n.<\/li>\n<\/ul>\n\n\n\n<hr class=\"wp-block-separator has-alpha-channel-opacity\"\/>\n\n\n\n<figure class=\"wp-block-image\" id=\"attachment_7596269\"><img decoding=\"async\" src=\"https:\/\/woocommerce.com\/wp-content\/uploads\/2015\/03\/csp_overview_19.png?strip=all&amp;w=900\" alt=\"Obtenga control total sobre sus opciones de env\u00edo y pago de WooCommerce.\" class=\"wp-image-7596269\" title=\"\"><figcaption class=\"wp-element-caption\">Obtenga control total sobre sus opciones de env\u00edo y pago de WooCommerce.<\/figcaption><\/figure>\n\n\n\n<h2 class=\"wp-block-heading\">Restringir los m\u00e9todos de env\u00edo<\/h2>\n\n\n\n<p>Crear reglas para deshabilitar u ocultar&nbsp;<strong>m\u00e9todos de env\u00edo<\/strong>&nbsp;condicionalmente:<\/p>\n\n\n\n<ul class=\"wp-block-list\">\n<li>Por producto, categor\u00eda o clase de env\u00edo.<\/li>\n\n\n\n<li>Por peso, cantidad de art\u00edculos o total del carrito.<\/li>\n\n\n\n<li>Al activar un c\u00f3digo de cup\u00f3n.<\/li>\n\n\n\n<li>Al comprar\u00a0<a href=\"https:\/\/woocommerce.com\/products\/woocommerce-subscriptions\/\" target=\"_blank\" rel=\"noreferrer noopener\">firmas<\/a>.<\/li>\n\n\n\n<li>Para clientes individuales, roles de cliente o\u00a0<a href=\"https:\/\/woocommerce.com\/products\/woocommerce-memberships\/\" target=\"_blank\" rel=\"noreferrer noopener\">miembros del sitio<\/a>.<\/li>\n<\/ul>\n\n\n\n<figure class=\"wp-block-image\" id=\"attachment_7596268\"><img decoding=\"async\" src=\"https:\/\/woocommerce.com\/wp-content\/uploads\/2015\/03\/csp_sm_19.png?strip=all&amp;w=900\" alt=\"Cree reglas para ocultar los m\u00e9todos de env\u00edo existentes y las tarifas de env\u00edo activas.\" class=\"wp-image-7596268\" title=\"\"><figcaption class=\"wp-element-caption\">Cree reglas para ocultar los m\u00e9todos de env\u00edo existentes y las tarifas de env\u00edo activas.<\/figcaption><\/figure>\n\n\n\n<h2 class=\"wp-block-heading\">Restringir las pasarelas de pago<\/h2>\n\n\n\n<p>Restringir u ocultar condicionalmente&nbsp;<strong>pasarelas de pago<\/strong>:<\/p>\n\n\n\n<ul class=\"wp-block-list\">\n<li>Por m\u00e9todo de env\u00edo, pa\u00eds, estado o c\u00f3digo postal.<\/li>\n\n\n\n<li>Dependiendo del pa\u00eds de facturaci\u00f3n elegido.<\/li>\n\n\n\n<li>Basado en el total del pedido o moneda.<\/li>\n\n\n\n<li>Por producto, categor\u00eda de producto o clase de env\u00edo.<\/li>\n\n\n\n<li>Al pagar\u00a0<a href=\"https:\/\/woocommerce.com\/products\/woocommerce-subscriptions\/\" target=\"_blank\" rel=\"noreferrer noopener\">por suscripciones<\/a>.<\/li>\n\n\n\n<li>Para clientes individuales, roles de cliente o\u00a0<a href=\"https:\/\/woocommerce.com\/products\/woocommerce-memberships\/\" target=\"_blank\" rel=\"noreferrer noopener\">miembros<\/a>\u00a0desde su sitio web.<\/li>\n<\/ul>\n\n\n\n<figure class=\"wp-block-image\" id=\"attachment_7596270\"><img decoding=\"async\" src=\"https:\/\/woocommerce.com\/wp-content\/uploads\/2015\/03\/csp_pg_19.png?strip=all&amp;w=900\" alt=\"L\u00f3gica condicional, a tu alcance.\" class=\"wp-image-7596270\" title=\"\"><figcaption class=\"wp-element-caption\">L\u00f3gica condicional, a tu alcance.<\/figcaption><\/figure>\n\n\n\n<h2 class=\"wp-block-heading\">Crear restricciones de env\u00edo por pa\u00eds y estado<\/h2>\n\n\n\n<p>Cree reglas para evitar que los pedidos de los clientes se env\u00eden a pa\u00edses o estados de env\u00edo espec\u00edficos para cumplir con las aduanas, las normativas de importaci\u00f3n o las condiciones del transportista. Cree reglas de env\u00edo por producto o reglas condicionales personalizadas seg\u00fan:<\/p>\n\n\n\n<ul class=\"wp-block-list\">\n<li>Categor\u00edas de productos o clases de env\u00edo en el carrito.<\/li>\n\n\n\n<li>Totales del carrito o paquete de env\u00edo.<\/li>\n\n\n\n<li>Funciones o\u00a0<a href=\"https:\/\/woocommerce.com\/products\/woocommerce-memberships\/\" target=\"_blank\" rel=\"noreferrer noopener\">asociaciones de<\/a>\u00a0clientes.<\/li>\n<\/ul>\n\n\n\n<figure class=\"wp-block-image\" id=\"attachment_7596279\"><img decoding=\"async\" src=\"https:\/\/woocommerce.com\/wp-content\/uploads\/2015\/03\/csp_notice_19c.png?strip=all&amp;w=900\" alt=\"Excluir destinos de env\u00edo por producto o categor\u00eda\" class=\"wp-image-7596279\" title=\"\"><figcaption class=\"wp-element-caption\">Excluir destinos de env\u00edo por producto o categor\u00eda.<\/figcaption><\/figure>\n\n\n\n<p>\u00bfQuieres saber m\u00e1s? Consulta el&nbsp;<a href=\"https:\/\/woocommerce.com\/document\/woocommerce-conditional-shipping-and-payments\/#reference\" target=\"_blank\" rel=\"noreferrer noopener\">documentaci\u00f3n<\/a>&nbsp;para obtener una lista completa de todas las condiciones disponibles en la extensi\u00f3n.<\/p>\n\n\n\n<h2 class=\"wp-block-heading\">Mant\u00e9ngase enfocado en lo que importa<\/h2>\n\n\n\n<p>\u00bfTienes problemas con fragmentos dispersos y plugins con funcionalidad limitada? \u00a1Nunca es tarde para limpiar tu sitio!<\/p>\n\n\n\n<p>Los env\u00edos y pagos condicionales le permiten crear restricciones&nbsp;<strong>global<\/strong>&nbsp;o&nbsp;<strong>por producto<\/strong>Independientemente del enfoque que elija, la extensi\u00f3n mantiene su sitio limpio y le ayuda a rastrear r\u00e1pidamente todas las restricciones de m\u00e9todos de env\u00edo y pago en su sitio.<\/p>\n\n\n\n<p>\u00bfTienes una tienda con mucho tr\u00e1fico? La extensi\u00f3n aprovecha todas las optimizaciones de cach\u00e9 integradas en WooCommerce y carga solo los componentes necesarios para evaluar las reglas que has creado. Esto garantiza que los env\u00edos y los pagos condicionales nunca te ralenticen.<\/p>\n\n\n\n<p>Hemos escrito m\u00e1s de 2000 pruebas automatizadas para garantizar que cada caracter\u00edstica funcione como se espera, actualizaci\u00f3n tras actualizaci\u00f3n, para que usted pueda concentrarse en lo que m\u00e1s importa: su negocio, \u00a1no sus complementos!<\/p>\n\n\n\n<h2 class=\"wp-block-heading\">Personal\u00edzalo y ampl\u00edalo<\/h2>\n\n\n\n<p>Los env\u00edos y pagos condicionales vienen con m\u00e1s de 10 integraciones con extensiones populares como&nbsp;<a href=\"https:\/\/woocommerce.com\/products\/woocommerce-subscriptions\/\" target=\"_blank\" rel=\"noreferrer noopener\">Suscripciones<\/a>,&nbsp;<a href=\"https:\/\/woocommerce.com\/products\/woocommerce-memberships\/\" target=\"_blank\" rel=\"noreferrer noopener\">Asociaciones<\/a>&nbsp;y&nbsp;<a href=\"https:\/\/woocommerce.com\/products\/gift-cards\/\" target=\"_blank\" rel=\"noreferrer noopener\">Tarjetas de regalo<\/a>&nbsp;\u2013 \u00a1Y la lista sigue creciendo!<\/p>\n\n\n\n<p>\u00bfNecesitas crear una condici\u00f3n personalizada? Usa acciones y filtros para...&nbsp;<strong>a\u00f1adir nuevas condiciones<\/strong>,&nbsp;<strong>personalizar<\/strong>&nbsp;la extensi\u00f3n o incluso crear&nbsp;<strong>Nuevos tipos de restricciones de carrito\/pago<\/strong>&nbsp;desde cero.<\/p>","protected":false},"excerpt":{"rendered":"<p>Use a l\u00f3gica condicional para restringir as op\u00e7\u00f5es de envio e pagamento dispon\u00edveis em sua loja. O Envio e Pagamentos Condicionais&nbsp;oferece uma maneira simplificada de restringir os m\u00e9todos de envio, gateways de pagamento e destinos de envio dispon\u00edveis para seus clientes. Restringir m\u00e9todos de envio Crie regras para desativar ou ocultar&nbsp;m\u00e9todos de envio&nbsp;condicionalmente: Restringir gateways [&hellip;]<\/p>","protected":false},"featured_media":23461,"comment_status":"open","ping_status":"closed","template":"","meta":{"_jf_limit_responses":"","iawp_total_views":38},"product_brand":[],"product_cat":[41],"product_tag":[91,49],"class_list":{"0":"post-23458","1":"product","2":"type-product","3":"status-publish","4":"has-post-thumbnail","6":"product_cat-plugins","7":"product_tag-business","8":"product_tag-starter","10":"first","11":"instock","12":"downloadable","13":"virtual","14":"purchasable","15":"product-type-simple"},"_links":{"self":[{"href":"https:\/\/packdesites.com\/es\/wp-json\/wp\/v2\/product\/23458","targetHints":{"allow":["GET"]}}],"collection":[{"href":"https:\/\/packdesites.com\/es\/wp-json\/wp\/v2\/product"}],"about":[{"href":"https:\/\/packdesites.com\/es\/wp-json\/wp\/v2\/types\/product"}],"replies":[{"embeddable":true,"href":"https:\/\/packdesites.com\/es\/wp-json\/wp\/v2\/comments?post=23458"}],"version-history":[{"count":1,"href":"https:\/\/packdesites.com\/es\/wp-json\/wp\/v2\/product\/23458\/revisions"}],"predecessor-version":[{"id":23462,"href":"https:\/\/packdesites.com\/es\/wp-json\/wp\/v2\/product\/23458\/revisions\/23462"}],"wp:featuredmedia":[{"embeddable":true,"href":"https:\/\/packdesites.com\/es\/wp-json\/wp\/v2\/media\/23461"}],"wp:attachment":[{"href":"https:\/\/packdesites.com\/es\/wp-json\/wp\/v2\/media?parent=23458"}],"wp:term":[{"taxonomy":"product_brand","embeddable":true,"href":"https:\/\/packdesites.com\/es\/wp-json\/wp\/v2\/product_brand?post=23458"},{"taxonomy":"product_cat","embeddable":true,"href":"https:\/\/packdesites.com\/es\/wp-json\/wp\/v2\/product_cat?post=23458"},{"taxonomy":"product_tag","embeddable":true,"href":"https:\/\/packdesites.com\/es\/wp-json\/wp\/v2\/product_tag?post=23458"}],"curies":[{"name":"wp","href":"https:\/\/api.w.org\/{rel}","templated":true}]}}