{"id":23404,"date":"2025-08-22T10:47:42","date_gmt":"2025-08-22T13:47:42","guid":{"rendered":"https:\/\/packdesites.com\/?post_type=product&#038;p=23404"},"modified":"2025-08-22T10:47:45","modified_gmt":"2025-08-22T13:47:45","slug":"complemento-de-campos-personalizados-de-bookly","status":"publish","type":"product","link":"https:\/\/packdesites.com\/es\/product\/complemento-de-campos-personalizados-de-bookly\/","title":{"rendered":"Campos personalizados de Bookly (complemento)"},"content":{"rendered":"<p>\u00bfDesea recopilar informaci\u00f3n adicional durante el proceso de reserva? Los campos obligatorios predeterminados del formulario de reserva est\u00e1ndar de Bookly PRO son nombre, n\u00famero de tel\u00e9fono, correo electr\u00f3nico y notas de la cita. Con el complemento &quot;Campos personalizados de Bookly&quot;, puede a\u00f1adir campos adicionales de diferentes tipos al paso &quot;Detalles&quot; del formulario de reserva de Bookly. Esta funci\u00f3n le permite recopilar informaci\u00f3n m\u00e1s espec\u00edfica de sus clientes antes de que completen la reserva. Los campos personalizados se a\u00f1adir\u00e1n a los detalles de la cita en el Calendario de Bookly y se podr\u00e1n actualizar seg\u00fan sea necesario.<\/p>\n\n\n\n<h2 class=\"wp-block-heading\" id=\"item-description__features\"><strong>Caracter\u00edsticas<\/strong><\/h2>\n\n\n\n<ul class=\"wp-block-list\">\n<li>Crea tantos campos personalizados como necesites<\/li>\n\n\n\n<li>Utilice diferentes tipos de preguntas: texto, casilla de verificaci\u00f3n, men\u00fa desplegable, bot\u00f3n de opci\u00f3n, num\u00e9ricas, captcha, etc.<\/li>\n\n\n\n<li>Configurar campos personalizados condicionales<\/li>\n\n\n\n<li>Hacer que los campos sean obligatorios u opcionales<\/li>\n\n\n\n<li>Asociar campos con servicios espec\u00edficos<\/li>\n\n\n\n<li>Crear campos personalizados internos (visibles solo en el backend de Bookly)<\/li>\n\n\n\n<li>Actualice los campos personalizados en los detalles de la cita si es necesario<\/li>\n<\/ul>\n\n\n\n<p>Al igual que todos los complementos de Bookly, la funci\u00f3n de campos personalizados se integra perfectamente con el sistema de software de reserva y programaci\u00f3n de citas Bookly PRO: la configuraci\u00f3n toma solo unos minutos.<\/p>\n\n\n\n<p>Lea c\u00f3mo configurar y usar los campos personalizados de Bookly (complemento) en nuestro&nbsp;<a href=\"https:\/\/support.booking-wp-plugin.com\/hc\/en-us\/articles\/115003963514-Custom-Fields-Add-on\" target=\"_blank\" rel=\"noopener\">documentaci\u00f3n<\/a>&nbsp;detallado.<\/p>\n\n\n\n<blockquote class=\"wp-block-quote is-layout-flow wp-block-quote-is-layout-flow\">\n<p><strong><a href=\"https:\/\/www.booking-wp-plugin.com\/demo\/custom-fields\/\" target=\"_blank\" rel=\"noopener\">CONSULTE LA DEMOSTRACI\u00d3N GRATUITA EN VIVO DE BOOKLY<\/a><\/strong><\/p>\n<\/blockquote>\n\n\n\n<blockquote class=\"wp-block-quote is-layout-flow wp-block-quote-is-layout-flow\">\n<p><strong><a href=\"https:\/\/www.youtube.com\/channel\/UCO4v4UcvU43enNcHU8BN5XA\/videos\" target=\"_blank\" rel=\"noopener\">VER VIDEOTUTORIALES R\u00c1PIDOS<\/a><\/strong><\/p>\n<\/blockquote>","protected":false},"excerpt":{"rendered":"<p>Gostaria de coletar informa\u00e7\u00f5es adicionais durante o processo de reserva? Os campos obrigat\u00f3rios padr\u00e3o inclu\u00eddos no formul\u00e1rio de reserva padr\u00e3o do Bookly PRO s\u00e3o o nome, n\u00famero de telefone, endere\u00e7o de e-mail e notas de compromisso. Com os Campos Personalizados do Bookly (Add-on), voc\u00ea pode adicionar campos extras de diferentes tipos \u00e0 etapa Detalhes do [&hellip;]<\/p>","protected":false},"featured_media":23405,"comment_status":"open","ping_status":"closed","template":"","meta":{"_jf_limit_responses":"","iawp_total_views":42},"product_brand":[],"product_cat":[41],"product_tag":[91],"class_list":{"0":"post-23404","1":"product","2":"type-product","3":"status-publish","4":"has-post-thumbnail","6":"product_cat-plugins","7":"product_tag-business","9":"first","10":"instock","11":"downloadable","12":"virtual","13":"purchasable","14":"product-type-simple"},"_links":{"self":[{"href":"https:\/\/packdesites.com\/es\/wp-json\/wp\/v2\/product\/23404","targetHints":{"allow":["GET"]}}],"collection":[{"href":"https:\/\/packdesites.com\/es\/wp-json\/wp\/v2\/product"}],"about":[{"href":"https:\/\/packdesites.com\/es\/wp-json\/wp\/v2\/types\/product"}],"replies":[{"embeddable":true,"href":"https:\/\/packdesites.com\/es\/wp-json\/wp\/v2\/comments?post=23404"}],"version-history":[{"count":1,"href":"https:\/\/packdesites.com\/es\/wp-json\/wp\/v2\/product\/23404\/revisions"}],"predecessor-version":[{"id":23406,"href":"https:\/\/packdesites.com\/es\/wp-json\/wp\/v2\/product\/23404\/revisions\/23406"}],"wp:featuredmedia":[{"embeddable":true,"href":"https:\/\/packdesites.com\/es\/wp-json\/wp\/v2\/media\/23405"}],"wp:attachment":[{"href":"https:\/\/packdesites.com\/es\/wp-json\/wp\/v2\/media?parent=23404"}],"wp:term":[{"taxonomy":"product_brand","embeddable":true,"href":"https:\/\/packdesites.com\/es\/wp-json\/wp\/v2\/product_brand?post=23404"},{"taxonomy":"product_cat","embeddable":true,"href":"https:\/\/packdesites.com\/es\/wp-json\/wp\/v2\/product_cat?post=23404"},{"taxonomy":"product_tag","embeddable":true,"href":"https:\/\/packdesites.com\/es\/wp-json\/wp\/v2\/product_tag?post=23404"}],"curies":[{"name":"wp","href":"https:\/\/api.w.org\/{rel}","templated":true}]}}