{"id":23397,"date":"2025-08-21T18:58:28","date_gmt":"2025-08-21T21:58:28","guid":{"rendered":"https:\/\/packdesites.com\/?post_type=product&#038;p=23397"},"modified":"2025-08-21T18:58:32","modified_gmt":"2025-08-21T21:58:32","slug":"kit-de-plantillas-elementor-pro-de-advogancy-para-bufetes-de-abogados-y-abogados","status":"publish","type":"product","link":"https:\/\/packdesites.com\/es\/product\/kit-de-plantillas-elementor-pro-de-advogancy-para-bufetes-de-abogados-y-abogados\/","title":{"rendered":"Advogancy \u2013 Kit de plantillas Elementor Pro para bufetes de abogados"},"content":{"rendered":"<p>Advogancy es un kit de plantillas Elementor Pro para sitios web de abogados y bufetes de abogados. Incluye m\u00e1s de 12 plantillas predise\u00f1adas con un dise\u00f1o limpio y moderno, ideales para cualquier negocio o servicio relacionado con servicios legales, como sitios web para abogados, bufetes de abogados, servicios legales, abogados, consultores legales, etc.<\/p>\n\n\n\n<p>Ahorra tiempo creando un sitio web de servicios legales y de abogados con este kit de plantillas de Elementor. Con Elementor Page Builder, puedes editarlo o personalizarlo f\u00e1cilmente, sin necesidad de programar, simplemente arrastrando y soltando.<\/p>\n\n\n\n<p>Los kits de plantillas de Elementor contienen contenido para el constructor de p\u00e1ginas Elementor. Este kit est\u00e1 optimizado para usarse con el tema gratuito Hello Elementor, pero es compatible con la mayor\u00eda de los temas compatibles con Elementor.<\/p>\n\n\n\n<p><strong>Caracter\u00edsticas del dise\u00f1o:<\/strong><\/p>\n\n\n\n<ul class=\"wp-block-list\">\n<li>Dise\u00f1o moderno y profesional.<\/li>\n\n\n\n<li>Creado con Elementor Pro<\/li>\n\n\n\n<li>100% Responsivo y compatible con dispositivos m\u00f3viles<\/li>\n\n\n\n<li>M\u00e1s de 12 plantillas predise\u00f1adas<\/li>\n\n\n\n<li>F\u00e1cil de personalizar<\/li>\n\n\n\n<li>Kit de plantillas creado con el tema Hello Elementor<\/li>\n<\/ul>\n\n\n\n<p><strong>Qu\u00e9 incluye el Zip:<\/strong><\/p>\n\n\n\n<ul class=\"wp-block-list\">\n<li>P\u00e1gina de inicio<\/li>\n\n\n\n<li>Sobre nosotros<\/li>\n\n\n\n<li>Cita<\/li>\n\n\n\n<li>Blog de archivo<\/li>\n\n\n\n<li>Cont\u00e1ctanos<\/li>\n\n\n\n<li>Servicio detallado<\/li>\n\n\n\n<li>Error 404<\/li>\n\n\n\n<li>PREGUNTAS FRECUENTES<\/li>\n\n\n\n<li>Plan de precios<\/li>\n\n\n\n<li>Servicios<\/li>\n\n\n\n<li>Publicaci\u00f3n \u00fanica<\/li>\n\n\n\n<li>Equipo<\/li>\n\n\n\n<li>encabezamiento<\/li>\n\n\n\n<li>Z\u00f3calo<\/li>\n\n\n\n<li>Estilo global<\/li>\n<\/ul>\n\n\n\n<p><strong>Complementos instalados con el kit<\/strong><\/p>\n\n\n\n<ul class=\"wp-block-list\">\n<li>ElementsKit Lite<\/li>\n\n\n\n<li>Iconos de Skyboot<\/li>\n<\/ul>\n\n\n\n<p><strong>Se requiere la actualizaci\u00f3n de Elementor Pro para algunas plantillas y funciones (no incluidas)<\/strong><\/p>\n\n\n\n<p>###&nbsp;<strong>C\u00f3mo utilizar los kits de plantillas:<\/strong><\/p>\n\n\n\n<p>Este no es un tema de WordPress. Los kits de plantillas contienen \u00fanicamente datos de dise\u00f1o de Elementor y se instalan mediante el plugin de WordPress de Envato Elements o directamente a trav\u00e9s de Elementor.<\/p>\n\n\n\n<p>Los kits de plantillas de Elementor utilizan el complemento Envato Elements para su instalaci\u00f3n.<\/p>","protected":false},"excerpt":{"rendered":"<p>Advogancy \u00e9 um Template Kit Elementor Pro para sites de advogados e escrit\u00f3rios de advocacia. Possui mais de 12 modelos pr\u00e9-constru\u00eddos com design limpo e estilo moderno, adequados para qualquer empresa ou servi\u00e7o relacionado ao site de servi\u00e7os jur\u00eddicos e jur\u00eddicos, como site de advogado, escrit\u00f3rio de advocacia, servi\u00e7o jur\u00eddico, servi\u00e7o de advogado, advogado, advogado, [&hellip;]<\/p>","protected":false},"featured_media":23398,"comment_status":"open","ping_status":"closed","template":"","meta":{"_jf_limit_responses":"","iawp_total_views":247},"product_brand":[],"product_cat":[23,37,24],"product_tag":[91],"class_list":{"0":"post-23397","1":"product","2":"type-product","3":"status-publish","4":"has-post-thumbnail","6":"product_cat-templates-elementor-e-envato","7":"product_cat-advogado","8":"product_cat-templates-envato","9":"product_tag-business","11":"first","12":"instock","13":"downloadable","14":"virtual","15":"purchasable","16":"product-type-simple"},"_links":{"self":[{"href":"https:\/\/packdesites.com\/es\/wp-json\/wp\/v2\/product\/23397","targetHints":{"allow":["GET"]}}],"collection":[{"href":"https:\/\/packdesites.com\/es\/wp-json\/wp\/v2\/product"}],"about":[{"href":"https:\/\/packdesites.com\/es\/wp-json\/wp\/v2\/types\/product"}],"replies":[{"embeddable":true,"href":"https:\/\/packdesites.com\/es\/wp-json\/wp\/v2\/comments?post=23397"}],"version-history":[{"count":1,"href":"https:\/\/packdesites.com\/es\/wp-json\/wp\/v2\/product\/23397\/revisions"}],"predecessor-version":[{"id":23399,"href":"https:\/\/packdesites.com\/es\/wp-json\/wp\/v2\/product\/23397\/revisions\/23399"}],"wp:featuredmedia":[{"embeddable":true,"href":"https:\/\/packdesites.com\/es\/wp-json\/wp\/v2\/media\/23398"}],"wp:attachment":[{"href":"https:\/\/packdesites.com\/es\/wp-json\/wp\/v2\/media?parent=23397"}],"wp:term":[{"taxonomy":"product_brand","embeddable":true,"href":"https:\/\/packdesites.com\/es\/wp-json\/wp\/v2\/product_brand?post=23397"},{"taxonomy":"product_cat","embeddable":true,"href":"https:\/\/packdesites.com\/es\/wp-json\/wp\/v2\/product_cat?post=23397"},{"taxonomy":"product_tag","embeddable":true,"href":"https:\/\/packdesites.com\/es\/wp-json\/wp\/v2\/product_tag?post=23397"}],"curies":[{"name":"wp","href":"https:\/\/api.w.org\/{rel}","templated":true}]}}