{"id":23333,"date":"2025-08-19T12:26:20","date_gmt":"2025-08-19T15:26:20","guid":{"rendered":"https:\/\/packdesites.com\/?post_type=product&#038;p=23333"},"modified":"2026-02-09T17:18:53","modified_gmt":"2026-02-09T20:18:53","slug":"tema-de-wordpress-para-comercio-electronico-onsus","status":"publish","type":"product","link":"https:\/\/packdesites.com\/es\/product\/tema-de-wordpress-para-comercio-electronico-onsus\/","title":{"rendered":"Onsus \u2013 Tema de WordPress para comercio electr\u00f3nico"},"content":{"rendered":"<p>Onsus \u2014 Tema de WordPress para comercio electr\u00f3nico es un tema robusto y adaptable, ideal para desarrollar una tienda de electr\u00f3nica en l\u00ednea. Pone gran \u00e9nfasis en la categorizaci\u00f3n de productos, pero tambi\u00e9n en la funcionalidad de los componentes web. Un dise\u00f1o que incorpora componentes para destacar productos \u00fanicos.<\/p>\n\n\n\n<p>Onsus cuenta con widgets que muestran los productos m\u00e1s populares. Los banners deslizantes muestran los productos destacados y de tendencia. La experiencia de usuario dentro de las categor\u00edas de productos es fluida. Adem\u00e1s, la opci\u00f3n de b\u00fasqueda es tan completa como cabr\u00eda esperar de un comercio electr\u00f3nico. Los clientes pueden refinar su b\u00fasqueda por categor\u00eda, disponibilidad, estado del producto y marca. En resumen, \u00a1Onsus es el tema ideal para ti!<\/p>\n\n\n\n<p>Con la herramienta de importaci\u00f3n de contenido de demostraci\u00f3n con un solo clic, tendr\u00e1s un sitio web completo. Despu\u00e9s, puedes empezar a personalizar tu sitio de WordPress con el constructor de p\u00e1ginas de opciones de tema de Elementor y reemplazar el contenido de demostraci\u00f3n con el tuyo.<\/p>\n\n\n\n<p><strong>Caracter\u00edsticas principales del tema:<\/strong><\/p>\n\n\n\n<p><strong>Constructor de p\u00e1ginas Elementor:<\/strong>\u00a0Elementor Page Builder para WordPress es un complemento de creaci\u00f3n de p\u00e1ginas front-end y back-end con funci\u00f3n de arrastrar y soltar que le ahorrar\u00e1 mucho tiempo trabajando en el contenido de su sitio web.<\/p>\n\n\n\n<p><strong>Temporizador de cuenta regresiva de ventas:<\/strong>\u00a0A\u00f1ade un temporizador de cuenta regresiva a tu campa\u00f1a de ventas para generar urgencia y aumentar las conversiones. Con el temporizador de cuenta regresiva, es f\u00e1cil infundir urgencia, escasez y enfocarse en tu llamada a la acci\u00f3n. Esta fant\u00e1stica funci\u00f3n puede usarse para mostrar ofertas especiales, descuentos o la escasez de tu tienda.<\/p>\n\n\n\n<p><strong>Productos que se compran frecuentemente juntos:<\/strong>&nbsp;Con la funci\u00f3n &quot;Comprados Juntos Frecuentemente&quot;, puedes ayudar a tus clientes a encontrar productos relacionados y complementarios. En las p\u00e1ginas de producto, las recomendaciones de art\u00edculos &quot;comprados juntos frecuentemente&quot; que activan los clientes aumentan el valor promedio de los pedidos. Adem\u00e1s, puedes vender productos &quot;comprados juntos frecuentemente&quot; en la p\u00e1gina principal de tu tienda o en la p\u00e1gina del carrito de compras para aumentar a\u00fan m\u00e1s tus ganancias.<\/p>\n\n\n\n<p><strong>Dise\u00f1o de maquetaci\u00f3n adaptable:<\/strong>\u00a0Hoy en d\u00eda, la apariencia m\u00f3vil de tu sitio web es crucial. Por eso, nos aseguramos de que el tema Sujo se vea genial en dispositivos m\u00f3viles, computadoras de escritorio y pantallas retina.<\/p>\n\n\n\n<p><strong>Importador de demostraci\u00f3n con un solo clic:<\/strong>&nbsp;Con el importador de datos de demostraci\u00f3n, estar\u00e1 listo para personalizar su sitio en minutos. Vea el video aqu\u00ed. Vea el video de demostraci\u00f3n de instalaci\u00f3n en un solo clic.<\/p>\n\n\n\n<p><strong>Actualizaciones de por vida y soporte al usuario:<\/strong>\u00a0Tras comprar nuestro tema, recibir\u00e1s actualizaciones gratuitas de por vida. Nuestro excelente equipo de soporte atender\u00e1 todas tus preguntas para asegurarte de que termines de personalizar tu sitio web.<\/p>\n\n\n\n<p><strong>Preparado para WPML y traducci\u00f3n:<\/strong><\/p>\n\n\n\n<p>El tema es compatible con el plugin m\u00e1s popular de WordPress que admite dise\u00f1os multiling\u00fces. \u00a1Traduce tu sitio a cualquier idioma con WPML!<\/p>\n\n\n\n<p><strong>Opciones de tipograf\u00eda avanzadas:<\/strong>&nbsp;Elige entre cualquiera de las bibliotecas de fuentes web de Google a trav\u00e9s del potente panel de opciones de temas. \u00a1Ahora puedes definir un estilo \u00fanico para tu marca!<\/p>\n\n\n\n<p><strong>Optimizaci\u00f3n de motores de b\u00fasqueda (SEO):<\/strong>Dise\u00f1amos y desarrollamos nuestras plantillas teniendo en cuenta las mejores pr\u00e1cticas de SEO, con c\u00f3digo validado por el W3C, HTML correcto y c\u00f3digo optimizado. Puedes consultar la optimizaci\u00f3n de la p\u00e1gina (Woorank) o de cualquier otro sitio web.<\/p>\n\n\n\n<p><strong>Lista completa de funciones<\/strong><\/p>\n\n\n\n<ul class=\"wp-block-list\">\n<li>WordPress 6.x completamente probado<\/li>\n\n\n\n<li>M\u00e1s de 8 p\u00e1ginas de inicio \u00fanicas<\/li>\n\n\n\n<li>B\u00fasqueda en vivo de Ajax<\/li>\n\n\n\n<li>Filtro Ajax<\/li>\n\n\n\n<li>Producto de 360 grados<\/li>\n\n\n\n<li>V\u00eddeo del producto<\/li>\n\n\n\n<li>Variable del producto (color, talla, imagen\u2026)<\/li>\n\n\n\n<li>Compatible con la lista de deseos de WooCommerce de YITH<\/li>\n\n\n\n<li>Comparaci\u00f3n de YITH Woocommerce<\/li>\n\n\n\n<li>Ajax: A\u00f1adir al carrito, Lista de deseos<\/li>\n\n\n\n<li>Producto visto recientemente<\/li>\n\n\n\n<li>Compras frecuentes en YITH WooCommerce<\/li>\n\n\n\n<li>Descuento por cantidad de producto<\/li>\n\n\n\n<li>A\u00f1adir al carrito barra adhesiva<\/li>\n\n\n\n<li>Selector multidivisa<\/li>\n\n\n\n<li>Temporizador de cuenta regresiva de ventas<\/li>\n\n\n\n<li>Barra lista para env\u00edo gratis<\/li>\n\n\n\n<li>Vista r\u00e1pida del producto<\/li>\n\n\n\n<li>Opci\u00f3n de cantidad m\u00ednima\/m\u00e1xima lista<\/li>\n\n\n\n<li>Valor m\u00ednimo del pedido listo<\/li>\n\n\n\n<li>Imagen del producto lista para zoom<\/li>\n\n\n\n<li>Breve descripci\u00f3n del producto<\/li>\n\n\n\n<li>Bolet\u00edn informativo emergente listo para usar<\/li>\n\n\n\n<li>Men\u00fa inferior compatible con dispositivos m\u00f3viles<\/li>\n\n\n\n<li>Ventana emergente de inicio de sesi\u00f3n<\/li>\n\n\n\n<li>Constructor de p\u00e1ginas de arrastrar y soltar Elementor<\/li>\n\n\n\n<li>Tema infantil listo<\/li>\n\n\n\n<li>Demostraci\u00f3n completa con instalaci\u00f3n con un solo clic<\/li>\n\n\n\n<li>100% totalmente responsivo, su sitio web funcionar\u00e1 en casi cualquier dispositivo<\/li>\n\n\n\n<li>No se requieren conocimientos de codificaci\u00f3n<\/li>\n\n\n\n<li>Opciones de p\u00e1gina potentes<\/li>\n\n\n\n<li>Integraci\u00f3n con Mailchimp<\/li>\n\n\n\n<li>Actualizaciones de Envato Toolkit<\/li>\n\n\n\n<li>Opci\u00f3n de encabezado fijo<\/li>\n\n\n\n<li>Listo para retina<\/li>\n\n\n\n<li>C\u00f3digos bien organizados<\/li>\n\n\n\n<li>Excelente rendimiento del sitio web<\/li>\n\n\n\n<li>Soporte del formulario de contacto<\/li>\n\n\n\n<li>Compatible con CSS personalizado<\/li>\n\n\n\n<li>Esquema de colores ilimitado<\/li>\n\n\n\n<li>efecto de paralaje<\/li>\n\n\n\n<li>Fuentes de Google<\/li>\n\n\n\n<li>Actualizaciones y soporte gratuitos<\/li>\n\n\n\n<li>Compatibilidad entre navegadores y plataformas<\/li>\n\n\n\n<li>\u00a1Y mucho m\u00e1s!<\/li>\n<\/ul>","protected":false},"excerpt":{"rendered":"<p>Onsus \u2014 Tema WordPress de com\u00e9rcio eletr\u00f4nico \u00e9 um tema WordPress robusto e adapt\u00e1vel, ideal para o desenvolvimento de uma loja de eletr\u00f4nicos on-line. Ele coloca uma forte \u00eanfase na categoriza\u00e7\u00e3o de produtos. No entanto, ele tamb\u00e9m enfatiza o funcionamento de componentes espec\u00edficos da Web. Um design que incorpora componentes para enfatizar produtos exclusivos. O [&hellip;]<\/p>","protected":false},"featured_media":23335,"comment_status":"open","ping_status":"closed","template":"","meta":{"_jf_limit_responses":"","iawp_total_views":169},"product_brand":[],"product_cat":[22],"product_tag":[19],"class_list":{"0":"post-23333","1":"product","2":"type-product","3":"status-publish","4":"has-post-thumbnail","6":"product_cat-temas-wordpress","7":"product_tag-vitalicio","9":"first","10":"instock","11":"downloadable","12":"virtual","13":"purchasable","14":"product-type-simple"},"_links":{"self":[{"href":"https:\/\/packdesites.com\/es\/wp-json\/wp\/v2\/product\/23333","targetHints":{"allow":["GET"]}}],"collection":[{"href":"https:\/\/packdesites.com\/es\/wp-json\/wp\/v2\/product"}],"about":[{"href":"https:\/\/packdesites.com\/es\/wp-json\/wp\/v2\/types\/product"}],"replies":[{"embeddable":true,"href":"https:\/\/packdesites.com\/es\/wp-json\/wp\/v2\/comments?post=23333"}],"version-history":[{"count":1,"href":"https:\/\/packdesites.com\/es\/wp-json\/wp\/v2\/product\/23333\/revisions"}],"predecessor-version":[{"id":23336,"href":"https:\/\/packdesites.com\/es\/wp-json\/wp\/v2\/product\/23333\/revisions\/23336"}],"wp:featuredmedia":[{"embeddable":true,"href":"https:\/\/packdesites.com\/es\/wp-json\/wp\/v2\/media\/23335"}],"wp:attachment":[{"href":"https:\/\/packdesites.com\/es\/wp-json\/wp\/v2\/media?parent=23333"}],"wp:term":[{"taxonomy":"product_brand","embeddable":true,"href":"https:\/\/packdesites.com\/es\/wp-json\/wp\/v2\/product_brand?post=23333"},{"taxonomy":"product_cat","embeddable":true,"href":"https:\/\/packdesites.com\/es\/wp-json\/wp\/v2\/product_cat?post=23333"},{"taxonomy":"product_tag","embeddable":true,"href":"https:\/\/packdesites.com\/es\/wp-json\/wp\/v2\/product_tag?post=23333"}],"curies":[{"name":"wp","href":"https:\/\/api.w.org\/{rel}","templated":true}]}}