{"id":23036,"date":"2025-07-20T12:48:46","date_gmt":"2025-07-20T15:48:46","guid":{"rendered":"https:\/\/packdesites.com\/?post_type=product&#038;p=23036"},"modified":"2025-07-20T12:48:50","modified_gmt":"2025-07-20T15:48:50","slug":"tema-de-wordpress-couponis-para-sitios-web-de-cupones-y-ofertas-de-afiliados","status":"publish","type":"product","link":"https:\/\/packdesites.com\/es\/product\/tema-de-wordpress-couponis-para-sitios-web-de-cupones-y-ofertas-de-afiliados\/","title":{"rendered":"Couponis \u2013 Tema de WordPress para sitios web de cupones y ofertas de afiliados"},"content":{"rendered":"<p>EL <strong>Cupones<\/strong> Es un tema de WordPress robusto y optimizado para el rendimiento, dise\u00f1ado espec\u00edficamente para sitios web de cupones, promociones y ofertas de afiliados. Con \u00e9l, puedes crear una plataforma altamente personalizable que acepta cupones enviados por los usuarios y cupones importados autom\u00e1ticamente desde redes de afiliados mediante archivos XML\/CSV, sin comprometer la velocidad de tu sitio. <a href=\"https:\/\/gplplugins.club\/product\/couponis-affiliate-submitting-coupons-wordpress-theme\/?utm_source=chatgpt.com\" target=\"_blank\" rel=\"noreferrer noopener\">Club de complementos GPL<\/a><a href=\"https:\/\/babiato.tech\/free-resources\/couponis-affiliate-submitting-coupons-wordpress-theme.7090\/?utm_source=chatgpt.com\" target=\"_blank\" rel=\"noreferrer noopener\">Foros Babiato | El mejor foro para webmasters<\/a>.<\/p>\n\n\n\n<hr class=\"wp-block-separator has-alpha-channel-opacity\"\/>\n\n\n\n<h2 class=\"wp-block-heading\">\ud83d\ude80 Caracter\u00edsticas principales<\/h2>\n\n\n\n<ul class=\"wp-block-list\">\n<li><strong>Importaci\u00f3n y env\u00edo de cupones<\/strong>\n<ul class=\"wp-block-list\">\n<li>Acepte cupones enviados por los usuarios en el frontend e importe autom\u00e1ticamente miles de ofertas a trav\u00e9s de XML\/CSV usando WP All Import (versi\u00f3n gratuita) <a href=\"https:\/\/gplplugins.club\/product\/couponis-affiliate-submitting-coupons-wordpress-theme\/?utm_source=chatgpt.com\" target=\"_blank\" rel=\"noreferrer noopener\">Club de complementos GPL<\/a>.<\/li>\n<\/ul>\n<\/li>\n\n\n\n<li><strong>Estructura optimizada para afiliados<\/strong>\n<ul class=\"wp-block-list\">\n<li>Vincula cada cup\u00f3n a enlaces de afiliados personalizados, con opciones de ocultaci\u00f3n, ventanas emergentes de revelaci\u00f3n de c\u00f3digo y contadores de clics para maximizar la conversi\u00f3n. <a href=\"https:\/\/themexplug.com\/couponis-affiliate-submitting-coupons-wordpress-theme-review\/?utm_source=chatgpt.com\" target=\"_blank\" rel=\"noreferrer noopener\">Plug tem\u00e1tico<\/a>.<\/li>\n<\/ul>\n<\/li>\n\n\n\n<li><strong>Filtro avanzado y b\u00fasqueda din\u00e1mica<\/strong>\n<ul class=\"wp-block-list\">\n<li>Permita que los visitantes encuentren ofertas por categor\u00eda, tienda, tipo de cup\u00f3n (c\u00f3digo, enlace directo, oferta imprimible), fecha de vencimiento y rese\u00f1as, con resultados instant\u00e1neos.<\/li>\n<\/ul>\n<\/li>\n\n\n\n<li><strong>P\u00e1ginas de tienda personalizadas<\/strong>\n<ul class=\"wp-block-list\">\n<li>Cree p\u00e1ginas de destino individuales para cada tienda o anunciante, mostrando su logotipo, descripci\u00f3n, cupones exclusivos y estad\u00edsticas de rendimiento.<\/li>\n<\/ul>\n<\/li>\n\n\n\n<li><strong>Sistema de moderaci\u00f3n y niveles de acceso<\/strong>\n<ul class=\"wp-block-list\">\n<li>Define si los cupones enviados se aprueban autom\u00e1ticamente o est\u00e1n sujetos a revisi\u00f3n y controla los permisos de los usuarios (visitantes, colaboradores y administradores).<\/li>\n<\/ul>\n<\/li>\n\n\n\n<li><strong>Panel de usuario<\/strong>\n<ul class=\"wp-block-list\">\n<li>\u00c1rea dedicada para que los colaboradores realicen un seguimiento del estado de los cupones enviados, la cantidad de vistas, los clics y ganen reputaci\u00f3n en el sitio.<\/li>\n<\/ul>\n<\/li>\n\n\n\n<li><strong>Contadores de vencimiento y aspectos destacados<\/strong>\n<ul class=\"wp-block-list\">\n<li>Agregue temporizadores de cuenta regresiva que creen una sensaci\u00f3n de urgencia y resalten autom\u00e1ticamente los cupones que est\u00e1n a punto de vencer.<\/li>\n<\/ul>\n<\/li>\n\n\n\n<li><strong>Integraci\u00f3n con boletines informativos y alertas<\/strong>\n<ul class=\"wp-block-list\">\n<li>Con\u00e9ctese con servicios como Mailchimp para enviar notificaciones de nuevos cupones o alertas por correo electr\u00f3nico a los suscriptores.<\/li>\n<\/ul>\n<\/li>\n\n\n\n<li><strong>Widgets, c\u00f3digos cortos y creadores de p\u00e1ginas<\/strong>\n<ul class=\"wp-block-list\">\n<li>Incluye varios widgets y c\u00f3digos cortos para mostrar cupones, tiendas y categor\u00edas en cualquier \u00e1rea del tema; compatible con Elementor y WPBakery.<\/li>\n<\/ul>\n<\/li>\n\n\n\n<li><strong>SEO y rendimiento<\/strong>\n<ul class=\"wp-block-list\">\n<li>C\u00f3digo limpio, compatibilidad con Schema.org para fragmentos enriquecidos de cupones y optimizaci\u00f3n para una carga r\u00e1pida sin sobrecargar las consultas de WordPress.<\/li>\n<\/ul>\n<\/li>\n\n\n\n<li><strong>Soporte multiling\u00fce y RTL<\/strong>\n<ul class=\"wp-block-list\">\n<li>Totalmente compatible con WPML, Polylang y traducci\u00f3n RTL, lo que facilita la creaci\u00f3n de sitios web en varios idiomas y para diversos p\u00fablicos.<\/li>\n<\/ul>\n<\/li>\n\n\n\n<li><strong>Importaci\u00f3n de demostraci\u00f3n con un solo clic<\/strong>\n<ul class=\"wp-block-list\">\n<li>Replica instant\u00e1neamente el dise\u00f1o de demostraci\u00f3n oficial para acelerar el proceso de lanzamiento de tu sitio web de cupones.<\/li>\n<\/ul>\n<\/li>\n<\/ul>\n\n\n\n<hr class=\"wp-block-separator has-alpha-channel-opacity\"\/>\n\n\n\n<h2 class=\"wp-block-heading\">\ud83c\udfaf Beneficios para tu Proyecto<\/h2>\n\n\n\n<ul class=\"wp-block-list\">\n<li><strong>Monetizaci\u00f3n eficiente<\/strong>:Maximice las ganancias con enlaces de afiliados y opciones de publicidad de banner directo.<\/li>\n\n\n\n<li><strong>Comunidad comprometida<\/strong>:Conf\u00eda en cupones generados por los propios usuarios, ampliando tu cat\u00e1logo sin esfuerzo adicional.<\/li>\n\n\n\n<li><strong>Conversi\u00f3n optimizada<\/strong>:Dise\u00f1o centrado en la usabilidad, la urgencia y la claridad, aumentando las tasas de clics y el canje de cupones.<\/li>\n\n\n\n<li><strong>Escalabilidad<\/strong>:Ideal tanto para blogs de cupones de nicho como para grandes portales agregadores de ofertas.<\/li>\n<\/ul>\n\n\n\n<p>Con el <strong>Cupones<\/strong>Cree su sitio web de cupones y ofertas de afiliados de manera r\u00e1pida, profesional y con todas las herramientas que necesita para atraer, involucrar y monetizar a su audiencia.<\/p>","protected":false},"excerpt":{"rendered":"<p>Couponis es un tema de WordPress robusto y optimizado para el rendimiento, dise\u00f1ado espec\u00edficamente para sitios web de cupones, promociones y ofertas de afiliados. Con \u00e9l, puedes crear una plataforma altamente personalizable que acepta cupones enviados por los usuarios e importados autom\u00e1ticamente desde redes de afiliados mediante archivos XML\/CSV, sin comprometer la velocidad de tu sitio web.<\/p>","protected":false},"featured_media":23037,"comment_status":"open","ping_status":"closed","template":"","meta":{"_jf_limit_responses":"","iawp_total_views":71},"product_brand":[],"product_cat":[22],"product_tag":[91,49],"class_list":{"0":"post-23036","1":"product","2":"type-product","3":"status-publish","4":"has-post-thumbnail","6":"product_cat-temas-wordpress","7":"product_tag-business","8":"product_tag-starter","10":"first","11":"instock","12":"downloadable","13":"virtual","14":"purchasable","15":"product-type-simple"},"_links":{"self":[{"href":"https:\/\/packdesites.com\/es\/wp-json\/wp\/v2\/product\/23036","targetHints":{"allow":["GET"]}}],"collection":[{"href":"https:\/\/packdesites.com\/es\/wp-json\/wp\/v2\/product"}],"about":[{"href":"https:\/\/packdesites.com\/es\/wp-json\/wp\/v2\/types\/product"}],"replies":[{"embeddable":true,"href":"https:\/\/packdesites.com\/es\/wp-json\/wp\/v2\/comments?post=23036"}],"version-history":[{"count":1,"href":"https:\/\/packdesites.com\/es\/wp-json\/wp\/v2\/product\/23036\/revisions"}],"predecessor-version":[{"id":23038,"href":"https:\/\/packdesites.com\/es\/wp-json\/wp\/v2\/product\/23036\/revisions\/23038"}],"wp:featuredmedia":[{"embeddable":true,"href":"https:\/\/packdesites.com\/es\/wp-json\/wp\/v2\/media\/23037"}],"wp:attachment":[{"href":"https:\/\/packdesites.com\/es\/wp-json\/wp\/v2\/media?parent=23036"}],"wp:term":[{"taxonomy":"product_brand","embeddable":true,"href":"https:\/\/packdesites.com\/es\/wp-json\/wp\/v2\/product_brand?post=23036"},{"taxonomy":"product_cat","embeddable":true,"href":"https:\/\/packdesites.com\/es\/wp-json\/wp\/v2\/product_cat?post=23036"},{"taxonomy":"product_tag","embeddable":true,"href":"https:\/\/packdesites.com\/es\/wp-json\/wp\/v2\/product_tag?post=23036"}],"curies":[{"name":"wp","href":"https:\/\/api.w.org\/{rel}","templated":true}]}}