{"id":23029,"date":"2025-07-20T12:19:42","date_gmt":"2025-07-20T15:19:42","guid":{"rendered":"https:\/\/packdesites.com\/?post_type=product&#038;p=23029"},"modified":"2025-07-20T12:19:47","modified_gmt":"2025-07-20T15:19:47","slug":"tema-superior-de-wordpress-para-sitios-web-profesionales-de-ofertas-de-empleo","status":"publish","type":"product","link":"https:\/\/packdesites.com\/es\/product\/tema-superior-de-wordpress-para-sitios-web-profesionales-de-ofertas-de-empleo\/","title":{"rendered":"Superio \u2013 Tema profesional de WordPress para ofertas de empleo"},"content":{"rendered":"<p>Cree una bolsa de trabajo profesional, moderna y receptiva con 100% <strong>Superior<\/strong>, un tema de WordPress especialmente dise\u00f1ado para sitios web de empleo y carreras profesionales. Ideal para agencias de reclutamiento, consultoras de recursos humanos o emprendedores que buscan monetizar una bolsa de trabajo, Superio ofrece total flexibilidad sin necesidad de conocimientos de programaci\u00f3n.<\/p>\n\n\n\n<hr class=\"wp-block-separator has-alpha-channel-opacity\"\/>\n\n\n\n<h2 class=\"wp-block-heading\">\ud83d\ude80 Caracter\u00edsticas principales<\/h2>\n\n\n\n<ul class=\"wp-block-list\">\n<li><strong>Importaci\u00f3n autom\u00e1tica de trabajos<\/strong>\n<ul class=\"wp-block-list\">\n<li>De hecho, CareerBuilder, Careerjet y ZipRecruiter: mantenga su sitio web actualizado con las \u00faltimas ofertas de empleo de las plataformas m\u00e1s grandes del mercado.<\/li>\n<\/ul>\n<\/li>\n\n\n\n<li><strong>Administrador de campos personalizados<\/strong>\n<ul class=\"wp-block-list\">\n<li>Cree formularios de trabajo y curr\u00edculum personalizados: agregue, elimine o reorganice los campos para adaptarlos a las necesidades de su nicho de mercado.<\/li>\n<\/ul>\n<\/li>\n\n\n\n<li><strong>Filtros avanzados y b\u00fasqueda inteligente<\/strong>\n<ul class=\"wp-block-list\">\n<li>Permita que los candidatos encuentren oportunidades por ubicaci\u00f3n, salario, tipo de contrato y m\u00e1s con b\u00fasqueda en tiempo real y clasificaci\u00f3n din\u00e1mica.<\/li>\n<\/ul>\n<\/li>\n\n\n\n<li><strong>Panel de usuario completo<\/strong>\n<ul class=\"wp-block-list\">\n<li>Paneles separados para candidatos y empleadores, con historial de solicitudes, gesti\u00f3n de paquetes de trabajo y notificaciones por correo electr\u00f3nico.<\/li>\n<\/ul>\n<\/li>\n\n\n\n<li><strong>Restricci\u00f3n de acceso<\/strong>\n<ul class=\"wp-block-list\">\n<li>Controle qui\u00e9n ve empleos, curr\u00edculums e informaci\u00f3n de contacto: p\u00fablico en general, solo usuarios registrados o solo empleadores con un paquete activo.<\/li>\n<\/ul>\n<\/li>\n\n\n\n<li><strong>Integraci\u00f3n con WooCommerce<\/strong>\n<ul class=\"wp-block-list\">\n<li>Configure paquetes pagos para publicar trabajos y vender servicios adicionales utilizando m\u00faltiples pasarelas de pago.<\/li>\n<\/ul>\n<\/li>\n\n\n\n<li><strong>Inicio de sesi\u00f3n social<\/strong>\n<ul class=\"wp-block-list\">\n<li>Acceso a trav\u00e9s de Facebook, Google, Twitter o LinkedIn para simplificar el registro de candidatos y reducir la tasa de deserci\u00f3n.<\/li>\n<\/ul>\n<\/li>\n\n\n\n<li><strong>Mapas interactivos<\/strong>\n<ul class=\"wp-block-list\">\n<li>Compatibilidad con Google Maps, Mapbox y Here Maps para geolocalizaci\u00f3n de empleos y b\u00fasquedas basadas en proximidad.<\/li>\n<\/ul>\n<\/li>\n\n\n\n<li><strong>Instalaci\u00f3n con 1 clic<\/strong>\n<ul class=\"wp-block-list\">\n<li>Importe r\u00e1pidamente demostraciones para replicar el aspecto y la estructura de ejemplos ya preparados, acelerando as\u00ed el lanzamiento de su sitio web.<\/li>\n<\/ul>\n<\/li>\n\n\n\n<li><strong>Dise\u00f1o 100% responsivo y compatible con pantallas Retina<\/strong>\n<ul class=\"wp-block-list\">\n<li>Dise\u00f1o optimizado para tel\u00e9fonos inteligentes, tabletas y computadoras de escritorio, lo que garantiza una excelente experiencia en cualquier dispositivo.<\/li>\n<\/ul>\n<\/li>\n\n\n\n<li><strong>Traducci\u00f3n y archivos RTL<\/strong>\n<ul class=\"wp-block-list\">\n<li>Listo para la internacionalizaci\u00f3n y compatible con idiomas de derecha a izquierda.<\/li>\n<\/ul>\n<\/li>\n<\/ul>\n\n\n\n<hr class=\"wp-block-separator has-alpha-channel-opacity\"\/>\n\n\n\n<h2 class=\"wp-block-heading\">\ud83c\udfaf Beneficios para tu negocio<\/h2>\n\n\n\n<ul class=\"wp-block-list\">\n<li><strong>Monetizaci\u00f3n simplificada<\/strong>:Cree planes de suscripci\u00f3n, coloque paquetes o cargos \u00fanicos con la integraci\u00f3n completa de WooCommerce.<\/li>\n\n\n\n<li><strong>Experiencia de usuario fluida<\/strong>Los paneles intuitivos, los formularios claros y los filtros precisos aumentan la participaci\u00f3n y la retenci\u00f3n de los candidatos.<\/li>\n\n\n\n<li><strong>Flexibilidad total<\/strong>Desde el dise\u00f1o hasta la funcionalidad, cada detalle se puede ajustar directamente a trav\u00e9s del personalizador de WordPress, sin tener que editar el c\u00f3digo.<\/li>\n\n\n\n<li><strong>Actualizaciones y soporte<\/strong>Mant\u00e9ngase actualizado con las mejoras de seguridad y las nuevas funciones proporcionadas por el autor del tema.<\/li>\n<\/ul>\n\n\n\n<hr class=\"wp-block-separator has-alpha-channel-opacity\"\/>\n\n\n\n<h2 class=\"wp-block-heading\">\u2699\ufe0f Compatibilidad y requisitos<\/h2>\n\n\n\n<ul class=\"wp-block-list\">\n<li><strong>WordPress \u2265 5.8<\/strong><\/li>\n\n\n\n<li><strong>PHP \u2265 7.4<\/strong><\/li>\n\n\n\n<li><strong>Complementos recomendados<\/strong>:WooCommerce, Elementor (opcional), WP Job Manager, WPML (para sitios multiling\u00fces).<\/li>\n\n\n\n<li><strong>Hospedaje<\/strong>:m\u00ednimo 2 GB de RAM y 20 GB de almacenamiento SSD (recomendado para altas exigencias).<\/li>\n<\/ul>\n\n\n\n<hr class=\"wp-block-separator has-alpha-channel-opacity\"\/>\n\n\n\n<h2 class=\"wp-block-heading\">\ud83d\udce6 Incluido en <strong>Paquete de sitio web<\/strong><\/h2>\n\n\n\n<p>Nodo <strong>Plan de inicio<\/strong> (R$29.90 por mes o R$23.90 por mes por a\u00f1o) ya recibes:<\/p>\n\n\n\n<ul class=\"wp-block-list\">\n<li>Descargar y actualizar el tema Superio (versi\u00f3n oficial).<\/li>\n\n\n\n<li>Plantillas de Envato, agentes de copia y SEO GPT, y hasta 2 nuevas solicitudes de plantillas por mes.<\/li>\n<\/ul>\n\n\n\n<p>Nodo <strong>Plan de negocios<\/strong> y <strong>Sitio web listo<\/strong>Adem\u00e1s de todo lo de Starter, tambi\u00e9n tiene:<\/p>\n\n\n\n<ul class=\"wp-block-list\">\n<li>Alojamiento SSD, c\u00f3digos avanzados y personalizaci\u00f3n (Ready Site incluye soporte t\u00e9cnico completo y ajustes realizados por nuestro equipo).<\/li>\n<\/ul>\n\n\n\n<hr class=\"wp-block-separator has-alpha-channel-opacity\"\/>\n\n\n\n<p><strong>\u00bfPor qu\u00e9 elegir Superio en el Site Pack?<\/strong><br>Ofrecemos no solo el tema, sino tambi\u00e9n toda la estructura de lanzamiento, marketing y soporte para que crees una bolsa de trabajo de alto rendimiento, desde el dise\u00f1o hasta la conversi\u00f3n, con capacitaci\u00f3n y agentes GPT enfocados en cada etapa de tu negocio. \u00a1Elige Superio y convierte las oportunidades en resultados concretos!<\/p>","protected":false},"excerpt":{"rendered":"<p>Crea una bolsa de trabajo profesional, moderna y responsiva con Superio, un tema de WordPress dise\u00f1ado espec\u00edficamente para sitios web de empleo y carreras profesionales. Ideal para agencias de contrataci\u00f3n, consultoras de RR. HH. o emprendedores que buscan monetizar una bolsa de trabajo, Superio ofrece total flexibilidad sin necesidad de conocimientos de programaci\u00f3n. \ud83d\ude80 Caracter\u00edsticas principales \ud83c\udfaf [\u2026]<\/p>","protected":false},"featured_media":23030,"comment_status":"open","ping_status":"closed","template":"","meta":{"_jf_limit_responses":"","iawp_total_views":81},"product_brand":[],"product_cat":[22],"product_tag":[91,49],"class_list":{"0":"post-23029","1":"product","2":"type-product","3":"status-publish","4":"has-post-thumbnail","6":"product_cat-temas-wordpress","7":"product_tag-business","8":"product_tag-starter","10":"first","11":"instock","12":"downloadable","13":"virtual","14":"purchasable","15":"product-type-simple"},"_links":{"self":[{"href":"https:\/\/packdesites.com\/es\/wp-json\/wp\/v2\/product\/23029","targetHints":{"allow":["GET"]}}],"collection":[{"href":"https:\/\/packdesites.com\/es\/wp-json\/wp\/v2\/product"}],"about":[{"href":"https:\/\/packdesites.com\/es\/wp-json\/wp\/v2\/types\/product"}],"replies":[{"embeddable":true,"href":"https:\/\/packdesites.com\/es\/wp-json\/wp\/v2\/comments?post=23029"}],"version-history":[{"count":2,"href":"https:\/\/packdesites.com\/es\/wp-json\/wp\/v2\/product\/23029\/revisions"}],"predecessor-version":[{"id":23813,"href":"https:\/\/packdesites.com\/es\/wp-json\/wp\/v2\/product\/23029\/revisions\/23813"}],"wp:featuredmedia":[{"embeddable":true,"href":"https:\/\/packdesites.com\/es\/wp-json\/wp\/v2\/media\/23030"}],"wp:attachment":[{"href":"https:\/\/packdesites.com\/es\/wp-json\/wp\/v2\/media?parent=23029"}],"wp:term":[{"taxonomy":"product_brand","embeddable":true,"href":"https:\/\/packdesites.com\/es\/wp-json\/wp\/v2\/product_brand?post=23029"},{"taxonomy":"product_cat","embeddable":true,"href":"https:\/\/packdesites.com\/es\/wp-json\/wp\/v2\/product_cat?post=23029"},{"taxonomy":"product_tag","embeddable":true,"href":"https:\/\/packdesites.com\/es\/wp-json\/wp\/v2\/product_tag?post=23029"}],"curies":[{"name":"wp","href":"https:\/\/api.w.org\/{rel}","templated":true}]}}