{"id":22986,"date":"2025-07-17T11:25:51","date_gmt":"2025-07-17T14:25:51","guid":{"rendered":"https:\/\/packdesites.com\/?post_type=product&#038;p=22986"},"modified":"2025-07-17T11:25:55","modified_gmt":"2025-07-17T14:25:55","slug":"tema-profesional-de-noticias-y-revistas-de-wordpress-zox-news","status":"publish","type":"product","link":"https:\/\/packdesites.com\/es\/product\/tema-profesional-de-noticias-y-revistas-de-wordpress-zox-news\/","title":{"rendered":"Zox News: tema profesional de WordPress para noticias y revistas"},"content":{"rendered":"<p><strong>Noticias de Zox<\/strong>&nbsp;Te ayuda a pasar de bloguero a jefe, ofreci\u00e9ndote una amplia gama de herramientas y opciones para crear el sitio de noticias online m\u00e1s profesional y funcional. Zox News incluye un dise\u00f1o optimizado para dispositivos m\u00f3viles, 8 dise\u00f1os de art\u00edculos, 4 dise\u00f1os de entradas destacadas, anuncios de clasificaci\u00f3n con paralaje, Theia Post Slider, Theia Sticky Sidebar, plugin de revisor, compatibilidad con WooCommerce y mucho m\u00e1s.<\/p>\n\n\n\n<h3 class=\"wp-block-heading\" id=\"item-description__more-key-features\">Recursos m\u00e1s importantes<\/h3>\n\n\n\n<p><strong>Importaci\u00f3n de demostraci\u00f3n con un solo clic<\/strong>&nbsp;\u2013 \u00a1Configure r\u00e1pidamente el tema como la demostraci\u00f3n con el complemento One Click Demo Import!<\/p>\n\n\n\n<p><strong>Listo para RTL<\/strong>&nbsp;\u2013 Con acceso a m\u00e1s de 800 fuentes de Google y una funci\u00f3n RTL incorporada que le permite cambiar su hoja de estilo a RTL con el clic de un bot\u00f3n, configurar su sitio a RTL nunca ha sido tan f\u00e1cil.<\/p>\n\n\n\n<p><strong>Titulares destacados<\/strong>&nbsp;La mayor\u00eda de los principales sitios de noticias y revistas utilizan titulares m\u00e1s cortos en sus secciones de contenido destacado. Zox News ofrece la misma opci\u00f3n para mejorar sus art\u00edculos destacados en la secci\u00f3n &quot;Publicaciones Destacadas&quot; de la p\u00e1gina de inicio y las p\u00e1ginas de categor\u00edas.<\/p>\n\n\n\n<p><strong>Publicaciones de video\/audio<\/strong>&nbsp;\u2013 Reemplace f\u00e1cilmente la imagen destacada predeterminada en las publicaciones con video o audio incrustado de sitios como YouTube, Vimeo y SoundCloud.<\/p>\n\n\n\n<p><strong>Listo para retina<\/strong>&nbsp;\u2013 \u00a1El tema y sus im\u00e1genes se ven n\u00edtidas y definidas en dispositivos compatibles con retina!<\/p>\n\n\n\n<p><strong>M\u00e1s de 800 fuentes de Google<\/strong>&nbsp;\u2013 Utilice cualquiera de las m\u00e1s de 800 fuentes de Google para configurar fuentes para texto general, texto del men\u00fa de navegaci\u00f3n, publicaciones y titulares destacados, t\u00edtulos de art\u00edculos y encabezados.<\/p>\n\n\n\n<p><strong>Colores ilimitados<\/strong>&nbsp;\u2013 Cambie f\u00e1cilmente los colores del fondo principal, el fondo\/texto de navegaci\u00f3n, el color del tema principal y los enlaces a cualquier color en las opciones del tema.<\/p>\n\n\n\n<p><strong>Unidades de anuncios ilimitadas<\/strong>&nbsp;Zox News aprovecha al m\u00e1ximo el espacio publicitario disponible ofreciendo una amplia variedad de opciones de ubicaci\u00f3n. Las unidades de anuncios incluyen una tabla de clasificaci\u00f3n principal con altura y anchura ajustables que admite anuncios de cualquier tama\u00f1o, un widget de anuncios con capacidad para anuncios de 300 px de ancho y cualquier altura en la barra lateral, y un anuncio de tabla de clasificaci\u00f3n de cualquier tama\u00f1o en el \u00e1rea de widgets de la p\u00e1gina principal. Zox News tambi\u00e9n incluye un anuncio de fondo de pantalla que abarca el ancho de la pantalla y el sitio web detr\u00e1s del \u00e1rea de contenido.<\/p>\n\n\n\n<h3 class=\"wp-block-heading\" id=\"item-description__complete-list-of-features\">Lista completa de funciones<\/h3>\n\n\n\n<ul class=\"wp-block-list\">\n<li>Compatible con WordPress 6.8+<\/li>\n\n\n\n<li>Optimizado para SEO<\/li>\n\n\n\n<li>Listo para RTL<\/li>\n\n\n\n<li>Gutenberg listo<\/li>\n\n\n\n<li>Compatible con Google AMP<\/li>\n\n\n\n<li>HTML5 y CSS3<\/li>\n\n\n\n<li>Listo para traducir (contiene archivos .po\/.mo)<\/li>\n\n\n\n<li>Tema infantil incluido<\/li>\n\n\n\n<li>Viene con datos XML ficticios (publicaciones, etiquetas, categor\u00edas, men\u00fas, im\u00e1genes ficticias)<\/li>\n\n\n\n<li>F\u00e1cil implementaci\u00f3n con anuncios de Google Adsense<\/li>\n\n\n\n<li>Compatibilidad con im\u00e1genes destacadas de WordPress<\/li>\n\n\n\n<li>Soporte para fondos personalizados de WordPress<\/li>\n\n\n\n<li>Compatibilidad con men\u00fas personalizados de WordPress<\/li>\n\n\n\n<li>Colores ilimitados<\/li>\n\n\n\n<li>Integraci\u00f3n con Youtube, Vimeo y Soundcloud<\/li>\n\n\n\n<li>Fragmentos enriquecidos de Schema.org<\/li>\n\n\n\n<li>Navegaci\u00f3n desplegable personalizada<\/li>\n\n\n\n<li>Compatible con WooCommerce<\/li>\n\n\n\n<li>Compatible con bbPress<\/li>\n\n\n\n<li>desplazamiento infinito<\/li>\n\n\n\n<li>Panel de opciones de tema personalizado<\/li>\n\n\n\n<li>CSS personalizado en las Opciones de tema para que los usuarios no pierdan los cambios de CSS personalizado cuando actualice a una nueva versi\u00f3n<\/li>\n\n\n\n<li>Postes de ancho completo<\/li>\n\n\n\n<li>Megamen\u00fas<\/li>\n\n\n\n<li>Soporte para comentarios en Facebook<\/li>\n\n\n\n<li>Soporte para comentarios Disqus integrados<\/li>\n\n\n\n<li>Actualizaciones gratuitas de por vida<\/li>\n\n\n\n<li>F\u00e1cil personalizaci\u00f3n del logotipo<\/li>\n\n\n\n<li>M\u00e1s de 800 fuentes de Google<\/li>\n\n\n\n<li>Comentarios enhebrados<\/li>\n\n\n\n<li>Capacidad para habilitar o deshabilitar im\u00e1genes destacadas en las publicaciones<\/li>\n\n\n\n<li>Capacidad de habilitar o deshabilitar botones sociales en las publicaciones<\/li>\n\n\n\n<li>T\u00edtulo\/cr\u00e9dito de foto opcional a continuaci\u00f3n Im\u00e1genes destacadas en publicaciones<\/li>\n\n\n\n<li>Texto de pie de p\u00e1gina\/derechos de autor personalizado<\/li>\n\n\n\n<li>Favicono personalizado<\/li>\n\n\n\n<li>Documentaci\u00f3n detallada<\/li>\n\n\n\n<li>\u00a1Y mucho m\u00e1s!<\/li>\n<\/ul>","protected":false},"excerpt":{"rendered":"<p>Zox News te ayuda a pasar de bloguero a jefe, ofreci\u00e9ndote una amplia gama de herramientas y opciones para crear el sitio de noticias m\u00e1s profesional y funcional de la web. Zox News incluye un dise\u00f1o optimizado para dispositivos m\u00f3viles, 8 dise\u00f1os de art\u00edculos, 4 dise\u00f1os de publicaciones destacadas, anuncios en la tabla de clasificaci\u00f3n y [\u2026]<\/p>","protected":false},"featured_media":22987,"comment_status":"open","ping_status":"closed","template":"","meta":{"_jf_limit_responses":"","iawp_total_views":135},"product_brand":[],"product_cat":[22],"product_tag":[91,49],"class_list":{"0":"post-22986","1":"product","2":"type-product","3":"status-publish","4":"has-post-thumbnail","6":"product_cat-temas-wordpress","7":"product_tag-business","8":"product_tag-starter","10":"first","11":"instock","12":"downloadable","13":"virtual","14":"purchasable","15":"product-type-simple"},"_links":{"self":[{"href":"https:\/\/packdesites.com\/es\/wp-json\/wp\/v2\/product\/22986","targetHints":{"allow":["GET"]}}],"collection":[{"href":"https:\/\/packdesites.com\/es\/wp-json\/wp\/v2\/product"}],"about":[{"href":"https:\/\/packdesites.com\/es\/wp-json\/wp\/v2\/types\/product"}],"replies":[{"embeddable":true,"href":"https:\/\/packdesites.com\/es\/wp-json\/wp\/v2\/comments?post=22986"}],"version-history":[{"count":2,"href":"https:\/\/packdesites.com\/es\/wp-json\/wp\/v2\/product\/22986\/revisions"}],"predecessor-version":[{"id":23086,"href":"https:\/\/packdesites.com\/es\/wp-json\/wp\/v2\/product\/22986\/revisions\/23086"}],"wp:featuredmedia":[{"embeddable":true,"href":"https:\/\/packdesites.com\/es\/wp-json\/wp\/v2\/media\/22987"}],"wp:attachment":[{"href":"https:\/\/packdesites.com\/es\/wp-json\/wp\/v2\/media?parent=22986"}],"wp:term":[{"taxonomy":"product_brand","embeddable":true,"href":"https:\/\/packdesites.com\/es\/wp-json\/wp\/v2\/product_brand?post=22986"},{"taxonomy":"product_cat","embeddable":true,"href":"https:\/\/packdesites.com\/es\/wp-json\/wp\/v2\/product_cat?post=22986"},{"taxonomy":"product_tag","embeddable":true,"href":"https:\/\/packdesites.com\/es\/wp-json\/wp\/v2\/product_tag?post=22986"}],"curies":[{"name":"wp","href":"https:\/\/api.w.org\/{rel}","templated":true}]}}