{"id":22841,"date":"2025-07-11T09:44:50","date_gmt":"2025-07-11T12:44:50","guid":{"rendered":"https:\/\/packdesites.com\/?post_type=product&#038;p=22841"},"modified":"2025-07-11T09:48:44","modified_gmt":"2025-07-11T12:48:44","slug":"contenido-dinamico-para-elementor-anade-superpoderes-a-tu-elementor","status":"publish","type":"product","link":"https:\/\/packdesites.com\/es\/product\/contenido-dinamico-para-elementor-anade-superpoderes-a-tu-elementor\/","title":{"rendered":"Contenido din\u00e1mico para Elementor: a\u00f1ade superpoderes a tu Elementor"},"content":{"rendered":"<figure class=\"wp-block-image\"><img decoding=\"async\" src=\"https:\/\/www.dynamic.ooo\/wp-content\/uploads\/2023\/05\/dce-intro-1-1024x517.png\" alt=\"\" class=\"wp-image-8595\" title=\"\"><\/figure>\n\n\n\n<h2 class=\"wp-block-heading\">Edificio&nbsp;<strong>sitios web potentes<\/strong>&nbsp;extendiendo Elementor.<\/h2>\n\n\n\n<p>M\u00e1s de 150 funciones que te ahorrar\u00e1n tiempo y dinero al lograr resultados complejos. El \u00fanico l\u00edmite es tu imaginaci\u00f3n.<\/p>\n\n\n\n<h3 class=\"wp-block-heading\">Actualizaciones constantes<\/h3>\n\n\n\n<p>Mant\u00e9ngase a la vanguardia con mejoras continuas y adiciones de funciones que mantienen su conjunto de herramientas a la vanguardia.<\/p>\n\n\n\n<h3 class=\"wp-block-heading\">Rendimiento optimizado<\/h3>\n\n\n\n<p>No se carga c\u00f3digo innecesario en el front-end para funciones que no se utilizan en el back-end.<\/p>\n\n\n\n<h3 class=\"wp-block-heading\">M\u00e1s de 150 funciones<\/h3>\n\n\n\n<p>D\u00e9 rienda suelta a la libertad creativa con una amplia colecci\u00f3n de m\u00e1s de 150 recursos listos para usar para mejorar su sitio web.<\/p>\n\n\n\n<h2 class=\"wp-block-heading\">Potencia cualquier cosa.<\/h2>\n\n\n\n<figure class=\"wp-block-image is-resized\"><a href=\"https:\/\/www.dynamic.ooo\/dynamic-content-for-elementor\/integrations\/jetengine\" target=\"_blank\" rel=\"noopener\"><img decoding=\"async\" src=\"https:\/\/www.dynamic.ooo\/wp-content\/uploads\/2023\/09\/jetengine.svg\" alt=\"\" style=\"width:260px;height:auto\" title=\"\"><\/a><\/figure>\n\n\n\n<figure class=\"wp-block-image is-resized\"><a href=\"https:\/\/www.dynamic.ooo\/dynamic-content-for-elementor\/integrations\/meta-box\" target=\"_blank\" rel=\"noopener\"><img decoding=\"async\" src=\"https:\/\/www.dynamic.ooo\/wp-content\/uploads\/2023\/02\/Metabox-logo.svg\" alt=\"\" style=\"width:259px;height:auto\" title=\"\"><\/a><\/figure>\n\n\n\n<figure class=\"wp-block-image is-resized\"><a href=\"https:\/\/www.dynamic.ooo\/dynamic-content-for-elementor\/integrations\/pods\" target=\"_blank\" rel=\"noopener\"><img decoding=\"async\" src=\"https:\/\/www.dynamic.ooo\/wp-content\/uploads\/2023\/09\/pods.svg\" alt=\"\" style=\"width:263px;height:auto\" title=\"\"><\/a><\/figure>\n\n\n\n<figure class=\"wp-block-image is-resized\"><a href=\"https:\/\/www.dynamic.ooo\/dynamic-content-for-elementor\/integrations\/search-filter-pro\" target=\"_blank\" rel=\"noopener\"><img decoding=\"async\" src=\"https:\/\/www.dynamic.ooo\/wp-content\/uploads\/2023\/10\/searchandfilter.svg\" alt=\"\" style=\"width:257px;height:auto\" title=\"\"><\/a><\/figure>\n\n\n\n<figure class=\"wp-block-image is-resized\"><a href=\"https:\/\/www.dynamic.ooo\/dynamic-content-for-elementor\/integrations\/toolset\" target=\"_blank\" rel=\"noopener\"><img decoding=\"async\" src=\"https:\/\/www.dynamic.ooo\/wp-content\/uploads\/2023\/09\/toolset-1.svg\" alt=\"\" style=\"width:269px;height:auto\" title=\"\"><\/a><\/figure>\n\n\n\n<figure class=\"wp-block-image is-resized\"><a href=\"https:\/\/www.dynamic.ooo\/dynamic-content-for-elementor\/integrations\/woocommerce\" target=\"_blank\" rel=\"noopener\"><img decoding=\"async\" src=\"https:\/\/www.dynamic.ooo\/wp-content\/uploads\/2023\/09\/woo.svg\" alt=\"\" style=\"width:269px;height:auto\" title=\"\"><\/a><\/figure>\n\n\n\n<figure class=\"wp-block-image is-resized\"><a href=\"https:\/\/www.dynamic.ooo\/dynamic-content-for-elementor\/integrations\/wpml\" target=\"_blank\" rel=\"noopener\"><img decoding=\"async\" src=\"https:\/\/www.dynamic.ooo\/wp-content\/uploads\/2023\/09\/wpml.svg\" alt=\"\" style=\"width:262px;height:auto\" title=\"\"><\/a><\/figure>\n\n\n\n<figure class=\"wp-block-image\"><a href=\"https:\/\/www.dynamic.ooo\/dynamic-content-for-elementor\/features\/categories\/forms\/\" target=\"_blank\" rel=\"noopener\"><img decoding=\"async\" src=\"https:\/\/www.dynamic.ooo\/wp-content\/uploads\/2023\/05\/feature_forms-5-2.jpg\" alt=\"\" class=\"wp-image-9372\" title=\"\"><\/a><\/figure>\n\n\n\n<h2 class=\"wp-block-heading\">Tus formularios al m\u00e1s alto nivel<\/h2>\n\n\n\n<p>Deseos&nbsp;<strong>mostrar diferentes opciones en un formulario<\/strong>\u00bfSeg\u00fan las elecciones del usuario? \u00bfNecesita un formulario que pueda realizar...&nbsp;<strong>c\u00e1lculos<\/strong>?&nbsp;<strong>Visualizaci\u00f3n condicional de campos y datos<\/strong>&nbsp;Es muy f\u00e1cil con nuestras extensiones.<\/p>\n\n\n\n<figure class=\"wp-block-image\"><a href=\"https:\/\/www.dynamic.ooo\/dynamic-content-for-elementor\/features\/categories\/payments\/\" target=\"_blank\" rel=\"noopener\"><img decoding=\"async\" src=\"https:\/\/www.dynamic.ooo\/wp-content\/uploads\/2023\/05\/feature_payments.png\" alt=\"\" class=\"wp-image-9390\" title=\"\"><\/a><\/figure>\n\n\n\n<h2 class=\"wp-block-heading\">Vender art\u00edculos nunca ha sido tan f\u00e1cil<\/h2>\n\n\n\n<p>\u00bfQuieres vender art\u00edculos, conectar?&nbsp;<strong>Stripe o PayPal<\/strong>&nbsp;\u00bfC\u00f3mo usar una pasarela de pago y configurar tu formulario para que agregue diferentes costos de env\u00edo seg\u00fan la ubicaci\u00f3n, todo sin instalar WooCommerce? \u00a1No hay problema! \u00bfQuieres...?&nbsp;<strong>crear autom\u00e1ticamente un PDF<\/strong>&nbsp;\u00bfDesde tu formulario de pedido y lo env\u00edas al correo electr\u00f3nico generado? \u00a1F\u00e1cil!<\/p>\n\n\n\n<figure class=\"wp-block-image\"><a href=\"https:\/\/www.dynamic.ooo\/dynamic-content-for-elementor\/features\/categories\/pdf\/\" target=\"_blank\" rel=\"noopener\"><img decoding=\"async\" src=\"https:\/\/www.dynamic.ooo\/wp-content\/uploads\/2023\/05\/feature_pdf.png\" alt=\"\" class=\"wp-image-9392\" title=\"\"><\/a><\/figure>\n\n\n\n<h2 class=\"wp-block-heading\">Lleve el poder del PDF a sus visitantes y compradores<\/h2>\n\n\n\n<p>Con nuestro bot\u00f3n PDF, entregamos&nbsp;<strong>Tienes el poder de dise\u00f1ar con Elementor para la versi\u00f3n impresa de tu p\u00e1gina.<\/strong>Producto, receta, formulario, etc. Todo lo que crees como dise\u00f1o en Elementor se imprimir\u00e1 en formato PDF. Vertical u horizontal, t\u00fa decides.<\/p>\n\n\n\n<figure class=\"wp-block-image\"><a href=\"https:\/\/www.dynamic.ooo\/dynamic-content-for-elementor\/features\/add-to-calendar\/\" target=\"_blank\" rel=\"noopener\"><img decoding=\"async\" src=\"https:\/\/www.dynamic.ooo\/wp-content\/uploads\/2023\/05\/feature_calendar.png\" alt=\"\" class=\"wp-image-9398\" title=\"\"><\/a><\/figure>\n\n\n\n<h2 class=\"wp-block-heading\">Permitir que los visitantes agreguen eventos a un calendario<\/h2>\n\n\n\n<p>\u00a1Imagina! Has creado un sitio web en torno a un evento. O has creado m\u00e1s eventos mediante un tipo de publicaci\u00f3n personalizada. \u00bfNo ser\u00eda fant\u00e1stico que tus visitantes pudieran a\u00f1adir f\u00e1cilmente este evento a sus...?&nbsp;<strong>Calendario de Google, iOS, Outlook<\/strong>&nbsp;\u00bfY m\u00e1s? \u00a1S\u00ed, tenemos la funci\u00f3n de Agregar al Calendario!<\/p>\n\n\n\n<figure class=\"wp-block-image\"><a href=\"https:\/\/www.dynamic.ooo\/dynamic-content-for-elementor\/features\/signature-field-for-elementor-pro-form\/\" target=\"_blank\" rel=\"noopener\"><img decoding=\"async\" src=\"https:\/\/www.dynamic.ooo\/wp-content\/uploads\/2023\/05\/feature_signature.png\" alt=\"\" class=\"wp-image-9404\" title=\"\"><\/a><\/figure>\n\n\n\n<h2 class=\"wp-block-heading\">\u00a1Firma tu nombre en la l\u00ednea de puntos!<\/h2>\n\n\n\n<p>Sus clientes pueden dejar sus esc\u00e1neres y aplicaciones de escaneo donde est\u00e9n. Con nuestro widget de firma digital, pueden...&nbsp;<strong>Iniciar sesi\u00f3n manualmente en el sitio web<\/strong>\u00a1Puedes insertar autom\u00e1ticamente una firma en un PDF con nuestra extensi\u00f3n Generador de PDF!<\/p>\n\n\n\n<figure class=\"wp-block-image\"><a href=\"https:\/\/www.dynamic.ooo\/dynamic-content-for-elementor\/features\/favorites\/\" target=\"_blank\" rel=\"noopener\"><img decoding=\"async\" src=\"https:\/\/www.dynamic.ooo\/wp-content\/uploads\/2023\/05\/feature_favorites.png\" alt=\"\" class=\"wp-image-9396\" title=\"\"><\/a><\/figure>\n\n\n\n<h2 class=\"wp-block-heading\">Muestra los favoritos de tus clientes<\/h2>\n\n\n\n<p>Solicitado por muchos, ahora puedes crear la posibilidad de que los visitantes agreguen\u00a0<strong>publicaciones, p\u00e1ginas y productos<\/strong>\u00a0\u00a1A favoritos!<\/p>","protected":false},"excerpt":{"rendered":"<p>Crea sitios web potentes ampliando Elementor. M\u00e1s de 150 funciones que te ahorrar\u00e1n tiempo y dinero al lograr resultados complejos. El \u00fanico l\u00edmite es tu imaginaci\u00f3n. Actualizaciones constantes. Mantente a la vanguardia con mejoras continuas y nuevas funciones que mantienen tus herramientas a la vanguardia. Rendimiento optimizado. Sin cargas innecesarias de c\u00f3digo en el frontend. [\u2026]<\/p>","protected":false},"featured_media":22842,"comment_status":"open","ping_status":"closed","template":"","meta":{"_jf_limit_responses":"","iawp_total_views":131},"product_brand":[],"product_cat":[41],"product_tag":[91],"class_list":{"0":"post-22841","1":"product","2":"type-product","3":"status-publish","4":"has-post-thumbnail","6":"product_cat-plugins","7":"product_tag-business","9":"first","10":"instock","11":"downloadable","12":"virtual","13":"purchasable","14":"product-type-simple"},"_links":{"self":[{"href":"https:\/\/packdesites.com\/es\/wp-json\/wp\/v2\/product\/22841","targetHints":{"allow":["GET"]}}],"collection":[{"href":"https:\/\/packdesites.com\/es\/wp-json\/wp\/v2\/product"}],"about":[{"href":"https:\/\/packdesites.com\/es\/wp-json\/wp\/v2\/types\/product"}],"replies":[{"embeddable":true,"href":"https:\/\/packdesites.com\/es\/wp-json\/wp\/v2\/comments?post=22841"}],"version-history":[{"count":2,"href":"https:\/\/packdesites.com\/es\/wp-json\/wp\/v2\/product\/22841\/revisions"}],"predecessor-version":[{"id":22846,"href":"https:\/\/packdesites.com\/es\/wp-json\/wp\/v2\/product\/22841\/revisions\/22846"}],"wp:featuredmedia":[{"embeddable":true,"href":"https:\/\/packdesites.com\/es\/wp-json\/wp\/v2\/media\/22842"}],"wp:attachment":[{"href":"https:\/\/packdesites.com\/es\/wp-json\/wp\/v2\/media?parent=22841"}],"wp:term":[{"taxonomy":"product_brand","embeddable":true,"href":"https:\/\/packdesites.com\/es\/wp-json\/wp\/v2\/product_brand?post=22841"},{"taxonomy":"product_cat","embeddable":true,"href":"https:\/\/packdesites.com\/es\/wp-json\/wp\/v2\/product_cat?post=22841"},{"taxonomy":"product_tag","embeddable":true,"href":"https:\/\/packdesites.com\/es\/wp-json\/wp\/v2\/product_tag?post=22841"}],"curies":[{"name":"wp","href":"https:\/\/api.w.org\/{rel}","templated":true}]}}