{"id":22802,"date":"2025-07-07T20:01:22","date_gmt":"2025-07-07T23:01:22","guid":{"rendered":"https:\/\/packdesites.com\/?post_type=product&#038;p=22802"},"modified":"2025-07-07T20:01:26","modified_gmt":"2025-07-07T23:01:26","slug":"periodico-jannah-revista-noticias-tema-de-wordpress-buddypress","status":"publish","type":"product","link":"https:\/\/packdesites.com\/es\/product\/periodico-jannah-revista-noticias-tema-de-wordpress-buddypress\/","title":{"rendered":"Jannah \u2013 Tema de WordPress para peri\u00f3dicos, revistas y noticias de BuddyPress"},"content":{"rendered":"<figure class=\"wp-block-image size-full is-resized\"><img decoding=\"async\" width=\"191\" height=\"215\" src=\"https:\/\/packdesites.com\/wp-content\/uploads\/2025\/07\/image.png\" alt=\"\" class=\"wp-image-22804\" style=\"width:220px;height:auto\" title=\"\" srcset=\"https:\/\/packdesites.com\/wp-content\/uploads\/2025\/07\/image.png 191w, https:\/\/packdesites.com\/wp-content\/uploads\/2025\/07\/image-11x12.png 11w\" sizes=\"(max-width: 191px) 100vw, 191px\" \/><\/figure>\n\n\n\n<p class=\"has-vivid-red-color has-text-color has-link-color wp-elements-e1aca5a59038d2ee608993cc46356ff4\">Extrae el archivo zip, dentro estar\u00e1 el zip del tema que tendr\u00e1s que subir.<\/p>\n\n\n\n<h2 class=\"wp-block-heading\" id=\"item-description__3-powerful-reasons-to-chose-jannah\">3 poderosas razones para elegir Jannah<\/h2>\n\n\n\n<ol class=\"wp-block-list\">\n<li>M\u00e1s de un a\u00f1o en desarrollo por la experimentada empresa de dise\u00f1o web,\u00a0<a href=\"https:\/\/tielabs.com\/\" target=\"_blank\" rel=\"noopener\">TieLabs<\/a>, el equipo detr\u00e1s del tema de noticias n\u00famero 1 en ventas\u00a0<a href=\"https:\/\/themeforest.net\/item\/sahifa-responsive-wordpress-news-magazine-newspaper-theme\/2819356&amp;utm_campaign=sahifa&amp;utm_medium=description&amp;utm_source=jannah-tf\" target=\"_blank\" rel=\"noopener\">Sahifa<\/a><\/li>\n\n\n\n<li>Funciones del mundo real como compatibilidad nativa con GIF &#039;Seleccionar y compartir&#039; y notificaciones push basadas en la web.<\/li>\n\n\n\n<li>Navegaci\u00f3n m\u00f3vil para los dispositivos modernos de hoy M\u00c1S mega men\u00fas AJAX integrados.<\/li>\n<\/ol>\n\n\n\n<h2 class=\"wp-block-heading\" id=\"item-description__online-publishing-reimagined-for-wordpress\">La publicaci\u00f3n online reinventada para WordPress<\/h2>\n\n\n\n<p>Jannah ofrece una nueva mirada al mundo de la autoedici\u00f3n en la era moderna del marketing de contenidos y lo revoluciona con un dise\u00f1o sorprendente, nuevas opciones de dise\u00f1o, opciones modernas para compartir e integraci\u00f3n de las extensiones de WordPress m\u00e1s populares para lograr la m\u00e1xima flexibilidad.<\/p>\n\n\n\n<h2 class=\"wp-block-heading\" id=\"item-description__responsive-for-today-s-modern-devices\">Adaptable a los dispositivos modernos de hoy<\/h2>\n\n\n\n<p>Por supuesto, Jannah tiene un dise\u00f1o totalmente responsivo que no solo se adapta a todos los dispositivos modernos actuales, sino que tambi\u00e9n responde a los \u00faltimos dispositivos m\u00f3viles para contenido deslizable.<\/p>\n\n\n\n<p>Tambi\u00e9n parece tenerlo en mente con funciones de men\u00fa inteligentes que se adaptan al dispositivo del usuario para garantizar que tenga la mejor y m\u00e1s fluida experiencia posible al consumir su contenido.<\/p>\n\n\n\n<h2 class=\"wp-block-heading\" id=\"item-description__amp\">AMPERIO<\/h2>\n\n\n\n<p>Totalmente compatible con el Proyecto Accelerated Mobile Pages (AMP), por lo que su contenido est\u00e1 optimizado para dispositivos m\u00f3viles y se carga R\u00c1PIDO, en todas partes.<\/p>\n\n\n\n<h2 class=\"wp-block-heading\" id=\"item-description__seo-optimized\">Optimizado para SEO<\/h2>\n\n\n\n<p>Jannah tambi\u00e9n tiene lo mejor en cuanto a SEO, con esquemas de art\u00edculos y rese\u00f1as para respaldar vistas de fragmentos de art\u00edculos m\u00e1s largos.<\/p>\n\n\n\n<p>Optimizado con soporte completo para los complementos s\u00faper populares Yoast SEO y Rank Math para que pueda obtener m\u00e1s visitantes de Google y BING Search, adem\u00e1s de soporte HTML SEO para que los motores de b\u00fasqueda puedan captar se\u00f1ales de clasificaci\u00f3n de elementos HTML espec\u00edficos, as\u00ed como soporte SEO Rich Snippet para complementos como Rese\u00f1as, Calificaciones y Fotos.<\/p>\n\n\n\n<h2 class=\"wp-block-heading\" id=\"item-description__high-performance-blazing-speeds\">Alto rendimiento, velocidades incre\u00edbles.<\/h2>\n\n\n\n<p>\u00bfAlguien dijo &quot;Need for Speed&quot;?<\/p>\n\n\n\n<p>Jannah ha dado un paso m\u00e1s con varios desarrollos avanzados detr\u00e1s de escena para ofrecer velocidades de carga de p\u00e1gina mejoradas y un rendimiento general del sitio.<\/p>\n\n\n\n<ul class=\"wp-block-list\">\n<li>Carga diferida: esto significa que las im\u00e1genes se cargan cuando el usuario las necesita.<\/li>\n\n\n\n<li>Versi\u00f3n JS minimizada: funciona igual que jquery.js pero es de menor tama\u00f1o para su sitio de producci\u00f3n.<\/li>\n\n\n\n<li>Recursos CSS minimizados: elimina espaciado, sangr\u00eda, nuevas l\u00edneas y comentarios.<\/li>\n\n\n\n<li>Almacenamiento en cach\u00e9 integrado para reducir las consultas a la base de datos.<\/li>\n\n\n\n<li>Compatible con el popular complemento de almacenamiento en cach\u00e9 WP Super Cache.<\/li>\n<\/ul>\n\n\n\n<h2 class=\"wp-block-heading\" id=\"item-description__bbpress-integration\">Integraci\u00f3n de bbPress<\/h2>\n\n\n\n<p>Software de foros l\u00edder en la industria para WordPress, de los creadores de WordPress. Esto significa que puedes tener la tranquilidad de que puedes configurar f\u00e1cilmente foros de discusi\u00f3n dentro de tu sitio WP.<\/p>\n\n\n\n<p>Es f\u00e1cil de moderar, r\u00e1pido y limpio, se administra desde una cuenta central y cuenta con instalaci\u00f3n con un solo clic.<\/p>\n\n\n\n<h2 class=\"wp-block-heading\" id=\"item-description__pre-skinned-demos\">Demostraciones pre-desnudas<\/h2>\n\n\n\n<p>Oscurezca o mant\u00e9ngalo claro y suave: Jannah ofrece m\u00e1scaras f\u00e1ciles de actualizar con m\u00e1scaras listas para usar en tonos claros, oscuros y todos los intermedios.<\/p>\n\n\n\n<h2 class=\"wp-block-heading\" id=\"item-description__almost-1-000-font-options\">Casi 1.000 opciones de fuentes<\/h2>\n\n\n\n<p>Con m\u00e1s de 800&nbsp;<a href=\"https:\/\/fonts.google.com\/\" target=\"_blank\" rel=\"noopener\">Fuentes de Google y<\/a>&nbsp;+150&nbsp;<a href=\"https:\/\/fontface.me\/\" target=\"_blank\" rel=\"noopener\">Fuentes FontFace.me<\/a>&nbsp;incluido en Jannah, seguro encontrar\u00e1s el que m\u00e1s te convenga.<\/p>\n\n\n\n<p>Nada que actualizar o instalar, todo incluido bajo el cap\u00f3.<\/p>\n\n\n\n<h2 class=\"wp-block-heading\" id=\"item-description__gif-support\">Compatibilidad con GIF<\/h2>\n\n\n\n<p>\u00bfA qui\u00e9n no le gusta un buen meme GIF?<\/p>\n\n\n\n<p>Los GIF, fundamentales para el \u00e9xito de los grandes sitios virales actuales, desempe\u00f1an un papel importante en el contenido del consumidor, y es necesario poder admitirlos de forma nativa, de manera inmediata, sin necesidad de extensiones ni complementos.<\/p>\n\n\n\n<p>Jannah admite de forma nativa im\u00e1genes GIF para una excelente experiencia del usuario final.<\/p>\n\n\n\n<h2 class=\"wp-block-heading\" id=\"item-description__customizable-layouts\">Dise\u00f1os personalizables<\/h2>\n\n\n\n<p>\u00a1Vu\u00e9lvete loco con un dise\u00f1o personalizado!<\/p>\n\n\n\n<p>Con borde, ancho completo, en caja, de mamposter\u00eda o columna recta. Los dise\u00f1os son la base de la apariencia de su sitio web, y contar con un sistema flexible para moverlos y ver c\u00f3mo se adaptan a su contenido es crucial.<\/p>\n\n\n\n<h2 class=\"wp-block-heading\" id=\"item-description__jump-to-contents\">Saltar al contenido<\/h2>\n\n\n\n<p>Agregar puntos de acceso a su contenido para que los usuarios puedan saltar a un punto espec\u00edfico en contenido de formato largo es una excelente forma de facilitar la navegaci\u00f3n.<\/p>\n\n\n\n<h2 class=\"wp-block-heading\" id=\"item-description__ajax-mega-menus\">Megamen\u00fas del Ajax<\/h2>\n\n\n\n<p>Un men\u00fa realmente atractivo es crucial para un sitio web grande y repleto de contenido de primer nivel. Un buen men\u00fa debe motivar a los usuarios a quedarse, explorar otras p\u00e1ginas y sentir que saben d\u00f3nde est\u00e1n en todo momento.<\/p>\n\n\n\n<p>Con nuestros mega men\u00fas impulsados por Ajax, no deje ninguna piedra sin mover con una gama din\u00e1mica de emocionantes opciones de men\u00fa que seguramente superar\u00e1n sus expectativas.<\/p>\n\n\n\n<h2 class=\"wp-block-heading\" id=\"item-description__mobile-navigation\">Navegaci\u00f3n m\u00f3vil<\/h2>\n\n\n\n<p>Destaca entre la multitud con una navegaci\u00f3n m\u00f3vil personalizable y con un estilo atractivo para tu nuevo sitio web. Disponible fuera del lienzo, puedes cambiar los fondos a colores s\u00f3lidos, degradados o im\u00e1genes. Configura el color y activa o desactiva los \u00edconos de redes sociales y el formulario de b\u00fasqueda.<\/p>\n\n\n\n<h2 class=\"wp-block-heading\" id=\"item-description__select-and-share\">Seleccionar y compartir<\/h2>\n\n\n\n<p>Esta es una funci\u00f3n genial que sabemos que te encantar\u00e1. Con Jannah y Select and Share, el usuario final tiene el control de la funci\u00f3n para compartir.<\/p>\n\n\n\n<p>Solo tienen que resaltar el texto o el punto clave que quieren compartir, y Jannah lo reconocer\u00e1 autom\u00e1ticamente como la funci\u00f3n para compartir en redes sociales con una plantilla emergente que muestra las opciones que has habilitado. \u00a1Listo!<\/p>\n\n\n\n<h2 class=\"wp-block-heading\" id=\"item-description__email-marketing\">Marketing por correo electr\u00f3nico<\/h2>\n\n\n\n<p>\u00a1Construye tu lista de distribuci\u00f3n de correo electr\u00f3nico!<\/p>\n\n\n\n<p>Todos saben que su lista de correo electr\u00f3nico es su herramienta de marketing m\u00e1s poderosa en el entorno actual, por lo que Jannah tiene una integraci\u00f3n completa con herramientas est\u00e1ndar de la industria, incluidas MailChimp y Feedburner.<\/p>\n\n\n\n<p>Capte clientes potenciales, cree su lista y \u00a1el mundo ser\u00e1 suyo!<\/p>\n\n\n\n<h2 class=\"wp-block-heading\" id=\"item-description__parallax-effects-amp-video-backgrounds\">Efectos de paralaje y fondos de v\u00eddeo<\/h2>\n\n\n\n<p>Una landing page, p\u00e1gina de inicio o CTA bien dise\u00f1ada debe atraer la atenci\u00f3n y motivar a la acci\u00f3n. Una excelente manera de lograrlo es con un toque de vida: fondos que se desplazan con el contenido o un fondo a p\u00e1gina completa para un efecto impactante.<\/p>\n\n\n\n<h2 class=\"wp-block-heading\" id=\"item-description__one-click-import-with-demo-content\">Importaci\u00f3n con un solo clic con contenido de demostraci\u00f3n<\/h2>\n\n\n\n<p>Con m\u00e1s de 20 nuevas demostraciones listas para usar y m\u00e1s en desarrollo, Jannah tiene un dise\u00f1o web completo listo para ti.<\/p>\n\n\n\n<p>Encuentra la demo que mejor refleje tu estilo y usa nuestra funci\u00f3n de importaci\u00f3n de demos con un solo clic para configurar tu dise\u00f1o, atractivo y sencillo. A partir de ah\u00ed, simplemente actualiza con tu propio contenido y personal\u00edzalo a tu gusto.<\/p>\n\n\n\n<h2 class=\"wp-block-heading\" id=\"item-description__dedicated-advertiser-space\">Espacio dedicado al anunciante<\/h2>\n\n\n\n<p>\u00bfQu\u00e9 sentido tiene invertir tanto esfuerzo en un sitio web, blog o sitio de noticias de marketing de contenidos de primera sin poder monetizarlo? No, en la web actual no.<\/p>\n\n\n\n<p>\u00a1Es por eso que Jannah no solo est\u00e1 optimizado para WooCommerce para todas tus necesidades de comercio electr\u00f3nico, sino que tambi\u00e9n hay espacios predefinidos espec\u00edficamente para anuncios!<\/p>\n\n\n\n<p>Reserva espacios para socios o afiliados, o vende una p\u00e1gina completa al mejor postor. Con los tama\u00f1os de bloques de anuncios m\u00e1s comunes integrados, solo tienes que copiar tu c\u00f3digo de AdSense, \u00a1y listo! Jannah se encarga del resto.<\/p>\n\n\n\n<h2 class=\"wp-block-heading\" id=\"item-description__unique-buddypress-design\">Dise\u00f1o exclusivo de BuddyPress<\/h2>\n\n\n\n<p>Ll\u00e9velo al siguiente nivel con una comunidad o red social totalmente integrada, integrada con un elegante dise\u00f1o BuddyPress para una experiencia de usuario atractiva.<\/p>\n\n\n\n<p>Integrado en la plantilla Jannah para que coincida con el resto de su dise\u00f1o, incluso puede elegir agregar notificaciones a su men\u00fa para lograr esa sensaci\u00f3n social en tiempo real que hace que los usuarios regresen por m\u00e1s.<\/p>\n\n\n\n<h2 class=\"wp-block-heading\" id=\"item-description__20-pre-made-demos\">M\u00e1s de 20 demostraciones predise\u00f1adas<\/h2>\n\n\n\n<p>Nuestras demostraciones son m\u00e1s que solo una apariencia: con m\u00e1s de 20 para elegir, cada demostraci\u00f3n es un sitio web completamente funcional con p\u00e1ginas, estructuras de men\u00fa y contenido de demostraci\u00f3n dise\u00f1ado para respaldar el arduo trabajo de establecer su sitio web.<\/p>\n\n\n\n<p>Elige una demo e inst\u00e1lala con un solo clic, actual\u00edzala con tu propio contenido y disfruta de las recompensas. Con estilos como Automoci\u00f3n, Hoteles, Mascotas, Escuela, Noticias, Deportes, V\u00eddeo y Moda, estamos seguros de que encontrar\u00e1s algo que te encante.<\/p>\n\n\n\n<h2 class=\"wp-block-heading\" id=\"item-description__unlimited-header-styles\">Estilos de encabezado ilimitados<\/h2>\n\n\n\n<p>No hay nada como un buen encabezado. Jannah te ayuda a resaltar tu lado m\u00e1s atrevido con dise\u00f1os complejos basados en principios de dise\u00f1o gr\u00e1fico. Lleva tu dise\u00f1o al siguiente nivel con una multitud de estilos de encabezado diferentes, cuyo \u00fanico l\u00edmite es tu imaginaci\u00f3n.<\/p>\n\n\n\n<h2 class=\"wp-block-heading\" id=\"item-description__instagram-widget\">Widget de Instagram<\/h2>\n\n\n\n<p>Instagram es una de las redes sociales m\u00e1s populares para compartir fotos hoy en d\u00eda. Integrar tu sitio web con tu feed de Instagram, con contenido incre\u00edble, es clave para el \u00e9xito de un sitio web de noticias, blogs, revistas o moda.<\/p>\n\n\n\n<p>Con el widget de Instagram de Jannah, puedes seleccionar entre diferentes dise\u00f1os que se ajusten a tus necesidades, solo agrega tu nombre de usuario, selecciona tu estilo y dile a Jannah d\u00f3nde colocarlo, sin necesidad de codificaci\u00f3n.<\/p>\n\n\n\n<h2 class=\"wp-block-heading\" id=\"item-description__amazing-page-builder\">Impresionante constructor de p\u00e1ginas<\/h2>\n\n\n\n<p>Jannah incluye un generador de p\u00e1ginas de arrastrar y soltar incorporado que te ayuda a personalizar tu dise\u00f1o con bloques y la simplicidad de arrastrar y soltar.<\/p>\n\n\n\n<p>Crear dise\u00f1os \u00fanicos ha sido un tema de moda en los \u00faltimos a\u00f1os, y Jannah se enorgullece de ofrecer un creador de p\u00e1ginas integrado. Con un mont\u00f3n de bloques geniales para empezar, puedes a\u00f1adir el poder de los filtros y la paginaci\u00f3n de Ajax a tu sitio para maximizar la velocidad y la experiencia del usuario.<\/p>\n\n\n\n<p>Todo desde el panel de control de WordPress. \u00a1Genial!<\/p>\n\n\n\n<h2 class=\"wp-block-heading\" id=\"item-description__powerful-amp-easy-to-use-theme-options\">Opciones de tema potentes y f\u00e1ciles de usar<\/h2>\n\n\n\n<p>Te encantar\u00e1 el panel de opciones del tema TieLabs en Jannah. Completo y f\u00e1cil de usar, tendr\u00e1s control total sobre tus opciones de dise\u00f1o en un entorno WordPress simple, mientras realizas cambios sofisticados con un solo clic.<\/p>\n\n\n\n<p>Estilo, tipograf\u00eda, botones para compartir, barras laterales y m\u00e1s est\u00e1n disponibles para modificar el poder del panel de opciones de tema en Jannah.<\/p>\n\n\n\n<h2 class=\"wp-block-heading\" id=\"item-description__translation-ready\">Listo para traducir<\/h2>\n\n\n\n<p>Totalmente preparado para traducir a cualquier idioma usando archivos po y mo, tambi\u00e9n puedes traducir el tema f\u00e1cilmente a trav\u00e9s del panel de traducci\u00f3n incorporado.<\/p>\n\n\n\n<p>Jannah es totalmente compatible con el complemento multiling\u00fce WPML para que puedas crear sitios web multiling\u00fces.<\/p>\n\n\n\n<h2 class=\"wp-block-heading\" id=\"item-description__stunning-video-playlists\">Listas de reproducci\u00f3n de v\u00eddeos incre\u00edbles<\/h2>\n\n\n\n<p>Crear listas de reproducci\u00f3n de videos para los usuarios es una excelente manera de reducir la tasa de rebote y retener a los visitantes por m\u00e1s tiempo. Es sencillo y est\u00e1 totalmente integrado en el backend de Jannah.<\/p>\n\n\n\n<p>Ap\u00edlelos y ofrezca un bloque maravillosamente fluido con una lista de desplazamiento intuitiva y de f\u00e1cil acceso, y sus usuarios nunca tendr\u00e1n que abandonar su sitio nuevamente.<\/p>\n\n\n\n<h2 class=\"wp-block-heading\" id=\"item-description__animated-weather-widget\">Widget meteorol\u00f3gico animado<\/h2>\n\n\n\n<p>Una excelente funci\u00f3n de la que estamos muy orgullosos en TieLabs, y exclusiva de Jannah, es nuestro widget del tiempo animado en tiempo real. Al igual que la experiencia m\u00f3vil habitual, permite a tus usuarios configurar una ubicaci\u00f3n y ver el tiempo en tiempo real para el d\u00eda y la semana siguientes.<\/p>\n\n\n\n<h2 class=\"wp-block-heading\" id=\"item-description__web-notifications\">Notificaciones web<\/h2>\n\n\n\n<p>Las notificaciones push web permiten a tus usuarios suscribirse para recibir actualizaciones puntuales de tu sitio web. \u00a1Dales una raz\u00f3n convincente para que sigan usando las notificaciones en vivo! Es otra gran funci\u00f3n integrada en Jannah que te har\u00e1 gritar &quot;por m\u00ed&quot;. \u00a1Es el sue\u00f1o de cualquier profesional del marketing!<\/p>\n\n\n\n<h2 class=\"wp-block-heading\" id=\"item-description__custom-widgets\">Widgets personalizados<\/h2>\n\n\n\n<p>A veces, configurar los widgets necesarios es simplemente una necesidad tediosa, por eso hemos quitado el tedio de Jannah para usted con una serie de widgets personalizados listos para usar que sabemos que marcar\u00e1n todas sus casillas.<\/p>\n\n\n\n<p>Todo dise\u00f1ado para adaptarse perfectamente al dise\u00f1o que usted estipule.<\/p>\n\n\n\n<p>Elija entre 12 contadores sociales, widgets sociales y widgets de listas de publicaciones para crear el dise\u00f1o de p\u00e1gina de inicio irresistible que siempre ha so\u00f1ado.<\/p>\n\n\n\n<ul class=\"wp-block-list\">\n<li>Contadores sociales: muestra todos tus suscriptores importantes, fans de Facebook, seguidores de Twitter y m\u00e1s con el widget de contador social integrado de Jannah<\/li>\n\n\n\n<li>Widgets sociales: suscriptores, Instagram, SoundCloud, Flickr, Google+, Dribble, Facebook y m\u00e1s para completar tu ecosistema digital<\/li>\n\n\n\n<li>Widgets de lista de publicaciones: muestra contenido reciente, contenido m\u00e1s visto, publicaciones populares y m\u00e1s con un widget espec\u00edfico adaptado al servicio.<\/li>\n<\/ul>\n\n\n\n<h2 class=\"wp-block-heading\" id=\"item-description__advanced-ecommerce-with-woocommerce-extended\">Comercio electr\u00f3nico mejorado con WooCommerce Extended<\/h2>\n\n\n\n<p>Ya sea que necesite algo complejo con filtros inteligentes para ayudar a los usuarios a profundizar en un cat\u00e1logo masivo de moda y accesorios, o algo simple que se vea incre\u00edblemente elegante en el m\u00f3vil, Jannah lo tiene cubierto.<\/p>\n\n\n\n<p>Dise\u00f1ado y desarrollado con WooCommerce en su n\u00facleo para que pueda aprovechar al m\u00e1ximo la compleja funcionalidad extendida que ofrece, puede estar seguro de que cada elecci\u00f3n que haga en el camino funcionar\u00e1 perfectamente, exactamente como estaba previsto.<\/p>\n\n\n\n<p>Construye tu tienda con confianza y con Jannah a tu lado.<\/p>\n\n\n\n<h2 class=\"wp-block-heading\" id=\"item-description__features-list\">Lista de caracter\u00edsticas<\/h2>\n\n\n\n<ul class=\"wp-block-list\">\n<li>Soporte de Gutenberg.<\/li>\n\n\n\n<li>Integraci\u00f3n AMP<\/li>\n\n\n\n<li>Integraci\u00f3n con WooCommerce<\/li>\n\n\n\n<li>Integraci\u00f3n de bbPress<\/li>\n\n\n\n<li>Integraci\u00f3n de BuddyPress<\/li>\n\n\n\n<li>M\u00faltiples aspectos<\/li>\n\n\n\n<li>M\u00e1s de 20 demostraciones<\/li>\n\n\n\n<li>Instalaci\u00f3n de demostraci\u00f3n con un solo clic<\/li>\n\n\n\n<li>M\u00e1s de 800 fuentes de Google<\/li>\n\n\n\n<li>M\u00e1s de 150 fuentes FontFace<\/li>\n\n\n\n<li>Dise\u00f1os de pie de p\u00e1gina ilimitados<\/li>\n\n\n\n<li>Dise\u00f1os de encabezado ilimitados<\/li>\n\n\n\n<li>Actualizaciones gratuitas de por vida<\/li>\n\n\n\n<li>Saltar al contenido<\/li>\n\n\n\n<li>M\u00faltiples dise\u00f1os de contenido<\/li>\n\n\n\n<li>Monetizaci\u00f3n<\/li>\n\n\n\n<li>Mega Men\u00fas<\/li>\n\n\n\n<li>Impresionante constructor de p\u00e1ginas<\/li>\n\n\n\n<li>Dise\u00f1o responsivo<\/li>\n\n\n\n<li>100% Compatibilidad con RTL: \u00e1rabe, hebreo, persa\/farsi, urdu<\/li>\n\n\n\n<li>Compatible con el complemento multiling\u00fce WPML<\/li>\n\n\n\n<li>Panel de traducci\u00f3n integrado<\/li>\n\n\n\n<li>Widgets meteorol\u00f3gicos animados<\/li>\n\n\n\n<li>Compatibilidad con GIF<\/li>\n\n\n\n<li>Complementos premium incluidos<\/li>\n\n\n\n<li>Dise\u00f1o de BuddyPress<\/li>\n\n\n\n<li>Widget de Instagram<\/li>\n\n\n\n<li>Listas de reproducci\u00f3n de v\u00eddeos incre\u00edbles<\/li>\n\n\n\n<li>Notificaciones web<\/li>\n\n\n\n<li>Google AdSense adaptable<\/li>\n\n\n\n<li>piel oscura<\/li>\n\n\n\n<li>Esquema de microdatos de fragmentos enriquecidos de SEO<\/li>\n\n\n\n<li>Men\u00fa de navegaci\u00f3n fijo<\/li>\n\n\n\n<li>Admite publicaciones de varias p\u00e1ginas<\/li>\n\n\n\n<li>Categor\u00edas personalizadas: logotipo, colores y fondo<\/li>\n\n\n\n<li>Barras laterales fijas<\/li>\n\n\n\n<li>Barra lateral ilimitada<\/li>\n\n\n\n<li>Navegaci\u00f3n de ruta de navegaci\u00f3n<\/li>\n\n\n\n<li>Navegaci\u00f3n m\u00f3vil personalizable fuera del lienzo<\/li>\n\n\n\n<li>B\u00fasqueda en vivo del Ajax<\/li>\n\n\n\n<li>M\u00e1s de 45 patrones de fondo preestablecidos<\/li>\n\n\n\n<li>Widgets personalizados integrados<\/li>\n\n\n\n<li>Compatible con los complementos de criptomonedas m\u00e1s populares<\/li>\n<\/ul>","protected":false},"excerpt":{"rendered":"<p>Extrae el archivo zip; dentro encontrar\u00e1s el archivo zip del tema que necesitas subir. 3 poderosas razones para elegir Jannah Online Publishing reinventado para WordPress. Jannah ofrece una nueva perspectiva del mundo de la autoedici\u00f3n en la era actual del marketing de contenidos y lo revoluciona con [\u2026]<\/p>","protected":false},"featured_media":22803,"comment_status":"open","ping_status":"closed","template":"","meta":{"_jf_limit_responses":"","iawp_total_views":131},"product_brand":[],"product_cat":[22],"product_tag":[91,49],"class_list":{"0":"post-22802","1":"product","2":"type-product","3":"status-publish","4":"has-post-thumbnail","6":"product_cat-temas-wordpress","7":"product_tag-business","8":"product_tag-starter","10":"first","11":"instock","12":"downloadable","13":"virtual","14":"purchasable","15":"product-type-simple"},"_links":{"self":[{"href":"https:\/\/packdesites.com\/es\/wp-json\/wp\/v2\/product\/22802","targetHints":{"allow":["GET"]}}],"collection":[{"href":"https:\/\/packdesites.com\/es\/wp-json\/wp\/v2\/product"}],"about":[{"href":"https:\/\/packdesites.com\/es\/wp-json\/wp\/v2\/types\/product"}],"replies":[{"embeddable":true,"href":"https:\/\/packdesites.com\/es\/wp-json\/wp\/v2\/comments?post=22802"}],"version-history":[{"count":1,"href":"https:\/\/packdesites.com\/es\/wp-json\/wp\/v2\/product\/22802\/revisions"}],"predecessor-version":[{"id":22805,"href":"https:\/\/packdesites.com\/es\/wp-json\/wp\/v2\/product\/22802\/revisions\/22805"}],"wp:featuredmedia":[{"embeddable":true,"href":"https:\/\/packdesites.com\/es\/wp-json\/wp\/v2\/media\/22803"}],"wp:attachment":[{"href":"https:\/\/packdesites.com\/es\/wp-json\/wp\/v2\/media?parent=22802"}],"wp:term":[{"taxonomy":"product_brand","embeddable":true,"href":"https:\/\/packdesites.com\/es\/wp-json\/wp\/v2\/product_brand?post=22802"},{"taxonomy":"product_cat","embeddable":true,"href":"https:\/\/packdesites.com\/es\/wp-json\/wp\/v2\/product_cat?post=22802"},{"taxonomy":"product_tag","embeddable":true,"href":"https:\/\/packdesites.com\/es\/wp-json\/wp\/v2\/product_tag?post=22802"}],"curies":[{"name":"wp","href":"https:\/\/api.w.org\/{rel}","templated":true}]}}