{"id":22736,"date":"2025-07-02T11:38:50","date_gmt":"2025-07-02T14:38:50","guid":{"rendered":"https:\/\/packdesites.com\/?post_type=product&#038;p=22736"},"modified":"2025-07-02T11:38:54","modified_gmt":"2025-07-02T14:38:54","slug":"kit-de-plantillas-de-elementor-de-quarionix-para-servicios-de-ti","status":"publish","type":"product","link":"https:\/\/packdesites.com\/es\/product\/kit-de-plantillas-de-elementor-de-quarionix-para-servicios-de-ti\/","title":{"rendered":"Quarionix \u2013 Kit de plantillas Elementor para servicios de TI"},"content":{"rendered":"<p>Quarionix es un kit de plantillas Elementor profesional, moderno y limpio, dise\u00f1ado para sitios web de servicios de TI. Creado para WordPress, se integra a la perfecci\u00f3n con Elementor, lo que te permite crear f\u00e1cilmente un sitio web profesional sin necesidad de conocimientos de programaci\u00f3n.<\/p>\n\n\n\n<p><strong>Caracter\u00edsticas:<\/strong><\/p>\n\n\n\n<ul class=\"wp-block-list\">\n<li>No se requieren actualizaciones premium<\/li>\n\n\n\n<li>Dise\u00f1o exclusivo y moderno<\/li>\n\n\n\n<li>Construido con contenedor<\/li>\n\n\n\n<li>Incluye 17 p\u00e1ginas listas para usar.<\/li>\n\n\n\n<li>Opciones de color ilimitadas<\/li>\n\n\n\n<li>Acceso a m\u00e1s de 900 fuentes listas para usar<\/li>\n\n\n\n<li>Totalmente responsivo y personalizable<\/li>\n\n\n\n<li>Compatibilidad del navegador: Chrome, Firefox, Safari, Opera.<\/li>\n<\/ul>\n\n\n\n<p><strong>Modelos incluidos:<\/strong><\/p>\n\n\n\n<ul class=\"wp-block-list\">\n<li>Estilo de tema global<\/li>\n\n\n\n<li>P\u00e1gina de inicio<\/li>\n\n\n\n<li>En<\/li>\n\n\n\n<li>Servicio<\/li>\n\n\n\n<li>Detalle del servicio<\/li>\n\n\n\n<li>Proyecto<\/li>\n\n\n\n<li>Detalle del proyecto<\/li>\n\n\n\n<li>Precios<\/li>\n\n\n\n<li>Equipo<\/li>\n\n\n\n<li>PREGUNTAS FRECUENTES<\/li>\n\n\n\n<li>Error 404<\/li>\n\n\n\n<li>Blog<\/li>\n\n\n\n<li>Publicaci\u00f3n \u00fanica<\/li>\n\n\n\n<li>Cont\u00e1ctanos<\/li>\n\n\n\n<li>encabezamiento<\/li>\n\n\n\n<li>Z\u00f3calo<\/li>\n\n\n\n<li>Formulario de contacto<\/li>\n<\/ul>\n\n\n\n<p><strong>Complementos necesarios:<\/strong><\/p>\n\n\n\n<ul class=\"wp-block-list\">\n<li>Elementor<\/li>\n\n\n\n<li>ElementsKit Lite<\/li>\n\n\n\n<li>MetForm<\/li>\n\n\n\n<li>Complemento Gum Elementor<\/li>\n\n\n\n<li>Complementos Ultimate para Elementor \u2013 Lite<\/li>\n<\/ul>\n\n\n\n<p><strong>C\u00f3mo utilizar los kits de plantillas:<\/strong>\u00a0Este no es un tema de WordPress. Los kits de plantillas contienen \u00fanicamente datos de dise\u00f1o de Elementor y se instalan mediante el plugin de WordPress de Envato Elements o directamente a trav\u00e9s de Elementor.<\/p>\n\n\n\n<p>Los kits de plantillas de Elementor utilizan el complemento Envato Elements para su instalaci\u00f3n.<\/p>\n\n\n\n<p><strong>Gu\u00eda detallada:<\/strong><\/p>\n\n\n\n<ul class=\"wp-block-list\">\n<li><a href=\"https:\/\/help.elements.envato.com\/hc\/en-us\/articles\/36032349441945-How-to-Install-Elementor-Template-Kits-With-the-Envato-Elements-Plugin-in-WordPress-for-Envato-Elements-Subscribers\" target=\"_blank\" rel=\"noopener\">https:\/\/help.elements.envato.com\/hc\/en-us\/articles\/36032349441945-How-to-Install-Elementor-Template-Kits-With-the-Envato-Elements-Plugin-in-WordPress-for-Envato-Elements-Subscribers<\/a><\/li>\n<\/ul>","protected":false},"excerpt":{"rendered":"<p>Quarionix es un kit de plantillas de Elementor profesional, moderno y limpio, dise\u00f1ado para sitios web de servicios de TI. Creado para WordPress, se integra a la perfecci\u00f3n con Elementor, lo que te permite crear f\u00e1cilmente un sitio web profesional sin necesidad de conocimientos de programaci\u00f3n. Caracter\u00edsticas: Plantillas incluidas: Plugins necesarios: C\u00f3mo usar los kits de plantillas: Este [\u2026]<\/p>","protected":false},"featured_media":22737,"comment_status":"open","ping_status":"closed","template":"","meta":{"_jf_limit_responses":"","iawp_total_views":242},"product_brand":[],"product_cat":[23,32,36,27,24],"product_tag":[91,49],"class_list":{"0":"post-22736","1":"product","2":"type-product","3":"status-publish","4":"has-post-thumbnail","6":"product_cat-templates-elementor-e-envato","7":"product_cat-agencia-de-marketing","8":"product_cat-consultoria-de-negocios","9":"product_cat-prestadores-de-servicos","10":"product_cat-templates-envato","11":"product_tag-business","12":"product_tag-starter","14":"first","15":"instock","16":"downloadable","17":"virtual","18":"purchasable","19":"product-type-simple"},"_links":{"self":[{"href":"https:\/\/packdesites.com\/es\/wp-json\/wp\/v2\/product\/22736","targetHints":{"allow":["GET"]}}],"collection":[{"href":"https:\/\/packdesites.com\/es\/wp-json\/wp\/v2\/product"}],"about":[{"href":"https:\/\/packdesites.com\/es\/wp-json\/wp\/v2\/types\/product"}],"replies":[{"embeddable":true,"href":"https:\/\/packdesites.com\/es\/wp-json\/wp\/v2\/comments?post=22736"}],"version-history":[{"count":1,"href":"https:\/\/packdesites.com\/es\/wp-json\/wp\/v2\/product\/22736\/revisions"}],"predecessor-version":[{"id":22738,"href":"https:\/\/packdesites.com\/es\/wp-json\/wp\/v2\/product\/22736\/revisions\/22738"}],"wp:featuredmedia":[{"embeddable":true,"href":"https:\/\/packdesites.com\/es\/wp-json\/wp\/v2\/media\/22737"}],"wp:attachment":[{"href":"https:\/\/packdesites.com\/es\/wp-json\/wp\/v2\/media?parent=22736"}],"wp:term":[{"taxonomy":"product_brand","embeddable":true,"href":"https:\/\/packdesites.com\/es\/wp-json\/wp\/v2\/product_brand?post=22736"},{"taxonomy":"product_cat","embeddable":true,"href":"https:\/\/packdesites.com\/es\/wp-json\/wp\/v2\/product_cat?post=22736"},{"taxonomy":"product_tag","embeddable":true,"href":"https:\/\/packdesites.com\/es\/wp-json\/wp\/v2\/product_tag?post=22736"}],"curies":[{"name":"wp","href":"https:\/\/api.w.org\/{rel}","templated":true}]}}