{"id":22733,"date":"2025-07-02T11:35:43","date_gmt":"2025-07-02T14:35:43","guid":{"rendered":"https:\/\/packdesites.com\/?post_type=product&#038;p=22733"},"modified":"2025-07-02T11:35:47","modified_gmt":"2025-07-02T14:35:47","slug":"kit-de-maquetas-de-elementos-de-energia-solar-y-ecologica-revolux","status":"publish","type":"product","link":"https:\/\/packdesites.com\/es\/product\/kit-de-maquetas-de-elementos-de-energia-solar-y-ecologica-revolux\/","title":{"rendered":"Revolux \u2013 Kit de maquetas de elementos de energ\u00eda solar y ecol\u00f3gica"},"content":{"rendered":"<p>Presentamos \u201cRevolux\u201d: \u00a1su soluci\u00f3n definitiva para energ\u00eda solar y renovable verde en el universo de WordPress!<\/p>\n\n\n\n<p>Desbloquea el potencial de tu negocio energ\u00e9tico con el Kit de Plantillas Elementor de Revolux, dise\u00f1ado para impulsar tu presencia online y mostrar tus soluciones innovadoras. Desarrollado con Elementor y WordPress, este kit de plantillas es tu puerta de entrada para crear un sitio web impactante que represente a la perfecci\u00f3n tu compromiso con un futuro sostenible a trav\u00e9s de la energ\u00eda solar y renovable.<\/p>\n\n\n\n<p>Ya sea que gestiones una empresa de instalaci\u00f3n de paneles solares, una consultora de energ\u00eda verde o un proveedor de tecnolog\u00eda renovable, Revolux se adapta a tus necesidades. Dise\u00f1adas con precisi\u00f3n, nuestras m\u00e1s de 23 plantillas se adaptan a cada aspecto de tu negocio, desde explicar tecnolog\u00edas complejas con tipograf\u00eda clara y legible hasta generar confianza en tus clientes con una p\u00e1gina de proyectos dedicada a mostrar tu trabajo.<\/p>\n\n\n\n<p>Con Revolux, puede guiar f\u00e1cilmente a sus visitantes con navegaci\u00f3n de un solo clic hasta la parte superior, garantizar una visualizaci\u00f3n fluida en cualquier dispositivo con puntos de interrupci\u00f3n optimizados para una experiencia de usuario superior y mantener una marca profesional y consistente con un sistema de dise\u00f1o orientado al dise\u00f1o. Sus clientes potenciales quedar\u00e1n cautivados por la experiencia de usuario fluida, lo que facilita m\u00e1s que nunca solicitar un presupuesto o una consulta.<\/p>\n\n\n\n<p>Aprovecha el poder de Revolux para generar credibilidad, mostrar tus proyectos exitosos e impulsar tus ventas. Impulsa tu negocio y conecta con tu p\u00fablico objetivo sin esfuerzo, aprovechando la interfaz intuitiva de Elementor y un dise\u00f1o optimizado para la generaci\u00f3n de leads para convertir a tus visitantes en clientes. Revolux: Revoluciona tu presencia din\u00e1mica. \u00a1Empieza hoy y observa c\u00f3mo tu negocio brilla!<\/p>\n\n\n\n<p><strong>Adecuado para:<\/strong><\/p>\n\n\n\n<ul class=\"wp-block-list\">\n<li>Instaladores de paneles solares residenciales<\/li>\n\n\n\n<li>Empresas de consultor\u00eda de energ\u00eda verde<\/li>\n\n\n\n<li>Empresa de estaciones de carga de veh\u00edculos el\u00e9ctricos<\/li>\n<\/ul>\n\n\n\n<p><strong>Caracter\u00edsticas:<\/strong><\/p>\n\n\n\n<ul class=\"wp-block-list\">\n<li>Dise\u00f1o \u00fanico y limpio<\/li>\n\n\n\n<li>Dise\u00f1o moderno basado en el sistema de dise\u00f1o<\/li>\n\n\n\n<li>M\u00e1s de 23 plantillas de p\u00e1ginas esenciales<\/li>\n\n\n\n<li>Muestra tu trabajo con la p\u00e1gina dedicada a nuestros trabajos<\/li>\n\n\n\n<li>Colores ilimitados<\/li>\n\n\n\n<li>M\u00e1s de 900 fuentes listas para usar<\/li>\n\n\n\n<li>Dise\u00f1o responsivo que prioriza los dispositivos m\u00f3viles<\/li>\n\n\n\n<li>Estilos de temas globales totalmente personalizables<\/li>\n\n\n\n<li>Haga clic para ir arriba<\/li>\n\n\n\n<li>Compatibilidad del navegador: Chrome, Firefox, Safari, Opera<\/li>\n<\/ul>\n\n\n\n<p><strong>Los modelos incluyen:<\/strong><\/p>\n\n\n\n<ul class=\"wp-block-list\">\n<li>Estilo de tema global<\/li>\n\n\n\n<li>Gu\u00eda de dise\u00f1o<\/li>\n\n\n\n<li>P\u00e1gina de inicio<\/li>\n\n\n\n<li>Sobre nosotros<\/li>\n\n\n\n<li>Formulario de suscripci\u00f3n al blog<\/li>\n\n\n\n<li>Formulario de socio<\/li>\n\n\n\n<li>Formulario de revisi\u00f3n<\/li>\n\n\n\n<li>Formulario de inscripci\u00f3n del equipo<\/li>\n\n\n\n<li>Cont\u00e1ctanos<\/li>\n\n\n\n<li>Dentro de poco<\/li>\n\n\n\n<li>404<\/li>\n\n\n\n<li>Publicaci\u00f3n \u00fanica<\/li>\n\n\n\n<li>Nuestro blog<\/li>\n\n\n\n<li>Premios<\/li>\n\n\n\n<li>PREGUNTAS FRECUENTES<\/li>\n\n\n\n<li>Fogonadura<\/li>\n\n\n\n<li>Carrera<\/li>\n\n\n\n<li>Estudio de caso<\/li>\n\n\n\n<li>Historias de \u00e9xito<\/li>\n\n\n\n<li>Nuestro equipo<\/li>\n\n\n\n<li>Soluciones<\/li>\n\n\n\n<li>Proyectos<\/li>\n\n\n\n<li>Formulario de contacto<\/li>\n\n\n\n<li>Formulario de inscripci\u00f3n<\/li>\n\n\n\n<li>Z\u00f3calo<\/li>\n\n\n\n<li>encabezamiento<\/li>\n<\/ul>\n\n\n\n<p><strong>Complemento necesario (incluido):<\/strong><\/p>\n\n\n\n<ul class=\"wp-block-list\">\n<li>Elementor<\/li>\n\n\n\n<li>El complemento Plus<\/li>\n\n\n\n<li>ElementsKit Lite<\/li>\n\n\n\n<li>Kit de elementos de goma de mascar<\/li>\n\n\n\n<li>Metform<\/li>\n<\/ul>\n\n\n\n<p>###&nbsp;<strong>C\u00f3mo utilizar los kits de plantillas:<\/strong><\/p>\n\n\n\n<p>Este no es un tema de WordPress. Los kits de plantillas contienen \u00fanicamente datos de dise\u00f1o de Elementor y se instalan mediante el plugin de WordPress de Envato Elements o directamente a trav\u00e9s de Elementor.<\/p>\n\n\n\n<p>Los kits de plantillas de Elementor utilizan el complemento Envato Elements para su instalaci\u00f3n.<\/p>\n\n\n\n<p><strong>Gu\u00eda detallada:<\/strong><\/p>\n\n\n\n<p><a href=\"https:\/\/help.market.envato.com\/hc\/en-us\/articles\/36033428836889-How-to-Upload-Install-Elementor-Template-Kits-from-Themeforest-to-WordPress\" target=\"_blank\" rel=\"noopener\">https:\/\/help.market.envato.com\/hc\/en-us\/articles\/36033428836889-How-to-Upload-Install-Elementor-Template-Kits-from-Themeforest-to-WordPress<\/a><\/p>\n\n\n\n<p><a href=\"https:\/\/help.elements.envato.com\/hc\/en-us\/articles\/36032349441945-How-to-Install-Elementor-Template-Kits-With-the-Envato-Elements-Plugin-in-WordPress-for-Envato-Elements-Subscribers\" target=\"_blank\" rel=\"noopener\">https:\/\/help.elements.envato.com\/hc\/en-us\/articles\/36032349441945-How-to-Install-Elementor-Template-Kits-With-the-Envato-Elements-Plugin-in-WordPress-for-Envato-Elements-Subscribers<\/a><\/p>","protected":false},"excerpt":{"rendered":"<p>Apresentando \u201cRevolux\u201d &#8211; sua solu\u00e7\u00e3o definitiva para energia renov\u00e1vel solar e verde no universo WordPress! Libere o potencial do seu neg\u00f3cio de energia com o Revolux Elementor Template Kit, projetado para elevar sua presen\u00e7a on-line e mostrar suas solu\u00e7\u00f5es inovadoras. Desenvolvido pela dupla Elementor e WordPress, este kit de templates \u00e9 o seu ingresso para [&hellip;]<\/p>","protected":false},"featured_media":22734,"comment_status":"open","ping_status":"closed","template":"","meta":{"_jf_limit_responses":"","iawp_total_views":223},"product_brand":[],"product_cat":[23,27,24],"product_tag":[91,49],"class_list":{"0":"post-22733","1":"product","2":"type-product","3":"status-publish","4":"has-post-thumbnail","6":"product_cat-templates-elementor-e-envato","7":"product_cat-prestadores-de-servicos","8":"product_cat-templates-envato","9":"product_tag-business","10":"product_tag-starter","12":"first","13":"instock","14":"downloadable","15":"virtual","16":"purchasable","17":"product-type-simple"},"_links":{"self":[{"href":"https:\/\/packdesites.com\/es\/wp-json\/wp\/v2\/product\/22733","targetHints":{"allow":["GET"]}}],"collection":[{"href":"https:\/\/packdesites.com\/es\/wp-json\/wp\/v2\/product"}],"about":[{"href":"https:\/\/packdesites.com\/es\/wp-json\/wp\/v2\/types\/product"}],"replies":[{"embeddable":true,"href":"https:\/\/packdesites.com\/es\/wp-json\/wp\/v2\/comments?post=22733"}],"version-history":[{"count":2,"href":"https:\/\/packdesites.com\/es\/wp-json\/wp\/v2\/product\/22733\/revisions"}],"predecessor-version":[{"id":22796,"href":"https:\/\/packdesites.com\/es\/wp-json\/wp\/v2\/product\/22733\/revisions\/22796"}],"wp:featuredmedia":[{"embeddable":true,"href":"https:\/\/packdesites.com\/es\/wp-json\/wp\/v2\/media\/22734"}],"wp:attachment":[{"href":"https:\/\/packdesites.com\/es\/wp-json\/wp\/v2\/media?parent=22733"}],"wp:term":[{"taxonomy":"product_brand","embeddable":true,"href":"https:\/\/packdesites.com\/es\/wp-json\/wp\/v2\/product_brand?post=22733"},{"taxonomy":"product_cat","embeddable":true,"href":"https:\/\/packdesites.com\/es\/wp-json\/wp\/v2\/product_cat?post=22733"},{"taxonomy":"product_tag","embeddable":true,"href":"https:\/\/packdesites.com\/es\/wp-json\/wp\/v2\/product_tag?post=22733"}],"curies":[{"name":"wp","href":"https:\/\/api.w.org\/{rel}","templated":true}]}}