{"id":22730,"date":"2025-07-02T11:31:57","date_gmt":"2025-07-02T14:31:57","guid":{"rendered":"https:\/\/packdesites.com\/?post_type=product&#038;p=22730"},"modified":"2025-08-23T16:03:59","modified_gmt":"2025-08-23T19:03:59","slug":"kit-de-plantillas-de-alojamiento-web-para-netnova-elementor","status":"publish","type":"product","link":"https:\/\/packdesites.com\/es\/product\/kit-de-plantillas-de-alojamiento-web-para-netnova-elementor\/","title":{"rendered":"NetNova \u2013 Kit de plantillas para alojamiento web con Elementor"},"content":{"rendered":"<p>NetNova es un kit de plantillas premium de Elementor dise\u00f1ado para empresas de hosting web, registradores de dominios y proveedores de servicios de TI. Con un dise\u00f1o elegante y moderno, este kit ofrece todo lo necesario para crear f\u00e1cilmente un sitio web de hosting responsivo y de alto rendimiento.<\/p>\n\n\n\n<p>Dise\u00f1ado para mostrar paquetes de hosting, servicios en la nube, herramientas de dominio y testimonios de clientes, Netnova incluye plantillas profesionales y componentes de interfaz de usuario flexibles, adaptados a la industria del hosting. Con secciones para tablas de precios, comparativas de servicios, contenido de soporte y m\u00e1s, este kit garantiza una configuraci\u00f3n sencilla y una s\u00f3lida presencia de marca.<\/p>\n\n\n\n<p>Netnova se cre\u00f3 con c\u00f3digo ligero, buenas pr\u00e1cticas de SEO y compatibilidad con dispositivos m\u00f3viles, ofreciendo una experiencia fluida en todos los dispositivos. Gracias al constructor intuitivo de Elementor, personalizar tu sitio web es r\u00e1pido y sencillo.<\/p>\n\n\n\n<p>Nota: Este no es un tema de WordPress. Los kits de plantillas incluyen contenido de p\u00e1gina para el constructor de p\u00e1ginas Elementor. Este kit est\u00e1 optimizado para el tema gratuito Hello Elementor, pero funciona bien con la mayor\u00eda de los temas compatibles con Elementor.<\/p>\n\n\n\n<p><strong>Caracter\u00edsticas<\/strong><\/p>\n\n\n\n<ul class=\"wp-block-list\">\n<li>Personalizaci\u00f3n real sin c\u00f3digo con un generador visual de arrastrar y soltar<\/li>\n\n\n\n<li>Personalice fuentes y colores en un solo lugar o ajuste elementos individuales<\/li>\n\n\n\n<li>Dise\u00f1o moderno y profesional.<\/li>\n\n\n\n<li>Carga r\u00e1pida<\/li>\n\n\n\n<li>Funciona con la mayor\u00eda de los temas de Elementor.<\/li>\n<\/ul>\n\n\n\n<p><strong>Los modelos incluidos<\/strong><\/p>\n\n\n\n<ul class=\"wp-block-list\">\n<li>03 Estilos de p\u00e1gina de inicio<\/li>\n\n\n\n<li>02 estilos de encabezado<\/li>\n\n\n\n<li>02 estilos de pie de p\u00e1gina<\/li>\n\n\n\n<li>Estilo de p\u00e1gina compartida<\/li>\n\n\n\n<li>Estilo de p\u00e1gina del revendedor<\/li>\n\n\n\n<li>Estilo de p\u00e1gina dedicado<\/li>\n\n\n\n<li>Estilo de p\u00e1gina VPS<\/li>\n\n\n\n<li>Sobre nosotros<\/li>\n\n\n\n<li>Servicios<\/li>\n\n\n\n<li>P\u00e1gina de precios<\/li>\n\n\n\n<li>P\u00e1gina de preguntas frecuentes<\/li>\n\n\n\n<li>P\u00e1gina del blog<\/li>\n\n\n\n<li>P\u00e1gina \u00fanica<\/li>\n\n\n\n<li>Dentro de poco<\/li>\n\n\n\n<li>P\u00e1gina 404<\/li>\n\n\n\n<li>P\u00e1gina de contacto<\/li>\n<\/ul>\n\n\n\n<p><strong>Complementos necesarios instalados con el kit<\/strong><\/p>\n\n\n\n<ul class=\"wp-block-list\">\n<li>Elementor<\/li>\n\n\n\n<li>Elementos WHMCS de Elementor<\/li>\n\n\n\n<li>Kit de elementos Elementor<\/li>\n\n\n\n<li>MetForm<\/li>\n<\/ul>\n\n\n\n<p><strong>C\u00f3mo utilizar los kits de plantillas:<\/strong> Este no es un tema de WordPress. Los kits de plantillas contienen \u00fanicamente datos de dise\u00f1o de Elementor y se instalan mediante el plugin de WordPress de Envato Elements o directamente a trav\u00e9s de Elementor.<\/p>\n\n\n\n<p>Los kits de plantillas de Elementor utilizan el complemento Envato Elements para su instalaci\u00f3n.<\/p>\n\n\n\n<p>Gu\u00eda detallada:<\/p>\n\n\n\n<ul class=\"wp-block-list\">\n<li><a href=\"https:\/\/help.elements.envato.com\/hc\/en-us\/articles\/36032349441945-How-to-Install-Elementor-Template-Kits-With-the-Envato-Elements-Plugin-in-WordPress-for-Envato-Elements-Subscribers\" target=\"_blank\" rel=\"noopener\">https:\/\/help.elements.envato.com\/hc\/en-us\/articles\/36032349441945-How-to-Install-Elementor-Template-Kits-With-the-Envato-Elements-Plugin-in-WordPress-for-Envato-Elements-Subscribers<\/a><\/li>\n<\/ul>","protected":false},"excerpt":{"rendered":"<p>NetNova es un kit de plantillas premium de Elementor dise\u00f1ado para empresas de alojamiento web, registradores de dominios y proveedores de servicios de TI. Con un dise\u00f1o elegante y moderno, este kit ofrece todo lo necesario para crear f\u00e1cilmente un sitio web de alojamiento web responsivo y de alto rendimiento. Creado para destacar [\u2026]<\/p>","protected":false},"featured_media":22731,"comment_status":"open","ping_status":"closed","template":"","meta":{"_jf_limit_responses":"","iawp_total_views":189},"product_brand":[],"product_cat":[23,39,27,24],"product_tag":[91,49],"class_list":{"0":"post-22730","1":"product","2":"type-product","3":"status-publish","4":"has-post-thumbnail","6":"product_cat-templates-elementor-e-envato","7":"product_cat-internet-e-iptv","8":"product_cat-prestadores-de-servicos","9":"product_cat-templates-envato","10":"product_tag-business","11":"product_tag-starter","13":"first","14":"instock","15":"downloadable","16":"virtual","17":"purchasable","18":"product-type-simple"},"_links":{"self":[{"href":"https:\/\/packdesites.com\/es\/wp-json\/wp\/v2\/product\/22730","targetHints":{"allow":["GET"]}}],"collection":[{"href":"https:\/\/packdesites.com\/es\/wp-json\/wp\/v2\/product"}],"about":[{"href":"https:\/\/packdesites.com\/es\/wp-json\/wp\/v2\/types\/product"}],"replies":[{"embeddable":true,"href":"https:\/\/packdesites.com\/es\/wp-json\/wp\/v2\/comments?post=22730"}],"version-history":[{"count":1,"href":"https:\/\/packdesites.com\/es\/wp-json\/wp\/v2\/product\/22730\/revisions"}],"predecessor-version":[{"id":22732,"href":"https:\/\/packdesites.com\/es\/wp-json\/wp\/v2\/product\/22730\/revisions\/22732"}],"wp:featuredmedia":[{"embeddable":true,"href":"https:\/\/packdesites.com\/es\/wp-json\/wp\/v2\/media\/22731"}],"wp:attachment":[{"href":"https:\/\/packdesites.com\/es\/wp-json\/wp\/v2\/media?parent=22730"}],"wp:term":[{"taxonomy":"product_brand","embeddable":true,"href":"https:\/\/packdesites.com\/es\/wp-json\/wp\/v2\/product_brand?post=22730"},{"taxonomy":"product_cat","embeddable":true,"href":"https:\/\/packdesites.com\/es\/wp-json\/wp\/v2\/product_cat?post=22730"},{"taxonomy":"product_tag","embeddable":true,"href":"https:\/\/packdesites.com\/es\/wp-json\/wp\/v2\/product_tag?post=22730"}],"curies":[{"name":"wp","href":"https:\/\/api.w.org\/{rel}","templated":true}]}}