{"id":22704,"date":"2025-06-30T12:37:02","date_gmt":"2025-06-30T15:37:02","guid":{"rendered":"https:\/\/packdesites.com\/?post_type=product&#038;p=22704"},"modified":"2025-06-30T12:37:07","modified_gmt":"2025-06-30T15:37:07","slug":"sistema-de-suscripcion-completo-y-areas-de-miembros-para-wordpress","status":"publish","type":"product","link":"https:\/\/packdesites.com\/es\/product\/sistema-de-suscripcion-completo-y-areas-de-miembros-para-wordpress\/","title":{"rendered":"Ultimate Membership Pro: Sistema completo de membres\u00eda y \u00e1reas de membres\u00eda para WordPress"},"content":{"rendered":"<p><strong>Membres\u00eda Ultimate Pro<\/strong> Es uno de los plugins m\u00e1s completos y populares para crear \u00e1reas de membres\u00eda en WordPress, con planes gratuitos o de pago, control de acceso a contenido exclusivo e integraci\u00f3n con las principales pasarelas de pago. Perfecto para creadores de cursos, comunidades privadas, clubes de suscripci\u00f3n y sitios con contenido premium.<\/p>\n\n\n\n<p>Con soporte para m\u00faltiples niveles de suscripci\u00f3n, integraciones avanzadas y protecci\u00f3n para cualquier tipo de contenido, le brinda flexibilidad completa para monetizar su sitio de forma recurrente o \u00fanica.<\/p>\n\n\n\n<h3 class=\"wp-block-heading\">\u2705 Caracter\u00edsticas principales<\/h3>\n\n\n\n<ul class=\"wp-block-list\">\n<li>Creaci\u00f3n de niveles de suscripci\u00f3n ilimitados: gratuitos, de pago o recurrentes<\/li>\n\n\n\n<li>Protecci\u00f3n de p\u00e1ginas, publicaciones, men\u00fas, secciones del sitio web o contenido parcial (c\u00f3digos cortos)<\/li>\n\n\n\n<li>Redirecci\u00f3n de contenido para no miembros<\/li>\n\n\n\n<li>Planes de acceso con duraci\u00f3n definida, de por vida o con renovaci\u00f3n autom\u00e1tica<\/li>\n\n\n\n<li>Registro personalizado e inicio de sesi\u00f3n con campos personalizados<\/li>\n\n\n\n<li>\u00c1rea de usuario exclusiva con panel de control<\/li>\n\n\n\n<li>Correos electr\u00f3nicos automatizados de bienvenida, renovaci\u00f3n, vencimiento, etc.<\/li>\n<\/ul>\n\n\n\n<h3 class=\"wp-block-heading\">\ud83d\udcb3 Integraci\u00f3n con pasarelas de pago<\/h3>\n\n\n\n<ul class=\"wp-block-list\">\n<li>PayPal<\/li>\n\n\n\n<li>Raya<\/li>\n\n\n\n<li>Autorizar.net<\/li>\n\n\n\n<li>2Pago<\/li>\n\n\n\n<li>Braintree<\/li>\n\n\n\n<li>Pagos \u00fanicos y suscripciones recurrentes<\/li>\n<\/ul>\n\n\n\n<h3 class=\"wp-block-heading\">\ud83d\udce9 Integraciones con plataformas de correo electr\u00f3nico<\/h3>\n\n\n\n<ul class=\"wp-block-list\">\n<li>Mailchimp<\/li>\n\n\n\n<li>AWeber<\/li>\n\n\n\n<li>Obtener respuesta<\/li>\n\n\n\n<li>Monitor de campa\u00f1a<\/li>\n\n\n\n<li>MyMail, MailPoet y m\u00e1s<\/li>\n<\/ul>\n\n\n\n<h3 class=\"wp-block-heading\">\ud83d\udd10 Control de acceso total<\/h3>\n\n\n\n<ul class=\"wp-block-list\">\n<li>Contenido protegido por fecha, categor\u00eda, etiqueta o tipo de usuario<\/li>\n\n\n\n<li>Contenido por goteo: publicaci\u00f3n programada de contenido seg\u00fan el tiempo de suscripci\u00f3n<\/li>\n\n\n\n<li>Bloquear el acceso mediante c\u00f3digos cortos o bloques en el editor<\/li>\n<\/ul>\n\n\n\n<h3 class=\"wp-block-heading\">\ud83d\udcc8 Recursos adicionales<\/h3>\n\n\n\n<ul class=\"wp-block-list\">\n<li>C\u00f3digos de cup\u00f3n y descuentos para nuevos miembros<\/li>\n\n\n\n<li>Inicio de sesi\u00f3n social (Facebook, Twitter, Google, LinkedIn)<\/li>\n\n\n\n<li>Exportaci\u00f3n de usuarios e informes<\/li>\n\n\n\n<li>Multiling\u00fce y compatible con WPML<\/li>\n<\/ul>\n\n\n\n<p><strong>Membres\u00eda Ultimate Pro<\/strong> Es ideal para transformar tu sitio web WordPress en una plataforma de contenido exclusiva, con control total sobre miembros, pagos y automatizaci\u00f3n de acceso.<\/p>","protected":false},"excerpt":{"rendered":"<p>Ultimate Membership Pro \u00e9 um dos plugins mais completos e populares para criar \u00e1reas de membros no WordPress com planos gratuitos ou pagos, controle de acesso a conte\u00fado exclusivo e integra\u00e7\u00e3o com os principais gateways de pagamento. Perfeito para criadores de cursos, comunidades privadas, clubes de assinatura, e sites com conte\u00fado premium. Com suporte a [&hellip;]<\/p>","protected":false},"featured_media":22705,"comment_status":"open","ping_status":"closed","template":"","meta":{"_jf_limit_responses":"","iawp_total_views":163},"product_brand":[],"product_cat":[41],"product_tag":[91],"class_list":{"0":"post-22704","1":"product","2":"type-product","3":"status-publish","4":"has-post-thumbnail","6":"product_cat-plugins","7":"product_tag-business","9":"first","10":"instock","11":"downloadable","12":"virtual","13":"purchasable","14":"product-type-simple"},"_links":{"self":[{"href":"https:\/\/packdesites.com\/es\/wp-json\/wp\/v2\/product\/22704","targetHints":{"allow":["GET"]}}],"collection":[{"href":"https:\/\/packdesites.com\/es\/wp-json\/wp\/v2\/product"}],"about":[{"href":"https:\/\/packdesites.com\/es\/wp-json\/wp\/v2\/types\/product"}],"replies":[{"embeddable":true,"href":"https:\/\/packdesites.com\/es\/wp-json\/wp\/v2\/comments?post=22704"}],"version-history":[{"count":1,"href":"https:\/\/packdesites.com\/es\/wp-json\/wp\/v2\/product\/22704\/revisions"}],"predecessor-version":[{"id":22707,"href":"https:\/\/packdesites.com\/es\/wp-json\/wp\/v2\/product\/22704\/revisions\/22707"}],"wp:featuredmedia":[{"embeddable":true,"href":"https:\/\/packdesites.com\/es\/wp-json\/wp\/v2\/media\/22705"}],"wp:attachment":[{"href":"https:\/\/packdesites.com\/es\/wp-json\/wp\/v2\/media?parent=22704"}],"wp:term":[{"taxonomy":"product_brand","embeddable":true,"href":"https:\/\/packdesites.com\/es\/wp-json\/wp\/v2\/product_brand?post=22704"},{"taxonomy":"product_cat","embeddable":true,"href":"https:\/\/packdesites.com\/es\/wp-json\/wp\/v2\/product_cat?post=22704"},{"taxonomy":"product_tag","embeddable":true,"href":"https:\/\/packdesites.com\/es\/wp-json\/wp\/v2\/product_tag?post=22704"}],"curies":[{"name":"wp","href":"https:\/\/api.w.org\/{rel}","templated":true}]}}