{"id":22635,"date":"2025-06-23T21:41:46","date_gmt":"2025-06-24T00:41:46","guid":{"rendered":"https:\/\/packdesites.com\/?post_type=product&#038;p=22635"},"modified":"2025-06-23T21:41:50","modified_gmt":"2025-06-24T00:41:50","slug":"kit-de-plantillas-de-electrodomesticos-para-elementor-tienda-de-electronica-y-woocommerce","status":"publish","type":"product","link":"https:\/\/packdesites.com\/es\/product\/kit-de-plantillas-de-electrodomesticos-para-elementor-tienda-de-electronica-y-woocommerce\/","title":{"rendered":"ElectroDeals \u2013 Kit de plantillas Elementor para tienda de electr\u00f3nica WooCommerce"},"content":{"rendered":"<p>ElectroDeals es un kit de plantillas Elementor Pro para WooCommerce. Este kit te ayudar\u00e1 a crear cualquier sitio web de tiendas de electr\u00f3nica. Tambi\u00e9n puedes usarlo para cualquier tienda online que use WooCommerce + Elementor, e incluso puedes vender f\u00e1cilmente dispositivos electr\u00f3nicos, gadgets, laptops, computadoras o cualquier producto electr\u00f3nico. Incluye m\u00e1s de 12 plantillas predise\u00f1adas con un dise\u00f1o limpio y un estilo moderno.<\/p>\n\n\n\n<p>Ahorra tiempo creando un sitio web de comercio electr\u00f3nico con este kit de plantillas de Elementor. Con Elementor Page Builder, puedes editarlo o personalizarlo f\u00e1cilmente, sin necesidad de programar, solo arrastra y suelta.<\/p>\n\n\n\n<p>Los kits de plantillas de Elementor contienen contenido para el constructor de p\u00e1ginas de Elementor. Este kit est\u00e1 optimizado para usarse con el tema gratuito Hello Elementor, pero es compatible con la mayor\u00eda de los temas compatibles con Elementor.<\/p>\n\n\n\n<p><strong>Caracter\u00edsticas del dise\u00f1o:<\/strong><\/p>\n\n\n\n<ul class=\"wp-block-list\">\n<li>Dise\u00f1o moderno y profesional.<\/li>\n\n\n\n<li>Desarrollado por Elementor Pro + WooCommerce<\/li>\n\n\n\n<li>100% Responsivo y compatible con dispositivos m\u00f3viles<\/li>\n\n\n\n<li>M\u00e1s de 12 plantillas predise\u00f1adas<\/li>\n\n\n\n<li>F\u00e1cil de personalizar<\/li>\n\n\n\n<li>Kit de plantillas creado con el tema Hello Elementor<\/li>\n<\/ul>\n\n\n\n<p><strong>Qu\u00e9 incluye el Zip:<\/strong><\/p>\n\n\n\n<ul class=\"wp-block-list\">\n<li>P\u00e1gina de inicio<\/li>\n\n\n\n<li>Sobre nosotros<\/li>\n\n\n\n<li>Cont\u00e1ctenos<\/li>\n\n\n\n<li>Archivado<\/li>\n\n\n\n<li>Carro<\/li>\n\n\n\n<li>Verificar<\/li>\n\n\n\n<li>Error 404<\/li>\n\n\n\n<li>Mi cuenta<\/li>\n\n\n\n<li>Resumen del pedido<\/li>\n\n\n\n<li>Almacenar<\/li>\n\n\n\n<li>Publicaci\u00f3n \u00fanica<\/li>\n\n\n\n<li>Producto \u00fanico<\/li>\n\n\n\n<li>Centro de ayuda<\/li>\n\n\n\n<li>P\u00e1gina de inicio de sesi\u00f3n<\/li>\n\n\n\n<li>Equipo<\/li>\n\n\n\n<li>Estilo global<\/li>\n\n\n\n<li>Encabezamiento<\/li>\n\n\n\n<li>Z\u00f3calo<\/li>\n<\/ul>\n\n\n\n<p><strong>C\u00f3mo utilizar los kits de plantillas:<\/strong><\/p>\n\n\n\n<ol class=\"wp-block-list\">\n<li>Instalar y activar el complemento \u201cEnvato Elements\u201d en Complementos &gt; Agregar nuevo en WordPress<\/li>\n\n\n\n<li>Descargue el archivo del kit y no lo descomprima<\/li>\n\n\n\n<li>Vaya a Elementos &gt; Kits instalados y haga clic en el bot\u00f3n Cargar kit de plantillas. Tambi\u00e9n puede importar autom\u00e1ticamente haciendo clic en Conectar cuenta para vincular su suscripci\u00f3n a Elementos y luego importando en Elementos &gt; Kits de plantillas.<\/li>\n\n\n\n<li>Verifique el banner naranja en la parte superior y haga clic en Requisitos de instalaci\u00f3n para cargar los complementos que utiliza el kit.<\/li>\n\n\n\n<li>Primero haga clic en importar en Estilos del kit global<\/li>\n\n\n\n<li>Haz clic en Importar una plantilla a la vez. Se almacenan en Elementor, en Plantillas &gt; Plantillas guardadas.<\/li>\n\n\n\n<li>Vaya a P\u00e1ginas y cree una nueva p\u00e1gina y haga clic en Editar con Elementor<\/li>\n\n\n\n<li>Haga clic en el \u00edcono de engranaje en la parte inferior izquierda del generador para ver la configuraci\u00f3n de la p\u00e1gina y elija Elementor Ancho completo y oculte el t\u00edtulo de la p\u00e1gina.<\/li>\n\n\n\n<li>Haga clic en el icono de la carpeta gris para acceder a la pesta\u00f1a Mis plantillas, luego importe la p\u00e1gina que desea personalizar.<\/li>\n<\/ol>\n\n\n\n<p>Si tienes Elementor Pro, los encabezados y pies de p\u00e1gina se pueden personalizar en el Generador de temas.<\/p>","protected":false},"excerpt":{"rendered":"<p>ElectroDeals \u00e9 Elementor Pro Template Kit para WooCommerce. Este template kit ajudar\u00e1 voc\u00ea a criar qualquer site relacionado \u00e0 loja eletr\u00f4nico. Voc\u00ea tamb\u00e9m pode usar este template kit elementor para qualquer loja de sites usando WooCommerce+Elementor, mesmo que voc\u00ea possa vender facilmente dispositivo eletr\u00f4nico, gadget, laptop, computador ou qualquer produto eletr\u00f4nico com este template kit [&hellip;]<\/p>","protected":false},"featured_media":22636,"comment_status":"open","ping_status":"closed","template":"","meta":{"_jf_limit_responses":"","iawp_total_views":256},"product_brand":[],"product_cat":[23,26,24],"product_tag":[91],"class_list":{"0":"post-22635","1":"product","2":"type-product","3":"status-publish","4":"has-post-thumbnail","6":"product_cat-templates-elementor-e-envato","7":"product_cat-lojas-virtuais","8":"product_cat-templates-envato","9":"product_tag-business","11":"first","12":"instock","13":"downloadable","14":"virtual","15":"purchasable","16":"product-type-simple"},"_links":{"self":[{"href":"https:\/\/packdesites.com\/es\/wp-json\/wp\/v2\/product\/22635","targetHints":{"allow":["GET"]}}],"collection":[{"href":"https:\/\/packdesites.com\/es\/wp-json\/wp\/v2\/product"}],"about":[{"href":"https:\/\/packdesites.com\/es\/wp-json\/wp\/v2\/types\/product"}],"replies":[{"embeddable":true,"href":"https:\/\/packdesites.com\/es\/wp-json\/wp\/v2\/comments?post=22635"}],"version-history":[{"count":1,"href":"https:\/\/packdesites.com\/es\/wp-json\/wp\/v2\/product\/22635\/revisions"}],"predecessor-version":[{"id":22637,"href":"https:\/\/packdesites.com\/es\/wp-json\/wp\/v2\/product\/22635\/revisions\/22637"}],"wp:featuredmedia":[{"embeddable":true,"href":"https:\/\/packdesites.com\/es\/wp-json\/wp\/v2\/media\/22636"}],"wp:attachment":[{"href":"https:\/\/packdesites.com\/es\/wp-json\/wp\/v2\/media?parent=22635"}],"wp:term":[{"taxonomy":"product_brand","embeddable":true,"href":"https:\/\/packdesites.com\/es\/wp-json\/wp\/v2\/product_brand?post=22635"},{"taxonomy":"product_cat","embeddable":true,"href":"https:\/\/packdesites.com\/es\/wp-json\/wp\/v2\/product_cat?post=22635"},{"taxonomy":"product_tag","embeddable":true,"href":"https:\/\/packdesites.com\/es\/wp-json\/wp\/v2\/product_tag?post=22635"}],"curies":[{"name":"wp","href":"https:\/\/api.w.org\/{rel}","templated":true}]}}