{"id":22626,"date":"2025-06-23T11:56:28","date_gmt":"2025-06-23T14:56:28","guid":{"rendered":"https:\/\/packdesites.com\/?post_type=product&#038;p=22626"},"modified":"2026-02-09T17:08:13","modified_gmt":"2026-02-09T20:08:13","slug":"plugin-de-programacion-y-reservas-profesional-de-latepoint-para-complementos-del-panel-de-wordpress","status":"publish","type":"product","link":"https:\/\/packdesites.com\/es\/product\/plugin-de-programacion-y-reservas-profesional-de-latepoint-para-complementos-del-panel-de-wordpress\/","title":{"rendered":"LatePoint \u2013 Plugin profesional de citas y reservas para WordPress + Panel de control + Complementos"},"content":{"rendered":"<p>Vaya m\u00e1s all\u00e1 de los l\u00edmites de las formas est\u00e1ticas y ofrezca un sistema de <strong>programaci\u00f3n profesional en l\u00ednea<\/strong> Con un dise\u00f1o moderno y una usabilidad intuitiva. El <strong>Punto tard\u00edo<\/strong> facilita la programaci\u00f3n para usted, sus clientes y agentes, todo directamente en su sitio web de WordPress.<\/p>\n\n\n\n<h3 class=\"wp-block-heading\">\ud83d\ude80 Beneficios principales<\/h3>\n\n\n\n<ul class=\"wp-block-list\">\n<li><strong>Interfaz f\u00e1cil de usar y responsiva<\/strong>:Aspecto limpio y profesional para computadoras de escritorio, tabletas y dispositivos m\u00f3viles.<\/li>\n\n\n\n<li><strong>Paneles separados<\/strong> Para administradores, agentes y clientes, permitiendo un control total sobre horarios, servicios y datos.<\/li>\n\n\n\n<li><strong>Configuraci\u00f3n r\u00e1pida mediante asistente<\/strong> en s\u00f3lo 3 pasos: a\u00f1ade servicios, establece horarios e integra el sistema a tu sitio web.<\/li>\n\n\n\n<li><strong>Notificaciones y recordatorios autom\u00e1ticos<\/strong> v\u00eda SMS y correo electr\u00f3nico con Twilio u otros servicios, reduciendo las ausencias programadas.<\/li>\n\n\n\n<li><strong>Integraci\u00f3n del calendario<\/strong> (Google Calendar bidireccional, Meet\/Zoom), permitiendo una eficiente sincronizaci\u00f3n de citas.<\/li>\n\n\n\n<li><strong>Aceptar pagos en l\u00ednea<\/strong> con pasarelas como Stripe, PayPal, Square, Razorpay, Mercado Pago y Braintree.<\/li>\n\n\n\n<li><strong>Extensible con complementos<\/strong>:Chat en vivo, grupos, impuestos, cupones, campos personalizados y m\u00e1s, todo incluido en los planes premium.<\/li>\n\n\n\n<li><strong>Alto rendimiento y seguridad<\/strong>:C\u00f3digo ligero, modular y optimizado, sin sobrecargar tu sitio web.<\/li>\n<\/ul>\n\n\n\n<h3 class=\"wp-block-heading\">\ud83c\udfaf Funciones avanzadas<\/h3>\n\n\n\n<figure class=\"wp-block-table\"><table class=\"has-fixed-layout\"><thead><tr><th>Funci\u00f3n<\/th><th>Descripci\u00f3n<\/th><\/tr><\/thead><tbody><tr><td>Gesti\u00f3n de agentes<\/td><td>Cada empleado tiene su propio panel para controlar la disponibilidad y los servicios.<\/td><\/tr><tr><td>Programaci\u00f3n de agentes<\/td><td>Los visitantes eligen agentes, horarios y pagos en un flujo continuo<\/td><\/tr><tr><td>Panel anal\u00edtico<\/td><td>Ver informes sobre ingresos, servicio, clientes y rendimiento por agente<\/td><\/tr><tr><td>Reserva mediante c\u00f3digo corto<\/td><td>Insertar formularios de reserva en cualquier p\u00e1gina con bloques o c\u00f3digos cortos<\/td><\/tr><tr><td>Cuenta de cliente<\/td><td>Permite cancelaci\u00f3n, reprogramaci\u00f3n y acceso al historial de citas.<\/td><\/tr><tr><td>Complementos sofisticados<\/td><td>Chat interno, cupones, programaci\u00f3n de grupos, env\u00edo de archivos, etc.<\/td><\/tr><tr><td>Flexibilidad por funci\u00f3n<\/td><td>Establecer permisos por rol (agente, administrador, cliente)<\/td><\/tr><\/tbody><\/table><\/figure>\n\n\n\n<h3 class=\"wp-block-heading\">\u2705 \u00bfPor qu\u00e9 usarlo en tu sitio web?<\/h3>\n\n\n\n<ul class=\"wp-block-list\">\n<li>Ideal para <strong>Salones, cl\u00ednicas, oficinas, estudios, gimnasios y aut\u00f3nomos.<\/strong> que ofrecen servicios con una agenda.<\/li>\n\n\n\n<li>Herramienta <strong>completo y unificado<\/strong>, sin necesidad de costosos complementos adicionales.<\/li>\n\n\n\n<li><strong>Equipo de soporte activo<\/strong>, amplia documentaci\u00f3n, tutoriales en v\u00eddeo e integraci\u00f3n con Discord.<\/li>\n\n\n\n<li>Utilizado en m\u00e1s de <strong>21.000 sitios web<\/strong>, con m\u00e1s de 1300 rese\u00f1as de 5\u2605 y m\u00e1s de 12 a\u00f1os de experiencia en la empresa.<\/li>\n<\/ul>","protected":false},"excerpt":{"rendered":"<p>Supera las limitaciones de los formularios est\u00e1ticos y ofrece un sistema de programaci\u00f3n en l\u00ednea profesional con un dise\u00f1o moderno y una usabilidad intuitiva. LatePoint facilita la gesti\u00f3n de horarios para ti, tus clientes y agentes, todo directamente en tu sitio web de WordPress. \ud83d\ude80 Beneficios clave \ud83c\udfaf Funciones avanzadas Descripci\u00f3n de la funci\u00f3n Gesti\u00f3n de agentes Cada empleado tiene un panel de control [\u2026]<\/p>","protected":false},"featured_media":22627,"comment_status":"open","ping_status":"closed","template":"","meta":{"_jf_limit_responses":"","iawp_total_views":149},"product_brand":[],"product_cat":[41],"product_tag":[91],"class_list":{"0":"post-22626","1":"product","2":"type-product","3":"status-publish","4":"has-post-thumbnail","6":"product_cat-plugins","7":"product_tag-business","9":"first","10":"instock","11":"downloadable","12":"virtual","13":"purchasable","14":"product-type-simple"},"_links":{"self":[{"href":"https:\/\/packdesites.com\/es\/wp-json\/wp\/v2\/product\/22626","targetHints":{"allow":["GET"]}}],"collection":[{"href":"https:\/\/packdesites.com\/es\/wp-json\/wp\/v2\/product"}],"about":[{"href":"https:\/\/packdesites.com\/es\/wp-json\/wp\/v2\/types\/product"}],"replies":[{"embeddable":true,"href":"https:\/\/packdesites.com\/es\/wp-json\/wp\/v2\/comments?post=22626"}],"version-history":[{"count":1,"href":"https:\/\/packdesites.com\/es\/wp-json\/wp\/v2\/product\/22626\/revisions"}],"predecessor-version":[{"id":22628,"href":"https:\/\/packdesites.com\/es\/wp-json\/wp\/v2\/product\/22626\/revisions\/22628"}],"wp:featuredmedia":[{"embeddable":true,"href":"https:\/\/packdesites.com\/es\/wp-json\/wp\/v2\/media\/22627"}],"wp:attachment":[{"href":"https:\/\/packdesites.com\/es\/wp-json\/wp\/v2\/media?parent=22626"}],"wp:term":[{"taxonomy":"product_brand","embeddable":true,"href":"https:\/\/packdesites.com\/es\/wp-json\/wp\/v2\/product_brand?post=22626"},{"taxonomy":"product_cat","embeddable":true,"href":"https:\/\/packdesites.com\/es\/wp-json\/wp\/v2\/product_cat?post=22626"},{"taxonomy":"product_tag","embeddable":true,"href":"https:\/\/packdesites.com\/es\/wp-json\/wp\/v2\/product_tag?post=22626"}],"curies":[{"name":"wp","href":"https:\/\/api.w.org\/{rel}","templated":true}]}}