{"id":22623,"date":"2025-06-23T11:50:19","date_gmt":"2025-06-23T14:50:19","guid":{"rendered":"https:\/\/packdesites.com\/?post_type=product&#038;p=22623"},"modified":"2025-07-23T11:05:24","modified_gmt":"2025-07-23T14:05:24","slug":"biblioteca-avanzada-de-widgets-y-plantillas-de-complementos-premium-pro","status":"publish","type":"product","link":"https:\/\/packdesites.com\/es\/product\/biblioteca-avanzada-de-widgets-y-plantillas-de-complementos-premium-pro\/","title":{"rendered":"Complementos Premium PRO: Biblioteca avanzada de widgets y plantillas"},"content":{"rendered":"<p>Transforme su sitio web de WordPress con <strong>Complementos Premium Pro para Elementor<\/strong>, un potente complemento que agrega <strong>M\u00e1s de 90 widgets personalizables<\/strong>, <strong>m\u00f3dulos globales flexibles<\/strong> y <strong>M\u00e1s de 580 plantillas listas para usar<\/strong> para acelerar la creaci\u00f3n de p\u00e1ginas sin programaci\u00f3n.<\/p>\n\n\n\n<h3 class=\"wp-block-heading\">\ud83c\udfaf Beneficios clave<\/h3>\n\n\n\n<ul class=\"wp-block-list\">\n<li><strong>Alta productividad<\/strong>:biblioteca con m\u00e1s de 550 secciones y dise\u00f1os, lista para usar con un solo clic.<\/li>\n\n\n\n<li><strong>Rendimiento optimizado<\/strong>:El enfoque modular le permite activar solo los m\u00f3dulos necesarios, manteniendo el sitio liviano<\/li>\n\n\n\n<li><strong>Dise\u00f1o responsivo<\/strong>:Todos los widgets son compatibles con dispositivos m\u00f3viles, computadoras de escritorio y tabletas, probados en m\u00faltiples navegadores.<\/li>\n<\/ul>\n\n\n\n<h3 class=\"wp-block-heading\">\u2728 Recursos destacados<\/h3>\n\n\n\n<ul class=\"wp-block-list\">\n<li><strong>Men\u00fa Mega de Navegaci\u00f3n<\/strong> y <strong>Men\u00fa de navegaci\u00f3n m\u00f3vil<\/strong>:Cree men\u00fas avanzados y responsivos con facilidad.<\/li>\n\n\n\n<li><strong>Widget de b\u00fasqueda AJAX<\/strong>:formulario de b\u00fasqueda inteligente, con paginaci\u00f3n y m\u00e1scaras personalizables.<\/li>\n\n\n\n<li><strong>Divisor de formas animado<\/strong>, <strong>Efectos de vidrio l\u00edquido<\/strong>, <strong>Animaciones de Lottie<\/strong>:Mejore su dise\u00f1o con efectos visuales modernos.<\/li>\n\n\n\n<li><strong>Widgets de minicarrito y listado de productos de WooCommerce<\/strong>:Impulse su comercio electr\u00f3nico con elementos din\u00e1micos y elementos visuales elegantes.<\/li>\n\n\n\n<li><strong>Condiciones de visualizaci\u00f3n<\/strong>:Controle la visualizaci\u00f3n de contenido por rol de usuario, ubicaci\u00f3n, dispositivos, ACF y otros criterios.<\/li>\n\n\n\n<li><strong>Duplicador de p\u00e1ginas\/publicaciones<\/strong>:Duplique contenido con un clic para probar o replicar dise\u00f1os.<\/li>\n<\/ul>\n\n\n\n<h3 class=\"wp-block-heading\">\u2705\u00bfPor qu\u00e9 elegir?<\/h3>\n\n\n\n<ul class=\"wp-block-list\">\n<li><strong>Comunidad grande y activa<\/strong>:m\u00e1s de 700.000 sitios lo utilizan con una calificaci\u00f3n de 4,9\/5 estrellas.<\/li>\n\n\n\n<li><strong>Soporte eficiente<\/strong>:historial de resoluci\u00f3n r\u00e1pida de problemas y comentarios positivos de los usuarios.<\/li>\n\n\n\n<li><strong>F\u00e1cil integraci\u00f3n<\/strong>:Compatible con Elementor (gratis o Pro) y todos los temas de WordPress.<\/li>\n\n\n\n<li><strong>Completamente traducido<\/strong>:Es compatible con WPML y est\u00e1 listo para sitios multiling\u00fces.<\/li>\n<\/ul>","protected":false},"excerpt":{"rendered":"<p>Transforme seu site WordPress com Premium Addons Pro for Elementor, um plugin poderoso que adiciona 90+ widgets personaliz\u00e1veis, m\u00f3dulos globais flex\u00edveis e 580+ templates prontos para acelerar a cria\u00e7\u00e3o de p\u00e1ginas sem programa\u00e7\u00e3o. \ud83c\udfaf Vantagens Chave \u2728 Recursos em Destaque \u2705 Por que escolher?<\/p>","protected":false},"featured_media":22624,"comment_status":"open","ping_status":"closed","template":"","meta":{"_jf_limit_responses":"","iawp_total_views":157},"product_brand":[],"product_cat":[41],"product_tag":[91],"class_list":{"0":"post-22623","1":"product","2":"type-product","3":"status-publish","4":"has-post-thumbnail","6":"product_cat-plugins","7":"product_tag-business","9":"first","10":"instock","11":"downloadable","12":"virtual","13":"purchasable","14":"product-type-simple"},"_links":{"self":[{"href":"https:\/\/packdesites.com\/es\/wp-json\/wp\/v2\/product\/22623","targetHints":{"allow":["GET"]}}],"collection":[{"href":"https:\/\/packdesites.com\/es\/wp-json\/wp\/v2\/product"}],"about":[{"href":"https:\/\/packdesites.com\/es\/wp-json\/wp\/v2\/types\/product"}],"replies":[{"embeddable":true,"href":"https:\/\/packdesites.com\/es\/wp-json\/wp\/v2\/comments?post=22623"}],"version-history":[{"count":3,"href":"https:\/\/packdesites.com\/es\/wp-json\/wp\/v2\/product\/22623\/revisions"}],"predecessor-version":[{"id":23061,"href":"https:\/\/packdesites.com\/es\/wp-json\/wp\/v2\/product\/22623\/revisions\/23061"}],"wp:featuredmedia":[{"embeddable":true,"href":"https:\/\/packdesites.com\/es\/wp-json\/wp\/v2\/media\/22624"}],"wp:attachment":[{"href":"https:\/\/packdesites.com\/es\/wp-json\/wp\/v2\/media?parent=22623"}],"wp:term":[{"taxonomy":"product_brand","embeddable":true,"href":"https:\/\/packdesites.com\/es\/wp-json\/wp\/v2\/product_brand?post=22623"},{"taxonomy":"product_cat","embeddable":true,"href":"https:\/\/packdesites.com\/es\/wp-json\/wp\/v2\/product_cat?post=22623"},{"taxonomy":"product_tag","embeddable":true,"href":"https:\/\/packdesites.com\/es\/wp-json\/wp\/v2\/product_tag?post=22623"}],"curies":[{"name":"wp","href":"https:\/\/api.w.org\/{rel}","templated":true}]}}