{"id":21900,"date":"2025-05-21T01:11:27","date_gmt":"2025-05-21T04:11:27","guid":{"rendered":"https:\/\/packdesites.com\/?post_type=product&#038;p=21900"},"modified":"2025-07-11T09:29:08","modified_gmt":"2025-07-11T12:29:08","slug":"chat-de-whatsapp-en-wordpress","status":"publish","type":"product","link":"https:\/\/packdesites.com\/es\/product\/chat-de-whatsapp-en-wordpress\/","title":{"rendered":"WhatsApp Chat WordPress v3.7.3: M\u00faltiples agentes de WhatsApp en tu sitio web"},"content":{"rendered":"<p>El complemento WhatsApp Chat para WordPress le permite integrar su experiencia de WhatsApp directamente en su sitio web. Esta es una de las mejores maneras de conectar e interactuar con sus clientes, puede ofrecer apoyo directo, as\u00ed como generar confianza y aumentar la lealtad del cliente.<\/p>\n\n\n\n<figure class=\"wp-block-image\"><img decoding=\"async\" src=\"https:\/\/camo.envatousercontent.com\/8f54f21ca4dfd950730a2accc8a7e45f37835dd9\/68747470733a2f2f7777772e64726f70626f782e636f6d2f732f6d3867336b6f37627a3539356666632f436f6d705f372e6769663f7261773d31\" alt=\"Demostraci\u00f3n m\u00f3vil del complemento de WhatsApp\" title=\"\"><\/figure>\n\n\n\n<h2 class=\"wp-block-heading\" id=\"item-description__whatsapp-gutenberg-block-demo\">Demostraci\u00f3n del bloque Gutenberg de WhatsApp<\/h2>\n\n\n\n<figure class=\"wp-block-image\"><img decoding=\"async\" src=\"https:\/\/camo.envatousercontent.com\/9589f86c0209bec1bdcd68d08fbb0cec083707ab\/68747470733a2f2f7777772e64726f70626f782e636f6d2f732f36626b73706e75656672306e61346a2f477574656e626572672d57686174734170702d44656d6f2e6769663f7261773d31\" alt=\"Demostraci\u00f3n de WhatsApp de Gutenberg\" title=\"\"><\/figure>\n\n\n\n<h2 class=\"wp-block-heading\" id=\"item-description__features\">CARACTER\u00cdSTICAS<\/h2>\n\n\n\n<p><strong>SOPORTE PARA M\u00daLTIPLES CUENTAS<\/strong><br>El complemento NinjaTeam WhatsApp Chat le permite agregar varias cuentas de sus miembros en un cuadro de WhatsApp para mostrar. Su cliente puede elegir con qu\u00e9 partidario quiere hablar, sabe exactamente con qui\u00e9n est\u00e1 hablando.<\/p>\n\n\n\n<p><strong>PERSONALIZAR<\/strong><br>El complemento NinjaTeam WhatsApp Chat proporciona f\u00e1cilmente opciones para seleccionar colores para el cuadro de WhatsApp que se adapten al estilo y gusto de su sitio web. Adem\u00e1s, podr\u00e1s personalizar cada caja para cada persona, dependiendo de su disponibilidad horaria con foto, gafete y puesto. Cuando est\u00e1 en l\u00ednea, el bot\u00f3n es verde o de otro color que usted configure, de lo contrario es gris. De esta manera, cuando no se responde con rapidez, los clientes no se sienten ignorados. Saben exactamente cu\u00e1nto tiempo tienes disponible cuando lo estableces en primer lugar.<\/p>\n\n\n\n<p><strong>SOPORTE WPML<\/strong><br>\u00bfSu sitio web es multiling\u00fce? \u00a1No te preocupes! Puede utilizar cualquier complemento de traducci\u00f3n de WordPress como WPML, Polylang para personalizar cualquier idioma en su sitio web de forma f\u00e1cil y r\u00e1pida.<\/p>\n\n\n\n<p><strong>C\u00d3DIGO CORTO INCLUIDO<\/strong><br>Con el c\u00f3digo corto del complemento NinjaTeam WhatsApp Chat, puedes mostrar el cuadro de WhatsApp en cualquier lugar de tu sitio web. Puede ser una p\u00e1gina, una publicaci\u00f3n, unas cuantas p\u00e1ginas espec\u00edficas, publicaciones o todo su sitio web.<\/p>\n\n\n\n<p><strong>NO HAY NECESIDAD<\/strong><br>CODIFICACI\u00d3N Nos encargamos de la parte m\u00e1s dif\u00edcil de la codificaci\u00f3n. Dedicamos tiempo a dise\u00f1ar y realizar UI\/UX de la mejor manera posible. \u00a1Todo lo que necesitas hacer es cargar el complemento a WordPress, activarlo, personalizar todas las opciones disponibles y listo!<\/p>\n\n\n\n<p><strong>\u00a1Disfruta de conversaciones con tus clientes en cualquier momento y en cualquier lugar! \u00a1Nunca ha sido tan f\u00e1cil y deja de perder tus clientes potenciales!<\/strong><\/p>\n\n\n\n<h2 class=\"wp-block-heading\" id=\"item-description__how-it-works\">C\u00d3MO FUNCIONA<\/h2>\n\n\n\n<p>Una vez que instales el complemento, tendr\u00e1s todas las configuraciones a mano para personalizar un widget o bot\u00f3n de WhatsApp en tu sitio web de WordPress, agregando cuentas de miembros o agentes de soporte con n\u00fameros de tel\u00e9fono o enlaces de chat grupal.<br><br>El widget se puede mostrar en todas las p\u00e1ginas o solo en las p\u00e1ginas que usted defina. Adem\u00e1s, tambi\u00e9n puedes habilitar el bot\u00f3n de WhatsApp en el bot\u00f3n Agregar al carrito de WooCommerce.<br>Cada cuenta tiene su propio c\u00f3digo corto que puedes copiar y pegar en cualquier lugar de tu sitio web para brindar atenci\u00f3n al cliente.<br>Una vez que un cliente hace clic en una cuenta con la que desea chatear, se lo redirige a la aplicaci\u00f3n WhatsApp si est\u00e1 en un dispositivo m\u00f3vil o a la web WhatsApp si est\u00e1 en una computadora de escritorio.<\/p>","protected":false},"excerpt":{"rendered":"<p>El plugin WhatsApp Chat para WordPress te permite integrar tu experiencia de WhatsApp directamente en tu sitio web. Es una de las mejores maneras de conectar e interactuar con tus clientes; puedes ofrecer soporte directo, adem\u00e1s de generar confianza y fidelizarlos. Demostraci\u00f3n del bloque Gutenberg de WhatsApp CARACTER\u00cdSTICAS SOPORTE [\u2026]<\/p>","protected":false},"featured_media":21901,"comment_status":"open","ping_status":"closed","template":"","meta":{"_jf_limit_responses":"","iawp_total_views":219},"product_brand":[],"product_cat":[41],"product_tag":[91],"class_list":{"0":"post-21900","1":"product","2":"type-product","3":"status-publish","4":"has-post-thumbnail","6":"product_cat-plugins","7":"product_tag-business","9":"first","10":"instock","11":"downloadable","12":"virtual","13":"purchasable","14":"product-type-simple"},"_links":{"self":[{"href":"https:\/\/packdesites.com\/es\/wp-json\/wp\/v2\/product\/21900","targetHints":{"allow":["GET"]}}],"collection":[{"href":"https:\/\/packdesites.com\/es\/wp-json\/wp\/v2\/product"}],"about":[{"href":"https:\/\/packdesites.com\/es\/wp-json\/wp\/v2\/types\/product"}],"replies":[{"embeddable":true,"href":"https:\/\/packdesites.com\/es\/wp-json\/wp\/v2\/comments?post=21900"}],"version-history":[{"count":3,"href":"https:\/\/packdesites.com\/es\/wp-json\/wp\/v2\/product\/21900\/revisions"}],"predecessor-version":[{"id":22836,"href":"https:\/\/packdesites.com\/es\/wp-json\/wp\/v2\/product\/21900\/revisions\/22836"}],"wp:featuredmedia":[{"embeddable":true,"href":"https:\/\/packdesites.com\/es\/wp-json\/wp\/v2\/media\/21901"}],"wp:attachment":[{"href":"https:\/\/packdesites.com\/es\/wp-json\/wp\/v2\/media?parent=21900"}],"wp:term":[{"taxonomy":"product_brand","embeddable":true,"href":"https:\/\/packdesites.com\/es\/wp-json\/wp\/v2\/product_brand?post=21900"},{"taxonomy":"product_cat","embeddable":true,"href":"https:\/\/packdesites.com\/es\/wp-json\/wp\/v2\/product_cat?post=21900"},{"taxonomy":"product_tag","embeddable":true,"href":"https:\/\/packdesites.com\/es\/wp-json\/wp\/v2\/product_tag?post=21900"}],"curies":[{"name":"wp","href":"https:\/\/api.w.org\/{rel}","templated":true}]}}