{"id":21869,"date":"2025-05-19T17:06:07","date_gmt":"2025-05-19T20:06:07","guid":{"rendered":"https:\/\/packdesites.com\/?post_type=product&#038;p=21869"},"modified":"2025-05-19T17:08:28","modified_gmt":"2025-05-19T20:08:28","slug":"aplicacion-web-progresiva-progressiveify-pwa-para-wordpress","status":"publish","type":"product","link":"https:\/\/packdesites.com\/es\/product\/aplicacion-web-progresiva-progressiveify-pwa-para-wordpress\/","title":{"rendered":"Progressify v1.1.8: Aplicaci\u00f3n web progresiva (PWA) para WordPress"},"content":{"rendered":"<p>Progressify es un complemento de WordPress que potencia su sitio web con capacidades de aplicaci\u00f3n web progresiva (PWA) que utilizan caracter\u00edsticas web modernas para brindar experiencias de aplicaciones nativas r\u00e1pidas sin tiendas de aplicaciones ni descargas, y todos los beneficios de la web directamente en su navegador. El complemento proporciona funciones que permiten que su sitio web logre un rendimiento y una experiencia de usuario incre\u00edbles directamente en el navegador web. Facilita instant\u00e1neamente la adaptaci\u00f3n m\u00f3vil de su sitio web y aumenta las velocidades de carga para garantizar que obtenga las mejores clasificaciones en Google, m\u00e1s tr\u00e1fico y un gran impulso en sus conversiones sin necesidad de trabajo duro o habilidades t\u00e9cnicas.<\/p>\n\n\n\n<h3 class=\"wp-block-heading\" id=\"item-description__capabilities\">CAPACIDADES<\/h3>\n\n\n\n<ul class=\"wp-block-list\">\n<li>Transforme su sitio web en un sitio m\u00e1s r\u00e1pido y optimizado para dispositivos m\u00f3viles que obtenga mejores clasificaciones y m\u00e1s tr\u00e1fico.<\/li>\n\n\n\n<li>Consiga que su sitio web tenga una mejor clasificaci\u00f3n en los motores de b\u00fasqueda gracias a la incre\u00edble experiencia m\u00f3vil.<\/li>\n\n\n\n<li>Convierta m\u00e1s visitantes en compradores envi\u00e1ndoles notificaciones push y logrando que instalen su sitio web.<\/li>\n\n\n\n<li>Obtenga m\u00e1s participaci\u00f3n y menores tasas de rebote gracias a la experiencia similar a una aplicaci\u00f3n.<\/li>\n<\/ul>\n\n\n\n<h3 class=\"wp-block-heading\" id=\"item-description__features\">CARACTER\u00cdSTICAS<\/h3>\n\n\n\n<p>Progressify ofrece una amplia gama de funciones de vanguardia y las integra perfectamente en su sitio web, brindando una experiencia de usuario fluida, similar a una aplicaci\u00f3n. Algunas de las caracter\u00edsticas son:<\/p>\n\n\n\n<ul class=\"wp-block-list\">\n<li>Indicaciones y botones de instalaci\u00f3n<\/li>\n\n\n\n<li>Uso sin conexi\u00f3n con notificaciones y formularios<\/li>\n\n\n\n<li>Barra de pesta\u00f1as de navegaci\u00f3n<\/li>\n\n\n\n<li>Barra de progreso de desplazamiento<\/li>\n\n\n\n<li>Actualizaci\u00f3n suspendida<\/li>\n\n\n\n<li>Modo oscuro<\/li>\n\n\n\n<li>Agitar para refrescar<\/li>\n\n\n\n<li>Cargador de p\u00e1ginas<\/li>\n\n\n\n<li>Mensajes del sistema<\/li>\n\n\n\n<li>Desenfocar inactivo<\/li>\n\n\n\n<li>Transiciones de p\u00e1gina suaves<\/li>\n\n\n\n<li>Vibraciones<\/li>\n\n\n\n<li>Detecci\u00f3n de inactividad<\/li>\n\n\n\n<li>Bloqueo de pantalla de activaci\u00f3n<\/li>\n\n\n\n<li>Autenticaci\u00f3n biom\u00e9trica<\/li>\n\n\n\n<li>Sincronizaci\u00f3n en segundo plano<\/li>\n\n\n\n<li>Indexaci\u00f3n de contenido<\/li>\n\n\n\n<li>Almacenamiento persistente<\/li>\n\n\n\n<li>Notificaciones push<\/li>\n<\/ul>","protected":false},"excerpt":{"rendered":"<p>Progressify \u00e9 um plugin do WordPress que capacita seu site com recursos do Progressive Web App (PWA) que usam recursos modernos da web para oferecer experi\u00eancias r\u00e1pidas de aplicativos nativos sem lojas de aplicativos ou downloads, e todas as vantagens da web diretamente no navegador. O plug-in fornece recursos que permitem que seu site obtenha [&hellip;]<\/p>","protected":false},"featured_media":21870,"comment_status":"open","ping_status":"closed","template":"","meta":{"_jf_limit_responses":"","iawp_total_views":79},"product_brand":[],"product_cat":[41],"product_tag":[91,49],"class_list":{"0":"post-21869","1":"product","2":"type-product","3":"status-publish","4":"has-post-thumbnail","6":"product_cat-plugins","7":"product_tag-business","8":"product_tag-starter","10":"first","11":"instock","12":"downloadable","13":"virtual","14":"purchasable","15":"product-type-simple"},"_links":{"self":[{"href":"https:\/\/packdesites.com\/es\/wp-json\/wp\/v2\/product\/21869","targetHints":{"allow":["GET"]}}],"collection":[{"href":"https:\/\/packdesites.com\/es\/wp-json\/wp\/v2\/product"}],"about":[{"href":"https:\/\/packdesites.com\/es\/wp-json\/wp\/v2\/types\/product"}],"replies":[{"embeddable":true,"href":"https:\/\/packdesites.com\/es\/wp-json\/wp\/v2\/comments?post=21869"}],"version-history":[{"count":1,"href":"https:\/\/packdesites.com\/es\/wp-json\/wp\/v2\/product\/21869\/revisions"}],"predecessor-version":[{"id":21871,"href":"https:\/\/packdesites.com\/es\/wp-json\/wp\/v2\/product\/21869\/revisions\/21871"}],"wp:featuredmedia":[{"embeddable":true,"href":"https:\/\/packdesites.com\/es\/wp-json\/wp\/v2\/media\/21870"}],"wp:attachment":[{"href":"https:\/\/packdesites.com\/es\/wp-json\/wp\/v2\/media?parent=21869"}],"wp:term":[{"taxonomy":"product_brand","embeddable":true,"href":"https:\/\/packdesites.com\/es\/wp-json\/wp\/v2\/product_brand?post=21869"},{"taxonomy":"product_cat","embeddable":true,"href":"https:\/\/packdesites.com\/es\/wp-json\/wp\/v2\/product_cat?post=21869"},{"taxonomy":"product_tag","embeddable":true,"href":"https:\/\/packdesites.com\/es\/wp-json\/wp\/v2\/product_tag?post=21869"}],"curies":[{"name":"wp","href":"https:\/\/api.w.org\/{rel}","templated":true}]}}