{"id":21866,"date":"2025-05-19T16:58:22","date_gmt":"2025-05-19T19:58:22","guid":{"rendered":"https:\/\/packdesites.com\/?post_type=product&#038;p=21866"},"modified":"2025-05-19T16:58:27","modified_gmt":"2025-05-19T19:58:27","slug":"kit-de-modelo-elementor-para-servicio-de-hormigon-dicor","status":"publish","type":"product","link":"https:\/\/packdesites.com\/es\/product\/kit-de-modelo-elementor-para-servicio-de-hormigon-dicor\/","title":{"rendered":"Dicor \u2013 Kit de plantillas Elementor para servicios de hormig\u00f3n"},"content":{"rendered":"<p>EL <strong>Plantilla de sitio web de Dicor \u2013 Servicio de hormig\u00f3n<\/strong>\u00a0Es un kit Elementor profesional y moderno dise\u00f1ado para empresas de construcci\u00f3n y servicios de hormig\u00f3n. Construida con un dise\u00f1o limpio y responsivo, esta plantilla ofrece una experiencia visualmente atractiva y f\u00e1cil de usar. Es totalmente personalizable, optimizado para SEO y compatible con WordPress, lo que lo hace ideal para empresas que desean mostrar sus servicios, proyectos y precios de manera efectiva.<\/p>\n\n\n\n<p>Con Dicor, puede crear un sitio web de alto impacto que resalte su experiencia en soluciones de concreto, desde trabajos de cimentaci\u00f3n hasta proyectos de construcci\u00f3n a gran escala. La plantilla presenta una navegaci\u00f3n intuitiva, im\u00e1genes de alta calidad y secciones de llamada a la acci\u00f3n ubicadas estrat\u00e9gicamente, lo que garantiza una mejor participaci\u00f3n del usuario y conversiones de clientes potenciales. Sus p\u00e1ginas predise\u00f1adas satisfacen necesidades comerciales esenciales, lo que facilita el lanzamiento de un sitio web profesional sin codificaci\u00f3n.<\/p>\n\n\n\n<p><strong>Caracter\u00edsticas<\/strong><\/p>\n\n\n\n<ul class=\"wp-block-list\">\n<li>Personalizaci\u00f3n real sin c\u00f3digo con un generador visual de arrastrar y soltar<\/li>\n\n\n\n<li>Personalice fuentes y colores en un solo lugar o ajuste elementos individuales<\/li>\n\n\n\n<li>Dise\u00f1o moderno y profesional.<\/li>\n\n\n\n<li>Carga r\u00e1pida<\/li>\n\n\n\n<li>Funciona con la mayor\u00eda de los temas de Elementor.<\/li>\n<\/ul>\n\n\n\n<p><strong>P\u00e1ginas incluidas:<\/strong><\/p>\n\n\n\n<ul class=\"wp-block-list\">\n<li>Comenzar<\/li>\n\n\n\n<li>Sobre nosotros<\/li>\n\n\n\n<li>Servicios<\/li>\n\n\n\n<li>Detalles del servicio<\/li>\n\n\n\n<li>Proyectos<\/li>\n\n\n\n<li>Detalles del proyecto<\/li>\n\n\n\n<li>Precios<\/li>\n\n\n\n<li>Centro de ayuda<\/li>\n\n\n\n<li>Cont\u00e1ctanos<\/li>\n\n\n\n<li>Error 404<\/li>\n<\/ul>\n\n\n\n<p><strong>Complementos instalados con el kit<\/strong><\/p>\n\n\n\n<ul class=\"wp-block-list\">\n<li>Elementor<\/li>\n\n\n\n<li>Complementos definitivos para Elementor Lite<\/li>\n\n\n\n<li>Los complementos Plus para Elementor<\/li>\n<\/ul>\n\n\n\n<p><strong>C\u00f3mo utilizar los kits de plantillas:<\/strong>&nbsp;Este no es un tema de WordPress. Los kits de plantillas contienen solo los datos de dise\u00f1o de Elementor y se instalan mediante el complemento envato Elements para WordPress o directamente a trav\u00e9s de Elementor.<\/p>\n\n\n\n<p><strong>Gu\u00eda detallada:<\/strong><\/p>\n\n\n\n<p><a href=\"https:\/\/help.market.envato.com\/hc\/en-us\/articles\/36033428836889-How-to-Upload-Install-Elementor-Template-Kits-from-Themeforest-to-WordPress\" target=\"_blank\" rel=\"noopener\">https:\/\/help.market.envato.com\/hc\/en-us\/articles\/36033428836889-How-to-Upload-Install-Elementor-Template-Kits-from-Themeforest-to-WordPress<\/a><\/p>","protected":false},"excerpt":{"rendered":"<p>O modelo de site Dicor &#8211; Concrete Service\u00a0\u00e9 um kit Elementor profissional e moderno projetado para empresas de servi\u00e7os de constru\u00e7\u00e3o e concreto. Constru\u00eddo com um layout limpo e responsivo, este modelo oferece uma experi\u00eancia visualmente atraente e f\u00e1cil de usar. \u00c9 totalmente personaliz\u00e1vel, otimizado para SEO e compat\u00edvel com o WordPress, o que o [&hellip;]<\/p>","protected":false},"featured_media":21867,"comment_status":"open","ping_status":"closed","template":"","meta":{"_jf_limit_responses":"","iawp_total_views":193},"product_brand":[],"product_cat":[23,27,24],"product_tag":[91,49],"class_list":{"0":"post-21866","1":"product","2":"type-product","3":"status-publish","4":"has-post-thumbnail","6":"product_cat-templates-elementor-e-envato","7":"product_cat-prestadores-de-servicos","8":"product_cat-templates-envato","9":"product_tag-business","10":"product_tag-starter","12":"first","13":"instock","14":"downloadable","15":"virtual","16":"purchasable","17":"product-type-simple"},"_links":{"self":[{"href":"https:\/\/packdesites.com\/es\/wp-json\/wp\/v2\/product\/21866","targetHints":{"allow":["GET"]}}],"collection":[{"href":"https:\/\/packdesites.com\/es\/wp-json\/wp\/v2\/product"}],"about":[{"href":"https:\/\/packdesites.com\/es\/wp-json\/wp\/v2\/types\/product"}],"replies":[{"embeddable":true,"href":"https:\/\/packdesites.com\/es\/wp-json\/wp\/v2\/comments?post=21866"}],"version-history":[{"count":2,"href":"https:\/\/packdesites.com\/es\/wp-json\/wp\/v2\/product\/21866\/revisions"}],"predecessor-version":[{"id":23466,"href":"https:\/\/packdesites.com\/es\/wp-json\/wp\/v2\/product\/21866\/revisions\/23466"}],"wp:featuredmedia":[{"embeddable":true,"href":"https:\/\/packdesites.com\/es\/wp-json\/wp\/v2\/media\/21867"}],"wp:attachment":[{"href":"https:\/\/packdesites.com\/es\/wp-json\/wp\/v2\/media?parent=21866"}],"wp:term":[{"taxonomy":"product_brand","embeddable":true,"href":"https:\/\/packdesites.com\/es\/wp-json\/wp\/v2\/product_brand?post=21866"},{"taxonomy":"product_cat","embeddable":true,"href":"https:\/\/packdesites.com\/es\/wp-json\/wp\/v2\/product_cat?post=21866"},{"taxonomy":"product_tag","embeddable":true,"href":"https:\/\/packdesites.com\/es\/wp-json\/wp\/v2\/product_tag?post=21866"}],"curies":[{"name":"wp","href":"https:\/\/api.w.org\/{rel}","templated":true}]}}