{"id":217,"date":"2024-05-30T20:56:24","date_gmt":"2024-05-30T20:56:24","guid":{"rendered":"https:\/\/packdesites.com\/produto\/caridad-ong-beneficente-de-doacoes-sem-fins-lucrativos\/"},"modified":"2025-07-24T22:32:55","modified_gmt":"2025-07-25T01:32:55","slug":"organizacion-benefica-ong-donaciones-caritativas-sin-fines-de-lucro","status":"publish","type":"product","link":"https:\/\/packdesites.com\/es\/product\/organizacion-benefica-ong-donaciones-caritativas-sin-fines-de-lucro\/","title":{"rendered":"Caridad \u2013 Organizaci\u00f3n de donaciones caritativas sin fines de lucro"},"content":{"rendered":"<p>Caridad es un tema de WordPress limpio y moderno para organizaciones ben\u00e9ficas, creado para todo tipo de recaudaci\u00f3n de fondos, organizaciones ben\u00e9ficas, organizaciones sin fines de lucro, ONG, fundaciones, iglesias y otros proyectos de organizaciones ben\u00e9ficas sin fines de lucro. El tema utiliza GiveWP, el mejor complemento de donaciones de WordPress.<\/p>\n\n\n\n<p>Poner&nbsp;<strong>Temas de VamTam (https:\/\/vamtam.com\/themes\/<\/strong>)<\/p>\n\n\n\n<p>Compatibilidad total con Elementor + Elementor Pro<\/p>\n\n\n\n<p>Se requiere Elementor Pro para importar contenido de demostraci\u00f3n y configurar el tema.<\/p>\n\n\n\n<p><strong>Caracter\u00edsticas<\/strong><\/p>\n\n\n\n<ul class=\"wp-block-list\">\n<li>Compatible con WordPress 6.5<\/li>\n\n\n\n<li>No es necesario que usted o sus clientes se familiaricen con un nuevo Panel de opciones de tema, widgets o complementos. Solo necesitas WordPress + Elementor + Elementor Pro + WooCommerce.- $240 im\u00e1genes premium de Getty Images incluidas en el paquete de forma gratuita<\/li>\n\n\n\n<li>Todas las im\u00e1genes que se muestran en el sitio de demostraci\u00f3n vienen con el contenido de demostraci\u00f3n y se pueden usar en su pr\u00f3ximo proyecto sin la necesidad de comprar licencias adicionales.<\/li>\n\n\n\n<li>El c\u00f3digo del tema solo extiende los widgets Elementor y Elementor Pro y agrega estilos y animaciones geniales. Esto a\u00f1ade una capa de estabilidad y seguridad a largo plazo.<\/li>\n\n\n\n<li>M\u00e1s de 60.000 clientes utilizan los temas de VamTam<\/li>\n\n\n\n<li>Opciones para deshabilitar el c\u00f3digo del tema widget por widget<\/li>\n\n\n\n<li>Panel de estilos globales de Elementor Pro utilizado como panel de temas<\/li>\n\n\n\n<li>Elementor Pro te brinda control total sobre el dise\u00f1o de dispositivos m\u00f3viles y tabletas + Puntos de interrupci\u00f3n personalizados<\/li>\n\n\n\n<li>Gu\u00eda de configuraci\u00f3n completa<\/li>\n\n\n\n<li>23 tutoriales en v\u00eddeo HD para principiantes<\/li>\n\n\n\n<li>M\u00e1s de 100 art\u00edculos de ayuda escritos por nosotros<\/li>\n\n\n\n<li>Compatibilidad con RTL<\/li>\n\n\n\n<li>Traducci\u00f3n (archivos po&amp;mo) Listo<\/li>\n\n\n\n<li>Compatibilidad con complementos WPML<\/li>\n\n\n\n<li>Encabezado y pie de p\u00e1gina: creado con Elementor Pro<\/li>\n\n\n\n<li>Mega Men\u00fas \u2013 creado con Elementor Pro<\/li>\n\n\n\n<li>Ventanas emergentes: creadas con Elementor Pro<\/li>\n\n\n\n<li>Formularios \u2013 creados con Elementor Pro<\/li>\n\n\n\n<li>Dise\u00f1os de contenido din\u00e1mico: creados con productos Elementor Pro, publicaciones de blog, blog, archivos de productos, p\u00e1ginas 404, p\u00e1gina de modo de mantenimiento. P\u00e1gina de modo Pr\u00f3ximamente y resultados de b\u00fasqueda.<\/li>\n\n\n\n<li>Elementor Pro WooCommerce Builder: crea tus productos, archivos de productos, p\u00e1gina de mi cuenta, carrito, pago y carrito lateral.<\/li>\n\n\n\n<li>Ampliaci\u00f3n inteligente del complemento WooCommerce con lista de deseos, b\u00fasqueda Ajax y tarjetas de regalo.<\/li>\n<\/ul>\n\n\n\n<p><strong>Tema infantil<\/strong>\u00a0 (https:\/\/vamtam.com\/temas-infantiles\/)<\/p>\n\n\n\n<p>*<em>Registro de cambios*<\/em>&nbsp;(https:\/\/vamtam.com\/changelog\/)<\/p>","protected":false},"excerpt":{"rendered":"<p>Caridad \u00e9 um Tema de Caridade WordPress limpo e moderno, criado para todos os tipos de arrecada\u00e7\u00e3o de fundos, caridade, organiza\u00e7\u00f5es sem fins lucrativos, ONGs, Funda\u00e7\u00f5es, Igrejas e outros projetos de organiza\u00e7\u00f5es beneficentes sem fins lucrativos. O tema utiliza GiveWP, o melhor plugin de doa\u00e7\u00e3o do WordPress Por&nbsp;temas do VamTam (https:\/\/vamtam.com\/themes\/) Compatibilidade total com Elementor [&hellip;]<\/p>","protected":false},"featured_media":219,"comment_status":"closed","ping_status":"open","template":"","meta":{"_jf_limit_responses":"","iawp_total_views":35},"product_brand":[],"product_cat":[22],"product_tag":[19],"class_list":{"0":"post-217","1":"product","2":"type-product","3":"status-publish","4":"has-post-thumbnail","6":"product_cat-temas-wordpress","7":"product_tag-vitalicio","9":"first","10":"instock","11":"downloadable","12":"virtual","13":"purchasable","14":"product-type-simple"},"_links":{"self":[{"href":"https:\/\/packdesites.com\/es\/wp-json\/wp\/v2\/product\/217","targetHints":{"allow":["GET"]}}],"collection":[{"href":"https:\/\/packdesites.com\/es\/wp-json\/wp\/v2\/product"}],"about":[{"href":"https:\/\/packdesites.com\/es\/wp-json\/wp\/v2\/types\/product"}],"replies":[{"embeddable":true,"href":"https:\/\/packdesites.com\/es\/wp-json\/wp\/v2\/comments?post=217"}],"version-history":[{"count":1,"href":"https:\/\/packdesites.com\/es\/wp-json\/wp\/v2\/product\/217\/revisions"}],"predecessor-version":[{"id":23094,"href":"https:\/\/packdesites.com\/es\/wp-json\/wp\/v2\/product\/217\/revisions\/23094"}],"wp:featuredmedia":[{"embeddable":true,"href":"https:\/\/packdesites.com\/es\/wp-json\/wp\/v2\/media\/219"}],"wp:attachment":[{"href":"https:\/\/packdesites.com\/es\/wp-json\/wp\/v2\/media?parent=217"}],"wp:term":[{"taxonomy":"product_brand","embeddable":true,"href":"https:\/\/packdesites.com\/es\/wp-json\/wp\/v2\/product_brand?post=217"},{"taxonomy":"product_cat","embeddable":true,"href":"https:\/\/packdesites.com\/es\/wp-json\/wp\/v2\/product_cat?post=217"},{"taxonomy":"product_tag","embeddable":true,"href":"https:\/\/packdesites.com\/es\/wp-json\/wp\/v2\/product_tag?post=217"}],"curies":[{"name":"wp","href":"https:\/\/api.w.org\/{rel}","templated":true}]}}