{"id":21693,"date":"2025-05-13T00:12:27","date_gmt":"2025-05-13T03:12:27","guid":{"rendered":"https:\/\/packdesites.com\/?post_type=product&#038;p=21693"},"modified":"2025-09-05T10:28:56","modified_gmt":"2025-09-05T13:28:56","slug":"hide-my-wp-ghost-premium-protege-tu-sitio-de-wordpress-con-capas-adicionales-de-seguridad","status":"publish","type":"product","link":"https:\/\/packdesites.com\/es\/product\/hide-my-wp-ghost-premium-protege-tu-sitio-de-wordpress-con-capas-adicionales-de-seguridad\/","title":{"rendered":"Hide My WP Ghost Premium v8.2.14: protege tu sitio de WordPress con capas adicionales de seguridad"},"content":{"rendered":"<p><strong>Ocultar mi WP Ghost Premium<\/strong> es un complemento de seguridad avanzado de WordPress que act\u00faa como un escudo invisible contra piratas inform\u00e1ticos, bots y ataques automatizados. En lugar de simplemente proteger con firewalls, oculta por completo las rutas y archivos predeterminados de WordPress, lo que dificulta cualquier intento de pirater\u00eda o explotaci\u00f3n.<\/p>\n\n\n\n<p>Con un enfoque en la seguridad a trav\u00e9s de la oscuridad, el rendimiento y la compatibilidad, es ideal para sitios web, blogs, tiendas y portales que no quieren dejar rastros visibles de que est\u00e1n usando WordPress.<\/p>\n\n\n\n<h3 class=\"wp-block-heading\">\u2705 \u00bfQu\u00e9 hace Hide My WP Ghost?<\/h3>\n\n\n\n<ul class=\"wp-block-list\">\n<li>Oculta el inicio de sesi\u00f3n, wp-admin, wp-login.php y otras rutas comunes<\/li>\n\n\n\n<li>Ocultar el directorio <code>\/wp-content<\/code>, <code>\/complementos<\/code> y <code>\/temas<\/code><\/li>\n\n\n\n<li>Elimina metadatos visibles como la versi\u00f3n de WordPress<\/li>\n\n\n\n<li>Bloquea intentos de escaneo de bots, scripts maliciosos y fuerza bruta.<\/li>\n\n\n\n<li>Compatible con los complementos de almacenamiento en cach\u00e9, seguridad y servidor m\u00e1s populares<\/li>\n\n\n\n<li>Modo seguro para aplicar reglas sin riesgo de bloqueo<\/li>\n\n\n\n<li>Detecci\u00f3n de archivos y rutas maliciosos<\/li>\n\n\n\n<li>Integraci\u00f3n con Cloudflare, WP Rocket, Sucuri, Wordfence, etc.<\/li>\n<\/ul>\n\n\n\n<h3 class=\"wp-block-heading\">\ud83d\udd10 Capas de seguridad inteligentes<\/h3>\n\n\n\n<ul class=\"wp-block-list\">\n<li><strong>Modo fantasma<\/strong> \u2013 Hace que su sitio web sea pr\u00e1cticamente invisible como WordPress<\/li>\n\n\n\n<li><strong>Cortafuegos en capas<\/strong> \u2013 Protege contra ataques de IP, URL y encabezados sospechosos<\/li>\n\n\n\n<li><strong>Registros de actividad<\/strong> \u2013 Monitorear intentos de acceso y cambios<\/li>\n\n\n\n<li><strong>Seguridad contra inyecci\u00f3n SQL y XSS<\/strong><\/li>\n\n\n\n<li><strong>Copias de seguridad de configuraci\u00f3n<\/strong> \u2013 Restaure f\u00e1cilmente su entorno seguro<\/li>\n<\/ul>\n\n\n\n<h3 class=\"wp-block-heading\">\ud83e\udde9 Compatible con:<\/h3>\n\n\n\n<ul class=\"wp-block-list\">\n<li>WooCommerce<\/li>\n\n\n\n<li>Elementor<\/li>\n\n\n\n<li>Cohete WP<\/li>\n\n\n\n<li>Cloudflare<\/li>\n\n\n\n<li>Complementos de seguridad como Wordfence, iThemes Security, Sucuri<\/li>\n\n\n\n<li><\/li>\n<\/ul>\n\n\n\n<h4 class=\"wp-block-heading\">C\u00f3mo Hide My WP Ghost puede ayudarte a proteger tu sitio web<\/h4>\n\n\n\n<p>Hide My WP Ghost es un complemento de seguridad confiable que ayuda a prevenir ataques comunes de bots de piratas inform\u00e1ticos en su sitio web de WordPress. El complemento&nbsp;<strong>agrega filtros y capas de seguridad<\/strong>&nbsp;para evitar inyecciones de scripts y SQL, ataques de fuerza bruta, ataques XML-RPC y m\u00e1s.<\/p>\n\n\n\n<figure class=\"wp-block-image\"><img decoding=\"async\" src=\"https:\/\/e2mf88cqxk2.exactdn.com\/images\/2021\/08\/features-hide-my-wp-ghost-11-150x150.png?strip=all&amp;lossy=1&amp;quality=85&amp;webp=85&amp;sharp=1&amp;ssl=1\" alt=\"\" title=\"\"><\/figure>\n\n\n\n<h3 class=\"wp-block-heading\">Protege tu<br>\u00c1rea de administraci\u00f3n de wp<\/h3>\n\n\n\n<p>Proteger su \u00e1rea de administraci\u00f3n de WordPress contra accesos no autorizados puede ayudar a bloquear muchas amenazas de seguridad comunes.<\/p>\n\n\n\n<figure class=\"wp-block-image\"><img decoding=\"async\" src=\"https:\/\/e2mf88cqxk2.exactdn.com\/images\/2021\/08\/features-hide-my-wp-ghost-13-150x150.png?strip=all&amp;lossy=1&amp;quality=85&amp;webp=85&amp;sharp=1&amp;ssl=1\" alt=\"\" title=\"\"><\/figure>\n\n\n\n<h3 class=\"wp-block-heading\">Cambiar y esconderse<br>caminos comunes<\/h3>\n\n\n\n<p>HMWP Ghost altera y oculta rutas, complementos y temas comunes de WP, ofreciendo la mejor protecci\u00f3n contra ataques de bots de piratas inform\u00e1ticos.<\/p>\n\n\n\n<figure class=\"wp-block-image\"><img decoding=\"async\" src=\"https:\/\/e2mf88cqxk2.exactdn.com\/images\/2021\/08\/features-hide-my-wp-ghost-13-150x150.png?strip=all&amp;lossy=1&amp;quality=85&amp;webp=85&amp;sharp=1&amp;ssl=1\" alt=\"\" title=\"\"><\/figure>\n\n\n\n<h3 class=\"wp-block-heading\">Protecci\u00f3n contra ataques<br>por fuerza bruta<\/h3>\n\n\n\n<p>Un ataque de fuerza bruta es una actividad que implica intentos repetidos y sucesivos que utilizan varias combinaciones de contrase\u00f1as para ingresar a un sitio web. Hide My WP Ghost ayuda a prevenir ataques de fuerza bruta.<\/p>\n\n\n\n<figure class=\"wp-block-image\"><img decoding=\"async\" src=\"https:\/\/e2mf88cqxk2.exactdn.com\/images\/2021\/08\/features-hide-my-wp-ghost-12-150x150.png?strip=all&amp;lossy=1&amp;quality=85&amp;webp=85&amp;sharp=1&amp;ssl=1\" alt=\"\" title=\"\"><\/figure>\n\n\n\n<h3 class=\"wp-block-heading\">Protecci\u00f3n contra inyecciones<br>SQL<\/h3>\n\n\n\n<p>El complemento agrega filtros y capas de seguridad para evitar inyecciones de scripts y SQL, ataques de fuerza bruta, ataques XML-RPC y m\u00e1s.<\/p>\n\n\n\n<figure class=\"wp-block-image\"><img decoding=\"async\" src=\"https:\/\/e2mf88cqxk2.exactdn.com\/images\/2021\/08\/features-hide-my-wp-ghost-13-150x150.png?strip=all&amp;lossy=1&amp;quality=85&amp;webp=85&amp;sharp=1&amp;ssl=1\" alt=\"\" title=\"\"><\/figure>\n\n\n\n<h3 class=\"wp-block-heading\">Protecci\u00f3n XML-RPC<\/h3>\n\n\n\n<p>La principal amenaza de seguridad asociada con XML-RPC son los ataques de fuerza bruta. Los atacantes intentan iniciar sesi\u00f3n en WordPress utilizando la URL xmlrpc.php. Para protegerse, puede deshabilitar la funci\u00f3n XML-RPC y bloquear el acceso a ella.<\/p>\n\n\n\n<figure class=\"wp-block-image\"><img decoding=\"async\" src=\"https:\/\/e2mf88cqxk2.exactdn.com\/images\/2021\/08\/features-hide-my-wp-ghost-11-150x150.png?strip=all&amp;lossy=1&amp;quality=85&amp;webp=85&amp;sharp=1&amp;ssl=1\" alt=\"\" title=\"\"><\/figure>\n\n\n\n<h3 class=\"wp-block-heading\">Protecci\u00f3n XSS (Cross-Site Scripting)<\/h3>\n\n\n\n<p>Hide My WP Ghost agrega encabezados de seguridad a su sitio web para una capa adicional de protecci\u00f3n contra diferentes tipos de ataques como Cross-Site Scripting.<\/p>\n\n\n\n<figure class=\"wp-block-image\"><img decoding=\"async\" src=\"https:\/\/e2mf88cqxk2.exactdn.com\/images\/2021\/08\/features-hide-my-wp-ghost-12-150x150.png?strip=all&amp;lossy=1&amp;quality=85&amp;webp=85&amp;sharp=1&amp;ssl=1\" alt=\"\" title=\"\"><\/figure>\n\n\n\n<h3 class=\"wp-block-heading\">Mapeo de URL y mapeo de texto<\/h3>\n\n\n\n<p>Si encuentra URL en su c\u00f3digo fuente que revelan el nombre de un complemento incluso despu\u00e9s de que se hayan cambiado todas las rutas comunes de WordPress, puede cambiar estas URL por otras nuevas usando Hide My WP Ghost.<\/p>\n\n\n\n<figure class=\"wp-block-image\"><img decoding=\"async\" src=\"https:\/\/e2mf88cqxk2.exactdn.com\/images\/2021\/08\/features-hide-my-wp-ghost-11-150x150.png?strip=all&amp;lossy=1&amp;quality=85&amp;webp=85&amp;sharp=1&amp;ssl=1\" alt=\"\" title=\"\"><\/figure>\n\n\n\n<h3 class=\"wp-block-heading\">Comprobaci\u00f3n de seguridad del sitio web<\/h3>\n\n\n\n<p>Hide My WP Ghost realizar\u00e1 m\u00e1s de 35 tareas de seguridad para detectar todas las posibles infracciones. Una vez completado el proceso, obtendr\u00e1 una lista completa de todas las vulnerabilidades y c\u00f3mo solucionarlas.<\/p>\n\n\n\n<figure class=\"wp-block-image\"><img decoding=\"async\" src=\"https:\/\/e2mf88cqxk2.exactdn.com\/images\/2021\/08\/features-hide-my-wp-ghost-12-150x150.png?strip=all&amp;lossy=1&amp;quality=85&amp;webp=85&amp;sharp=1&amp;ssl=1\" alt=\"\" title=\"\"><\/figure>\n\n\n\n<h3 class=\"wp-block-heading\">Registro de actividad del usuario<\/h3>\n\n\n\n<p>Este registro le permite anotar todas las acciones importantes activadas en su sitio de WordPress y almacenar esa informaci\u00f3n hasta que la necesite. Saber qu\u00e9 sucedi\u00f3 en su sitio web en un momento determinado, en el administrador y en la interfaz, es una excelente manera de mejorar la seguridad.<\/p>\n\n\n\n<figure class=\"wp-block-image\"><img decoding=\"async\" src=\"https:\/\/e2mf88cqxk2.exactdn.com\/images\/2021\/08\/features-hide-my-wp-ghost-11-150x150.png?strip=all&amp;lossy=1&amp;quality=85&amp;webp=85&amp;sharp=1&amp;ssl=1\" alt=\"\" title=\"\"><\/figure>\n\n\n\n<h3 class=\"wp-block-heading\">Autenticador de dos factores<\/h3>\n\n\n\n<p>La implementaci\u00f3n de 2FA reduce el atractivo de su sitio web para los piratas inform\u00e1ticos. Un mecanismo de autenticaci\u00f3n de dos factores presenta un obst\u00e1culo adicional para las entidades maliciosas y desalienta muchos intentos.<\/p>\n\n\n\n<figure class=\"wp-block-image\"><img decoding=\"async\" src=\"https:\/\/e2mf88cqxk2.exactdn.com\/images\/2021\/08\/features-hide-my-wp-ghost-11-150x150.png?strip=all&amp;lossy=1&amp;quality=85&amp;webp=85&amp;sharp=1&amp;ssl=1\" alt=\"\" title=\"\"><\/figure>\n\n\n\n<h3 class=\"wp-block-heading\">Cortafuegos 7G y 8G<\/h3>\n\n\n\n<p>Es un escudo formidable dise\u00f1ado para protegerse de una variedad de amenazas dirigidas a su sitio de WordPress. Creado por el gur\u00fa de seguridad Jeff Starr, este firewall ofrece un rendimiento \u00f3ptimo sin comprometerlo.<\/p>\n\n\n\n<figure class=\"wp-block-image\"><img decoding=\"async\" src=\"https:\/\/e2mf88cqxk2.exactdn.com\/images\/2021\/08\/features-hide-my-wp-ghost-12-150x150.png?strip=all&amp;lossy=1&amp;quality=85&amp;webp=85&amp;sharp=1&amp;ssl=1\" alt=\"\" title=\"\"><\/figure>\n\n\n\n<h3 class=\"wp-block-heading\">Inicios de sesi\u00f3n temporales<\/h3>\n\n\n\n<p>Esta funci\u00f3n ser\u00e1 \u00fatil siempre que necesites crear cuentas temporales para dar acceso al \u00e1rea de administraci\u00f3n de tu sitio web por un per\u00edodo de tiempo limitado.<\/p>\n\n\n\n<p><a href=\"https:\/\/hidemywpghost.com\/hide-my-wp-ghost-security-features\/\" target=\"_blank\" rel=\"noreferrer noopener\"><\/a><\/p>\n\n\n\n<figure class=\"wp-block-image\"><img decoding=\"async\" src=\"https:\/\/e2mf88cqxk2.exactdn.com\/images\/2025\/01\/hidemywp_product.png?strip=all&amp;lossy=1&amp;quality=85&amp;webp=85&amp;sharp=1&amp;ssl=1\" alt=\"Buen trabajo, Fantasma.\" title=\"\"><\/figure>\n\n\n\n<figure class=\"wp-block-image\"><img decoding=\"async\" src=\"https:\/\/e2mf88cqxk2.exactdn.com\/images\/2021\/08\/Copy-of-arrow-9-150x150.png?strip=all&amp;lossy=1&amp;quality=85&amp;webp=85&amp;sharp=1&amp;ssl=1\" alt=\"\" title=\"\"><\/figure>\n\n\n\n<h3 class=\"wp-block-heading\">F\u00e1cil de usar<\/h3>\n\n\n\n<p>Puede instalar y configurar el complemento en menos de 5 minutos. No es necesario ser un experto para que esto funcione. No se requieren conocimientos de programaci\u00f3n.<\/p>\n\n\n\n<figure class=\"wp-block-image\"><img decoding=\"async\" src=\"https:\/\/e2mf88cqxk2.exactdn.com\/images\/2021\/08\/Copy-of-arrow-9-150x150.png?strip=all&amp;lossy=1&amp;quality=85&amp;webp=85&amp;sharp=1&amp;ssl=1\" alt=\"\" title=\"\"><\/figure>\n\n\n\n<h3 class=\"wp-block-heading\">M\u00e1s r\u00e1pido que otros<\/h3>\n\n\n\n<p>Hide My WordPress Ghost es un complemento optimizado para la velocidad. El tiempo de carga promedio es de 0,03 s, lo que es m\u00e1s r\u00e1pido que el 90% de los complementos de WordPress. Esto ayudar\u00e1 a mejorar la clasificaci\u00f3n de su sitio web en los motores de b\u00fasqueda.<\/p>\n\n\n\n<figure class=\"wp-block-image\"><img decoding=\"async\" src=\"https:\/\/e2mf88cqxk2.exactdn.com\/images\/2021\/08\/Copy-of-arrow-9-150x150.png?strip=all&amp;lossy=1&amp;quality=85&amp;webp=85&amp;sharp=1&amp;ssl=1\" alt=\"\" title=\"\"><\/figure>\n\n\n\n<h3 class=\"wp-block-heading\">WordPress Multisitio<\/h3>\n\n\n\n<p>Hide My WordPress Ghost funciona con WP Multisite en subdirectorios y subdominios.<\/p>\n\n\n\n<figure class=\"wp-block-image\"><img decoding=\"async\" src=\"https:\/\/e2mf88cqxk2.exactdn.com\/images\/2021\/08\/Copy-of-arrow-9-150x150.png?strip=all&amp;lossy=1&amp;quality=85&amp;webp=85&amp;sharp=1&amp;ssl=1\" alt=\"\" title=\"\"><\/figure>\n\n\n\n<h3 class=\"wp-block-heading\">Compatible con otros complementos<\/h3>\n\n\n\n<p>Hide My WordPress Ghost ha sido probado con m\u00e1s de 1000 otros temas y complementos. Funciona con los complementos de almacenamiento en cach\u00e9, complementos de seguridad, complementos de CDN y temas de WordPress m\u00e1s populares.<\/p>\n\n\n\n<figure class=\"wp-block-image\"><img decoding=\"async\" src=\"https:\/\/e2mf88cqxk2.exactdn.com\/images\/2021\/08\/Copy-of-arrow-9-150x150.png?strip=all&amp;lossy=1&amp;quality=85&amp;webp=85&amp;sharp=1&amp;ssl=1\" alt=\"\" title=\"\"><\/figure>\n\n\n\n<h3 class=\"wp-block-heading\">Soporte profesional y dedicado<\/h3>\n\n\n\n<p>Ofrecemos soporte profesional de WordPress que incluye: errores, correcciones de sitios web, problemas de procesamiento de pagos, consultas sobre la velocidad del sitio y m\u00e1s.<\/p>\n\n\n\n<h3 class=\"wp-block-heading\">Compatible con servidores de alojamiento<\/h3>\n\n\n\n<ul class=\"wp-block-list\">\n<li>Alojamiento Bitnami<\/li>\n\n\n\n<li>Hospedaje de GoDaddy<\/li>\n\n\n\n<li>Alojamiento Hostgator<\/li>\n\n\n\n<li>Alojamiento Inmotion<\/li>\n\n\n\n<li>Alojamiento de WP Engine<\/li>\n\n\n\n<li>Alojamiento de SiteGround<\/li>\n<\/ul>\n\n\n\n<ul class=\"wp-block-list\">\n<li>Alojamiento Bluehost<\/li>\n\n\n\n<li>Alojamiento Dreamhost<\/li>\n\n\n\n<li>Alojamiento Host1plus<\/li>\n\n\n\n<li>Alojamiento Patperhost<\/li>\n\n\n\n<li>Alojamiento Fastcomet<\/li>\n\n\n\n<li>Alojamiento Plio<\/li>\n<\/ul>\n\n\n\n<ul class=\"wp-block-list\">\n<li>Alojamiento FlyWheel<\/li>\n\n\n\n<li>Alojamiento de CloudPanel<\/li>\n\n\n\n<li>Alojamiento Hostinger<\/li>\n\n\n\n<li>Alojamiento en la nube de Google<\/li>\n\n\n\n<li>Alojamiento de Digitalocean<\/li>\n\n\n\n<li>y mucho m\u00e1s\u2026<\/li>\n<\/ul>","protected":false},"excerpt":{"rendered":"<p>Hide My WP Ghost Premium es un plugin de seguridad avanzado para WordPress que act\u00faa como un escudo invisible contra hackers, bots y ataques automatizados. En lugar de limitarse a proteger con firewalls, oculta por completo las rutas y archivos predeterminados de WordPress, lo que dificulta cualquier intento de intrusi\u00f3n o explotaci\u00f3n. Centr\u00e1ndose en la seguridad a trav\u00e9s de la opacidad, [\u2026]<\/p>","protected":false},"featured_media":21694,"comment_status":"open","ping_status":"closed","template":"","meta":{"_jf_limit_responses":"","iawp_total_views":56},"product_brand":[],"product_cat":[41],"product_tag":[91,49],"class_list":{"0":"post-21693","1":"product","2":"type-product","3":"status-publish","4":"has-post-thumbnail","6":"product_cat-plugins","7":"product_tag-business","8":"product_tag-starter","10":"first","11":"instock","12":"downloadable","13":"virtual","14":"purchasable","15":"product-type-simple"},"_links":{"self":[{"href":"https:\/\/packdesites.com\/es\/wp-json\/wp\/v2\/product\/21693","targetHints":{"allow":["GET"]}}],"collection":[{"href":"https:\/\/packdesites.com\/es\/wp-json\/wp\/v2\/product"}],"about":[{"href":"https:\/\/packdesites.com\/es\/wp-json\/wp\/v2\/types\/product"}],"replies":[{"embeddable":true,"href":"https:\/\/packdesites.com\/es\/wp-json\/wp\/v2\/comments?post=21693"}],"version-history":[{"count":3,"href":"https:\/\/packdesites.com\/es\/wp-json\/wp\/v2\/product\/21693\/revisions"}],"predecessor-version":[{"id":23646,"href":"https:\/\/packdesites.com\/es\/wp-json\/wp\/v2\/product\/21693\/revisions\/23646"}],"wp:featuredmedia":[{"embeddable":true,"href":"https:\/\/packdesites.com\/es\/wp-json\/wp\/v2\/media\/21694"}],"wp:attachment":[{"href":"https:\/\/packdesites.com\/es\/wp-json\/wp\/v2\/media?parent=21693"}],"wp:term":[{"taxonomy":"product_brand","embeddable":true,"href":"https:\/\/packdesites.com\/es\/wp-json\/wp\/v2\/product_brand?post=21693"},{"taxonomy":"product_cat","embeddable":true,"href":"https:\/\/packdesites.com\/es\/wp-json\/wp\/v2\/product_cat?post=21693"},{"taxonomy":"product_tag","embeddable":true,"href":"https:\/\/packdesites.com\/es\/wp-json\/wp\/v2\/product_tag?post=21693"}],"curies":[{"name":"wp","href":"https:\/\/api.w.org\/{rel}","templated":true}]}}