{"id":21690,"date":"2025-05-13T00:04:30","date_gmt":"2025-05-13T03:04:30","guid":{"rendered":"https:\/\/packdesites.com\/?post_type=product&#038;p=21690"},"modified":"2025-05-13T00:04:33","modified_gmt":"2025-05-13T03:04:33","slug":"tema-de-wordpress-para-blogs-optimizado-para-revision","status":"publish","type":"product","link":"https:\/\/packdesites.com\/es\/product\/tema-de-wordpress-para-blogs-optimizado-para-revision\/","title":{"rendered":"Revisi\u00f3n v1.0.6: Tema optimizado para blogs de WordPress"},"content":{"rendered":"<figure class=\"wp-block-image\"><a href=\"https:\/\/themeforest.net\/checkout\/from_item\/54935237?license=regular&amp;support=bundle_6month\" target=\"_blank\" rel=\"noopener\"><img decoding=\"async\" src=\"https:\/\/camo.envatousercontent.com\/a8328bc5dbab46fdc6a9133570a911ec3478e957\/68747470733a2f2f636c6f75642e636f6465737570706c792e636f2f7468656d65666f726573742f7265766973696f6e2f62616e6e65722d626573742d73656c6c696e672e706e673f763d31\" alt=\"Revisi\u00f3n - Tema optimizado de WordPress para blogs personales - 1\" title=\"\"><\/a><\/figure>\n\n\n\n<figure class=\"wp-block-image\"><a href=\"https:\/\/themeforest.net\/checkout\/from_item\/54935237?license=regular&amp;support=bundle_6month\" target=\"_blank\" rel=\"noopener\"><img decoding=\"async\" src=\"https:\/\/camo.envatousercontent.com\/0715cde2724ad6d2e71dfdda2b4bc99f892e471b\/68747470733a2f2f636c6f75642e636f6465737570706c792e636f2f7468656d65666f726573742f7265766973696f6e2f62616e6e65722d66656174757265642e706e673f763d31\" alt=\"Revisi\u00f3n - Tema optimizado de WordPress para blogs personales - 2\" title=\"\"><\/a><\/figure>\n\n\n\n<figure class=\"wp-block-image\"><a href=\"https:\/\/themeforest.net\/checkout\/from_item\/54935237?license=regular&amp;support=bundle_6month\" target=\"_blank\" rel=\"noopener\"><img decoding=\"async\" src=\"https:\/\/camo.envatousercontent.com\/605365ad61177bea8fff77d8088b0405fc13cc16\/687474703a2f2f636c6f75642e636f6465737570706c792e636f2f7468656d65666f726573742f7265766973696f6e2f6d61696e2e6a70673f763d32\" alt=\"Revisi\u00f3n - Tema optimizado de WordPress para blogs personales - 3\" title=\"\"><\/a><\/figure>\n\n\n\n<figure class=\"wp-block-image\"><img decoding=\"async\" src=\"https:\/\/camo.envatousercontent.com\/83aae09820574feb45d51b866a8f2d26a7dde03b\/687474703a2f2f636c6f75642e636f6465737570706c792e636f2f7468656d65666f726573742f7265766973696f6e2f706572666f726d616e63652e6a70673f763d33\" alt=\"Revisi\u00f3n \u2013 Tema optimizado de WordPress para blogs personales \u2013 4\" title=\"\"><\/figure>\n\n\n\n<figure class=\"wp-block-image\"><img decoding=\"async\" src=\"https:\/\/camo.envatousercontent.com\/d7f84143b479ad41660eb3e40b686aea4e6a2a81\/687474703a2f2f636c6f75642e636f6465737570706c792e636f2f7468656d65666f726573742f7265766973696f6e2f7072652d6d6164652d73697465732e6a70673f763d32\" alt=\"Revisi\u00f3n \u2013 Tema optimizado de WordPress para blogs personales \u2013 5\" title=\"\"><\/figure>\n\n\n\n<figure class=\"wp-block-image\"><img decoding=\"async\" src=\"https:\/\/camo.envatousercontent.com\/100804610e11a66eb37992e328d1b197e1b3e7ba\/687474703a2f2f636c6f75642e636f6465737570706c792e636f2f7468656d65666f726573742f7265766973696f6e2f64657369676e2e6a70673f763d32\" alt=\"Revisi\u00f3n \u2013 Tema optimizado de WordPress para blogs personales \u2013 6\" title=\"\"><\/figure>\n\n\n\n<figure class=\"wp-block-image\"><img decoding=\"async\" src=\"https:\/\/camo.envatousercontent.com\/c520672bd86639473d18c20e96a78fd0504520a3\/687474703a2f2f636c6f75642e636f6465737570706c792e636f2f7468656d65666f726573742f7265766973696f6e2f706572666f726d616e63652d7365636f6e646172792e6a70673f763d32\" alt=\"Revisi\u00f3n \u2013 Tema optimizado de WordPress para blogs personales \u2013 7\" title=\"\"><\/figure>\n\n\n\n<figure class=\"wp-block-image\"><img decoding=\"async\" src=\"https:\/\/camo.envatousercontent.com\/060f313651cfb6e0cd3d583533a556d4cb03bb54\/687474703a2f2f636c6f75642e636f6465737570706c792e636f2f7468656d65666f726573742f7265766973696f6e2f6461726b2d6d6f64652e6a70673f763d32\" alt=\"Revisi\u00f3n - Tema optimizado de WordPress para blogs personales - 8\" title=\"\"><\/figure>\n\n\n\n<figure class=\"wp-block-image\"><img decoding=\"async\" src=\"https:\/\/camo.envatousercontent.com\/b2cdf28d7589510a9439768483fb3878dbaba951\/687474703a2f2f636c6f75642e636f6465737570706c792e636f2f7468656d65666f726573742f7265766973696f6e2f6164646974696f6e616c2d66656174757265732e6a70673f763d32\" alt=\"Revisi\u00f3n \u2013 Tema optimizado de WordPress para blogs personales \u2013 9\" title=\"\"><\/figure>\n\n\n\n<figure class=\"wp-block-image\"><a href=\"https:\/\/revision.codesupply.co\/#reviews\" target=\"_blank\" rel=\"noopener\"><img decoding=\"async\" src=\"https:\/\/camo.envatousercontent.com\/5fec81e2f803d2ca53c9186029bdc95ad7aaea33\/687474703a2f2f636c6f75642e636f6465737570706c792e636f2f7468656d65666f726573742f7265766973696f6e2f74657374696d6f6e69616c732e6a70673f763d32\" alt=\"Revisi\u00f3n \u2013 Tema optimizado de WordPress para blogs personales \u2013 10\" title=\"\"><\/a><\/figure>\n\n\n\n<figure class=\"wp-block-image\"><a href=\"https:\/\/support.codesupply.co\/documentation\/wp-revision\/\" target=\"_blank\" rel=\"noopener\"><img decoding=\"async\" src=\"https:\/\/camo.envatousercontent.com\/aad4cbc2a7650e8e7b03182149c8ffdb64dd7381\/687474703a2f2f636c6f75642e636f6465737570706c792e636f2f7468656d65666f726573742f7265766973696f6e2f646f63756d656e746174696f6e2e6a70673f763d32\" alt=\"Revisi\u00f3n \u2013 Tema optimizado de WordPress para blogs personales \u2013 11\" title=\"\"><\/a><\/figure>\n\n\n\n<figure class=\"wp-block-image\"><a href=\"https:\/\/revision.codesupply.co\/#faq\" target=\"_blank\" rel=\"noopener\"><img decoding=\"async\" src=\"https:\/\/camo.envatousercontent.com\/098eb885fb854bfd72d759ff9ae41705153544fd\/687474703a2f2f636c6f75642e636f6465737570706c792e636f2f7468656d65666f726573742f7265766973696f6e2f666171732e6a70673f763d32\" alt=\"Revisi\u00f3n \u2013 Tema optimizado de WordPress para blogs personales \u2013 12\" title=\"\"><\/a><\/figure>\n\n\n\n<figure class=\"wp-block-image\"><a href=\"https:\/\/themeforest.net\/checkout\/from_item\/54935237?license=regular&amp;support=bundle_6month\" target=\"_blank\" rel=\"noopener\"><img decoding=\"async\" src=\"https:\/\/camo.envatousercontent.com\/94cdb91a97e9fad549dddfb4c47789115d0b503e\/687474703a2f2f636c6f75642e636f6465737570706c792e636f2f7468656d65666f726573742f7265766973696f6e2f6374612e6a70673f763d322e31\" alt=\"Revisi\u00f3n - Tema optimizado de WordPress para blogs personales - 13\" title=\"\"><\/a><\/figure>\n\n\n\n<h2 class=\"wp-block-heading\" id=\"item-description__disclaimer\">Descargo de responsabilidad<\/h2>\n\n\n\n<h4 class=\"wp-block-heading\" id=\"item-description__site-specific-options\">Opciones espec\u00edficas del sitio<\/h4>\n\n\n\n<p>Si bien el contenido de demostraci\u00f3n se parece lo m\u00e1s posible a nuestras demostraciones, hay algunas configuraciones espec\u00edficas del sitio que necesitan configuraci\u00f3n manual para su conveniencia, por ejemplo, enlaces a sus cuentas sociales, widgets y algunos otros.<\/p>\n\n\n\n<h4 class=\"wp-block-heading\" id=\"item-description__image-credits\">Cr\u00e9ditos de la imagen<\/h4>\n\n\n\n<p>Las im\u00e1genes de muestra que se ven en la Vista previa en vivo son solo para fines demostrativos y no est\u00e1n incluidas con la compra.<\/p>\n\n\n\n<p>Estas im\u00e1genes fueron compradas por nosotros en Shutterstock o licenciadas bajo GPL y Creative Commons.<\/p>\n\n\n\n<h4 class=\"wp-block-heading\" id=\"item-description__landing-page\">P\u00e1gina de destino<\/h4>\n\n\n\n<p>EL&nbsp;<a href=\"https:\/\/revision.codesupply.co\/\" target=\"_blank\" rel=\"noopener\">visualizaci\u00f3n<\/a>&nbsp;Inicio es una p\u00e1gina de destino para promocionar nuestro producto y mostrar diferentes demostraciones. No incluido en el tema.<\/p>\n\n\n\n<h4 class=\"wp-block-heading\" id=\"item-description__page-speed\">Velocidad de la p\u00e1gina<\/h4>\n\n\n\n<p>La puntuaci\u00f3n de velocidad de la p\u00e1gina mencionada en la p\u00e1gina del art\u00edculo es solo de referencia y depende de la demostraci\u00f3n seleccionada, el tema y la configuraci\u00f3n del servidor, y el contenido en s\u00ed. Algunas caracter\u00edsticas del tema pueden afectar negativamente la velocidad de la p\u00e1gina.<\/p>\n\n\n\n<h4 class=\"wp-block-heading\" id=\"item-description__integration-with-external-service-providers\">Integraci\u00f3n con proveedores de servicios externos<\/h4>\n\n\n\n<p>Hay algunas funciones que dependen de la comunicaci\u00f3n con proveedores de servicios externos, por ejemplo: n\u00famero de seguidores en redes sociales, n\u00famero de acciones compartidas, feeds de Instagram, etc. Dado que estos proveedores de servicios est\u00e1n fuera de nuestro control, su decisi\u00f3n de compra no debe basarse \u00fanicamente en estas caracter\u00edsticas.<\/p>\n\n\n\n<h2 class=\"wp-block-heading\" id=\"item-description__thanks-for-checking-out-revision\">Gracias por revisar la rese\u00f1a.<\/h2>\n\n\n\n<p>No dude en ponerse en contacto con nosotros si tiene alguna pregunta o comentario a trav\u00e9s de&nbsp;<a href=\"mailto:support@codesupply.co\">de nuestro correo electr\u00f3nico<\/a>.<\/p>\n\n\n\n<p>Y, si te gusta Review tanto como nosotros disfrutamos desarroll\u00e1ndolo, recuerda calificarlo.<\/p>\n\n\n\n<h2 class=\"wp-block-heading\" id=\"item-description__support\">Apoyo<\/h2>\n\n\n\n<p>Brindamos apoyo a trav\u00e9s de nuestro&nbsp;<a href=\"https:\/\/support.codesupply.co\/\" target=\"_blank\" rel=\"noopener\">sistema de tickets<\/a>. Por lo general, no brindamos soporte por correo electr\u00f3nico o comentarios en ThemeForest. Entonces, si desea que su problema se resuelva lo antes posible, abra un ticket en&nbsp;<a href=\"https:\/\/support.codesupply.co\/\" target=\"_blank\" rel=\"noopener\">soporte.codesupply.co<\/a>.<\/p>\n\n\n\n<p>Intentamos responder lo m\u00e1s r\u00e1pido posible, normalmente en 24 horas, aunque en d\u00edas festivos y fines de semana puede tardar hasta 48 horas.<\/p>\n\n\n\n<p><a href=\"https:\/\/support.codesupply.co\/documentation\/wp-revision\/\" target=\"_blank\" rel=\"noopener\">Documentaci\u00f3n en l\u00ednea<\/a>.<\/p>","protected":false},"excerpt":{"rendered":"<p>Disclaimer Op\u00e7\u00f5es espec\u00edficas do site Embora o conte\u00fado de demonstra\u00e7\u00e3o pare\u00e7a o mais pr\u00f3ximo poss\u00edvel de nossas demonstra\u00e7\u00f5es, existem algumas configura\u00e7\u00f5es espec\u00edficas do site que precisam de configura\u00e7\u00e3o manual para sua conveni\u00eancia, por exemplo, links para suas contas sociais, widgets e alguns outros. Cr\u00e9ditos da imagem As imagens de amostra visualizadas na visualiza\u00e7\u00e3o ao vivo [&hellip;]<\/p>","protected":false},"featured_media":21691,"comment_status":"open","ping_status":"closed","template":"","meta":{"_jf_limit_responses":"","iawp_total_views":81},"product_brand":[],"product_cat":[22],"product_tag":[91,49],"class_list":{"0":"post-21690","1":"product","2":"type-product","3":"status-publish","4":"has-post-thumbnail","6":"product_cat-temas-wordpress","7":"product_tag-business","8":"product_tag-starter","10":"first","11":"instock","12":"downloadable","13":"virtual","14":"purchasable","15":"product-type-simple"},"_links":{"self":[{"href":"https:\/\/packdesites.com\/es\/wp-json\/wp\/v2\/product\/21690","targetHints":{"allow":["GET"]}}],"collection":[{"href":"https:\/\/packdesites.com\/es\/wp-json\/wp\/v2\/product"}],"about":[{"href":"https:\/\/packdesites.com\/es\/wp-json\/wp\/v2\/types\/product"}],"replies":[{"embeddable":true,"href":"https:\/\/packdesites.com\/es\/wp-json\/wp\/v2\/comments?post=21690"}],"version-history":[{"count":1,"href":"https:\/\/packdesites.com\/es\/wp-json\/wp\/v2\/product\/21690\/revisions"}],"predecessor-version":[{"id":21692,"href":"https:\/\/packdesites.com\/es\/wp-json\/wp\/v2\/product\/21690\/revisions\/21692"}],"wp:featuredmedia":[{"embeddable":true,"href":"https:\/\/packdesites.com\/es\/wp-json\/wp\/v2\/media\/21691"}],"wp:attachment":[{"href":"https:\/\/packdesites.com\/es\/wp-json\/wp\/v2\/media?parent=21690"}],"wp:term":[{"taxonomy":"product_brand","embeddable":true,"href":"https:\/\/packdesites.com\/es\/wp-json\/wp\/v2\/product_brand?post=21690"},{"taxonomy":"product_cat","embeddable":true,"href":"https:\/\/packdesites.com\/es\/wp-json\/wp\/v2\/product_cat?post=21690"},{"taxonomy":"product_tag","embeddable":true,"href":"https:\/\/packdesites.com\/es\/wp-json\/wp\/v2\/product_tag?post=21690"}],"curies":[{"name":"wp","href":"https:\/\/api.w.org\/{rel}","templated":true}]}}