{"id":21398,"date":"2025-05-08T15:36:11","date_gmt":"2025-05-08T18:36:11","guid":{"rendered":"https:\/\/packdesites.com\/?post_type=product&#038;p=21398"},"modified":"2025-05-10T18:19:03","modified_gmt":"2025-05-10T21:19:03","slug":"efecto-de-desplazamiento-lineal-continuo-para-el-deslizador-del-carrusel","status":"publish","type":"product","link":"https:\/\/packdesites.com\/es\/product\/efecto-de-desplazamiento-lineal-continuo-para-el-deslizador-del-carrusel\/","title":{"rendered":"Efecto de desplazamiento lineal continuo para el carrusel deslizante"},"content":{"rendered":"<h2 class=\"wp-block-heading\">Efecto de desplazamiento lineal para Swiper<\/h2>\n\n\n\n<h3 class=\"wp-block-heading\">Convierte tu carrusel en un escaparate fluido y profesional<\/h3>\n\n\n\n<p>Con este efecto tu carrusel Swiper gana un scroll continuo y lineal, ideal para mostrar marcas, testimonios, productos o cualquier contenido de forma din\u00e1mica y elegante. El movimiento constante proporciona una experiencia visual fluida, mejorando a\u00fan m\u00e1s los elementos presentados.<\/p>\n\n\n\n<h3 class=\"wp-block-heading\">Beneficios:<\/h3>\n\n\n\n<ul class=\"wp-block-list\">\n<li>Movimiento continuo y sin atascos<\/li>\n\n\n\n<li>Est\u00e9tica moderna y profesional<\/li>\n\n\n\n<li>Admite m\u00faltiples widgets Swiper<\/li>\n\n\n\n<li>F\u00e1cil de integrar en su proyecto<\/li>\n<\/ul>\n\n\n\n<p>El c\u00f3digo requerido y las instrucciones completas de uso est\u00e1n incluidas en la descarga del producto.<\/p>\n\n\n\n<h2 class=\"wp-block-heading\">C\u00f3mo aplicar el efecto lineal continuo<\/h2>\n\n\n\n<h3 class=\"wp-block-heading\">1. Accede a la configuraci\u00f3n de tu carrusel<\/h3>\n\n\n\n<p>Aseg\u00farate de estar usando Swiper y accede al panel de configuraci\u00f3n del widget.<\/p>\n\n\n\n<h3 class=\"wp-block-heading\">2. Insertar CSS personalizado<\/h3>\n\n\n\n<p>Agregue el fragmento de CSS proporcionado en la descarga a la secci\u00f3n CSS personalizada de su constructor. Para aplicar a varios carruseles, simplemente siga las instrucciones incluidas en el paquete.<\/p>\n\n\n\n<h3 class=\"wp-block-heading\">3. Configure Swiper con los siguientes par\u00e1metros:<\/h3>\n\n\n\n<figure class=\"wp-block-image size-full portugues\"><img fetchpriority=\"high\" decoding=\"async\" width=\"285\" height=\"545\" src=\"https:\/\/packdesites.com\/wp-content\/uploads\/2025\/05\/image.png\" alt=\"\" class=\"wp-image-21400\" title=\"\" srcset=\"https:\/\/packdesites.com\/wp-content\/uploads\/2025\/05\/image.png 285w, https:\/\/packdesites.com\/wp-content\/uploads\/2025\/05\/image-157x300.png 157w, https:\/\/packdesites.com\/wp-content\/uploads\/2025\/05\/image-6x12.png 6w\" sizes=\"(max-width: 285px) 100vw, 285px\" \/><\/figure>\n\n\n\n<figure class=\"wp-block-image size-full ingles espanhol\"><img decoding=\"async\" width=\"290\" height=\"556\" src=\"https:\/\/packdesites.com\/wp-content\/uploads\/2025\/05\/image-1.png\" alt=\"\" class=\"wp-image-21402\" title=\"\" srcset=\"https:\/\/packdesites.com\/wp-content\/uploads\/2025\/05\/image-1.png 290w, https:\/\/packdesites.com\/wp-content\/uploads\/2025\/05\/image-1-156x300.png 156w, https:\/\/packdesites.com\/wp-content\/uploads\/2025\/05\/image-1-6x12.png 6w\" sizes=\"(max-width: 290px) 100vw, 290px\" \/><\/figure>\n\n\n\n<p>\u00a1Listo! Su carrusel tendr\u00e1 desplazamiento lineal continuo, ideal para aplicaciones profesionales y visuales modernos.<\/p>","protected":false},"excerpt":{"rendered":"<p>Efeito de Rolagem Linear para Swiper Transforme seu carrossel em uma vitrine fluida e profissional Com este efeito, seu carrossel Swiper ganha uma rolagem cont\u00ednua e linear, ideal para exibir marcas, depoimentos, produtos ou qualquer conte\u00fado de forma din\u00e2mica e elegante. A movimenta\u00e7\u00e3o constante proporciona uma experi\u00eancia visual suave, valorizando ainda mais os elementos apresentados. [&hellip;]<\/p>","protected":false},"featured_media":21399,"comment_status":"open","ping_status":"closed","template":"","meta":{"_jf_limit_responses":"","iawp_total_views":45},"product_brand":[],"product_cat":[75,76],"product_tag":[91,49],"class_list":{"0":"post-21398","1":"product","2":"type-product","3":"status-publish","4":"has-post-thumbnail","6":"product_cat-codigos-personalizados","7":"product_cat-css","8":"product_tag-business","9":"product_tag-starter","11":"first","12":"instock","13":"downloadable","14":"virtual","15":"purchasable","16":"product-type-simple"},"_links":{"self":[{"href":"https:\/\/packdesites.com\/es\/wp-json\/wp\/v2\/product\/21398","targetHints":{"allow":["GET"]}}],"collection":[{"href":"https:\/\/packdesites.com\/es\/wp-json\/wp\/v2\/product"}],"about":[{"href":"https:\/\/packdesites.com\/es\/wp-json\/wp\/v2\/types\/product"}],"replies":[{"embeddable":true,"href":"https:\/\/packdesites.com\/es\/wp-json\/wp\/v2\/comments?post=21398"}],"version-history":[{"count":1,"href":"https:\/\/packdesites.com\/es\/wp-json\/wp\/v2\/product\/21398\/revisions"}],"predecessor-version":[{"id":21404,"href":"https:\/\/packdesites.com\/es\/wp-json\/wp\/v2\/product\/21398\/revisions\/21404"}],"wp:featuredmedia":[{"embeddable":true,"href":"https:\/\/packdesites.com\/es\/wp-json\/wp\/v2\/media\/21399"}],"wp:attachment":[{"href":"https:\/\/packdesites.com\/es\/wp-json\/wp\/v2\/media?parent=21398"}],"wp:term":[{"taxonomy":"product_brand","embeddable":true,"href":"https:\/\/packdesites.com\/es\/wp-json\/wp\/v2\/product_brand?post=21398"},{"taxonomy":"product_cat","embeddable":true,"href":"https:\/\/packdesites.com\/es\/wp-json\/wp\/v2\/product_cat?post=21398"},{"taxonomy":"product_tag","embeddable":true,"href":"https:\/\/packdesites.com\/es\/wp-json\/wp\/v2\/product_tag?post=21398"}],"curies":[{"name":"wp","href":"https:\/\/api.w.org\/{rel}","templated":true}]}}