{"id":21392,"date":"2025-05-08T15:01:40","date_gmt":"2025-05-08T18:01:40","guid":{"rendered":"https:\/\/packdesites.com\/?post_type=product&#038;p=21392"},"modified":"2025-05-08T15:04:38","modified_gmt":"2025-05-08T18:04:38","slug":"efecto-de-texto-con-relleno-y-contorno-animados","status":"publish","type":"product","link":"https:\/\/packdesites.com\/es\/product\/efecto-de-texto-con-relleno-y-contorno-animados\/","title":{"rendered":"Efecto de texto animado de relleno y contorno"},"content":{"rendered":"<h2 class=\"wp-block-heading\">Efecto de texto de relleno animado<\/h2>\n\n\n\n<p>Este widget crea un efecto visual sorprendente de texto siendo... <strong>&quot;completado&quot;<\/strong> mediante una animaci\u00f3n de banda blanca que revela gradualmente las letras, manteniendo un borde claro visible alrededor de las letras.<\/p>\n\n\n\n<h3 class=\"wp-block-heading\">Caracter\u00edsticas:<\/h3>\n\n\n\n<ul class=\"wp-block-list\">\n<li>Borde blanco sutil alrededor de las letras con <code>-trazo de texto de webkit<\/code>.<\/li>\n\n\n\n<li>Relleno animado con degradado lineal configurable.<\/li>\n\n\n\n<li>Compatible con widgets de t\u00edtulo (por ejemplo, Elementor).<\/li>\n\n\n\n<li>Apoyo para <code>filtro de fondo<\/code> para desenfocar el fondo.<\/li>\n<\/ul>\n\n\n\n<h2 class=\"wp-block-heading\">C\u00f3mo utilizar el efecto<\/h2>\n\n\n\n<ol class=\"wp-block-list\">\n<li>Agregar un <strong>widget de t\u00edtulo<\/strong> en su constructor (por ejemplo, Elementor).<\/li>\n\n\n\n<li>Introduzca el mismo texto que se utilizar\u00e1 en la animaci\u00f3n (por ejemplo, <em>\u201cSed eiusmod sed vivamus consectetur\u201d<\/em>).<\/li>\n\n\n\n<li>Insertar c\u00f3digo CSS en el panel <strong>CSS personalizado<\/strong> del widget o tema.<\/li>\n\n\n\n<li>Reemplazar <code>selector<\/code> por el selector real de su t\u00edtulo, como <code>.elementor-heading-title<\/code> o <code>#mi-t\u00edtulo<\/code>.<\/li>\n\n\n\n<li>Coloque el texto dentro del <code>contenido<\/code> y ajuste los colores del borde, relleno y fondo seg\u00fan sus necesidades.<\/li>\n\n\n\n<li>Si hay conflictos con el color del texto original, prueba <strong>eliminar el color predeterminado<\/strong> desde el widget en la configuraci\u00f3n.<\/li>\n<\/ol>","protected":false},"excerpt":{"rendered":"<p>Efecto de texto de relleno animado. Este widget crea un impresionante efecto visual: el texto se &quot;rellena&quot; con una animaci\u00f3n de banda blanca que revela gradualmente las letras, manteniendo un borde n\u00edtido visible alrededor de todo el contorno de las letras. Caracter\u00edsticas: C\u00f3mo usar el efecto.<\/p>","protected":false},"featured_media":21393,"comment_status":"open","ping_status":"closed","template":"","meta":{"_jf_limit_responses":"","iawp_total_views":24},"product_brand":[],"product_cat":[75,76],"product_tag":[91,49],"class_list":{"0":"post-21392","1":"product","2":"type-product","3":"status-publish","4":"has-post-thumbnail","6":"product_cat-codigos-personalizados","7":"product_cat-css","8":"product_tag-business","9":"product_tag-starter","11":"first","12":"instock","13":"downloadable","14":"virtual","15":"purchasable","16":"product-type-simple"},"_links":{"self":[{"href":"https:\/\/packdesites.com\/es\/wp-json\/wp\/v2\/product\/21392","targetHints":{"allow":["GET"]}}],"collection":[{"href":"https:\/\/packdesites.com\/es\/wp-json\/wp\/v2\/product"}],"about":[{"href":"https:\/\/packdesites.com\/es\/wp-json\/wp\/v2\/types\/product"}],"replies":[{"embeddable":true,"href":"https:\/\/packdesites.com\/es\/wp-json\/wp\/v2\/comments?post=21392"}],"version-history":[{"count":1,"href":"https:\/\/packdesites.com\/es\/wp-json\/wp\/v2\/product\/21392\/revisions"}],"predecessor-version":[{"id":21395,"href":"https:\/\/packdesites.com\/es\/wp-json\/wp\/v2\/product\/21392\/revisions\/21395"}],"wp:featuredmedia":[{"embeddable":true,"href":"https:\/\/packdesites.com\/es\/wp-json\/wp\/v2\/media\/21393"}],"wp:attachment":[{"href":"https:\/\/packdesites.com\/es\/wp-json\/wp\/v2\/media?parent=21392"}],"wp:term":[{"taxonomy":"product_brand","embeddable":true,"href":"https:\/\/packdesites.com\/es\/wp-json\/wp\/v2\/product_brand?post=21392"},{"taxonomy":"product_cat","embeddable":true,"href":"https:\/\/packdesites.com\/es\/wp-json\/wp\/v2\/product_cat?post=21392"},{"taxonomy":"product_tag","embeddable":true,"href":"https:\/\/packdesites.com\/es\/wp-json\/wp\/v2\/product_tag?post=21392"}],"curies":[{"name":"wp","href":"https:\/\/api.w.org\/{rel}","templated":true}]}}