{"id":21340,"date":"2025-05-09T16:25:45","date_gmt":"2025-05-09T19:25:45","guid":{"rendered":"https:\/\/packdesites.com\/?post_type=product&#038;p=21340"},"modified":"2025-05-06T16:32:05","modified_gmt":"2025-05-06T19:32:05","slug":"wp-client-reports-pro-crea-informes-profesionales-de-clientes-en-wordpress","status":"publish","type":"product","link":"https:\/\/packdesites.com\/es\/product\/wp-client-reports-pro-crea-informes-profesionales-de-clientes-en-wordpress\/","title":{"rendered":"WP Client Reports Pro v1.0.18: Crea informes de clientes profesionales en WordPress"},"content":{"rendered":"<h2 class=\"wp-block-heading\">Simplifique la creaci\u00f3n, personalizaci\u00f3n y env\u00edo de informes detallados a sus clientes de WordPress<\/h2>\n\n\n\n<p>EL <strong>Informes de clientes de WP Pro<\/strong> Es el plugin esencial de WordPress para profesionales y agencias que desean proporcionar informes claros, concisos y visualmente atractivos a sus clientes. Olv\u00eddese de la creaci\u00f3n manual de informes, que consume mucho tiempo y suele generar errores. Con WP Client Reports Pro, puede generar informes personalizados directamente desde su panel de WordPress, ahorrando tiempo, mejorando la comunicaci\u00f3n y fortaleciendo las relaciones con sus clientes.<\/p>\n\n\n\n<h2 class=\"wp-block-heading\">Cree informes profesionales con facilidad y flexibilidad<\/h2>\n\n\n\n<p>WP Client Reports Pro ofrece una interfaz intuitiva y diversas opciones de personalizaci\u00f3n para ayudarte a crear informes que se ajusten a las necesidades espec\u00edficas de cada cliente. Selecciona los datos relevantes, organiza la informaci\u00f3n de forma l\u00f3gica y a\u00f1ade tu marca para un toque profesional.<\/p>\n\n\n\n<h2 class=\"wp-block-heading\">Potentes funciones de WP Client Reports Pro:<\/h2>\n\n\n\n<ul class=\"wp-block-list\">\n<li><strong>Generaci\u00f3n de informes personalizados:<\/strong> Elija entre una variedad de tipos de datos para incluir en sus informes, incluida informaci\u00f3n del proyecto, tareas completadas, tiempo registrado, facturas, pagos y m\u00e1s (dependiendo de las integraciones con otros complementos).<\/li>\n\n\n\n<li><strong>Dise\u00f1os de informes flexibles:<\/strong> Personalice la apariencia de sus informes con diferentes dise\u00f1os, columnas y formatos para presentar la informaci\u00f3n de la manera m\u00e1s clara y efectiva.<\/li>\n\n\n\n<li><strong>Marca personalizada:<\/strong> Agregue el logotipo de su empresa y los colores de su marca a los informes para reforzar su identidad profesional.<\/li>\n\n\n\n<li><strong>Opciones de filtrado y segmentaci\u00f3n:<\/strong> Filtre datos por cliente, rango de fechas, proyecto u otros criterios para generar informes espec\u00edficos y relevantes.<\/li>\n\n\n\n<li><strong>Vistas gr\u00e1ficas:<\/strong> Presente datos complejos de una manera visualmente atractiva con gr\u00e1ficos y tablas f\u00e1ciles de entender.<\/li>\n\n\n\n<li><strong>Programaci\u00f3n de informes:<\/strong> Automatiza el env\u00edo de informes a tus clientes a intervalos regulares (diarios, semanales, mensuales), manteni\u00e9ndolos siempre informados.<\/li>\n\n\n\n<li><strong>Opciones de exportaci\u00f3n:<\/strong> Exporte sus informes a formatos PDF para compartirlos e imprimirlos f\u00e1cilmente.<\/li>\n\n\n\n<li><strong>Integraci\u00f3n con complementos populares:<\/strong> WP Client Reports Pro est\u00e1 dise\u00f1ado para integrarse perfectamente con otros complementos populares de WordPress utilizados para la gesti\u00f3n de proyectos, facturaci\u00f3n y seguimiento del tiempo, consolidando datos importantes en un solo lugar.<\/li>\n\n\n\n<li><strong>Plantillas de informes guardadas:<\/strong> Cree y guarde plantillas de informes personalizadas para reutilizarlas de forma r\u00e1pida y eficiente para diferentes clientes o tipos de informes.<\/li>\n\n\n\n<li><strong>Control de acceso:<\/strong> Establecer permisos para que diferentes usuarios de WordPress puedan ver o generar informes.<\/li>\n<\/ul>\n\n\n\n<h2 class=\"wp-block-heading\">\u00bfPor qu\u00e9 elegir WP Client Reports Pro?<\/h2>\n\n\n\n<p>Si est\u00e1 buscando una forma eficiente y profesional de proporcionar informes detallados a sus clientes de WordPress, <strong>Informes de clientes de WP Pro<\/strong> Es la soluci\u00f3n ideal. Simplifica el proceso de creaci\u00f3n, personalizaci\u00f3n y env\u00edo de informes, permiti\u00e9ndole ahorrar tiempo, mejorar la comunicaci\u00f3n y fortalecer las relaciones con sus clientes, demostrando el valor de su trabajo de forma clara y transparente.<\/p>\n\n\n\n<h2 class=\"wp-block-heading\">Mejore la comunicaci\u00f3n con sus clientes y optimice su flujo de trabajo con WP Client Reports Pro.<\/h2>\n\n\n\n<p>\u00a1Comience hoy mismo a crear impresionantes informes de clientes directamente desde su WordPress y lleve su servicio al siguiente nivel!<\/p>","protected":false},"excerpt":{"rendered":"<p>Simplifique a Cria\u00e7\u00e3o, Personaliza\u00e7\u00e3o e Envio de Relat\u00f3rios Detalhados para Seus Clientes WordPress O WP Client Reports Pro \u00e9 o plugin WordPress essencial para profissionais e ag\u00eancias que desejam fornecer relat\u00f3rios claros, concisos e visualmente atraentes aos seus clientes. Diga adeus \u00e0 cria\u00e7\u00e3o manual de relat\u00f3rios demorada e propensa a erros. Com o WP Client [&hellip;]<\/p>","protected":false},"featured_media":21341,"comment_status":"open","ping_status":"closed","template":"","meta":{"_jf_limit_responses":"","iawp_total_views":22},"product_brand":[],"product_cat":[41],"product_tag":[91,49],"class_list":{"0":"post-21340","1":"product","2":"type-product","3":"status-publish","4":"has-post-thumbnail","6":"product_cat-plugins","7":"product_tag-business","8":"product_tag-starter","10":"first","11":"instock","12":"downloadable","13":"virtual","14":"purchasable","15":"product-type-simple"},"_links":{"self":[{"href":"https:\/\/packdesites.com\/es\/wp-json\/wp\/v2\/product\/21340","targetHints":{"allow":["GET"]}}],"collection":[{"href":"https:\/\/packdesites.com\/es\/wp-json\/wp\/v2\/product"}],"about":[{"href":"https:\/\/packdesites.com\/es\/wp-json\/wp\/v2\/types\/product"}],"replies":[{"embeddable":true,"href":"https:\/\/packdesites.com\/es\/wp-json\/wp\/v2\/comments?post=21340"}],"version-history":[{"count":1,"href":"https:\/\/packdesites.com\/es\/wp-json\/wp\/v2\/product\/21340\/revisions"}],"predecessor-version":[{"id":21442,"href":"https:\/\/packdesites.com\/es\/wp-json\/wp\/v2\/product\/21340\/revisions\/21442"}],"wp:featuredmedia":[{"embeddable":true,"href":"https:\/\/packdesites.com\/es\/wp-json\/wp\/v2\/media\/21341"}],"wp:attachment":[{"href":"https:\/\/packdesites.com\/es\/wp-json\/wp\/v2\/media?parent=21340"}],"wp:term":[{"taxonomy":"product_brand","embeddable":true,"href":"https:\/\/packdesites.com\/es\/wp-json\/wp\/v2\/product_brand?post=21340"},{"taxonomy":"product_cat","embeddable":true,"href":"https:\/\/packdesites.com\/es\/wp-json\/wp\/v2\/product_cat?post=21340"},{"taxonomy":"product_tag","embeddable":true,"href":"https:\/\/packdesites.com\/es\/wp-json\/wp\/v2\/product_tag?post=21340"}],"curies":[{"name":"wp","href":"https:\/\/api.w.org\/{rel}","templated":true}]}}