{"id":21338,"date":"2025-05-09T16:22:31","date_gmt":"2025-05-09T19:22:31","guid":{"rendered":"https:\/\/packdesites.com\/?post_type=product&#038;p=21338"},"modified":"2025-12-23T11:04:41","modified_gmt":"2025-12-23T14:04:41","slug":"tema-de-wordpress-para-periodicos-revistas-de-noticias-y-woocommerce","status":"publish","type":"product","link":"https:\/\/packdesites.com\/es\/product\/tema-de-wordpress-para-periodicos-revistas-de-noticias-y-woocommerce\/","title":{"rendered":"Peri\u00f3dico v12.7.3: Tema de WordPress para noticias, revistas y WooCommerce"},"content":{"rendered":"<h2 class=\"wp-block-heading\">Una plataforma potente y vers\u00e1til para compartir contenido y vender productos en l\u00ednea<\/h2>\n\n\n\n<p>EL <strong>Peri\u00f3dico<\/strong> es un tema moderno y responsivo de WordPress especialmente dise\u00f1ado para sitios web de noticias, revistas en l\u00ednea, blogs editoriales y tambi\u00e9n ofrece integraci\u00f3n completa de WooCommerce para funcionalidades de comercio electr\u00f3nico. Con un dise\u00f1o elegante, dise\u00f1os personalizables y una amplia gama de funciones potentes, Newspaper es la soluci\u00f3n ideal para cualquiera que busque crear una presencia en l\u00ednea impactante y profesional, ya sea compartiendo informaci\u00f3n o vendiendo productos.<\/p>\n\n\n\n<h2 class=\"wp-block-heading\">Dise\u00f1o optimizado para el contenido y la interacci\u00f3n<\/h2>\n\n\n\n<p>El tema Peri\u00f3dico ofrece dise\u00f1os limpios y centrados en el contenido, lo que garantiza que sus art\u00edculos y noticias se presenten de una manera atractiva y f\u00e1cil de leer. Con una variedad de opciones de listados, formatos de publicaciones y galer\u00edas, puede presentar su contenido de una manera atractiva para sus lectores.<\/p>\n\n\n\n<h2 class=\"wp-block-heading\">Integraci\u00f3n perfecta con WooCommerce para crear tu tienda online<\/h2>\n\n\n\n<p>Transforme su sitio web de noticias o blog en una poderosa plataforma de comercio electr\u00f3nico con la integraci\u00f3n completa de Newspaper con WooCommerce, el complemento de tienda en l\u00ednea l\u00edder para WordPress. Venda productos f\u00edsicos o digitales, administre el inventario, configure opciones de pago y env\u00edo y cree una experiencia de compra perfecta para sus visitantes.<\/p>\n\n\n\n<h2 class=\"wp-block-heading\">Caracter\u00edsticas esenciales del tema del peri\u00f3dico:<\/h2>\n\n\n\n<ul class=\"wp-block-list\">\n<li><strong>Dise\u00f1o adaptable y optimizado para dispositivos m\u00f3viles:<\/strong> Su sitio web se ver\u00e1 impecable y funcionar\u00e1 perfectamente en todos los dispositivos, lo que garantiza una excelente experiencia para todos sus visitantes.<\/li>\n\n\n\n<li><strong>Dise\u00f1os flexibles y personalizables:<\/strong> Elija entre una variedad de dise\u00f1os predise\u00f1ados para p\u00e1ginas de inicio, categor\u00edas, publicaciones y m\u00e1s, y personal\u00edcelos f\u00e1cilmente para adaptarlos a sus necesidades de dise\u00f1o.<\/li>\n\n\n\n<li><strong>Potente constructor de p\u00e1ginas tagDiv Composer:<\/strong> Cree dise\u00f1os de p\u00e1gina \u00fanicos y personalizados con el generador de arrastrar y soltar tagDiv Composer, sin necesidad de conocimientos de codificaci\u00f3n.<\/li>\n\n\n\n<li><strong>Varias opciones de encabezado y pie de p\u00e1gina:<\/strong> Personalice el encabezado y el pie de p\u00e1gina de su sitio web con una variedad de opciones de dise\u00f1o, men\u00fas, widgets e informaci\u00f3n de contacto.<\/li>\n\n\n\n<li><strong>Sistema de Revisi\u00f3n Integrado:<\/strong> Permita que sus lectores califiquen y comenten sus art\u00edculos, aumentando el compromiso y la interacci\u00f3n en su sitio.<\/li>\n\n\n\n<li><strong>Soporte de videos y galer\u00edas:<\/strong> Integre f\u00e1cilmente videos y galer\u00edas de im\u00e1genes en sus publicaciones y p\u00e1ginas para enriquecer su contenido visual.<\/li>\n\n\n\n<li><strong>Optimizaci\u00f3n SEO:<\/strong> El tema est\u00e1 construido con las mejores pr\u00e1cticas de optimizaci\u00f3n de motores de b\u00fasqueda (SEO) para ayudar a su sitio web a lograr mejores clasificaciones en Google y otros motores de b\u00fasqueda.<\/li>\n\n\n\n<li><strong>Tiempos de carga r\u00e1pidos:<\/strong> El peri\u00f3dico est\u00e1 optimizado para un rendimiento r\u00e1pido, lo que garantiza una excelente experiencia de usuario.<\/li>\n\n\n\n<li><strong>Mega Men\u00fa Avanzado:<\/strong> Cree men\u00fas de navegaci\u00f3n complejos y visualmente atractivos para que sea m\u00e1s f\u00e1cil navegar en su sitio.<\/li>\n\n\n\n<li><strong>Integraci\u00f3n de redes sociales:<\/strong> Conecte f\u00e1cilmente sus cuentas de redes sociales y fomente el intercambio de su contenido.<\/li>\n\n\n\n<li><strong>Amplia documentaci\u00f3n y soporte dedicado:<\/strong> Cuente con documentaci\u00f3n detallada y un equipo de soporte profesional para ayudarle con cualquier duda o problema.<\/li>\n<\/ul>\n\n\n\n<h2 class=\"wp-block-heading\">\u00bfPor qu\u00e9 elegir el tema del peri\u00f3dico?<\/h2>\n\n\n\n<p>Si est\u00e1s buscando un tema para WordPress <strong>Vers\u00e1til, moderno y optimizado para contenidos y comercio electr\u00f3nico.<\/strong>El peri\u00f3dico es la elecci\u00f3n ideal. Su combinaci\u00f3n de dise\u00f1o elegante, funciones potentes e integraci\u00f3n perfecta con WooCommerce lo convierten en la soluci\u00f3n perfecta para crear un sitio web de noticias, una revista en l\u00ednea, un blog o una tienda en l\u00ednea exitosos.<\/p>\n\n\n\n<h2 class=\"wp-block-heading\">\u00a1Cree su contenido y presencia de ventas en l\u00ednea con el poder del peri\u00f3dico!<\/h2>\n\n\n\n<p>Comience hoy mismo a crear su sitio web de noticias, revista o tienda en l\u00ednea con el tema <strong>Peri\u00f3dico<\/strong> \u00a1Y llega a tu audiencia con contenido de calidad y productos incre\u00edbles!<\/p>","protected":false},"excerpt":{"rendered":"<p>Uma Plataforma Poderosa e Vers\u00e1til para Compartilhar Conte\u00fado e Vender Produtos Online O Newspaper \u00e9 um tema WordPress responsivo e moderno, especialmente projetado para sites de not\u00edcias, revistas online, blogs editoriais e tamb\u00e9m oferece integra\u00e7\u00e3o completa com o WooCommerce para funcionalidades de com\u00e9rcio eletr\u00f4nico. Com um design elegante, layouts personaliz\u00e1veis e uma vasta gama de [&hellip;]<\/p>","protected":false},"featured_media":21339,"comment_status":"open","ping_status":"closed","template":"","meta":{"_jf_limit_responses":"","iawp_total_views":105},"product_brand":[],"product_cat":[22],"product_tag":[91,49],"class_list":{"0":"post-21338","1":"product","2":"type-product","3":"status-publish","4":"has-post-thumbnail","6":"product_cat-temas-wordpress","7":"product_tag-business","8":"product_tag-starter","10":"first","11":"instock","12":"downloadable","13":"virtual","14":"purchasable","15":"product-type-simple"},"_links":{"self":[{"href":"https:\/\/packdesites.com\/es\/wp-json\/wp\/v2\/product\/21338","targetHints":{"allow":["GET"]}}],"collection":[{"href":"https:\/\/packdesites.com\/es\/wp-json\/wp\/v2\/product"}],"about":[{"href":"https:\/\/packdesites.com\/es\/wp-json\/wp\/v2\/types\/product"}],"replies":[{"embeddable":true,"href":"https:\/\/packdesites.com\/es\/wp-json\/wp\/v2\/comments?post=21338"}],"version-history":[{"count":2,"href":"https:\/\/packdesites.com\/es\/wp-json\/wp\/v2\/product\/21338\/revisions"}],"predecessor-version":[{"id":24431,"href":"https:\/\/packdesites.com\/es\/wp-json\/wp\/v2\/product\/21338\/revisions\/24431"}],"wp:featuredmedia":[{"embeddable":true,"href":"https:\/\/packdesites.com\/es\/wp-json\/wp\/v2\/media\/21339"}],"wp:attachment":[{"href":"https:\/\/packdesites.com\/es\/wp-json\/wp\/v2\/media?parent=21338"}],"wp:term":[{"taxonomy":"product_brand","embeddable":true,"href":"https:\/\/packdesites.com\/es\/wp-json\/wp\/v2\/product_brand?post=21338"},{"taxonomy":"product_cat","embeddable":true,"href":"https:\/\/packdesites.com\/es\/wp-json\/wp\/v2\/product_cat?post=21338"},{"taxonomy":"product_tag","embeddable":true,"href":"https:\/\/packdesites.com\/es\/wp-json\/wp\/v2\/product_tag?post=21338"}],"curies":[{"name":"wp","href":"https:\/\/api.w.org\/{rel}","templated":true}]}}