{"id":21334,"date":"2025-05-09T16:12:37","date_gmt":"2025-05-09T19:12:37","guid":{"rendered":"https:\/\/packdesites.com\/?post_type=product&#038;p=21334"},"modified":"2025-05-06T16:15:19","modified_gmt":"2025-05-06T19:15:19","slug":"jetthemecore-para-elementor-crea-facilmente-temas-personalizados-de-wordpress","status":"publish","type":"product","link":"https:\/\/packdesites.com\/es\/product\/jetthemecore-para-elementor-crea-facilmente-temas-personalizados-de-wordpress\/","title":{"rendered":"JetThemeCore para Elementor v2.3.0.2: Crea f\u00e1cilmente temas personalizados de WordPress"},"content":{"rendered":"<h2 class=\"wp-block-heading\">Desbloquee la flexibilidad total en la creaci\u00f3n de temas de WordPress con el poder de Elementor<\/h2>\n\n\n\n<p>EL <strong>JetThemeCore para Elementor<\/strong> es el complemento esencial que convierte su generador de p\u00e1ginas Elementor en un poderoso generador de temas con todas las funciones. D\u00edgale adi\u00f3s a las limitaciones de los temas predise\u00f1ados y tome el control total sobre el dise\u00f1o de cada parte de su sitio web de WordPress, desde el encabezado y el pie de p\u00e1gina hasta las p\u00e1ginas de archivo y las publicaciones individuales.<\/p>\n\n\n\n<h2 class=\"wp-block-heading\">Libertad creativa sin codificaci\u00f3n<\/h2>\n\n\n\n<p>Con JetThemeCore, no necesitas ser un experto en codificaci\u00f3n para crear temas de WordPress impresionantes y totalmente personalizados. Su interfaz intuitiva y su perfecta integraci\u00f3n con Elementor te permiten construir cada elemento de tu tema visualmente, arrastrando y soltando widgets y personalizando cada detalle a tu gusto.<\/p>\n\n\n\n<h2 class=\"wp-block-heading\">Recursos esenciales para crear temas personalizados:<\/h2>\n\n\n\n<ul class=\"wp-block-list\">\n<li><strong>Generador de encabezados y pies de p\u00e1gina:<\/strong> Cree encabezados y pies de p\u00e1gina \u00fanicos con dise\u00f1os complejos, men\u00fas de navegaci\u00f3n personalizados, botones de llamada a la acci\u00f3n, informaci\u00f3n de contacto y m\u00e1s.<\/li>\n\n\n\n<li><strong>Constructor de publicaciones individuales:<\/strong> Define el dise\u00f1o perfecto para tus publicaciones individuales, incluida la disposici\u00f3n del t\u00edtulo, la imagen destacada, la metainformaci\u00f3n, el contenido, el autor, las publicaciones relacionadas y las secciones de comentarios.<\/li>\n\n\n\n<li><strong>Constructor de p\u00e1ginas:<\/strong> Personaliza el dise\u00f1o de tus p\u00e1ginas est\u00e1ticas, yendo m\u00e1s all\u00e1 de las opciones predeterminadas de Elementor y creando dise\u00f1os verdaderamente \u00fanicos.<\/li>\n\n\n\n<li><strong>Constructor de archivos:<\/strong> Cree dise\u00f1os atractivos y funcionales para sus p\u00e1ginas de archivo (categor\u00edas, etiquetas, fechas, autores), facilitando a sus visitantes la navegaci\u00f3n a trav\u00e9s de su contenido.<\/li>\n\n\n\n<li><strong>Generador de resultados de b\u00fasqueda:<\/strong> Optimice su p\u00e1gina de resultados de b\u00fasqueda para mejorar la experiencia del usuario y ayudarlo a encontrar lo que busca r\u00e1pidamente.<\/li>\n\n\n\n<li><strong>Generador de p\u00e1ginas 404:<\/strong> Cree una p\u00e1gina de error 404 personalizada y atractiva para mantener interesados a sus visitantes, incluso cuando no encuentren una p\u00e1gina.<\/li>\n\n\n\n<li><strong>Plantillas listas para usar:<\/strong> Aproveche una biblioteca creciente de plantillas predise\u00f1adas para encabezados, pies de p\u00e1gina, publicaciones individuales y archivos, lo que le ahorrar\u00e1 tiempo y le proporcionar\u00e1 un punto de partida para sus dise\u00f1os.<\/li>\n\n\n\n<li><strong>Condiciones de visualizaci\u00f3n:<\/strong> Establezca condiciones espec\u00edficas para mostrar diferentes plantillas de temas en diferentes partes de su sitio (por ejemplo, un encabezado espec\u00edfico para una categor\u00eda de producto).<\/li>\n\n\n\n<li><strong>Integraci\u00f3n completa con Elementor:<\/strong> Utilice todos los widgets y funciones de Elementor dentro de JetThemeCore para construir cada parte de su tema.<\/li>\n<\/ul>\n\n\n\n<h2 class=\"wp-block-heading\">\u00bfPor qu\u00e9 elegir JetThemeCore para Elementor?<\/h2>\n\n\n\n<p>Si estas buscando <strong>control total sobre el dise\u00f1o de tu tema de WordPress<\/strong>, sin necesidad de escribir c\u00f3digo, JetThemeCore es la soluci\u00f3n perfecta. Le permite crear sitios web verdaderamente \u00fanicos y personalizados que se alinean con su marca y las necesidades de su audiencia, todo dentro del entorno familiar e intuitivo de Elementor.<\/p>\n\n\n\n<h2 class=\"wp-block-heading\">\u00a1Lleve el dise\u00f1o de su sitio web de WordPress al siguiente nivel con JetThemeCore!<\/h2>\n\n\n\n<p>Abandone los temas gen\u00e9ricos y comience a construir la presencia en l\u00ednea de sus sue\u00f1os. Cons\u00edguelo ahora <strong>JetThemeCore para Elementor<\/strong> \u00a1y descubre el poder de personalizar completamente tu tema de WordPress!<\/p>","protected":false},"excerpt":{"rendered":"<p>Disfruta de una flexibilidad total en la creaci\u00f3n de temas de WordPress con el poder de Elementor. JetThemeCore para Elementor es el plugin esencial que transforma tu creador de p\u00e1ginas Elementor en un potente creador de temas todo en uno. Olv\u00eddate de las limitaciones de los temas predise\u00f1ados y controla por completo el dise\u00f1o de cada parte de tu sitio web.<\/p>","protected":false},"featured_media":21335,"comment_status":"open","ping_status":"closed","template":"","meta":{"_jf_limit_responses":"","iawp_total_views":31},"product_brand":[],"product_cat":[41],"product_tag":[91,49],"class_list":{"0":"post-21334","1":"product","2":"type-product","3":"status-publish","4":"has-post-thumbnail","6":"product_cat-plugins","7":"product_tag-business","8":"product_tag-starter","10":"first","11":"instock","12":"downloadable","13":"virtual","14":"purchasable","15":"product-type-simple"},"_links":{"self":[{"href":"https:\/\/packdesites.com\/es\/wp-json\/wp\/v2\/product\/21334","targetHints":{"allow":["GET"]}}],"collection":[{"href":"https:\/\/packdesites.com\/es\/wp-json\/wp\/v2\/product"}],"about":[{"href":"https:\/\/packdesites.com\/es\/wp-json\/wp\/v2\/types\/product"}],"replies":[{"embeddable":true,"href":"https:\/\/packdesites.com\/es\/wp-json\/wp\/v2\/comments?post=21334"}],"version-history":[{"count":1,"href":"https:\/\/packdesites.com\/es\/wp-json\/wp\/v2\/product\/21334\/revisions"}],"predecessor-version":[{"id":21439,"href":"https:\/\/packdesites.com\/es\/wp-json\/wp\/v2\/product\/21334\/revisions\/21439"}],"wp:featuredmedia":[{"embeddable":true,"href":"https:\/\/packdesites.com\/es\/wp-json\/wp\/v2\/media\/21335"}],"wp:attachment":[{"href":"https:\/\/packdesites.com\/es\/wp-json\/wp\/v2\/media?parent=21334"}],"wp:term":[{"taxonomy":"product_brand","embeddable":true,"href":"https:\/\/packdesites.com\/es\/wp-json\/wp\/v2\/product_brand?post=21334"},{"taxonomy":"product_cat","embeddable":true,"href":"https:\/\/packdesites.com\/es\/wp-json\/wp\/v2\/product_cat?post=21334"},{"taxonomy":"product_tag","embeddable":true,"href":"https:\/\/packdesites.com\/es\/wp-json\/wp\/v2\/product_tag?post=21334"}],"curies":[{"name":"wp","href":"https:\/\/api.w.org\/{rel}","templated":true}]}}