{"id":21332,"date":"2025-05-09T16:02:51","date_gmt":"2025-05-09T19:02:51","guid":{"rendered":"https:\/\/packdesites.com\/?post_type=product&#038;p=21332"},"modified":"2025-05-06T16:08:56","modified_gmt":"2025-05-06T19:08:56","slug":"translatepress-pro-business-traduccion-profesional-para-wordpress","status":"publish","type":"product","link":"https:\/\/packdesites.com\/es\/product\/translatepress-pro-business-traduccion-profesional-para-wordpress\/","title":{"rendered":"TranslatePress Pro v2.9.5 + Business v1.5.3: Traducci\u00f3n profesional para WordPress"},"content":{"rendered":"<h2 class=\"wp-block-heading\">Ampl\u00ede su alcance global con la soluci\u00f3n multiling\u00fce definitiva para WordPress<\/h2>\n\n\n\n<p>EL <strong>TranslatePress Pro + Business<\/strong> Te da el poder de transformar tu sitio web de WordPress en una plataforma verdaderamente global. Este paquete completo combina la interfaz intuitiva y la traducci\u00f3n precisa de TranslatePress Pro con las funciones avanzadas del plan Business, brind\u00e1ndote todo lo que necesitas para llegar a tu p\u00fablico en varios idiomas e impulsar tu crecimiento internacional.<\/p>\n\n\n\n<h2 class=\"wp-block-heading\">Traducci\u00f3n visual intuitiva y potente<\/h2>\n\n\n\n<p>Olv\u00eddate de los procesos de traducci\u00f3n complejos y lentos. Con TranslatePress, traduces directamente desde la interfaz de tu sitio web. Simplemente navega por tus p\u00e1ginas y traduce el texto exactamente como aparece, garantizando un contexto visual perfecto y resultados precisos.<\/p>\n\n\n\n<h2 class=\"wp-block-heading\">Funciones avanzadas de TranslatePress Pro:<\/h2>\n\n\n\n<ul class=\"wp-block-list\">\n<li><strong>Traducci\u00f3n autom\u00e1tica con inteligencia artificial:<\/strong> Integre con los principales servicios de traducci\u00f3n autom\u00e1tica (como Google Translate y DeepL) para obtener traducciones r\u00e1pidas y de alta calidad, con la flexibilidad de revisarlas y editarlas manualmente para lograr la perfecci\u00f3n.<\/li>\n\n\n\n<li><strong>Soporte de idiomas ilimitado:<\/strong> A\u00f1ade a tu sitio web tantos idiomas como necesites, sin restricciones.<\/li>\n\n\n\n<li><strong>SEO multiling\u00fce completo:<\/strong> TranslatePress es totalmente compatible con las mejores pr\u00e1cticas de SEO para sitios web multiling\u00fces. Las URL optimizadas para distintos idiomas, las etiquetas hreflang autom\u00e1ticas y los mapas de sitio espec\u00edficos garantizan que los motores de b\u00fasqueda de todo el mundo encuentren tu contenido.<\/li>\n\n\n\n<li><strong>Redirecci\u00f3n autom\u00e1tica del idioma:<\/strong> Detecta autom\u00e1ticamente el idioma del navegador del visitante y lo redirige a la versi\u00f3n correspondiente de su sitio web, proporcionando una experiencia de usuario perfecta.<\/li>\n\n\n\n<li><strong>Traducci\u00f3n de im\u00e1genes:<\/strong> Traduce el texto alternativo de tus im\u00e1genes para optimizar el SEO y mejorar la accesibilidad.<\/li>\n\n\n\n<li><strong>Bloque de idioma flotante personalizable:<\/strong> Ofrezca a sus visitantes una forma f\u00e1cil e intuitiva de seleccionar su idioma preferido con un selector de idioma elegante y personalizable.<\/li>\n\n\n\n<li><strong>Traducci\u00f3n de metadatos:<\/strong> Traduzca meta t\u00edtulos, meta descripciones y slugs para optimizar sus p\u00e1ginas para b\u00fasquedas en diferentes idiomas.<\/li>\n\n\n\n<li><strong>Corrector de traducci\u00f3n:<\/strong> Cree cuentas de revisores de traducci\u00f3n para permitir que otros colaboren en el proceso de traducci\u00f3n de su sitio web.<\/li>\n<\/ul>\n\n\n\n<h2 class=\"wp-block-heading\">Caracter\u00edsticas exclusivas del plan de negocios:<\/h2>\n\n\n\n<ul class=\"wp-block-list\">\n<li><strong>Cuentas de traductor:<\/strong> Cree cuentas de traductor dedicadas con acceso restringido a idiomas espec\u00edficos, lo que facilita el trabajo en equipo y la gesti\u00f3n de proyectos de traducci\u00f3n m\u00e1s grandes.<\/li>\n\n\n\n<li><strong>Navegaci\u00f3n por idioma:<\/strong> Personalice sus men\u00fas de navegaci\u00f3n para cada idioma, proporcionando una experiencia de navegaci\u00f3n consistente y relevante para sus usuarios globales.<\/li>\n\n\n\n<li><strong>Integraci\u00f3n con WooCommerce:<\/strong> Traduzca f\u00e1cilmente sus productos, descripciones, atributos y todo el proceso de pago de WooCommerce, expandiendo sus ventas a los mercados internacionales.<\/li>\n\n\n\n<li><strong>Traducci\u00f3n de campos personalizados:<\/strong> Traducir el contenido de campos personalizados creados con complementos como Advanced Custom Fields (ACF), Toolset y otros.<\/li>\n\n\n\n<li><strong>Detecci\u00f3n del idioma del usuario:<\/strong> Mejore la precisi\u00f3n de la redirecci\u00f3n autom\u00e1tica del idioma con opciones de detecci\u00f3n avanzadas.<\/li>\n\n\n\n<li><strong>Soporte prioritario:<\/strong> Reciba soporte t\u00e9cnico r\u00e1pido y eficiente para asegurarse de aprovechar al m\u00e1ximo todas las funciones de TranslatePress.<\/li>\n<\/ul>\n\n\n\n<h2 class=\"wp-block-heading\">\u00bfPor qu\u00e9 elegir TranslatePress Pro + Business?<\/h2>\n\n\n\n<p>Si est\u00e1 buscando una soluci\u00f3n de traducci\u00f3n de WordPress que sea <strong>F\u00e1cil de usar, potente y optimizado para SEO.<\/strong>TranslatePress Pro + Business es la opci\u00f3n ideal. Con su interfaz intuitiva, funciones avanzadas y soporte dedicado, tendr\u00e1s todas las herramientas necesarias para crear un sitio web de WordPress verdaderamente multiling\u00fce y llegar a un p\u00fablico global.<\/p>\n\n\n\n<h2 class=\"wp-block-heading\">\u00a1Lleve su negocio al siguiente nivel con TranslatePress Pro + Business!<\/h2>\n\n\n\n<p>Invierte en el crecimiento internacional de tu sitio web de WordPress. \u00a1Cons\u00edguelo ya! <strong>TranslatePress Pro + Business<\/strong> \u00a1y empieza a conectarte con clientes de todo el mundo!<\/p>","protected":false},"excerpt":{"rendered":"<p>Expanda Seu Alcance Global com a Solu\u00e7\u00e3o Multil\u00edngue Definitiva para WordPress O TranslatePress Pro + Business oferece a voc\u00ea o poder de transformar seu site WordPress em uma plataforma verdadeiramente global. Este pacote completo combina a interface intuitiva e a tradu\u00e7\u00e3o precisa do TranslatePress Pro com os recursos avan\u00e7ados do plano Business, proporcionando tudo o [&hellip;]<\/p>","protected":false},"featured_media":21333,"comment_status":"open","ping_status":"closed","template":"","meta":{"_jf_limit_responses":"","iawp_total_views":130},"product_brand":[],"product_cat":[41],"product_tag":[91,49],"class_list":{"0":"post-21332","1":"product","2":"type-product","3":"status-publish","4":"has-post-thumbnail","6":"product_cat-plugins","7":"product_tag-business","8":"product_tag-starter","10":"first","11":"instock","12":"downloadable","13":"virtual","14":"purchasable","15":"product-type-simple"},"_links":{"self":[{"href":"https:\/\/packdesites.com\/es\/wp-json\/wp\/v2\/product\/21332","targetHints":{"allow":["GET"]}}],"collection":[{"href":"https:\/\/packdesites.com\/es\/wp-json\/wp\/v2\/product"}],"about":[{"href":"https:\/\/packdesites.com\/es\/wp-json\/wp\/v2\/types\/product"}],"replies":[{"embeddable":true,"href":"https:\/\/packdesites.com\/es\/wp-json\/wp\/v2\/comments?post=21332"}],"version-history":[{"count":1,"href":"https:\/\/packdesites.com\/es\/wp-json\/wp\/v2\/product\/21332\/revisions"}],"predecessor-version":[{"id":21438,"href":"https:\/\/packdesites.com\/es\/wp-json\/wp\/v2\/product\/21332\/revisions\/21438"}],"wp:featuredmedia":[{"embeddable":true,"href":"https:\/\/packdesites.com\/es\/wp-json\/wp\/v2\/media\/21333"}],"wp:attachment":[{"href":"https:\/\/packdesites.com\/es\/wp-json\/wp\/v2\/media?parent=21332"}],"wp:term":[{"taxonomy":"product_brand","embeddable":true,"href":"https:\/\/packdesites.com\/es\/wp-json\/wp\/v2\/product_brand?post=21332"},{"taxonomy":"product_cat","embeddable":true,"href":"https:\/\/packdesites.com\/es\/wp-json\/wp\/v2\/product_cat?post=21332"},{"taxonomy":"product_tag","embeddable":true,"href":"https:\/\/packdesites.com\/es\/wp-json\/wp\/v2\/product_tag?post=21332"}],"curies":[{"name":"wp","href":"https:\/\/api.w.org\/{rel}","templated":true}]}}