{"id":21330,"date":"2025-05-09T15:55:00","date_gmt":"2025-05-09T18:55:00","guid":{"rendered":"https:\/\/packdesites.com\/?post_type=product&#038;p=21330"},"modified":"2025-12-12T11:17:53","modified_gmt":"2025-12-12T14:17:53","slug":"updraftplus-premium-copia-de-seguridad-facil-y-automatica-con-google-drive-y-otros","status":"publish","type":"product","link":"https:\/\/packdesites.com\/es\/product\/updraftplus-premium-copia-de-seguridad-facil-y-automatica-con-google-drive-y-otros\/","title":{"rendered":"UpdraftPlus Premium v2.25.9 \u2013 Copia de seguridad autom\u00e1tica con Google Drive y otros"},"content":{"rendered":"<h2 class=\"wp-block-heading\">Proteja su sitio de WordPress con el poder de UpdraftPlus Premium<\/h2>\n\n\n\n<p>Mantenga su sitio de WordPress seguro y accesible con <strong>UpdraftPlus Premium<\/strong>, la herramienta de backup y restauraci\u00f3n autom\u00e1tica m\u00e1s fiable y completa del mercado.<\/p>\n\n\n\n<h2 class=\"wp-block-heading\">Funciones premium esenciales para la seguridad de tu WordPress<\/h2>\n\n\n\n<p>UpdraftPlus Premium va m\u00e1s all\u00e1 de las copias de seguridad b\u00e1sicas, ofreciendo funciones avanzadas para proteger su sitio web ante cualquier evento inesperado:<\/p>\n\n\n\n<ul class=\"wp-block-list\">\n<li><strong>Copias de seguridad incrementales:<\/strong> Ahorre tiempo y recursos con copias de seguridad que almacenan \u00fanicamente los cambios realizados desde la \u00faltima copia de seguridad completa.<\/li>\n\n\n\n<li><strong>Migraci\u00f3n y clonaci\u00f3n simplificadas:<\/strong> Migre su sitio a un nuevo servidor o cree un entorno de prueba con solo unos pocos clics.<\/li>\n\n\n\n<li><strong>M\u00faltiples destinos de almacenamiento remoto:<\/strong> Env\u00ede sus copias de seguridad a una amplia variedad de servicios en la nube, como Google Drive, Dropbox, Amazon S3, OneDrive y muchos otros.<\/li>\n\n\n\n<li><strong>Soporte prioritario:<\/strong> Cuente con un equipo de expertos dispuestos a ayudarle en cualquier situaci\u00f3n.<\/li>\n\n\n\n<li><strong>Informes avanzados:<\/strong> Supervise el estado de sus copias de seguridad y reciba notificaciones detalladas por correo electr\u00f3nico.<\/li>\n\n\n\n<li><strong>Base de datos separada:<\/strong> Haga una copia de seguridad de su base de datos de WordPress por separado para obtener una mayor flexibilidad en la restauraci\u00f3n.<\/li>\n\n\n\n<li><strong>Cifrado:<\/strong> Proteja sus copias de seguridad con cifrado avanzado para garantizar que sus datos est\u00e9n seguros.<\/li>\n\n\n\n<li><strong>WP-CLI:<\/strong> Integre UpdraftPlus con la l\u00ednea de comandos de WordPress para una automatizaci\u00f3n avanzada.<\/li>\n\n\n\n<li><strong>Red multisitio:<\/strong> Administre copias de seguridad de m\u00faltiples instalaciones de WordPress desde una \u00fanica interfaz.<\/li>\n\n\n\n<li><strong>Subir al servidor mediante FTP\/SFTP:<\/strong> Env\u00eda tus copias de seguridad directamente a tu servidor a trav\u00e9s de FTP\/SFTP.<\/li>\n\n\n\n<li><strong>Opciones de restauraci\u00f3n avanzadas:<\/strong> Restaurar copias de seguridad completas o seleccionar archivos y bases de datos espec\u00edficos.<\/li>\n\n\n\n<li><strong>Copia de seguridad de archivos que no sean de WordPress:<\/strong> Incluya archivos y directorios que no sean parte de su instalaci\u00f3n predeterminada de WordPress en sus copias de seguridad.<\/li>\n\n\n\n<li><strong>Programaciones de copias de seguridad flexibles:<\/strong> Programe copias de seguridad autom\u00e1ticas con la frecuencia que mejor se adapte a sus necesidades.<\/li>\n<\/ul>\n\n\n\n<h2 class=\"wp-block-heading\">\u00bfPor qu\u00e9 elegir UpdraftPlus Premium?<\/h2>\n\n\n\n<p>Con m\u00e1s de tres millones de instalaciones activas, UpdraftPlus es reconocido por su fiabilidad, facilidad de uso y potentes funciones. Invierta en la seguridad de su negocio online y disfrute de la tranquilidad de UpdraftPlus Premium.<\/p>\n\n\n\n<h2 class=\"wp-block-heading\">\u00a1Empiece a proteger su WordPress hoy mismo!<\/h2>\n\n\n\n<p>No esperes lo peor. \u00a1Cons\u00edguelo ya! <strong>UpdraftPlus Premium<\/strong> y tenga la seguridad de que su sitio de WordPress siempre estar\u00e1 protegido y listo para ser restaurado en caso de cualquier eventualidad.<\/p>","protected":false},"excerpt":{"rendered":"<p>Proteja Seu Site WordPress com o Poder do UpdraftPlus Premium Mantenha seu site WordPress seguro e acess\u00edvel com o UpdraftPlus Premium, a ferramenta de backup autom\u00e1tico e restaura\u00e7\u00e3o mais confi\u00e1vel e completa do mercado. Recursos Premium Essenciais para a Seguran\u00e7a do Seu WordPress O UpdraftPlus Premium vai al\u00e9m dos backups b\u00e1sicos, oferecendo funcionalidades avan\u00e7adas para [&hellip;]<\/p>","protected":false},"featured_media":21331,"comment_status":"open","ping_status":"closed","template":"","meta":{"_jf_limit_responses":"","iawp_total_views":61},"product_brand":[],"product_cat":[41],"product_tag":[91,49],"class_list":{"0":"post-21330","1":"product","2":"type-product","3":"status-publish","4":"has-post-thumbnail","6":"product_cat-plugins","7":"product_tag-business","8":"product_tag-starter","10":"first","11":"instock","12":"downloadable","13":"virtual","14":"purchasable","15":"product-type-simple"},"_links":{"self":[{"href":"https:\/\/packdesites.com\/es\/wp-json\/wp\/v2\/product\/21330","targetHints":{"allow":["GET"]}}],"collection":[{"href":"https:\/\/packdesites.com\/es\/wp-json\/wp\/v2\/product"}],"about":[{"href":"https:\/\/packdesites.com\/es\/wp-json\/wp\/v2\/types\/product"}],"replies":[{"embeddable":true,"href":"https:\/\/packdesites.com\/es\/wp-json\/wp\/v2\/comments?post=21330"}],"version-history":[{"count":3,"href":"https:\/\/packdesites.com\/es\/wp-json\/wp\/v2\/product\/21330\/revisions"}],"predecessor-version":[{"id":24343,"href":"https:\/\/packdesites.com\/es\/wp-json\/wp\/v2\/product\/21330\/revisions\/24343"}],"wp:featuredmedia":[{"embeddable":true,"href":"https:\/\/packdesites.com\/es\/wp-json\/wp\/v2\/media\/21331"}],"wp:attachment":[{"href":"https:\/\/packdesites.com\/es\/wp-json\/wp\/v2\/media?parent=21330"}],"wp:term":[{"taxonomy":"product_brand","embeddable":true,"href":"https:\/\/packdesites.com\/es\/wp-json\/wp\/v2\/product_brand?post=21330"},{"taxonomy":"product_cat","embeddable":true,"href":"https:\/\/packdesites.com\/es\/wp-json\/wp\/v2\/product_cat?post=21330"},{"taxonomy":"product_tag","embeddable":true,"href":"https:\/\/packdesites.com\/es\/wp-json\/wp\/v2\/product_tag?post=21330"}],"curies":[{"name":"wp","href":"https:\/\/api.w.org\/{rel}","templated":true}]}}