{"id":21323,"date":"2025-05-13T00:16:04","date_gmt":"2025-05-13T03:16:04","guid":{"rendered":"https:\/\/packdesites.com\/?post_type=product&#038;p=21323"},"modified":"2026-03-13T13:09:09","modified_gmt":"2026-03-13T16:09:09","slug":"wp-rocket-el-complemento-de-cache-premium-para-acelerar-tu-sitio-de-wordpress-al-maximo","status":"publish","type":"product","link":"https:\/\/packdesites.com\/es\/product\/wp-rocket-el-complemento-de-cache-premium-para-acelerar-tu-sitio-de-wordpress-al-maximo\/","title":{"rendered":"WP Rocket v3.20.6.1 \u2013 El plugin de cach\u00e9 premium para acelerar al m\u00e1ximo tu sitio WordPress"},"content":{"rendered":"<p>EL <strong>Cohete WP<\/strong> es el complemento de almacenamiento en cach\u00e9 premium m\u00e1s eficiente del mercado para sitios web de WordPress. Con \u00e9l, mejorar\u00e1s dr\u00e1sticamente la velocidad de carga de tu sitio web, optimizar\u00e1s el SEO y proporcionar\u00e1s una experiencia de navegaci\u00f3n mucho m\u00e1s r\u00e1pida para tus visitantes.<\/p>\n\n\n\n<h2 class=\"wp-block-heading\">\u00bfPor qu\u00e9 elegir WP Rocket?<\/h2>\n\n\n\n<ul class=\"wp-block-list\">\n<li>\u2714\ufe0f Configuraci\u00f3n r\u00e1pida e intuitiva<\/li>\n\n\n\n<li>\u2714\ufe0f Compatible con cualquier tema o complemento<\/li>\n\n\n\n<li>\u2714\ufe0f Integraci\u00f3n perfecta con WooCommerce<\/li>\n\n\n\n<li>\u2714\ufe0f Optimizaci\u00f3n autom\u00e1tica de archivos CSS, JS y HTML<\/li>\n\n\n\n<li>\u2714\ufe0f Carga diferida de im\u00e1genes y v\u00eddeos<\/li>\n\n\n\n<li>\u2714\ufe0f Rendimiento mejorado en Google PageSpeed Insights<\/li>\n<\/ul>\n\n\n\n<h2 class=\"wp-block-heading\">Ideal para:<\/h2>\n\n\n\n<ul class=\"wp-block-list\">\n<li>\ud83d\udd39 Blogs y sitios web personales<\/li>\n\n\n\n<li>\ud83d\udd39 Tiendas online con WooCommerce<\/li>\n\n\n\n<li>\ud83d\udd39 Sitios web y portafolios institucionales<\/li>\n\n\n\n<li>\ud83d\udd39 P\u00e1ginas de destino y p\u00e1ginas de ventas<\/li>\n<\/ul>\n\n\n\n<h2 class=\"wp-block-heading\">Beneficios de usar con Site Pack<\/h2>\n\n\n\n<p>Con el <strong>Paquete de sitio web<\/strong>, tienes acceso a <strong>WP Rocket con licencia GPL<\/strong>y puedes usarlo en tantos proyectos como quieras. Viene listo para ser instalado y es compatible con los temas premium disponibles en el pack, como Betheme, adem\u00e1s de las plantillas exclusivas para Elementor.<\/p>","protected":false},"excerpt":{"rendered":"<p>WP Rocket es el plugin de cach\u00e9 premium m\u00e1s eficiente del mercado para sitios web de WordPress. Con \u00e9l, puedes mejorar dr\u00e1sticamente la velocidad de carga de tu sitio web, optimizar el SEO y ofrecer una experiencia de navegaci\u00f3n mucho m\u00e1s r\u00e1pida a tus visitantes. \u00bfPor qu\u00e9 elegir WP Rocket? Ideal para: Beneficios de usar con [\u2026]<\/p>","protected":false},"featured_media":21329,"comment_status":"open","ping_status":"closed","template":"","meta":{"_jf_limit_responses":"","iawp_total_views":369},"product_brand":[],"product_cat":[41],"product_tag":[91,49],"class_list":{"0":"post-21323","1":"product","2":"type-product","3":"status-publish","4":"has-post-thumbnail","6":"product_cat-plugins","7":"product_tag-business","8":"product_tag-starter","10":"first","11":"instock","12":"downloadable","13":"virtual","14":"purchasable","15":"product-type-simple"},"_links":{"self":[{"href":"https:\/\/packdesites.com\/es\/wp-json\/wp\/v2\/product\/21323","targetHints":{"allow":["GET"]}}],"collection":[{"href":"https:\/\/packdesites.com\/es\/wp-json\/wp\/v2\/product"}],"about":[{"href":"https:\/\/packdesites.com\/es\/wp-json\/wp\/v2\/types\/product"}],"replies":[{"embeddable":true,"href":"https:\/\/packdesites.com\/es\/wp-json\/wp\/v2\/comments?post=21323"}],"version-history":[{"count":4,"href":"https:\/\/packdesites.com\/es\/wp-json\/wp\/v2\/product\/21323\/revisions"}],"predecessor-version":[{"id":24757,"href":"https:\/\/packdesites.com\/es\/wp-json\/wp\/v2\/product\/21323\/revisions\/24757"}],"wp:featuredmedia":[{"embeddable":true,"href":"https:\/\/packdesites.com\/es\/wp-json\/wp\/v2\/media\/21329"}],"wp:attachment":[{"href":"https:\/\/packdesites.com\/es\/wp-json\/wp\/v2\/media?parent=21323"}],"wp:term":[{"taxonomy":"product_brand","embeddable":true,"href":"https:\/\/packdesites.com\/es\/wp-json\/wp\/v2\/product_brand?post=21323"},{"taxonomy":"product_cat","embeddable":true,"href":"https:\/\/packdesites.com\/es\/wp-json\/wp\/v2\/product_cat?post=21323"},{"taxonomy":"product_tag","embeddable":true,"href":"https:\/\/packdesites.com\/es\/wp-json\/wp\/v2\/product_tag?post=21323"}],"curies":[{"name":"wp","href":"https:\/\/api.w.org\/{rel}","templated":true}]}}