{"id":213,"date":"2024-05-30T20:56:24","date_gmt":"2024-05-30T20:56:24","guid":{"rendered":"https:\/\/packdesites.com\/produto\/theroof-construcao-e-renovacao-wordpress-tema\/"},"modified":"2025-04-03T00:19:28","modified_gmt":"2025-04-03T00:19:28","slug":"tema-de-wordpress-para-construccion-y-renovacion-de-techos","status":"publish","type":"product","link":"https:\/\/packdesites.com\/es\/product\/tema-de-wordpress-para-construccion-y-renovacion-de-techos\/","title":{"rendered":"TheRoof \u2014 Tema de WordPress para construcci\u00f3n y renovaci\u00f3n"},"content":{"rendered":"<p>\u201cTheRoof \u2013 Tema de WordPress para Construcci\u00f3n y Arquitectura\u201d es perfecto si te gusta un dise\u00f1o limpio y moderno. Este tema es ideal para arquitectos, dise\u00f1adores de muebles, fot\u00f3grafos, constructoras y cualquiera que necesite una forma sencilla, atractiva y eficaz de compartir su trabajo con sus clientes.<\/p>\n\n\n\n<p><strong>Lista de caracter\u00edsticas<\/strong><\/p>\n\n\n\n<ul class=\"wp-block-list\">\n<li>Funciona en la \u00faltima versi\u00f3n de WordPress<\/li>\n\n\n\n<li><strong>Constructor de p\u00e1ginas con arrastrar y soltar de Elementor Visualize<\/strong><\/li>\n\n\n\n<li><strong>Elementos avanzados<\/strong>&nbsp;para Elementor<\/li>\n\n\n\n<li><strong>Generador de encabezados y pies de p\u00e1gina<\/strong>&nbsp;con Elementor: complemento de encabezado, pie de p\u00e1gina y bloques<\/li>\n\n\n\n<li>P\u00e1gina de inicio con 4 estilos diferentes: imagen Parallax, control deslizante, presentaci\u00f3n de diapositivas y video (vimeo, html5 o youtube)<\/li>\n\n\n\n<li>3 p\u00e1ginas de proyecto diferentes y dos dise\u00f1os predise\u00f1ados \u00fanicos. Desarrolladas con Elementor.<\/li>\n\n\n\n<li>Integrado con Google Maps, OpenStreetMap y Mapbox<\/li>\n\n\n\n<li>Fondos de pantalla de pantalla completa<\/li>\n\n\n\n<li>Efectos de paralaje \u00fanicos y potentes<\/li>\n\n\n\n<li>Opciones de encabezado para publicaci\u00f3n, p\u00e1gina, categor\u00eda y etiqueta<\/li>\n\n\n\n<li>Fondo de video autoalojado, YouTube, Vimeo: el fondo de la imagen se utilizar\u00e1 para dispositivos m\u00f3viles<\/li>\n\n\n\n<li>Totalmente responsivo<\/li>\n\n\n\n<li>Formulario de contacto de soporte 7<\/li>\n\n\n\n<li>Opciones avanzadas de tema<\/li>\n\n\n\n<li><strong>Importe datos de demostraci\u00f3n con un solo clic<\/strong><\/li>\n\n\n\n<li>M\u00e1s de 1000 fuentes web de Google<\/li>\n\n\n\n<li>Font Awesome 5 Pro (m\u00e1s de 6500 iconos)<\/li>\n\n\n\n<li>Estructura de Bootstrap<\/li>\n\n\n\n<li><strong>F\u00e1cilmente personalizable<\/strong><\/li>\n\n\n\n<li>Traducci\u00f3n lista con archivo .pot incluido<\/li>\n\n\n\n<li>Configuraci\u00f3n de p\u00e1gina + Publicaci\u00f3n con Metabox<\/li>\n\n\n\n<li>Barra lateral del blog derecha, izquierda o de ancho completo<\/li>\n\n\n\n<li>Formato de publicaci\u00f3n<\/li>\n\n\n\n<li><strong>Tema infantil incluido<\/strong><\/li>\n\n\n\n<li>Archivo XML de datos de demostraci\u00f3n incluido<\/li>\n\n\n\n<li>Color ilimitado<\/li>\n\n\n\n<li>Bien documentado<\/li>\n\n\n\n<li>Toca y desliza<\/li>\n\n\n\n<li><strong>Suscribirse a Mailchimp<\/strong>&nbsp;con el complemento Mailchimp para WordPress<\/li>\n\n\n\n<li>Y mucho m\u00e1s\u2026<\/li>\n<\/ul>\n\n\n\n<p><strong>Javascripts<\/strong><\/p>\n\n\n\n<ol class=\"wp-block-list\">\n<li>Mapa de Mapbox<\/li>\n\n\n\n<li>Mapa de OpenLayers<\/li>\n\n\n\n<li>Mitigaci\u00f3n<\/li>\n\n\n\n<li>Is\u00f3topo<\/li>\n\n\n\n<li>Fuente Awesome 5 Pro<\/li>\n\n\n\n<li>Deslizador<\/li>\n\n\n\n<li>Galer\u00eda de luz<\/li>\n<\/ol>\n\n\n\n<p><strong>Im\u00e1genes<\/strong><\/p>\n\n\n\n<ol class=\"wp-block-list\">\n<li>Shutterstock<\/li>\n\n\n\n<li>Pexels<\/li>\n\n\n\n<li>Unsplash<\/li>\n<\/ol>\n\n\n\n<p><strong>Las im\u00e1genes utilizadas en la demostraci\u00f3n no se incluyen en el archivo debido a restricciones de licencia. Se sustituyen por marcadores de posici\u00f3n ficticios.<\/strong><\/p>","protected":false},"excerpt":{"rendered":"<p>\u201cTheRoof &#8211; Constru\u00e7\u00e3o e Arquitetura WordPress Theme\u201d \u00e9 perfeito se voc\u00ea gosta de um design limpo e moderno. Este tema \u00e9 ideal para arquitetos, designers de m\u00f3veis, fot\u00f3grafos, empresas de constru\u00e7\u00e3o e aqueles que precisam de uma maneira f\u00e1cil, atraente e eficaz de compartilhar seu trabalho com os clientes. Lista de recursos Javascripts Imagens As [&hellip;]<\/p>","protected":false},"featured_media":216,"comment_status":"closed","ping_status":"open","template":"","meta":{"_jf_limit_responses":"","iawp_total_views":72},"product_brand":[],"product_cat":[22],"product_tag":[19],"class_list":{"0":"post-213","1":"product","2":"type-product","3":"status-publish","4":"has-post-thumbnail","6":"product_cat-temas-wordpress","7":"product_tag-vitalicio","9":"first","10":"instock","11":"downloadable","12":"virtual","13":"purchasable","14":"product-type-simple"},"_links":{"self":[{"href":"https:\/\/packdesites.com\/es\/wp-json\/wp\/v2\/product\/213","targetHints":{"allow":["GET"]}}],"collection":[{"href":"https:\/\/packdesites.com\/es\/wp-json\/wp\/v2\/product"}],"about":[{"href":"https:\/\/packdesites.com\/es\/wp-json\/wp\/v2\/types\/product"}],"replies":[{"embeddable":true,"href":"https:\/\/packdesites.com\/es\/wp-json\/wp\/v2\/comments?post=213"}],"version-history":[{"count":0,"href":"https:\/\/packdesites.com\/es\/wp-json\/wp\/v2\/product\/213\/revisions"}],"wp:featuredmedia":[{"embeddable":true,"href":"https:\/\/packdesites.com\/es\/wp-json\/wp\/v2\/media\/216"}],"wp:attachment":[{"href":"https:\/\/packdesites.com\/es\/wp-json\/wp\/v2\/media?parent=213"}],"wp:term":[{"taxonomy":"product_brand","embeddable":true,"href":"https:\/\/packdesites.com\/es\/wp-json\/wp\/v2\/product_brand?post=213"},{"taxonomy":"product_cat","embeddable":true,"href":"https:\/\/packdesites.com\/es\/wp-json\/wp\/v2\/product_cat?post=213"},{"taxonomy":"product_tag","embeddable":true,"href":"https:\/\/packdesites.com\/es\/wp-json\/wp\/v2\/product_tag?post=213"}],"curies":[{"name":"wp","href":"https:\/\/api.w.org\/{rel}","templated":true}]}}