{"id":21116,"date":"2025-05-01T02:12:18","date_gmt":"2025-05-01T05:12:18","guid":{"rendered":"https:\/\/packdesites.com\/?post_type=product&#038;p=21116"},"modified":"2025-05-08T15:07:27","modified_gmt":"2025-05-08T18:07:27","slug":"mascara-de-telefono-en-formato-elementor-el-campo-de-whatsapp-en-el-formulario","status":"publish","type":"product","link":"https:\/\/packdesites.com\/es\/product\/mascara-de-telefono-en-formato-elementor-el-campo-de-whatsapp-en-el-formulario\/","title":{"rendered":"M\u00e1scara de tel\u00e9fono en Elementor: Formatear campo de WhatsApp en formulario"},"content":{"rendered":"<p>\u00bfQuieres aplicar una? <strong>M\u00e1scara de tel\u00e9fono en formato Elementor<\/strong> \u00bfDe una manera sencilla y efectiva? Este c\u00f3digo listo para usar permite formatear autom\u00e1ticamente el campo de WhatsApp en el est\u00e1ndar brasile\u00f1o, ofreciendo una experiencia mucho m\u00e1s profesional al usuario.<\/p>\n\n\n\n<p>Este script es ideal para quienes utilizan <strong>Formularios en WordPress con Elementor<\/strong> y desea insertar una m\u00e1scara de entrada sin necesidad de complementos adicionales. Compatible con cualquier dise\u00f1o, garantiza que los n\u00fameros que ingrese tengan el formato correcto: <strong>(00) 00000-0000<\/strong>.<\/p>\n\n\n\n<hr class=\"wp-block-separator has-alpha-channel-opacity\"\/>\n\n\n\n<h2 class=\"wp-block-heading\">\u00bfQu\u00e9 hace este script?<\/h2>\n\n\n\n<ul class=\"wp-block-list\">\n<li>Agregue jQuery y jQuery Mask a trav\u00e9s de CDN<\/li>\n\n\n\n<li>Aplicar m\u00e1scara a campo con ID personalizado<\/li>\n\n\n\n<li>Funciona perfectamente con el formulario nativo de Elementor.<\/li>\n\n\n\n<li>Facilita la recopilaci\u00f3n de clientes potenciales y su env\u00edo a WhatsApp con n\u00famero formateado<\/li>\n<\/ul>\n\n\n\n<hr class=\"wp-block-separator has-alpha-channel-opacity\"\/>\n\n\n\n<h2 class=\"wp-block-heading\">C\u00f3mo usar scripts en Elementor (paso a paso)<\/h2>\n\n\n\n<h3 class=\"wp-block-heading\">1. Descargue el archivo <code>.TXT<\/code> despu\u00e9s de la compra<\/h3>\n\n\n\n<p>Recibir\u00e1s el c\u00f3digo listo para copiar.<\/p>\n\n\n\n<h3 class=\"wp-block-heading\">2. En Elementor, agrega un widget <strong>HTML<\/strong><\/h3>\n\n\n\n<ul class=\"wp-block-list\">\n<li>Editar la p\u00e1gina donde se encuentra tu formulario<\/li>\n\n\n\n<li>Arrastre el widget HTML al \u00e1rea deseada (puede estar debajo del formulario)<\/li>\n\n\n\n<li>Pegar el contenido del archivo <code>.TXT<\/code> en el campo HTML<\/li>\n<\/ul>\n\n\n\n<h3 class=\"wp-block-heading\">3. Configurar el campo tel\u00e9fono<\/h3>\n\n\n\n<ul class=\"wp-block-list\">\n<li>Haga clic en el campo de tel\u00e9fono en su formulario<\/li>\n\n\n\n<li>Ir a <strong>Avanzado &gt; ID CSS<\/strong><\/li>\n\n\n\n<li>Establezca el ID como: <code>campo de formulario de WhatsApp<\/code><\/li>\n<\/ul>\n\n\n\n<h3 class=\"wp-block-heading\">4. Guardar y probar<\/h3>\n\n\n\n<p>Al acceder a la p\u00e1gina, el campo ya tendr\u00e1 la m\u00e1scara aplicada, formateando autom\u00e1ticamente el n\u00famero de tel\u00e9fono.<\/p>\n\n\n\n<hr class=\"wp-block-separator has-alpha-channel-opacity\"\/>\n\n\n\n<h2 class=\"wp-block-heading\">\u00bfPor qu\u00e9 usar mascarilla en el \u00e1mbito de WhatsApp?<\/h2>\n\n\n\n<ul class=\"wp-block-list\">\n<li>Evite n\u00fameros incompletos o inv\u00e1lidos<\/li>\n\n\n\n<li>Garantiza el est\u00e1ndar de entrada para automatizaciones y CRM<\/li>\n\n\n\n<li>Proporciona a tus visitantes mayor profesionalismo<\/li>\n\n\n\n<li>Funciona sin complementos pesados o complejos.<\/li>\n<\/ul>","protected":false},"excerpt":{"rendered":"<p>Deseja aplicar uma m\u00e1scara de telefone no formul\u00e1rio do Elementor de forma simples e eficaz? Este c\u00f3digo pronto permite formatar automaticamente o campo de WhatsApp no padr\u00e3o brasileiro, oferecendo uma experi\u00eancia muito mais profissional ao usu\u00e1rio. Esse script \u00e9 ideal para quem utiliza formul\u00e1rios no WordPress com Elementor e quer inserir uma m\u00e1scara de input [&hellip;]<\/p>","protected":false},"featured_media":21117,"comment_status":"open","ping_status":"closed","template":"","meta":{"_jf_limit_responses":"","iawp_total_views":36},"product_brand":[],"product_cat":[75,77],"product_tag":[91,49],"class_list":{"0":"post-21116","1":"product","2":"type-product","3":"status-publish","4":"has-post-thumbnail","6":"product_cat-codigos-personalizados","7":"product_cat-javascript","8":"product_tag-business","9":"product_tag-starter","11":"first","12":"instock","13":"downloadable","14":"virtual","15":"purchasable","16":"product-type-simple"},"_links":{"self":[{"href":"https:\/\/packdesites.com\/es\/wp-json\/wp\/v2\/product\/21116","targetHints":{"allow":["GET"]}}],"collection":[{"href":"https:\/\/packdesites.com\/es\/wp-json\/wp\/v2\/product"}],"about":[{"href":"https:\/\/packdesites.com\/es\/wp-json\/wp\/v2\/types\/product"}],"replies":[{"embeddable":true,"href":"https:\/\/packdesites.com\/es\/wp-json\/wp\/v2\/comments?post=21116"}],"version-history":[{"count":0,"href":"https:\/\/packdesites.com\/es\/wp-json\/wp\/v2\/product\/21116\/revisions"}],"wp:featuredmedia":[{"embeddable":true,"href":"https:\/\/packdesites.com\/es\/wp-json\/wp\/v2\/media\/21117"}],"wp:attachment":[{"href":"https:\/\/packdesites.com\/es\/wp-json\/wp\/v2\/media?parent=21116"}],"wp:term":[{"taxonomy":"product_brand","embeddable":true,"href":"https:\/\/packdesites.com\/es\/wp-json\/wp\/v2\/product_brand?post=21116"},{"taxonomy":"product_cat","embeddable":true,"href":"https:\/\/packdesites.com\/es\/wp-json\/wp\/v2\/product_cat?post=21116"},{"taxonomy":"product_tag","embeddable":true,"href":"https:\/\/packdesites.com\/es\/wp-json\/wp\/v2\/product_tag?post=21116"}],"curies":[{"name":"wp","href":"https:\/\/api.w.org\/{rel}","templated":true}]}}