{"id":21114,"date":"2025-05-01T01:36:25","date_gmt":"2025-05-01T04:36:25","guid":{"rendered":"https:\/\/packdesites.com\/?post_type=product&#038;p=21114"},"modified":"2025-05-01T01:38:45","modified_gmt":"2025-05-01T04:38:45","slug":"desactivar-gratis-el-desplazamiento-horizontal-en-elemental-o-eliminar-el-error-de-desplazamiento-en-wordpress","status":"publish","type":"product","link":"https:\/\/packdesites.com\/es\/product\/desactivar-gratis-el-desplazamiento-horizontal-en-elemental-o-eliminar-el-error-de-desplazamiento-en-wordpress\/","title":{"rendered":"[Gratis] Desactivar el desplazamiento horizontal en Elementor: eliminar el error de desplazamiento en WordPress"},"content":{"rendered":"<p>Si tiene problemas con el <strong>desplazamiento horizontal en WordPress<\/strong>, especialmente en p\u00e1ginas realizadas con Elementor, tenga en cuenta que este error es m\u00e1s com\u00fan de lo que parece. Este recurso gratuito fue creado exactamente para <strong>Deshabilitar el desplazamiento horizontal en Elementor<\/strong> de forma r\u00e1pida, limpia y funcional.<\/p>\n\n\n\n<p>Este tipo de error generalmente ocurre despu\u00e9s de importar plantillas, usar elementos personalizados o cambiar m\u00e1rgenes y anchos incorrectamente. El resultado es una mala experiencia en dispositivos m\u00f3viles y una apariencia desordenada en el escritorio. Afortunadamente, la soluci\u00f3n es sencilla: <strong>eliminar el desplazamiento lateral del sitio web<\/strong> con un peque\u00f1o fragmento de c\u00f3digo CSS.<\/p>\n\n\n\n<hr class=\"wp-block-separator has-alpha-channel-opacity\"\/>\n\n\n\n<h2 class=\"wp-block-heading\">\u00bfQu\u00e9 causa el error de desplazamiento en Elementor?<\/h2>\n\n\n\n<p>Este problema puede ser causado por varios factores:<\/p>\n\n\n\n<ul class=\"wp-block-list\">\n<li>Secciones con ancho mayor a 100%<\/li>\n\n\n\n<li>Columnas desalineadas<\/li>\n\n\n\n<li>M\u00e1rgenes negativos<\/li>\n\n\n\n<li>Efectos de movimiento que van m\u00e1s all\u00e1 de los l\u00edmites de la pantalla.<\/li>\n<\/ul>\n\n\n\n<p>El c\u00f3digo que proporcionamos act\u00faa directamente sobre los elementos. <code>html<\/code> y <code>cuerpo<\/code>, asegur\u00e1ndose de que respeten el ancho m\u00e1ximo y no permitan la <strong>desplazamiento horizontal en WordPress<\/strong>.<\/p>\n\n\n\n<hr class=\"wp-block-separator has-alpha-channel-opacity\"\/>\n\n\n\n<h2 class=\"wp-block-heading\">C\u00f3mo usar este c\u00f3digo en Elementor<\/h2>\n\n\n\n<p>Despu\u00e9s de descargar el archivo <code>.TXT<\/code>, siga los pasos a continuaci\u00f3n para aplicar el c\u00f3digo a su sitio web:<\/p>\n\n\n\n<h3 class=\"wp-block-heading\">1. M\u00e9todo a trav\u00e9s de WordPress Customize<\/h3>\n\n\n\n<ul class=\"wp-block-list\">\n<li>Ir a <strong>Apariencia &gt; Personalizar &gt; CSS adicional<\/strong><\/li>\n\n\n\n<li>Copia el c\u00f3digo del bloc de notas y p\u00e9galo en el campo CSS<\/li>\n\n\n\n<li>Hacer clic en <strong>Publicar<\/strong><\/li>\n<\/ul>\n\n\n\n<h3 class=\"wp-block-heading\">2. M\u00e9todo directo en Elementor<\/h3>\n\n\n\n<ul class=\"wp-block-list\">\n<li>Abra cualquier p\u00e1gina con Elementor<\/li>\n\n\n\n<li>Ir a <strong>Configuraci\u00f3n del sitio &gt; CSS personalizado<\/strong><\/li>\n\n\n\n<li>Pegue el c\u00f3digo y haga clic <strong>Para actualizar<\/strong><\/li>\n<\/ul>\n\n\n\n<p>\u00a1Listo! El problema se resolver\u00e1 en segundos.<\/p>\n\n\n\n<hr class=\"wp-block-separator has-alpha-channel-opacity\"\/>\n\n\n\n<h2 class=\"wp-block-heading\">\u00bfPor qu\u00e9 eliminar el desplazamiento lateral en un sitio web?<\/h2>\n\n\n\n<p>Eliminar este error mejora:<\/p>\n\n\n\n<ul class=\"wp-block-list\">\n<li>Sensibilidad<\/li>\n\n\n\n<li>Experiencia del usuario<\/li>\n\n\n\n<li>Rendimiento del dise\u00f1o<\/li>\n\n\n\n<li>La est\u00e9tica general del sitio.<\/li>\n<\/ul>\n\n\n\n<p>Si trabajas con <strong>p\u00e1ginas de destino<\/strong>, <strong>Blogs de WordPress<\/strong> o <strong>Plantillas de paquete de sitio<\/strong>La aplicaci\u00f3n de esta soluci\u00f3n garantiza un sitio web m\u00e1s profesional.<\/p>","protected":false},"excerpt":{"rendered":"<p>Si tienes problemas con el desplazamiento horizontal en WordPress, especialmente en p\u00e1ginas creadas con Elementor, debes saber que este error es m\u00e1s com\u00fan de lo que parece. Esta funci\u00f3n gratuita se cre\u00f3 precisamente para desactivar el desplazamiento horizontal en Elementor de forma r\u00e1pida, limpia y funcional. Este tipo de error suele ocurrir despu\u00e9s de importar [\u2026]<\/p>","protected":false},"featured_media":21115,"comment_status":"open","ping_status":"closed","template":"","meta":{"_jf_limit_responses":"","iawp_total_views":71},"product_brand":[],"product_cat":[75,76],"product_tag":[19],"class_list":{"0":"post-21114","1":"product","2":"type-product","3":"status-publish","4":"has-post-thumbnail","6":"product_cat-codigos-personalizados","7":"product_cat-css","8":"product_tag-vitalicio","10":"first","11":"instock","12":"downloadable","13":"virtual","14":"purchasable","15":"product-type-simple"},"_links":{"self":[{"href":"https:\/\/packdesites.com\/es\/wp-json\/wp\/v2\/product\/21114","targetHints":{"allow":["GET"]}}],"collection":[{"href":"https:\/\/packdesites.com\/es\/wp-json\/wp\/v2\/product"}],"about":[{"href":"https:\/\/packdesites.com\/es\/wp-json\/wp\/v2\/types\/product"}],"replies":[{"embeddable":true,"href":"https:\/\/packdesites.com\/es\/wp-json\/wp\/v2\/comments?post=21114"}],"version-history":[{"count":0,"href":"https:\/\/packdesites.com\/es\/wp-json\/wp\/v2\/product\/21114\/revisions"}],"wp:featuredmedia":[{"embeddable":true,"href":"https:\/\/packdesites.com\/es\/wp-json\/wp\/v2\/media\/21115"}],"wp:attachment":[{"href":"https:\/\/packdesites.com\/es\/wp-json\/wp\/v2\/media?parent=21114"}],"wp:term":[{"taxonomy":"product_brand","embeddable":true,"href":"https:\/\/packdesites.com\/es\/wp-json\/wp\/v2\/product_brand?post=21114"},{"taxonomy":"product_cat","embeddable":true,"href":"https:\/\/packdesites.com\/es\/wp-json\/wp\/v2\/product_cat?post=21114"},{"taxonomy":"product_tag","embeddable":true,"href":"https:\/\/packdesites.com\/es\/wp-json\/wp\/v2\/product_tag?post=21114"}],"curies":[{"name":"wp","href":"https:\/\/api.w.org\/{rel}","templated":true}]}}