{"id":21062,"date":"2025-04-28T20:44:46","date_gmt":"2025-04-28T23:44:46","guid":{"rendered":"https:\/\/packdesites.com\/?post_type=product&#038;p=21062"},"modified":"2025-04-28T20:44:50","modified_gmt":"2025-04-28T23:44:50","slug":"kit-de-plantillas-de-elementor-de-drivexy-para-empresas-de-alquiler-de-coches-y-servicios-de-transporte","status":"publish","type":"product","link":"https:\/\/packdesites.com\/es\/product\/kit-de-plantillas-de-elementor-de-drivexy-para-empresas-de-alquiler-de-coches-y-servicios-de-transporte\/","title":{"rendered":"Drivexy: Kit de plantillas Elementor para servicios de alquiler de veh\u00edculos y transporte"},"content":{"rendered":"<p>EL <strong>Drivexy<\/strong> es un kit de plantillas Elementor totalmente adaptable, dise\u00f1ado para empresas de alquiler de autom\u00f3viles, servicios de transporte y conductores privados. Con un dise\u00f1o limpio, moderno y profesional, facilita la creaci\u00f3n de un sitio web impactante y funcional sin la necesidad de codificaci\u00f3n.<\/p>\n\n\n\n<p>Perfectamente optimizado para el tema gratuito. <strong>Hola Elementor<\/strong>Drivexy ofrece una carga r\u00e1pida, una navegaci\u00f3n intuitiva y p\u00e1ginas dise\u00f1adas para mejorar la experiencia del usuario y potenciar los resultados de su negocio. Podr\u00e1s exhibir tu flota, destacar tus servicios y agilizar el proceso de reserva de forma eficiente.<\/p>\n\n\n\n<h3 class=\"wp-block-heading\">Adecuado para:<\/h3>\n\n\n\n<ul class=\"wp-block-list\">\n<li>empresas de alquiler de coches<\/li>\n\n\n\n<li>Servicios de transporte ejecutivo<\/li>\n\n\n\n<li>Empresas de conductores privados<\/li>\n<\/ul>\n\n\n\n<h3 class=\"wp-block-heading\">Caracter\u00edsticas principales:<\/h3>\n\n\n\n<ul class=\"wp-block-list\">\n<li>Dise\u00f1o moderno y responsivo<\/li>\n\n\n\n<li>Integraci\u00f3n perfecta con Elementor y el tema Hello Elementor<\/li>\n\n\n\n<li>Experiencia de carga r\u00e1pida<\/li>\n\n\n\n<li>Dise\u00f1os optimizados para la conversi\u00f3n<\/li>\n\n\n\n<li>F\u00e1cil personalizaci\u00f3n sin necesidad de programaci\u00f3n.<\/li>\n<\/ul>\n\n\n\n<h3 class=\"wp-block-heading\">Plantillas incluidas:<\/h3>\n\n\n\n<ul class=\"wp-block-list\">\n<li>P\u00e1gina de inicio<\/li>\n\n\n\n<li>Sobre nosotros<\/li>\n\n\n\n<li>Lista de coches<\/li>\n\n\n\n<li>Detalles del veh\u00edculo<\/li>\n\n\n\n<li>Nuestro conductor<\/li>\n\n\n\n<li>Preguntas frecuentes (FAQ)<\/li>\n\n\n\n<li>Testimonios<\/li>\n\n\n\n<li>Blog<\/li>\n\n\n\n<li>P\u00e1gina 404<\/li>\n\n\n\n<li>Contacto<\/li>\n<\/ul>\n\n\n\n<h3 class=\"wp-block-heading\">Fuentes utilizadas:<\/h3>\n\n\n\n<ul class=\"wp-block-list\">\n<li>Ilimitado<\/li>\n\n\n\n<li>Honesto<\/li>\n<\/ul>\n\n\n\n<hr class=\"wp-block-separator has-alpha-channel-opacity\"\/>\n\n\n\n<h3 class=\"wp-block-heading\">C\u00f3mo utilizar el kit de plantillas:<\/h3>\n\n\n\n<blockquote class=\"wp-block-quote is-layout-flow wp-block-quote-is-layout-flow\">\n<p><strong>Importante:<\/strong> Este kit no es un tema completo de WordPress, sino un conjunto de dise\u00f1os de Elementor.<\/p>\n<\/blockquote>\n\n\n\n<ol class=\"wp-block-list\">\n<li>Instalar y activar el complemento <strong>Elementos de Envato<\/strong> en WordPress (en <strong>Complementos &gt; Agregar nuevo<\/strong>).<\/li>\n\n\n\n<li>No descomprima el archivo del kit despu\u00e9s de descargarlo.<\/li>\n\n\n\n<li>Acceso <strong>Elementos &gt; Kits instalados<\/strong> y haga clic en <strong>Kit de plantillas de carga<\/strong>.<\/li>\n\n\n\n<li>Importe los estilos globales y luego las p\u00e1ginas individualmente a trav\u00e9s de <strong>Mis modelos<\/strong> de Elementor.<\/li>\n\n\n\n<li>Al crear sus p\u00e1ginas, configure el dise\u00f1o en <strong>Elementor de ancho completo<\/strong> para que el encabezado y el pie de p\u00e1gina aparezcan correctamente.<\/li>\n<\/ol>\n\n\n\n<p>Gu\u00eda de instalaci\u00f3n completa:<br><a class=\"\" href=\"https:\/\/help.market.envato.com\/hc\/en-us\/articles\/36033428836889-How-to-Upload-Install-Elementor-Template-Kits-from-Themeforest-to-WordPress\" target=\"_blank\" rel=\"noopener\">C\u00f3mo instalar los kits de plantillas de Elementor desde Themeforest<\/a><\/p>\n\n\n\n<p>Para obtener ayuda adicional, visita WordPress: <strong>Elementor &gt; Obtener ayuda<\/strong>.<\/p>\n\n\n\n<hr class=\"wp-block-separator has-alpha-channel-opacity\"\/>\n\n\n\n<h3 class=\"wp-block-heading\">Complementos incluidos en el kit:<\/h3>\n\n\n\n<ul class=\"wp-block-list\">\n<li>Elementor<\/li>\n\n\n\n<li>ElementsKit Lite<\/li>\n\n\n\n<li>Kit de Elementor<\/li>\n\n\n\n<li>MetForm<\/li>\n\n\n\n<li>Complementos Qi para Elementor<\/li>\n\n\n\n<li>Complementos definitivos para Elementor<\/li>\n<\/ul>\n\n\n\n<hr class=\"wp-block-separator has-alpha-channel-opacity\"\/>\n\n\n\n<h3 class=\"wp-block-heading\">Configuraci\u00f3n del encabezado con el kit Jeg Elementor:<\/h3>\n\n\n\n<ol class=\"wp-block-list\">\n<li>Acceso <strong>Kit Jeg Elementor &gt; Plantilla de encabezado<\/strong> en el panel de WordPress.<\/li>\n\n\n\n<li>Hacer clic en <strong>Agregar nuevo encabezado<\/strong>.<\/li>\n\n\n\n<li>Establezca la condici\u00f3n para <strong>Todo el sitio<\/strong> y haga clic en <strong>Para crear<\/strong>.<\/li>\n\n\n\n<li>Haga clic en el icono del l\u00e1piz para <strong>Editar<\/strong>.<\/li>\n\n\n\n<li>Utilice el icono de carpeta gris para acceder <strong>Mis modelos<\/strong> e inserte la plantilla de encabezado deseada.<\/li>\n\n\n\n<li>Personaliza y guarda los cambios.<\/li>\n<\/ol>\n\n\n\n<p><strong>Si usas Elementor Pro<\/strong>, puede configurar encabezados y pies de p\u00e1gina directamente a trav\u00e9s de <strong>Constructor de temas<\/strong>.<\/p>\n\n\n\n<hr class=\"wp-block-separator has-alpha-channel-opacity\"\/>\n\n\n\n<h3 class=\"wp-block-heading\">Configuraci\u00f3n de formularios personalizados con MetForm:<\/h3>\n\n\n\n<ol class=\"wp-block-list\">\n<li>Edite la p\u00e1gina deseada en Elementor.<\/li>\n\n\n\n<li>Agregar el widget <strong>MetForm<\/strong>.<\/li>\n\n\n\n<li>Hacer clic en <strong>Editar formulario &gt; Nuevo<\/strong> y luego en <strong>Editar formulario<\/strong>.<\/li>\n\n\n\n<li>Haga clic en el bot\u00f3n de carpeta gris <strong>Agregar plantilla<\/strong>.<\/li>\n\n\n\n<li>Importar el modelo deseado desde la pesta\u00f1a <strong>Mis modelos<\/strong>.<\/li>\n\n\n\n<li>Despu\u00e9s de cargar el formulario, haga clic en <strong>Para actualizar<\/strong>.<\/li>\n<\/ol>\n\n\n\n<hr class=\"wp-block-separator has-alpha-channel-opacity\"\/>\n\n\n\n<h3 class=\"wp-block-heading\">Im\u00e1genes:<\/h3>\n\n\n\n<p>Drivexy utiliza im\u00e1genes de demostraci\u00f3n de <strong>Elementos de Envato<\/strong>. Para utilizarlos comercialmente es necesario adquirir una licencia. Tambi\u00e9n puedes reemplazarlos con tus propias im\u00e1genes.<\/p>\n\n\n\n<p>Colecci\u00f3n de im\u00e1genes utilizadas:<br><a class=\"\" href=\"https:\/\/elements.envato.com\/collections\/N6SYBH9EUP\" target=\"_blank\" rel=\"noopener\">Envato Elements \u2013 Colecci\u00f3n Drivexy<\/a><\/p>","protected":false},"excerpt":{"rendered":"<p>Drivexy es un kit de plantillas Elementor totalmente adaptable, dise\u00f1ado para empresas de alquiler de coches, servicios de transporte y conductores privados. Con un dise\u00f1o limpio, moderno y profesional, facilita la creaci\u00f3n de un sitio web impactante y funcional sin necesidad de programar. Perfectamente optimizado para el tema gratuito Hello Elementor, Drivexy [\u2026]<\/p>","protected":false},"featured_media":21063,"comment_status":"open","ping_status":"closed","template":"","meta":{"_jf_limit_responses":"","iawp_total_views":226},"product_brand":[],"product_cat":[23,24,31],"product_tag":[19],"class_list":{"0":"post-21062","1":"product","2":"type-product","3":"status-publish","4":"has-post-thumbnail","6":"product_cat-templates-elementor-e-envato","7":"product_cat-templates-envato","8":"product_cat-veiculos","9":"product_tag-vitalicio","11":"first","12":"instock","13":"downloadable","14":"virtual","15":"purchasable","16":"product-type-simple"},"_links":{"self":[{"href":"https:\/\/packdesites.com\/es\/wp-json\/wp\/v2\/product\/21062","targetHints":{"allow":["GET"]}}],"collection":[{"href":"https:\/\/packdesites.com\/es\/wp-json\/wp\/v2\/product"}],"about":[{"href":"https:\/\/packdesites.com\/es\/wp-json\/wp\/v2\/types\/product"}],"replies":[{"embeddable":true,"href":"https:\/\/packdesites.com\/es\/wp-json\/wp\/v2\/comments?post=21062"}],"version-history":[{"count":1,"href":"https:\/\/packdesites.com\/es\/wp-json\/wp\/v2\/product\/21062\/revisions"}],"predecessor-version":[{"id":23189,"href":"https:\/\/packdesites.com\/es\/wp-json\/wp\/v2\/product\/21062\/revisions\/23189"}],"wp:featuredmedia":[{"embeddable":true,"href":"https:\/\/packdesites.com\/es\/wp-json\/wp\/v2\/media\/21063"}],"wp:attachment":[{"href":"https:\/\/packdesites.com\/es\/wp-json\/wp\/v2\/media?parent=21062"}],"wp:term":[{"taxonomy":"product_brand","embeddable":true,"href":"https:\/\/packdesites.com\/es\/wp-json\/wp\/v2\/product_brand?post=21062"},{"taxonomy":"product_cat","embeddable":true,"href":"https:\/\/packdesites.com\/es\/wp-json\/wp\/v2\/product_cat?post=21062"},{"taxonomy":"product_tag","embeddable":true,"href":"https:\/\/packdesites.com\/es\/wp-json\/wp\/v2\/product_tag?post=21062"}],"curies":[{"name":"wp","href":"https:\/\/api.w.org\/{rel}","templated":true}]}}