{"id":21060,"date":"2025-04-28T20:38:50","date_gmt":"2025-04-28T23:38:50","guid":{"rendered":"https:\/\/packdesites.com\/?post_type=product&#038;p=21060"},"modified":"2025-04-28T20:38:54","modified_gmt":"2025-04-28T23:38:54","slug":"kit-de-plantillas-de-elementor-de-onesecond-para-servicios-de-marketing-por-correo-electronico","status":"publish","type":"product","link":"https:\/\/packdesites.com\/es\/product\/kit-de-plantillas-de-elementor-de-onesecond-para-servicios-de-marketing-por-correo-electronico\/","title":{"rendered":"OneSecond: Kit de plantillas de Elementor para servicios de email marketing"},"content":{"rendered":"<p>EL <strong>Un segundo<\/strong> es un kit de plantillas Elementor premium dise\u00f1ado especialmente para agencias y especialistas en marketing por correo electr\u00f3nico. Desarrollado para WordPress, combina un dise\u00f1o sofisticado con una estructura funcional de alto rendimiento, creando una plataforma ideal para quienes quieren generar conversiones y presentar sus servicios de manera profesional.<\/p>\n\n\n\n<p>Con una tipograf\u00eda elegante y un uso inteligente del espacio en blanco, el <strong>Un segundo<\/strong> Ofrece una experiencia de navegaci\u00f3n limpia y atractiva. Hay m\u00e1s de <strong>20 p\u00e1ginas predise\u00f1adas<\/strong>, todo optimizado para garantizar un rendimiento excelente en todos los dispositivos, con personalizaci\u00f3n sencilla a trav\u00e9s del editor de arrastrar y soltar de Elementor.<\/p>\n\n\n\n<p>Lo que distingue a OneSecond es su enfoque absoluto en la experiencia del usuario: dise\u00f1os estructurados para guiar a los visitantes, puntos de interrupci\u00f3n optimizados para una m\u00e1xima capacidad de respuesta y compatibilidad entre navegadores. Con secciones estrat\u00e9gicas para resaltar los beneficios y una p\u00e1gina dedicada para <strong>Reserva de demostraci\u00f3n<\/strong>Este kit est\u00e1 hecho para convertir a los visitantes en clientes.<\/p>\n\n\n\n<h3 class=\"wp-block-heading\">Adecuado para:<\/h3>\n\n\n\n<ul class=\"wp-block-list\">\n<li>Agencias de marketing por correo electr\u00f3nico<\/li>\n\n\n\n<li>Consultores de marketing digital<\/li>\n\n\n\n<li>Empresas de soluciones de marketing B2B<\/li>\n<\/ul>\n\n\n\n<h3 class=\"wp-block-heading\">Caracter\u00edsticas principales:<\/h3>\n\n\n\n<ul class=\"wp-block-list\">\n<li>Tipograf\u00eda moderna y espacio en blanco para una apariencia sofisticada.<\/li>\n\n\n\n<li>Dise\u00f1o profesional basado en un sistema de dise\u00f1o cohesivo<\/li>\n\n\n\n<li>M\u00e1s de 20 plantillas listas para usar<\/li>\n\n\n\n<li>Colores ilimitados y m\u00e1s de 900 fuentes disponibles.<\/li>\n\n\n\n<li>Dise\u00f1o adaptable con puntos de interrupci\u00f3n optimizados<\/li>\n\n\n\n<li>Totalmente personalizable sin necesidad de codificaci\u00f3n<\/li>\n\n\n\n<li>Bot\u00f3n \u201cVolver al inicio\u201d<\/li>\n\n\n\n<li>Amplia compatibilidad con todos los navegadores principales.<\/li>\n\n\n\n<li>P\u00e1gina exclusiva para programar demostraciones<\/li>\n<\/ul>\n\n\n\n<h3 class=\"wp-block-heading\">Plantillas incluidas:<\/h3>\n\n\n\n<ul class=\"wp-block-list\">\n<li>Estilo de tema global<\/li>\n\n\n\n<li>Directrices de dise\u00f1o<\/li>\n\n\n\n<li>P\u00e1gina de inicio<\/li>\n\n\n\n<li>Sobre nosotros<\/li>\n\n\n\n<li>Formulario de suscripci\u00f3n al blog<\/li>\n\n\n\n<li>Contacto<\/li>\n\n\n\n<li>Dentro de poco<\/li>\n\n\n\n<li>P\u00e1gina 404<\/li>\n\n\n\n<li>Entrada de blog<\/li>\n\n\n\n<li>Blog principal<\/li>\n\n\n\n<li>Preguntas frecuentes<\/li>\n\n\n\n<li>Testimonios<\/li>\n\n\n\n<li>Carreras<\/li>\n\n\n\n<li>Reserva de demostraci\u00f3n<\/li>\n\n\n\n<li>Integraciones<\/li>\n\n\n\n<li>Planes y precios<\/li>\n\n\n\n<li>Soluciones<\/li>\n\n\n\n<li>Caracter\u00edsticas<\/li>\n\n\n\n<li>P\u00e1gina del producto<\/li>\n\n\n\n<li>Formulario de inscripci\u00f3n<\/li>\n\n\n\n<li>Formulario de contacto<\/li>\n\n\n\n<li>Encabezamiento<\/li>\n\n\n\n<li>Z\u00f3calo<\/li>\n<\/ul>\n\n\n\n<h3 class=\"wp-block-heading\">Complementos necesarios (incluidos en el kit):<\/h3>\n\n\n\n<ul class=\"wp-block-list\">\n<li>Elementor<\/li>\n\n\n\n<li>Los complementos Plus<\/li>\n\n\n\n<li>ElementsKit Lite<\/li>\n\n\n\n<li>Kit de elementos de goma de mascar<\/li>\n\n\n\n<li>MetForm<\/li>\n<\/ul>\n\n\n\n<hr class=\"wp-block-separator has-alpha-channel-opacity\"\/>\n\n\n\n<h3 class=\"wp-block-heading\">C\u00f3mo utilizar el kit de plantillas:<\/h3>\n\n\n\n<ol class=\"wp-block-list\">\n<li>Instalar y activar el complemento <strong>Elementos de Envato<\/strong> en tu WordPress (en <strong>Complementos &gt; Agregar nuevo<\/strong>).<\/li>\n\n\n\n<li>Sin descomprimir el archivo descargado, vaya a <strong>Elementos &gt; Kits instalados<\/strong> y haga clic en <strong>Kit de plantillas de carga<\/strong>.<\/li>\n\n\n\n<li>Siga las instrucciones en la parte superior para instalar los complementos necesarios.<\/li>\n\n\n\n<li>Importe primero los estilos globales y luego cada p\u00e1gina individualmente a trav\u00e9s de la pesta\u00f1a <strong>Mis modelos<\/strong> de Elementor.<\/li>\n\n\n\n<li>Al crear p\u00e1ginas, configure el dise\u00f1o en <strong>Elementor de ancho completo<\/strong> y ocultar el t\u00edtulo de la p\u00e1gina.<\/li>\n<\/ol>\n\n\n\n<blockquote class=\"wp-block-quote is-layout-flow wp-block-quote-is-layout-flow\">\n<p><strong>Atenci\u00f3n:<\/strong><br>EL <strong>Un segundo<\/strong> es un kit de plantillas para Elementor, no un tema tradicional de WordPress.<\/p>\n<\/blockquote>\n\n\n\n<p>Gu\u00eda de instalaci\u00f3n completa:<br><a class=\"\" href=\"https:\/\/help.market.envato.com\/hc\/en-us\/articles\/36033428836889-How-to-Upload-Install-Elementor-Template-Kits-from-Themeforest-to-WordPress\" target=\"_blank\" rel=\"noopener\">Instrucciones para instalar los kits de plantillas de Elementor<\/a><\/p>\n\n\n\n<p>\u00bfNecesitas ayuda? Acceder al panel: <strong>Elementor &gt; Obtener ayuda<\/strong>.<\/p>\n\n\n\n<hr class=\"wp-block-separator has-alpha-channel-opacity\"\/>\n\n\n\n<h3 class=\"wp-block-heading\">Configuraci\u00f3n de formularios de MetForm:<\/h3>\n\n\n\n<ul class=\"wp-block-list\">\n<li>Al editar una p\u00e1gina con un formulario, agregue el widget <strong>MetForm<\/strong>.<\/li>\n\n\n\n<li>Hacer clic en <strong>Editar formulario &gt; Nuevo &gt; Editar formulario<\/strong>.<\/li>\n\n\n\n<li>Importa tu modelo a trav\u00e9s de <strong>Mis modelos<\/strong> e insertarlo en el constructor.<\/li>\n\n\n\n<li>Actualice la p\u00e1gina despu\u00e9s de ingresar el formulario.<\/li>\n<\/ul>\n\n\n\n<h3 class=\"wp-block-heading\">Configuraci\u00f3n de encabezado y pie de p\u00e1gina en ElementsKit:<\/h3>\n\n\n\n<ul class=\"wp-block-list\">\n<li>Ir a <strong>ElementsKit &gt; Encabezado y pie de p\u00e1gina<\/strong>.<\/li>\n\n\n\n<li>Hacer clic en <strong>Agregar nueva plantilla<\/strong> y activarlo.<\/li>\n\n\n\n<li>Edite el contenido usando Elementor e importe plantillas listas para usar a trav\u00e9s de la pesta\u00f1a <strong>Mis modelos<\/strong>.<\/li>\n<\/ul>\n\n\n\n<hr class=\"wp-block-separator has-alpha-channel-opacity\"\/>\n\n\n\n<h3 class=\"wp-block-heading\">Im\u00e1genes:<\/h3>\n\n\n\n<p>Las im\u00e1genes de demostraci\u00f3n utilizadas en este kit son de Envato Elements. Para usarlos en su sitio web, necesitar\u00e1 comprar la licencia o reemplazarlos con sus propias im\u00e1genes.<\/p>\n\n\n\n<p>Colecci\u00f3n de im\u00e1genes utilizadas:<br><a class=\"\" href=\"https:\/\/elements.envato.com\/collections\/XF24UZW7TL\" target=\"_blank\" rel=\"noopener\">Envato Elements \u2013 Colecci\u00f3n OneSecond<\/a><\/p>","protected":false},"excerpt":{"rendered":"<p>OneSecond es un kit de plantillas premium de Elementor, dise\u00f1ado especialmente para agencias y profesionales del email marketing. Desarrollado para WordPress, combina un dise\u00f1o sofisticado con una estructura funcional y de alto rendimiento, creando una plataforma ideal para quienes buscan generar conversiones y presentar sus servicios de forma profesional. Con una tipograf\u00eda elegante y el uso de [\u2026]<\/p>","protected":false},"featured_media":21061,"comment_status":"open","ping_status":"closed","template":"","meta":{"_jf_limit_responses":"","iawp_total_views":223},"product_brand":[],"product_cat":[23,27,24],"product_tag":[19],"class_list":{"0":"post-21060","1":"product","2":"type-product","3":"status-publish","4":"has-post-thumbnail","6":"product_cat-templates-elementor-e-envato","7":"product_cat-prestadores-de-servicos","8":"product_cat-templates-envato","9":"product_tag-vitalicio","11":"first","12":"instock","13":"downloadable","14":"virtual","15":"purchasable","16":"product-type-simple"},"_links":{"self":[{"href":"https:\/\/packdesites.com\/es\/wp-json\/wp\/v2\/product\/21060","targetHints":{"allow":["GET"]}}],"collection":[{"href":"https:\/\/packdesites.com\/es\/wp-json\/wp\/v2\/product"}],"about":[{"href":"https:\/\/packdesites.com\/es\/wp-json\/wp\/v2\/types\/product"}],"replies":[{"embeddable":true,"href":"https:\/\/packdesites.com\/es\/wp-json\/wp\/v2\/comments?post=21060"}],"version-history":[{"count":0,"href":"https:\/\/packdesites.com\/es\/wp-json\/wp\/v2\/product\/21060\/revisions"}],"wp:featuredmedia":[{"embeddable":true,"href":"https:\/\/packdesites.com\/es\/wp-json\/wp\/v2\/media\/21061"}],"wp:attachment":[{"href":"https:\/\/packdesites.com\/es\/wp-json\/wp\/v2\/media?parent=21060"}],"wp:term":[{"taxonomy":"product_brand","embeddable":true,"href":"https:\/\/packdesites.com\/es\/wp-json\/wp\/v2\/product_brand?post=21060"},{"taxonomy":"product_cat","embeddable":true,"href":"https:\/\/packdesites.com\/es\/wp-json\/wp\/v2\/product_cat?post=21060"},{"taxonomy":"product_tag","embeddable":true,"href":"https:\/\/packdesites.com\/es\/wp-json\/wp\/v2\/product_tag?post=21060"}],"curies":[{"name":"wp","href":"https:\/\/api.w.org\/{rel}","templated":true}]}}