{"id":21058,"date":"2025-04-28T20:23:41","date_gmt":"2025-04-28T23:23:41","guid":{"rendered":"https:\/\/packdesites.com\/?post_type=product&#038;p=21058"},"modified":"2025-04-28T20:23:44","modified_gmt":"2025-04-28T23:23:44","slug":"kit-de-plantillas-zipnook-elementor-para-portatiles","status":"publish","type":"product","link":"https:\/\/packdesites.com\/es\/product\/kit-de-plantillas-zipnook-elementor-para-portatiles\/","title":{"rendered":"ZipNook \u2014 Kit de plantillas Elementor para tienda de port\u00e1tiles"},"content":{"rendered":"<p><strong>ZipNook \u2014 Kit de plantillas Elementor para tienda de port\u00e1tiles<\/strong><\/p>\n\n\n\n<p>EL <strong>ZipNook<\/strong> es un kit de plantillas para Elementor, desarrollado especialmente para tiendas en l\u00ednea de computadoras port\u00e1tiles y accesorios. Con un dise\u00f1o moderno, navegaci\u00f3n intuitiva e integraci\u00f3n completa con WooCommerce, es la elecci\u00f3n perfecta para crear una tienda online profesional y responsive. El kit ofrece p\u00e1ginas de productos sofisticadas, categor\u00edas bien organizadas, descripciones detalladas y un proceso de pago sin complicaciones, ideal para aumentar sus ventas y mejorar la experiencia del cliente.<\/p>\n\n\n\n<h3 class=\"wp-block-heading\">Caracter\u00edsticas principales:<\/h3>\n\n\n\n<ul class=\"wp-block-list\">\n<li>Personalizaci\u00f3n r\u00e1pida: ajuste fuentes, colores y elementos individuales de forma centralizada.<\/li>\n\n\n\n<li>Constructor visual de arrastrar y soltar: edita tu sitio web sin codificar.<\/li>\n\n\n\n<li>Dise\u00f1o elegante y contempor\u00e1neo.<\/li>\n\n\n\n<li>Optimizado para carga r\u00e1pida.<\/li>\n\n\n\n<li>Compatibilidad con la mayor\u00eda de los temas que utilizan Elementor.<\/li>\n<\/ul>\n\n\n\n<h3 class=\"wp-block-heading\">Plantillas incluidas:<\/h3>\n\n\n\n<ul class=\"wp-block-list\">\n<li>P\u00e1gina de inicio<\/li>\n\n\n\n<li>Almacenar<\/li>\n\n\n\n<li>Sobre nosotros<\/li>\n\n\n\n<li>Contacto<\/li>\n\n\n\n<li>Ofertas<\/li>\n\n\n\n<li>Testimonios<\/li>\n\n\n\n<li>Blog<\/li>\n\n\n\n<li>Entrada de blog<\/li>\n\n\n\n<li>Producto individual<\/li>\n\n\n\n<li>Equipo<\/li>\n\n\n\n<li>Preguntas frecuentes (FAQ)<\/li>\n\n\n\n<li>P\u00e1gina &quot;Pr\u00f3ximamente&quot;<\/li>\n\n\n\n<li>P\u00e1gina de error 404<\/li>\n<\/ul>\n\n\n\n<h3 class=\"wp-block-heading\">Secciones y bloques adicionales:<\/h3>\n\n\n\n<ul class=\"wp-block-list\">\n<li>Formulario de mensaje<\/li>\n\n\n\n<li>Formulario de bolet\u00edn informativo<\/li>\n\n\n\n<li>Formulario de contacto<\/li>\n<\/ul>\n\n\n\n<h3 class=\"wp-block-heading\">Complementos necesarios (preinstalados con el kit):<\/h3>\n\n\n\n<ul class=\"wp-block-list\">\n<li>Elementor<\/li>\n\n\n\n<li>Elementor Pro<\/li>\n\n\n\n<li>Kit de Elementor<\/li>\n\n\n\n<li>WooCommerce<\/li>\n<\/ul>\n\n\n\n<hr class=\"wp-block-separator has-alpha-channel-opacity\"\/>\n\n\n\n<h3 class=\"wp-block-heading\">C\u00f3mo utilizar el kit de plantillas:<\/h3>\n\n\n\n<ol class=\"wp-block-list\">\n<li>En WordPress, vaya a <strong>Complementos &gt; Agregar nuevo<\/strong> e instalar el complemento <strong>Elementos de Envato<\/strong>.<\/li>\n\n\n\n<li>No extraiga el archivo comprimido del kit despu\u00e9s de descargarlo.<\/li>\n\n\n\n<li>En <strong>Elementos &gt; Kits instalados<\/strong>, haga clic en <strong>Kit de plantillas de carga<\/strong> o conecta tu cuenta de Envato para importar directamente.<\/li>\n\n\n\n<li>Verifique e instale todos los complementos recomendados a trav\u00e9s del aviso naranja que se muestra despu\u00e9s de la carga.<\/li>\n\n\n\n<li>Primero, importe el <strong>estilos globales<\/strong> del kit.<\/li>\n\n\n\n<li>Importar cada modelo individualmente en <strong>Plantillas &gt; Plantillas guardadas<\/strong>.<\/li>\n\n\n\n<li>Crea una nueva p\u00e1gina en WordPress y haz clic <strong>Editar con Elementor<\/strong>.<\/li>\n\n\n\n<li>En el constructor, abra la configuraci\u00f3n (\u00edcono de engranaje) y configure el dise\u00f1o en <strong>Elementor de ancho completo<\/strong> y <strong>Ocultar el t\u00edtulo de la p\u00e1gina<\/strong>.<\/li>\n\n\n\n<li>Importe el modelo deseado usando la pesta\u00f1a <strong>Mis modelos<\/strong> (icono de carpeta gris).<\/li>\n<\/ol>\n\n\n\n<blockquote class=\"wp-block-quote is-layout-flow wp-block-quote-is-layout-flow\">\n<p><strong>Observaci\u00f3n:<\/strong><br>Si eres due\u00f1o del <strong>Elementor Pro<\/strong>, tambi\u00e9n puedes personalizar encabezados y pies de p\u00e1gina a trav\u00e9s de la <strong>Constructor de temas<\/strong>.<\/p>\n<\/blockquote>\n\n\n\n<p>Para obtener instrucciones detalladas, visite:<br><a class=\"\" href=\"https:\/\/help.market.envato.com\/hc\/en-us\/articles\/900000842846-How-to-use-the-Envato-Elements-WordPress-Plugin-v2-0\" target=\"_blank\" rel=\"noopener\">Gu\u00eda de instalaci\u00f3n de Envato Elements<\/a><\/p>\n\n\n\n<p>\u00bfNecesitas ayuda? En tu panel de WordPress, ve a <strong>Elementor &gt; Obtener ayuda<\/strong>.<\/p>\n\n\n\n<hr class=\"wp-block-separator has-alpha-channel-opacity\"\/>\n\n\n\n<h3 class=\"wp-block-heading\">Im\u00e1genes:<\/h3>\n\n\n\n<p>Este kit utiliza im\u00e1genes de demostraci\u00f3n de Envato Elements. Para usarlos en su sitio web, necesitar\u00e1 comprar una licencia de Envato o puede reemplazarlos con sus propias fotos.<\/p>\n\n\n\n<p>Colecci\u00f3n de im\u00e1genes utilizadas:<br><a class=\"\" href=\"https:\/\/elements.envato.com\/collections\/VRM34K7AZP\" target=\"_blank\" rel=\"noopener\">Envato Elements \u2013 Colecci\u00f3n ZipNook<\/a><\/p>","protected":false},"excerpt":{"rendered":"<p>ZipNook \u2014 Kit de plantillas de Elementor para tiendas de port\u00e1tiles. ZipNook es un kit de plantillas de Elementor, desarrollado especialmente para tiendas online de port\u00e1tiles y accesorios. Con un dise\u00f1o moderno, navegaci\u00f3n intuitiva e integraci\u00f3n completa con WooCommerce, es la opci\u00f3n perfecta para crear una tienda online profesional y responsiva. El kit ofrece [\u2026]<\/p>","protected":false},"featured_media":21059,"comment_status":"open","ping_status":"closed","template":"","meta":{"_jf_limit_responses":"","iawp_total_views":275},"product_brand":[],"product_cat":[23,26,24],"product_tag":[19],"class_list":{"0":"post-21058","1":"product","2":"type-product","3":"status-publish","4":"has-post-thumbnail","6":"product_cat-templates-elementor-e-envato","7":"product_cat-lojas-virtuais","8":"product_cat-templates-envato","9":"product_tag-vitalicio","11":"first","12":"instock","13":"downloadable","14":"virtual","15":"purchasable","16":"product-type-simple"},"_links":{"self":[{"href":"https:\/\/packdesites.com\/es\/wp-json\/wp\/v2\/product\/21058","targetHints":{"allow":["GET"]}}],"collection":[{"href":"https:\/\/packdesites.com\/es\/wp-json\/wp\/v2\/product"}],"about":[{"href":"https:\/\/packdesites.com\/es\/wp-json\/wp\/v2\/types\/product"}],"replies":[{"embeddable":true,"href":"https:\/\/packdesites.com\/es\/wp-json\/wp\/v2\/comments?post=21058"}],"version-history":[{"count":0,"href":"https:\/\/packdesites.com\/es\/wp-json\/wp\/v2\/product\/21058\/revisions"}],"wp:featuredmedia":[{"embeddable":true,"href":"https:\/\/packdesites.com\/es\/wp-json\/wp\/v2\/media\/21059"}],"wp:attachment":[{"href":"https:\/\/packdesites.com\/es\/wp-json\/wp\/v2\/media?parent=21058"}],"wp:term":[{"taxonomy":"product_brand","embeddable":true,"href":"https:\/\/packdesites.com\/es\/wp-json\/wp\/v2\/product_brand?post=21058"},{"taxonomy":"product_cat","embeddable":true,"href":"https:\/\/packdesites.com\/es\/wp-json\/wp\/v2\/product_cat?post=21058"},{"taxonomy":"product_tag","embeddable":true,"href":"https:\/\/packdesites.com\/es\/wp-json\/wp\/v2\/product_tag?post=21058"}],"curies":[{"name":"wp","href":"https:\/\/api.w.org\/{rel}","templated":true}]}}