{"id":21055,"date":"2025-04-28T20:04:04","date_gmt":"2025-04-28T23:04:04","guid":{"rendered":"https:\/\/packdesites.com\/?post_type=product&#038;p=21055"},"modified":"2025-12-20T16:07:54","modified_gmt":"2025-12-20T19:07:54","slug":"kit-de-plantillas-de-educacion-infantil-de-playwize","status":"publish","type":"product","link":"https:\/\/packdesites.com\/es\/product\/kit-de-plantillas-de-educacion-infantil-de-playwize\/","title":{"rendered":"Playwize \u2014 Kit de plantillas para educaci\u00f3n infantil temprana"},"content":{"rendered":"<p>Playwize es un kit de plantillas Elementor, creado especialmente para sitios web de educaci\u00f3n de la primera infancia, como guarder\u00edas, centros preescolares, cursos en l\u00ednea y servicios de aprendizaje temprano. Desarrollado por el constructor de p\u00e1ginas Elementor para WordPress, le permite personalizar su sitio web f\u00e1cilmente sin ning\u00fan conocimiento de programaci\u00f3n. Su dise\u00f1o moderno, rendimiento optimizado y configuraci\u00f3n sencilla garantizan la creaci\u00f3n de un sitio web profesional y funcional en poco tiempo.<\/p>\n\n\n\n<p>Teniendo en cuenta el rendimiento y la velocidad de su sitio web, Playwize incluye la exclusiva <strong>Complemento RomeThemeKit<\/strong>, una soluci\u00f3n completa que elimina la necesidad de m\u00faltiples complementos. Ofrece un generador de temas, widgets avanzados, \u00edconos premium y un generador de formularios, lo que mantiene su sitio responsivo y f\u00e1cil de administrar, al mismo tiempo que brinda funciones poderosas.<\/p>\n\n\n\n<p>Este kit re\u00fane m\u00e1s de <strong>16 plantillas de p\u00e1ginas listas para usar<\/strong>, lo que le permite lanzar su sitio web r\u00e1pidamente y con el m\u00ednimo esfuerzo. Ideal para empresas de educaci\u00f3n infantil, guarder\u00edas, escuelas o plataformas de aprendizaje en l\u00ednea, Playwize combina dise\u00f1o profesional, personalizaci\u00f3n intuitiva y alto rendimiento.<\/p>\n\n\n\n<h3 class=\"wp-block-heading\">Principales ventajas:<\/h3>\n\n\n\n<ul class=\"wp-block-list\">\n<li><strong>Kit tem\u00e1tico exclusivo de Roma<\/strong>:Creador de temas, formularios, widgets avanzados e \u00edconos premium en un solo complemento.<\/li>\n\n\n\n<li><strong>Centrarse en el rendimiento<\/strong>:Uso m\u00ednimo de complementos para garantizar una carga r\u00e1pida.<\/li>\n\n\n\n<li><strong>M\u00e1s de 16 plantillas listas para usar<\/strong>:P\u00e1ginas dise\u00f1adas profesionalmente para elevar la imagen de su marca.<\/li>\n\n\n\n<li><strong>No requiere Elementor Pro<\/strong>:Todas las funciones incluidas funcionan con Elementor gratuito.<\/li>\n\n\n\n<li><strong>Dise\u00f1o adaptable<\/strong>:Adaptado para escritorio, tableta y tel\u00e9fono inteligente.<\/li>\n\n\n\n<li><strong>Personalizaci\u00f3n completa a trav\u00e9s de Elementor<\/strong>:Modifique todo con el editor visual, sin tener que codificar.<\/li>\n\n\n\n<li><strong>F\u00e1cil de personalizar<\/strong>:Incluye documentaci\u00f3n detallada y v\u00eddeos tutoriales.<\/li>\n\n\n\n<li><strong>Actualizaciones de por vida y soporte continuo<\/strong>:Garantizamos soporte 24 horas al d\u00eda, 7 d\u00edas a la semana y actualizaciones gratuitas para siempre.<\/li>\n<\/ul>\n\n\n\n<h3 class=\"wp-block-heading\">\u00bfPor qu\u00e9 elegir Playwize?<\/h3>\n\n\n\n<ul class=\"wp-block-list\">\n<li><strong>Dise\u00f1o profesional<\/strong>:Dise\u00f1ado para transmitir confianza y calidad en la educaci\u00f3n.<\/li>\n\n\n\n<li><strong>Rendimiento superior<\/strong>:Sitios r\u00e1pidos con complementos m\u00ednimos.<\/li>\n\n\n\n<li><strong>Compromiso de por vida<\/strong>:Tu sitio web siempre actualizado sin coste adicional.<\/li>\n\n\n\n<li><strong>Flexibilidad total<\/strong>:Personalice f\u00e1cilmente con RomeThemeKit.<\/li>\n\n\n\n<li><strong>F\u00e1cil de usar<\/strong>:Ideal tanto para principiantes como para usuarios avanzados.<\/li>\n<\/ul>\n\n\n\n<h3 class=\"wp-block-heading\">Adecuado para:<\/h3>\n\n\n\n<ul class=\"wp-block-list\">\n<li>Empresas emergentes educativas<\/li>\n\n\n\n<li>Educaci\u00f3n y cuidado infantil en la primera infancia<\/li>\n\n\n\n<li>Escuelas y guarder\u00edas<\/li>\n\n\n\n<li>Cursos en l\u00ednea y plataformas de aprendizaje electr\u00f3nico<\/li>\n<\/ul>\n\n\n\n<h3 class=\"wp-block-heading\">Modelos incluidos:<\/h3>\n\n\n\n<ul class=\"wp-block-list\">\n<li>P\u00e1gina de inicio<\/li>\n\n\n\n<li>Sobre nosotros<\/li>\n\n\n\n<li>Nuestro equipo<\/li>\n\n\n\n<li>Servicios<\/li>\n\n\n\n<li>Detalles del servicio<\/li>\n\n\n\n<li>Afiliaci\u00f3n<\/li>\n\n\n\n<li>Ubicaci\u00f3n<\/li>\n\n\n\n<li>Testimonios<\/li>\n\n\n\n<li>Preguntas frecuentes<\/li>\n\n\n\n<li>P\u00e1gina 404<\/li>\n\n\n\n<li>Blog<\/li>\n\n\n\n<li>Entrada de blog \u00fanica<\/li>\n\n\n\n<li>Contacto<\/li>\n\n\n\n<li>Encabezamiento<\/li>\n\n\n\n<li>Z\u00f3calo<\/li>\n<\/ul>\n\n\n\n<p><strong>Bloques adicionales:<\/strong><\/p>\n\n\n\n<ul class=\"wp-block-list\">\n<li>Formulario de preguntas<\/li>\n\n\n\n<li>Formulario de contacto<\/li>\n<\/ul>\n\n\n\n<h3 class=\"wp-block-heading\">Complementos integrados:<\/h3>\n\n\n\n<ul class=\"wp-block-list\">\n<li>Kit de temas de Roma para Elementor<\/li>\n\n\n\n<li>Formulario tem\u00e1tico de Roma<\/li>\n<\/ul>\n\n\n\n<p><em>(Nota: no es necesario Elementor Pro para utilizar este kit).<\/em><\/p>\n\n\n\n<hr class=\"wp-block-separator has-alpha-channel-opacity\"\/>\n\n\n\n<h3 class=\"wp-block-heading\">C\u00f3mo utilizar el kit de plantillas:<\/h3>\n\n\n\n<p>Este kit <strong>No es un tema de WordPress<\/strong> \u2014Solo contiene las plantillas de dise\u00f1o para Elementor. La instalaci\u00f3n se realiza mediante plugin <strong>Elementos de Envato<\/strong> o directamente a trav\u00e9s de Elementor.<\/p>\n\n\n\n<ul class=\"wp-block-list\">\n<li>Instalaci\u00f3n mediante Envato Elements:<br><a class=\"\" href=\"https:\/\/help.market.envato.com\/hc\/en-us\/articles\/36033428836889-How-to-Upload-Install-Elementor-Template-Kits-from-Themeforest-to-WordPress\" target=\"_blank\" rel=\"noopener\">Gu\u00eda completa aqu\u00ed<\/a><\/li>\n\n\n\n<li>Para obtener ayuda adicional, visite <strong>Elementor &gt; Obtener ayuda<\/strong> en WordPress.<\/li>\n<\/ul>\n\n\n\n<hr class=\"wp-block-separator has-alpha-channel-opacity\"\/>\n\n\n\n<h3 class=\"wp-block-heading\">Configuraci\u00f3n de encabezado y pie de p\u00e1gina en RomeThemeKit:<\/h3>\n\n\n\n<p>Si utiliza Elementor Pro:<\/p>\n\n\n\n<ul class=\"wp-block-list\">\n<li>Vaya a RomeThemeKit &gt; Creador de temas<\/li>\n\n\n\n<li>Crear un nuevo encabezado o pie de p\u00e1gina<\/li>\n\n\n\n<li>Establezca la condici\u00f3n en \u201cTodo el sitio\u201d y guarde<\/li>\n\n\n\n<li>Edite con Elementor e importe la plantilla de encabezado\/pie de p\u00e1gina desde la pesta\u00f1a &quot;Mis plantillas&quot;<\/li>\n<\/ul>\n\n\n\n<h3 class=\"wp-block-heading\">C\u00f3mo configurar formularios:<\/h3>\n\n\n\n<p>Si no tienes Elementor Pro:<\/p>\n\n\n\n<ul class=\"wp-block-list\">\n<li>Instalar y utilizar el complemento RomeThemeForm<\/li>\n\n\n\n<li>Crea nuevos formularios a trav\u00e9s del men\u00fa RomeThemeForm<\/li>\n\n\n\n<li>Importe la plantilla de formulario deseada y publ\u00edquela.<\/li>\n<\/ul>\n\n\n\n<p><strong>Im\u00e1genes:<\/strong><br>Las im\u00e1genes de demostraci\u00f3n provienen de Envato Elements. Para utilizarlas es necesario obtener las licencias o bien sustituirlas por im\u00e1genes propias.<br>Colecci\u00f3n utilizada:<br><a class=\"\" href=\"https:\/\/elements.envato.com\/collections\/NKL5CBQVR7\" target=\"_blank\" rel=\"noopener\">Colecci\u00f3n de Envato Elements<\/a><\/p>","protected":false},"excerpt":{"rendered":"<p>Playwize \u00e9 um Kit de Templates para Elementor, criado especialmente para sites de educa\u00e7\u00e3o infantil, como creches, pr\u00e9-escolas, cursos online e servi\u00e7os de aprendizagem infantil. Desenvolvido com o construtor de p\u00e1ginas Elementor para WordPress, ele permite que voc\u00ea personalize seu site facilmente, sem precisar de conhecimento em programa\u00e7\u00e3o. Seu design moderno, desempenho otimizado e configura\u00e7\u00e3o [&hellip;]<\/p>","protected":false},"featured_media":21056,"comment_status":"open","ping_status":"closed","template":"","meta":{"_jf_limit_responses":"","iawp_total_views":181},"product_brand":[],"product_cat":[66,28,23,24],"product_tag":[19],"class_list":{"0":"post-21055","1":"product","2":"type-product","3":"status-publish","4":"has-post-thumbnail","6":"product_cat-cursos","7":"product_cat-educacao-e-treinamento","8":"product_cat-templates-elementor-e-envato","9":"product_cat-templates-envato","10":"product_tag-vitalicio","12":"first","13":"instock","14":"downloadable","15":"virtual","16":"purchasable","17":"product-type-simple"},"_links":{"self":[{"href":"https:\/\/packdesites.com\/es\/wp-json\/wp\/v2\/product\/21055","targetHints":{"allow":["GET"]}}],"collection":[{"href":"https:\/\/packdesites.com\/es\/wp-json\/wp\/v2\/product"}],"about":[{"href":"https:\/\/packdesites.com\/es\/wp-json\/wp\/v2\/types\/product"}],"replies":[{"embeddable":true,"href":"https:\/\/packdesites.com\/es\/wp-json\/wp\/v2\/comments?post=21055"}],"version-history":[{"count":1,"href":"https:\/\/packdesites.com\/es\/wp-json\/wp\/v2\/product\/21055\/revisions"}],"predecessor-version":[{"id":24402,"href":"https:\/\/packdesites.com\/es\/wp-json\/wp\/v2\/product\/21055\/revisions\/24402"}],"wp:featuredmedia":[{"embeddable":true,"href":"https:\/\/packdesites.com\/es\/wp-json\/wp\/v2\/media\/21056"}],"wp:attachment":[{"href":"https:\/\/packdesites.com\/es\/wp-json\/wp\/v2\/media?parent=21055"}],"wp:term":[{"taxonomy":"product_brand","embeddable":true,"href":"https:\/\/packdesites.com\/es\/wp-json\/wp\/v2\/product_brand?post=21055"},{"taxonomy":"product_cat","embeddable":true,"href":"https:\/\/packdesites.com\/es\/wp-json\/wp\/v2\/product_cat?post=21055"},{"taxonomy":"product_tag","embeddable":true,"href":"https:\/\/packdesites.com\/es\/wp-json\/wp\/v2\/product_tag?post=21055"}],"curies":[{"name":"wp","href":"https:\/\/api.w.org\/{rel}","templated":true}]}}