{"id":21052,"date":"2025-04-28T19:48:10","date_gmt":"2025-04-28T22:48:10","guid":{"rendered":"https:\/\/packdesites.com\/?post_type=product&#038;p=21052"},"modified":"2025-04-28T19:51:01","modified_gmt":"2025-04-28T22:51:01","slug":"kit-de-plantillas-en-linea-de-edurox-elementor-pro-para-cursos-y-educacion","status":"publish","type":"product","link":"https:\/\/packdesites.com\/es\/product\/kit-de-plantillas-en-linea-de-edurox-elementor-pro-para-cursos-y-educacion\/","title":{"rendered":"EduRox \u2013 Kit de plantillas online de Elementor Pro para cursos y educaci\u00f3n"},"content":{"rendered":"<p><strong>EduRox: Kit de plantillas para cursos y educaci\u00f3n en l\u00ednea<\/strong> Fue creado especialmente para colegios, universidades, escuelas, academias, profesores en l\u00ednea, plataformas de aprendizaje electr\u00f3nico y empresas relacionadas con la educaci\u00f3n. Este kit proporciona todo lo que necesitas para lanzar tu sitio web de servicios educativos, integrando tambi\u00e9n la funcionalidad de comercio electr\u00f3nico a trav\u00e9s de WooCommerce.<\/p>\n\n\n\n<p>EduRox presenta un dise\u00f1o limpio, moderno y profesional, con un dise\u00f1o totalmente responsivo, compatible con pantallas retina y extremadamente f\u00e1cil de personalizar, sin necesidad de codificaci\u00f3n, gracias a Elementor.<\/p>\n\n\n\n<p>Este kit incluye plantillas de p\u00e1gina predise\u00f1adas para Elementor y est\u00e1 optimizado para usarse con el tema gratuito \u201cHello Elementor\u201d.<\/p>\n\n\n\n<h3 class=\"wp-block-heading\">Caracter\u00edsticas principales:<\/h3>\n\n\n\n<ul class=\"wp-block-list\">\n<li>Estilo moderno y aspecto profesional.<\/li>\n\n\n\n<li>Compatible con todos los navegadores principales<\/li>\n\n\n\n<li>Desarrollado para Elementor Pro<\/li>\n\n\n\n<li>100% responsivo, adapt\u00e1ndose perfectamente a cualquier dispositivo<\/li>\n\n\n\n<li>M\u00e1s de 19 plantillas de p\u00e1ginas listas para personalizar<\/li>\n\n\n\n<li>Ajuste global de fuentes y colores<\/li>\n\n\n\n<li>Integraci\u00f3n sencilla de WooCommerce para pagos, ventas y suscripciones<\/li>\n<\/ul>\n\n\n\n<h3 class=\"wp-block-heading\">Lo que encontrar\u00e1s en el paquete:<\/h3>\n\n\n\n<ul class=\"wp-block-list\">\n<li>P\u00e1gina de inicio<\/li>\n\n\n\n<li>Archivo de cursos<\/li>\n\n\n\n<li>P\u00e1gina de detalles del curso<\/li>\n\n\n\n<li>P\u00e1gina del instructor<\/li>\n\n\n\n<li>Blog<\/li>\n\n\n\n<li>Archivo del blog<\/li>\n\n\n\n<li>Entrada de blog individual<\/li>\n\n\n\n<li>Sobre nosotros<\/li>\n\n\n\n<li>Contacto<\/li>\n\n\n\n<li>Preguntas frecuentes<\/li>\n\n\n\n<li>Resultado de la b\u00fasqueda<\/li>\n\n\n\n<li>P\u00e1gina de error 404<\/li>\n\n\n\n<li>Encabezado y pie de p\u00e1gina<\/li>\n\n\n\n<li>P\u00e1ginas de WooCommerce: Mi cuenta, carrito y pago<\/li>\n\n\n\n<li>Bucle personalizado para tarjetas de cursos y publicaciones<\/li>\n<\/ul>\n\n\n\n<h3 class=\"wp-block-heading\">Complementos utilizados en el kit:<\/h3>\n\n\n\n<ul class=\"wp-block-list\">\n<li>ElementsKit Lite<\/li>\n\n\n\n<li>Bota del cielo<\/li>\n\n\n\n<li>WooCommerce<\/li>\n\n\n\n<li><em>(Requiere Elementor Pro para una funcionalidad completa; licencia no incluida).<\/em><\/li>\n<\/ul>\n\n\n\n<h3 class=\"wp-block-heading\">C\u00f3mo instalar y utilizar el Kit de plantillas:<\/h3>\n\n\n\n<p>Recuerda: este kit <strong>No es un tema completo de WordPress.<\/strong>. Solo contiene dise\u00f1os creados en Elementor y debe instalarse a trav\u00e9s del complemento Envato Elements o directamente a trav\u00e9s de Elementor.<\/p>\n\n\n\n<ul class=\"wp-block-list\">\n<li>Instalaci\u00f3n mediante el complemento Envato Elements:<br><a class=\"\" href=\"https:\/\/help.elements.envato.com\/hc\/en-us\/articles\/36032349441945-How-to-Install-Elementor-Template-Kits-With-the-Envato-Elements-Plugin-in-WordPress-for-Envato-Elements-Subscribers\" target=\"_blank\" rel=\"noopener\">Gu\u00eda de instalaci\u00f3n<\/a><\/li>\n\n\n\n<li>Instalaci\u00f3n manual:<br><a class=\"\" href=\"https:\/\/help.market.envato.com\/hc\/en-us\/articles\/36033428836889-How-to-Upload-Install-Elementor-Template-Kits-from-Themeforest-to-WordPress\" target=\"_blank\" rel=\"noopener\">C\u00f3mo cargar manualmente<\/a><\/li>\n<\/ul>\n\n\n\n<p><strong>\u00bfNecesitar ayuda?<\/strong> Acceso <strong>Elementor &gt; Obtener ayuda<\/strong> en el men\u00fa de WordPress.<\/p>\n\n\n\n<hr class=\"wp-block-separator has-alpha-channel-opacity\"\/>\n\n\n\n<h3 class=\"wp-block-heading\">Informaci\u00f3n importante:<\/h3>\n\n\n\n<p><strong>Gesti\u00f3n del curso:<\/strong><br>Los cursos se configuran como productos en WooCommerce. Crea productos virtuales con una breve descripci\u00f3n, precio y categor\u00eda para que aparezcan correctamente en las p\u00e1ginas del curso. Si hay un n\u00famero limitado de espacios, utilice el sistema de gesti\u00f3n de inventario.<\/p>\n\n\n\n<p><strong>Usando bucles:<\/strong><br>Antes de personalizar cuadr\u00edculas o carruseles de bucle, cree contenido (publicaciones) en WordPress en al menos dos categor\u00edas.<br>Al editar una cuadr\u00edcula o carrusel:<\/p>\n\n\n\n<ul class=\"wp-block-list\">\n<li>Haga clic derecho y active Elementor Navigator<\/li>\n\n\n\n<li>Localice el widget Loop Grid o Loop Carousel<\/li>\n\n\n\n<li>Elige el modelo de bucle deseado<\/li>\n\n\n\n<li>Configure la consulta para extraer las publicaciones deseadas y asignar un ID a la organizaci\u00f3n (por ejemplo, 1, 2, 3\u2026).<\/li>\n<\/ul>\n\n\n\n<p><strong>Im\u00e1genes:<\/strong><br>Las im\u00e1genes utilizadas en las vistas previas tienen licencia de Envato Elements. Debe obtener una licencia adecuada o reemplazarlas con sus propias im\u00e1genes.<\/p>\n\n\n\n<p>Colecci\u00f3n de im\u00e1genes utilizadas:<br><a class=\"\" href=\"https:\/\/elements.envato.com\/collections\/G4XMEFHAZ7\" target=\"_blank\" rel=\"noopener\">Colecci\u00f3n de Envato Elements<\/a><\/p>","protected":false},"excerpt":{"rendered":"<p>EduRox \u2014 Template Kit para Cursos Online e Educa\u00e7\u00e3o foi criado especialmente para faculdades, universidades, escolas, academias, professores online, plataformas de e-learning e neg\u00f3cios ligados \u00e0 educa\u00e7\u00e3o. Este kit oferece tudo que voc\u00ea precisa para lan\u00e7ar seu site de servi\u00e7os educacionais, integrando tamb\u00e9m funcionalidades de e-commerce via WooCommerce. O EduRox traz um design limpo, moderno [&hellip;]<\/p>","protected":false},"featured_media":21054,"comment_status":"open","ping_status":"closed","template":"","meta":{"_jf_limit_responses":"","iawp_total_views":402},"product_brand":[],"product_cat":[66,28,23,24],"product_tag":[19],"class_list":{"0":"post-21052","1":"product","2":"type-product","3":"status-publish","4":"has-post-thumbnail","6":"product_cat-cursos","7":"product_cat-educacao-e-treinamento","8":"product_cat-templates-elementor-e-envato","9":"product_cat-templates-envato","10":"product_tag-vitalicio","12":"first","13":"instock","14":"downloadable","15":"virtual","16":"purchasable","17":"product-type-simple"},"_links":{"self":[{"href":"https:\/\/packdesites.com\/es\/wp-json\/wp\/v2\/product\/21052","targetHints":{"allow":["GET"]}}],"collection":[{"href":"https:\/\/packdesites.com\/es\/wp-json\/wp\/v2\/product"}],"about":[{"href":"https:\/\/packdesites.com\/es\/wp-json\/wp\/v2\/types\/product"}],"replies":[{"embeddable":true,"href":"https:\/\/packdesites.com\/es\/wp-json\/wp\/v2\/comments?post=21052"}],"version-history":[{"count":0,"href":"https:\/\/packdesites.com\/es\/wp-json\/wp\/v2\/product\/21052\/revisions"}],"wp:featuredmedia":[{"embeddable":true,"href":"https:\/\/packdesites.com\/es\/wp-json\/wp\/v2\/media\/21054"}],"wp:attachment":[{"href":"https:\/\/packdesites.com\/es\/wp-json\/wp\/v2\/media?parent=21052"}],"wp:term":[{"taxonomy":"product_brand","embeddable":true,"href":"https:\/\/packdesites.com\/es\/wp-json\/wp\/v2\/product_brand?post=21052"},{"taxonomy":"product_cat","embeddable":true,"href":"https:\/\/packdesites.com\/es\/wp-json\/wp\/v2\/product_cat?post=21052"},{"taxonomy":"product_tag","embeddable":true,"href":"https:\/\/packdesites.com\/es\/wp-json\/wp\/v2\/product_tag?post=21052"}],"curies":[{"name":"wp","href":"https:\/\/api.w.org\/{rel}","templated":true}]}}