{"id":21048,"date":"2025-04-28T19:35:22","date_gmt":"2025-04-28T22:35:22","guid":{"rendered":"https:\/\/packdesites.com\/?post_type=product&#038;p=21048"},"modified":"2025-09-04T10:32:54","modified_gmt":"2025-09-04T13:32:54","slug":"kits-de-plantillas-de-elementor-para-servicios-de-inteligencia-artificial-de-intelion","status":"publish","type":"product","link":"https:\/\/packdesites.com\/es\/product\/kits-de-plantillas-de-elementor-para-servicios-de-inteligencia-artificial-de-intelion\/","title":{"rendered":"Intelion \u2013 Kits de plantillas Elementor para servicios de inteligencia artificial"},"content":{"rendered":"<p><strong>Inteli\u00f3n<\/strong> es un kit de plantillas Elementor avanzado, ideal para empresas emergentes de inteligencia artificial, servicios de automatizaci\u00f3n y empresas de tecnolog\u00eda innovadora. Con un aspecto sofisticado y contempor\u00e1neo y dise\u00f1os bien pensados, Intelion facilita la creaci\u00f3n de una presencia en l\u00ednea profesional que muestre sus servicios de alta tecnolog\u00eda. Comparta su experiencia en inteligencia artificial, aprendizaje autom\u00e1tico y automatizaci\u00f3n de forma pr\u00e1ctica. El kit presenta un estilo limpio y tecnol\u00f3gico, con una navegaci\u00f3n intuitiva, garantizando una experiencia fluida en cualquier dispositivo. Totalmente personalizable y dise\u00f1ado para Elementor, le permite lanzar su sitio web r\u00e1pidamente, sin necesidad de codificaci\u00f3n. Ya sea que est\u00e9 promocionando tecnolog\u00edas inteligentes, productos habilitados para IA o servicios de investigaci\u00f3n, Intelion proporciona todas las herramientas esenciales para una s\u00f3lida presencia digital.<\/p>\n\n\n\n<p><strong>Reflejos:<\/strong><\/p>\n\n\n\n<ul class=\"wp-block-list\">\n<li>Personalizaci\u00f3n completa sin c\u00f3digo con el constructor visual de arrastrar y soltar<\/li>\n\n\n\n<li>Ajuste f\u00e1cilmente las fuentes y los colores de forma global o por elemento<\/li>\n\n\n\n<li>Estilo moderno y profesional<\/li>\n\n\n\n<li>Optimizaci\u00f3n para carga r\u00e1pida<\/li>\n\n\n\n<li>Compatible con la mayor\u00eda de los temas que usan Elementor<\/li>\n<\/ul>\n\n\n\n<blockquote class=\"wp-block-quote is-layout-flow wp-block-quote-is-layout-flow\">\n<p><strong>Observaci\u00f3n:<\/strong> Esta soluci\u00f3n est\u00e1 orientada al comercio electr\u00f3nico headless y debe integrarse con la plataforma de pago o el complemento de su elecci\u00f3n.<\/p>\n<\/blockquote>\n\n\n\n<p><strong>P\u00e1ginas incluidas:<\/strong><\/p>\n\n\n\n<ul class=\"wp-block-list\">\n<li>Hogar<\/li>\n\n\n\n<li>Sobre nosotros<\/li>\n\n\n\n<li>Caracter\u00edsticas<\/li>\n\n\n\n<li>Servicios<\/li>\n\n\n\n<li>Detalles del servicio<\/li>\n\n\n\n<li>Planes de precios<\/li>\n\n\n\n<li>Equipo<\/li>\n\n\n\n<li>Centro de ayuda<\/li>\n\n\n\n<li>P\u00e1gina 404<\/li>\n\n\n\n<li>Contacto<\/li>\n<\/ul>\n\n\n\n<p><strong>Complementos utilizados en el kit:<\/strong><\/p>\n\n\n\n<ul class=\"wp-block-list\">\n<li>Kit de Elementor<\/li>\n\n\n\n<li>Metform<\/li>\n\n\n\n<li>Los complementos Plus<\/li>\n<\/ul>\n\n\n\n<p><strong>C\u00f3mo utilizar el kit de plantillas:<\/strong><\/p>\n\n\n\n<p>Este kit no es un tema de WordPress, sino un conjunto de dise\u00f1os creados para Elementor. La instalaci\u00f3n se realiza a trav\u00e9s del complemento Envato Elements o directamente en Elementor.<\/p>\n\n\n\n<p><strong>Pasos de instalaci\u00f3n:<\/strong><\/p>\n\n\n\n<ol class=\"wp-block-list\">\n<li>Descargue el archivo del kit comprimido (no lo descomprima). Si est\u00e1 utilizando Safari, desactive la opci\u00f3n para abrir archivos autom\u00e1ticamente.<\/li>\n\n\n\n<li>En WordPress, vaya a <strong>Configuraci\u00f3n &gt; Enlaces permanentes<\/strong> y seleccione \u201cNombre de la publicaci\u00f3n\u201d.<\/li>\n\n\n\n<li>En <strong>Apariencia &gt; Temas<\/strong>, instala y activa \u201cHello Elementor\u201d. Se le solicitar\u00e1 que instale Elementor si a\u00fan no lo tiene instalado.<\/li>\n\n\n\n<li>En <strong>Complementos<\/strong>, instale y actualice Elementor y el complemento Envato Elements. Si el kit requiere Elementor Pro, debe estar activo y vinculado a su cuenta.<\/li>\n\n\n\n<li>Acceso <strong>Elementos &gt; Kits instalados<\/strong>, haga clic en <strong>Subir kit de plantillas Zip<\/strong> o ver el kit.<\/li>\n\n\n\n<li>Siga la alerta naranja para instalar los complementos recomendados.<\/li>\n\n\n\n<li>Importar el primero <strong>Estilos de kit globales<\/strong> para configurar los ajustes globales del sitio.<\/li>\n\n\n\n<li>Importar cada modelo individualmente, en la secuencia indicada, en <strong>Plantillas &gt; Plantillas guardadas<\/strong>.<\/li>\n<\/ol>\n\n\n\n<p><strong>Creaci\u00f3n de p\u00e1gina:<\/strong><\/p>\n\n\n\n<ul class=\"wp-block-list\">\n<li>Crea una nueva p\u00e1gina y ed\u00edtala con Elementor.<\/li>\n\n\n\n<li>En la configuraci\u00f3n de la p\u00e1gina (icono de engranaje), config\u00farelo en <strong>Elementor de ancho completo<\/strong> y ocultar el t\u00edtulo.<\/li>\n\n\n\n<li>Utilice el icono de carpeta gris para abrir <strong>Mis modelos<\/strong> e importar el modelo deseado.<\/li>\n\n\n\n<li>Establecer la p\u00e1gina de inicio en <strong>Ajustes &gt; Lectura<\/strong> seleccionando una p\u00e1gina est\u00e1tica.<\/li>\n<\/ul>\n\n\n\n<p>Para los usuarios de Elementor Pro, los encabezados y pies de p\u00e1gina son personalizables en <strong>Plantillas &gt; Creador de temas<\/strong>.<\/p>\n\n\n\n<p><strong>Tutorial detallado:<\/strong> <a class=\"\" href=\"https:\/\/help.market.envato.com\/hc\/en-us\/articles\/900000842846-How-to-use-the-Envato-Elements-WordPress-Plugin-v2-0\" target=\"_blank\" rel=\"noopener\">Gu\u00eda de uso del complemento Envato Elements<\/a><\/p>\n\n\n\n<p><strong>Importaci\u00f3n de formularios de Metform:<\/strong><\/p>\n\n\n\n<ul class=\"wp-block-list\">\n<li>Si est\u00e1 utilizando Elementor Pro, se puede omitir la instalaci\u00f3n de Metform y los bloques de formulario.<\/li>\n\n\n\n<li>Importar plantillas de bloques de Metform.<\/li>\n\n\n\n<li>Importe la p\u00e1gina que contiene el formulario, \u00e1brala <strong>Navegador<\/strong> en Elementor.<\/li>\n\n\n\n<li>Localice el widget Metform, haga clic en <strong>Editar formulario<\/strong>, seleccionar <strong>Nuevo<\/strong>y haga clic en <strong>Editar formulario<\/strong>.<\/li>\n\n\n\n<li>Agregue una plantilla haciendo clic en la carpeta gris, vaya a <strong>Mis modelos<\/strong> e inserte el formulario importado.<\/li>\n\n\n\n<li>Despu\u00e9s de la inserci\u00f3n, ajuste seg\u00fan sea necesario, haga clic <strong>Actualizar y cerrar<\/strong>y actualice la p\u00e1gina para aplicar.<\/li>\n<\/ul>\n\n\n\n<p><strong>C\u00f3mo configurar el encabezado en el complemento Jeg Elementor Kit<\/strong>&nbsp;Si tienes Elementor Pro, los encabezados y pies de p\u00e1gina se pueden personalizar<\/p>\n\n\n\n<p>en el constructor de temas.<\/p>\n\n\n\n<ol class=\"wp-block-list\">\n<li>Vaya al elemento de men\u00fa Jeg Elementor Kit &gt; Plantilla de encabezado<\/li>\n\n\n\n<li>Haga clic en Agregar nuevo encabezado<\/li>\n\n\n\n<li>Agregar condici\u00f3n &gt; Todo el sitio y haga clic en Crear<\/li>\n\n\n\n<li>Haga clic en el icono de la carpeta gris para acceder a la pesta\u00f1a Mis plantillas<\/li>\n\n\n\n<li>Insertar plantilla de encabezado.<\/li>\n\n\n\n<li>Personaliza y guarda.<\/li>\n<\/ol>\n\n\n\n<p>Este kit de plantillas utiliza im\u00e1genes de demostraci\u00f3n de Envato Elements. Necesitar\u00e1 obtener la licencia de estas im\u00e1genes de Envato Elements para usarlas en su sitio web, o puede reemplazarlas con las suyas. * https:\/\/elements.envato.com\/collections\/GSZTJN3HFU<\/p>","protected":false},"excerpt":{"rendered":"<p>Intelion \u00e9 um avan\u00e7ado kit de templates para Elementor, ideal para startups de intelig\u00eancia artificial, servi\u00e7os de automa\u00e7\u00e3o e empresas inovadoras em tecnologia. Com um visual sofisticado e contempor\u00e2neo, al\u00e9m de layouts bem planejados, o Intelion facilita a cria\u00e7\u00e3o de uma presen\u00e7a online profissional que evidencia seus servi\u00e7os de alta tecnologia. Divulgue sua expertise em [&hellip;]<\/p>","protected":false},"featured_media":21051,"comment_status":"open","ping_status":"closed","template":"","meta":{"_jf_limit_responses":"","iawp_total_views":337},"product_brand":[],"product_cat":[23,32,24],"product_tag":[19],"class_list":{"0":"post-21048","1":"product","2":"type-product","3":"status-publish","4":"has-post-thumbnail","6":"product_cat-templates-elementor-e-envato","7":"product_cat-agencia-de-marketing","8":"product_cat-templates-envato","9":"product_tag-vitalicio","11":"first","12":"instock","13":"downloadable","14":"virtual","15":"purchasable","16":"product-type-simple"},"_links":{"self":[{"href":"https:\/\/packdesites.com\/es\/wp-json\/wp\/v2\/product\/21048","targetHints":{"allow":["GET"]}}],"collection":[{"href":"https:\/\/packdesites.com\/es\/wp-json\/wp\/v2\/product"}],"about":[{"href":"https:\/\/packdesites.com\/es\/wp-json\/wp\/v2\/types\/product"}],"replies":[{"embeddable":true,"href":"https:\/\/packdesites.com\/es\/wp-json\/wp\/v2\/comments?post=21048"}],"version-history":[{"count":1,"href":"https:\/\/packdesites.com\/es\/wp-json\/wp\/v2\/product\/21048\/revisions"}],"predecessor-version":[{"id":23622,"href":"https:\/\/packdesites.com\/es\/wp-json\/wp\/v2\/product\/21048\/revisions\/23622"}],"wp:featuredmedia":[{"embeddable":true,"href":"https:\/\/packdesites.com\/es\/wp-json\/wp\/v2\/media\/21051"}],"wp:attachment":[{"href":"https:\/\/packdesites.com\/es\/wp-json\/wp\/v2\/media?parent=21048"}],"wp:term":[{"taxonomy":"product_brand","embeddable":true,"href":"https:\/\/packdesites.com\/es\/wp-json\/wp\/v2\/product_brand?post=21048"},{"taxonomy":"product_cat","embeddable":true,"href":"https:\/\/packdesites.com\/es\/wp-json\/wp\/v2\/product_cat?post=21048"},{"taxonomy":"product_tag","embeddable":true,"href":"https:\/\/packdesites.com\/es\/wp-json\/wp\/v2\/product_tag?post=21048"}],"curies":[{"name":"wp","href":"https:\/\/api.w.org\/{rel}","templated":true}]}}