{"id":20762,"date":"2025-04-25T13:17:42","date_gmt":"2025-04-25T16:17:42","guid":{"rendered":"https:\/\/packdesites.com\/?post_type=product&#038;p=20762"},"modified":"2025-04-25T13:17:45","modified_gmt":"2025-04-25T16:17:45","slug":"punto-de-venta-woocommerce-openpos-v7-3-1","status":"publish","type":"product","link":"https:\/\/packdesites.com\/es\/product\/punto-de-venta-woocommerce-openpos-v7-3-1\/","title":{"rendered":"Punto de venta (TPV) WooCommerce Openpos v7.3.1"},"content":{"rendered":"<figure class=\"wp-block-image\"><a href=\"https:\/\/wpos.app\/knowledge-base\/\" target=\"_blank\" rel=\"noopener\"><img decoding=\"async\" src=\"https:\/\/camo.envatousercontent.com\/ed65efa7a9483f2389b668c2dddd260b7b815707\/68747470733a2f2f77706f732e6170702f77702d636f6e74656e742f75706c6f6164732f323032342f30332f646f63756d656e746174696f6e2e706e673f743d3133\" alt=\"Openpos - Punto de venta (TPV) WooCommerce - 1\" title=\"\"><\/a><\/figure>\n\n\n\n<figure class=\"wp-block-image\"><a href=\"https:\/\/www.youtube.com\/playlist?list=PL5HioxGp7f8bbtcro2qdSm1EhPQnHPiQ9\" target=\"_blank\" rel=\"noopener\"><img decoding=\"async\" src=\"https:\/\/camo.envatousercontent.com\/e9a92c23c16e2f8e3438ba0d7c3495a6f82accb2\/68747470733a2f2f77706f732e6170702f77702d636f6e74656e742f75706c6f6164732f323032342f30332f766964656f2e706e673f743d3133\" alt=\"Openpos - Punto de venta (TPV) WooCommerce - 2\" title=\"\"><\/a><\/figure>\n\n\n\n<p>Openpos es un complemento de punto de venta (POS) potente y repleto de funciones, dise\u00f1ado espec\u00edficamente para WooCommerce, una de las plataformas de comercio electr\u00f3nico m\u00e1s populares. Se integra perfectamente con WooCommerce, lo que permite a los propietarios de tiendas en l\u00ednea transformar sus sitios web en sistemas minoristas integrales con s\u00f3lidas capacidades de venta en la tienda.<\/p>\n\n\n\n<p>Con Openpos, las empresas pueden gestionar de forma eficiente las operaciones de sus tiendas f\u00edsicas junto con su presencia online. Proporciona una interfaz intuitiva y f\u00e1cil de usar para procesar ventas, administrar el inventario y manejar transacciones de clientes directamente desde una ubicaci\u00f3n f\u00edsica. Ya sea que tenga una tienda f\u00edsica, una tienda temporal o una cadena minorista con m\u00faltiples ubicaciones, Openpos simplifica y agiliza todo el proceso del punto de venta.<\/p>\n\n\n\n<p>OpenPOS se puede utilizar para m\u00faltiples prop\u00f3sitos, como tiendas minoristas, restaurantes, cafeter\u00edas y salones de spa. Las empresas admitidas son minoristas, pubs, gimnasios, hospitales, salones de belleza, restaurantes, cafeter\u00edas, supermercados, bares, tiendas de ropa y m\u00e1s. OpenPOS incluye todo lo que necesitas para un sistema de punto de venta.<\/p>\n\n\n\n<p>Openpos brinda a las empresas las herramientas y funciones que necesitan para brindar experiencias excepcionales a los clientes en la tienda, integr\u00e1ndose perfectamente con su tienda en l\u00ednea WooCommerce existente. Es una soluci\u00f3n integral que aumenta la eficiencia, la precisi\u00f3n y la conveniencia en el entorno minorista.<br><strong>Nueva funci\u00f3n: Aplicaciones web progresivas OpenPOS en el escritorio<\/strong><\/p>\n\n\n\n<p>Las aplicaciones web progresivas de OpenPOS en el escritorio se pueden &quot;instalar&quot; en el dispositivo del usuario, al igual que las aplicaciones nativas. Es r\u00e1pido. Se sienten integrados porque se inician de la misma manera que otras aplicaciones y se ejecutan en una ventana de aplicaci\u00f3n, sin una barra de direcciones ni pesta\u00f1as. Es confiable porque los trabajadores de servicio pueden almacenar en cach\u00e9 todos los activos que necesitan para ejecutarse. Y crea una experiencia atractiva para los usuarios.<\/p>\n\n\n\n<figure class=\"wp-block-image\"><img decoding=\"async\" src=\"https:\/\/camo.envatousercontent.com\/5a859ece23c74ac33bc02a82b9ae7e2d7591b32e\/68747470733a2f2f64656d6f2e77706f732e6170702f776f726470726573732f73637265656e2f7077612e706e67\" alt=\"Openpos - Punto de venta (TPV) WooCommerce - 5\" title=\"\"><\/figure>\n\n\n\n<figure class=\"wp-block-image\"><img decoding=\"async\" src=\"https:\/\/camo.envatousercontent.com\/4e6a632b29f4f25d9961d96a019fd30168936f7d\/68747470733a2f2f64656d6f2e77706f732e6170702f776f726470726573732f73637265656e2f7077612d332e706e67\" alt=\"Openpos - Punto de venta (TPV) WooCommerce - 6\" title=\"\"><\/figure>\n\n\n\n<p><br><br><strong>Caracter\u00edsticas:<\/strong><\/p>\n\n\n\n<ul class=\"wp-block-list\">\n<li>Sin cuotas mensuales. Alojado en el mismo lugar que tu woocommerce<\/li>\n\n\n\n<li>Aplicaci\u00f3n web progresiva<\/li>\n\n\n\n<li>Apoyo a diferentes tipos de negocios: comercio minorista \u2013 supermercado \/ cafeter\u00eda-restaurante \/ sal\u00f3n de belleza<\/li>\n\n\n\n<li>Modo cafeter\u00eda\/restaurante con gesti\u00f3n de mesas, fusi\u00f3n de mesas, transferencia de mesas y pantalla de vista de cocina<\/li>\n\n\n\n<li>Admite alquiler de negocios como: karaoke, alquiler de mesa de billar, alquiler de hotel\/habitaci\u00f3n\u2026<\/li>\n\n\n\n<li>Sincronizaci\u00f3n en tiempo real de los datos de los pedidos de mesa entre el tel\u00e9fono\/tableta del camarero y el tel\u00e9fono\/tableta\/computadora de la cocina<\/li>\n\n\n\n<li>Modo general \/ Tienda de comestibles con expositor de postes para clientes<\/li>\n\n\n\n<li>Multialmac\u00e9n (puntos de venta)<\/li>\n\n\n\n<li>Gesti\u00f3n de inventario: Ajuste de inventario<\/li>\n\n\n\n<li>Descripci\u00f3n general de las acciones<\/li>\n\n\n\n<li>Registros m\u00faltiples<\/li>\n\n\n\n<li>Admite todo tipo de dispositivos lectores de c\u00f3digos de barras \/ detecci\u00f3n autom\u00e1tica de entrada del dispositivo de c\u00f3digo de barras<\/li>\n\n\n\n<li>Agregue un producto escaneando el c\u00f3digo de barras o busque por nombre\/SKU<\/li>\n\n\n\n<li>Escanear con c\u00e1mara<\/li>\n\n\n\n<li>Soporte de stock decimal \/ Cantidad negativa<\/li>\n\n\n\n<li>Soporte para b\u00e1scula digital y c\u00f3digo de barras para b\u00e1scula digital<\/li>\n\n\n\n<li>Redondeo de moneda<\/li>\n\n\n\n<li>Precio del peso base<\/li>\n\n\n\n<li>Nota de pedido \/ Nota de art\u00edculo<\/li>\n\n\n\n<li>Descuento y cup\u00f3n (descuento en art\u00edculos y en carrito)<\/li>\n\n\n\n<li>Pago con varios carritos y funci\u00f3n de carrito guardado<\/li>\n\n\n\n<li>Administrar los permisos de usuario para iniciar sesi\u00f3n en el panel POS<\/li>\n\n\n\n<li>Recibo, etiqueta de c\u00f3digo de barras<\/li>\n\n\n\n<li>Imprimir y enviar recibos por correo electr\u00f3nico<\/li>\n\n\n\n<li>Gesti\u00f3n de efectivo<\/li>\n\n\n\n<li>Pago con m\u00faltiples m\u00e9todos de pago \/ Pago fraccionado<\/li>\n\n\n\n<li>Trabajar con el modo sin conexi\u00f3n<\/li>\n\n\n\n<li>Informar transacciones y ventas<\/li>\n\n\n\n<li>Integrado con los complementos de productos WooCommerce, paquetes de productos WooCommerce para vender sus productos simples, variables y complejos.<\/li>\n\n\n\n<li>Administrar la sesi\u00f3n de inicio de sesi\u00f3n activa, la informaci\u00f3n de la sesi\u00f3n contiene: nombre del cajero, ubicaciones, direcci\u00f3n IP.<\/li>\n\n\n\n<li>Esc\u00e1ner de c\u00f3digo de barras\/c\u00f3digo QR con c\u00e1mara con https<\/li>\n\n\n\n<li>Funci\u00f3n de cierre de sesi\u00f3n. Esta es una caracter\u00edstica importante para el cajero, ya que puede cerrar sesi\u00f3n sin perder su sesi\u00f3n de trabajo y no tiene que preocuparse de que alguien m\u00e1s cambie sus datos.<\/li>\n\n\n\n<li>Pago con pasarelas de WooCommerce est\u00e1ndar o extendidas<\/li>\n\n\n\n<li>Reembolso, Reembolso parcial, Cambio total, Cambio parcial<\/li>\n\n\n\n<li>Soporte de LayBuy: Compre y pague despu\u00e9s<\/li>\n\n\n\n<li>RESTAURANTE: Procesamiento de pedidos sin contacto<\/li>\n\n\n\n<li><strong>Compatible con tiendas de pedidos de alto rendimiento (HPOS)<\/strong><\/li>\n\n\n\n<li>Y muchos m\u00e1s\u2026<\/li>\n<\/ul>\n\n\n\n<p><strong>Complementos gratuitos<\/strong><\/p>\n\n\n\n<ul class=\"wp-block-list\">\n<li><a href=\"https:\/\/wpos.app\/addons\/woocommerce-openpos-square-terminal-checkout\/\" target=\"_blank\" rel=\"noopener\">Pago con terminal Square<\/a><\/li>\n\n\n\n<li><a href=\"https:\/\/wpos.app\/addons\/woocommerce-openpos-stripe-terminal\/\" target=\"_blank\" rel=\"noopener\">Integraci\u00f3n de terminales Stripe\u00a0<\/a>Para el dispositivo \u201cVerifone P400\u2033 + \u201cWisePOS E\u201d<\/li>\n\n\n\n<li><a href=\"https:\/\/wpos.app\/addons\/woocommerce-openpos-authorize-net-magnetic-card\/\" target=\"_blank\" rel=\"noopener\">Authorize.net + Lector de tarjetas magn\u00e9ticas\u00a0<\/a>\u2013 probado con ETEKJOY \u2013 ET-MSR90 , DEMO :\u00a0<a href=\"https:\/\/youtu.be\/C_Cv1t0r0eE\" target=\"_blank\" rel=\"noopener\">https:\/\/youtu.be\/C_Cv1t0r0eE<\/a><\/li>\n\n\n\n<li><a href=\"https:\/\/wpos.app\/addons\/woocommerce-openpos-authorize-net\/\" target=\"_blank\" rel=\"noopener\">M\u00e9todo de pago Authorize.Net para OpenPOS<\/a><\/li>\n\n\n\n<li><a href=\"https:\/\/wpos.app\/addons\/woocommerce-openpos-stock-transfer-management\/\" target=\"_blank\" rel=\"noopener\">Transferencia de acciones<\/a><\/li>\n\n\n\n<li><a href=\"https:\/\/wpos.app\/addons\/woocommerce-openpos-woocommerce-germanized\/\" target=\"_blank\" rel=\"noopener\">WooCommerce germanizado con b\u00fasqueda de GTIN y MPN<\/a><\/li>\n\n\n\n<li><a href=\"https:\/\/wpos.app\/addons\/woocommerce-openpos-woocommerce-tm-extra-product-options\/\" target=\"_blank\" rel=\"noopener\">Opciones de productos adicionales de WooCommerce<\/a><\/li>\n\n\n\n<li><a href=\"https:\/\/wpos.app\/addons\/woocommerce-points-and-rewards-for-openpos\/\" target=\"_blank\" rel=\"noopener\">Integraci\u00f3n de puntos y recompensas de WooCommerce<\/a><\/li>\n\n\n\n<li><a href=\"https:\/\/wpos.app\/addons\/integrate-star-cloudprnt-for-woocommerce-openpos\/\" target=\"_blank\" rel=\"noopener\">Star CloudPRNT Integrate: Imprima sin di\u00e1logos y admita m\u00faltiples registros<\/a><\/li>\n\n\n\n<li><a href=\"https:\/\/wpos.app\/addons\/woocommerce-openpos-stock-transfer-management\/\" target=\"_blank\" rel=\"noopener\">Gesti\u00f3n de transferencia de stock (traslado de stock entre puntos de venta)<\/a><\/li>\n\n\n\n<li><a href=\"https:\/\/wpos.app\/addons\/woocommerce-openpos-online-payment\/\" target=\"_blank\" rel=\"noopener\">Pago POS en l\u00ednea (Permitir el pago con la pasarela de pago de la tienda en l\u00ednea a trav\u00e9s del panel POS)<\/a><\/li>\n\n\n\n<li><a href=\"https:\/\/wpos.app\/addons\/woocommerce-book-price\/\" target=\"_blank\" rel=\"noopener\">Lista de precios de OpenPOS<\/a><\/li>\n<\/ul>\n\n\n\n<p><a href=\"https:\/\/demo.wpos.app\/wordpress\/screen\/diagram.jpg\" target=\"_blank\" rel=\"noopener\">Consulte la descripci\u00f3n general del diagrama del complemento<\/a><\/p>\n\n\n\n<p>Administrador de demostraci\u00f3n:&nbsp;<a href=\"https:\/\/demo.wpos.app\/wordpress\/wp-admin\/\" target=\"_blank\" rel=\"noopener\">https:\/\/demo.wpos.app\/wordpress\/wp-admin\/<\/a>&nbsp;(administrador\/admin123)<\/p>\n\n\n\n<p>Demostraci\u00f3n de POS:&nbsp;<a href=\"https:\/\/demo.wpos.app\/wordpress\/wp-content\/plugins\/woocommerce-openpos\/pos\/\" target=\"_blank\" rel=\"noopener\">https:\/\/demo.wpos.app\/wordpress\/wp-content\/plugins\/woocommerce-openpos\/pos\/<\/a>&nbsp;(admin\/admin123 o test\/test123)<\/p>\n\n\n\n<p><strong>Modo de demostraci\u00f3n de restaurante\/cafeter\u00eda<\/strong><\/p>\n\n\n\n<p>Demostraci\u00f3n de punto de venta de restaurante\/cafeter\u00eda:&nbsp;<a href=\"https:\/\/restaurant.wpos.app\/wordpress\/wp-content\/plugins\/woocommerce-openpos\/pos\/\" target=\"_blank\" rel=\"noopener\">https:\/\/restaurant.wpos.app\/wordpress\/wp-content\/plugins\/woocommerce-openpos\/pos\/<\/a>&nbsp;(prueba \/ prueba123)<\/p>\n\n\n\n<p><a href=\"https:\/\/restaurant.wpos.app\/wordpress\/wp-content\/plugins\/woocommerce-openpos\/kitchen\/index.php?site=1&amp;id=0\" target=\"_blank\" rel=\"noopener\">Demo de vista de cocina de punto de venta de restaurante\/cafeter\u00eda<\/a><\/p>\n\n\n\n<p><a href=\"https:\/\/youtu.be\/uvP7Ky1GKnA\" target=\"_blank\" rel=\"noopener\">V\u00eddeo C\u00f3mo trabajar con el modo Cafeter\u00eda\/Restaurante<\/a><\/p>\n\n\n\n<p>Actualizaci\u00f3n de la p\u00e1gina de Facebook:&nbsp;<a href=\"https:\/\/www.facebook.com\/openposwoo\" target=\"_blank\" rel=\"noopener\">https:\/\/www.facebook.com\/openposwoo<\/a><\/p>\n\n\n\n<figure class=\"wp-block-image\"><img decoding=\"async\" src=\"https:\/\/camo.envatousercontent.com\/d1fece5c2cd4f72143ca4d5681f6d41a48b5e021\/68747470733a2f2f64656d6f2e77706f732e6170702f776f726470726573732f73637265656e2f7265706f6e736976652e706e67\" alt=\"punto de venta de WooCommerce\" title=\"\"><\/figure>\n\n\n\n<h2 class=\"wp-block-heading\" id=\"item-description__openpos-reviews\">Demostraci\u00f3n r\u00e1pida<\/h2>\n\n\n\n<p>TPV general\/de comestibles<\/p>\n\n\n\n<figure class=\"wp-block-image\"><img decoding=\"async\" src=\"https:\/\/camo.envatousercontent.com\/ec10a0e722a37ee645987aca6fe8bbcd78efdf73\/68747470733a2f2f64656d6f2e77706f732e6170702f776f726470726573732f73637265656e2f706f732d6f766572766965772d312e676966\" alt=\"Openpos - Punto de venta (TPV) WooCommerce - 7\" title=\"\"><\/figure>\n\n\n\n<p>TPV de cafeter\u00eda\/restaurante<\/p>\n\n\n\n<figure class=\"wp-block-image\"><img decoding=\"async\" src=\"https:\/\/camo.envatousercontent.com\/c491350b4988ed1a1113b67e42dc192950849c0f\/68747470733a2f2f64656d6f2e77706f732e6170702f776f726470726573732f73637265656e2f72657374617572616e742d6f766572766965772e6769663f743d31\" alt=\"Openpos - Punto de venta (TPV) WooCommerce - 8\" title=\"\"><\/figure>\n\n\n\n<h2 class=\"wp-block-heading\" id=\"item-description__openpos-reviews\"><strong>Openpos \u2013 Punto de venta (TPV) de WooCommerce<\/strong><\/h2>","protected":false},"excerpt":{"rendered":"<p>Openpos \u00e9 um plugin de ponto de venda (POS) poderoso e rico em recursos projetado especificamente para WooCommerce, uma das plataformas de com\u00e9rcio eletr\u00f4nico mais populares. Ele se integra perfeitamente ao WooCommerce, permitindo que os propriet\u00e1rios de lojas online transformem seus sites em sistemas de varejo abrangentes com recursos robustos de venda na loja. Com [&hellip;]<\/p>","protected":false},"featured_media":20763,"comment_status":"open","ping_status":"closed","template":"","meta":{"_jf_limit_responses":"","iawp_total_views":105},"product_brand":[],"product_cat":[41],"product_tag":[19],"class_list":{"0":"post-20762","1":"product","2":"type-product","3":"status-publish","4":"has-post-thumbnail","6":"product_cat-plugins","7":"product_tag-vitalicio","9":"first","10":"instock","11":"downloadable","12":"virtual","13":"purchasable","14":"product-type-simple"},"_links":{"self":[{"href":"https:\/\/packdesites.com\/es\/wp-json\/wp\/v2\/product\/20762","targetHints":{"allow":["GET"]}}],"collection":[{"href":"https:\/\/packdesites.com\/es\/wp-json\/wp\/v2\/product"}],"about":[{"href":"https:\/\/packdesites.com\/es\/wp-json\/wp\/v2\/types\/product"}],"replies":[{"embeddable":true,"href":"https:\/\/packdesites.com\/es\/wp-json\/wp\/v2\/comments?post=20762"}],"version-history":[{"count":0,"href":"https:\/\/packdesites.com\/es\/wp-json\/wp\/v2\/product\/20762\/revisions"}],"wp:featuredmedia":[{"embeddable":true,"href":"https:\/\/packdesites.com\/es\/wp-json\/wp\/v2\/media\/20763"}],"wp:attachment":[{"href":"https:\/\/packdesites.com\/es\/wp-json\/wp\/v2\/media?parent=20762"}],"wp:term":[{"taxonomy":"product_brand","embeddable":true,"href":"https:\/\/packdesites.com\/es\/wp-json\/wp\/v2\/product_brand?post=20762"},{"taxonomy":"product_cat","embeddable":true,"href":"https:\/\/packdesites.com\/es\/wp-json\/wp\/v2\/product_cat?post=20762"},{"taxonomy":"product_tag","embeddable":true,"href":"https:\/\/packdesites.com\/es\/wp-json\/wp\/v2\/product_tag?post=20762"}],"curies":[{"name":"wp","href":"https:\/\/api.w.org\/{rel}","templated":true}]}}