{"id":2013,"date":"2025-03-19T21:02:26","date_gmt":"2025-03-19T21:02:26","guid":{"rendered":"https:\/\/packdesites.com\/produto\/cayo-kit-de-templates-elementor-da-agencia-criativa\/"},"modified":"2025-04-03T01:49:32","modified_gmt":"2025-04-03T01:49:32","slug":"kit-de-plantillas-elementor-para-la-agencia-creativa-cayo","status":"publish","type":"product","link":"https:\/\/packdesites.com\/es\/product\/kit-de-plantillas-elementor-para-la-agencia-creativa-cayo\/","title":{"rendered":"CayO \u2013 Kit de plantillas Elementor para agencias creativas"},"content":{"rendered":"<p><strong>CayO<\/strong>&nbsp;es un kit de plantillas Elementor creado para estudios digitales creativos, dise\u00f1adores, fot\u00f3grafos o artistas. Perfecto tanto para uso personal como de agencia. La plantilla tiene un dise\u00f1o de p\u00edxeles perfectos, lo que garantiza que su creaci\u00f3n final sea flexible y f\u00e1cilmente ampliable. Es una plantilla totalmente adaptable y compatible con todos los navegadores.<\/p>\n\n\n\n<p>Modelos:<\/p>\n\n\n\n<ul class=\"wp-block-list\">\n<li>P\u00e1gina de inicio 1<\/li>\n\n\n\n<li>P\u00e1gina de inicio 2<\/li>\n\n\n\n<li>P\u00e1gina de inicio 3<\/li>\n\n\n\n<li>En<\/li>\n\n\n\n<li>Servicios<\/li>\n\n\n\n<li>Proyectos<\/li>\n\n\n\n<li>Proyectos individuales<\/li>\n\n\n\n<li>Noticias<\/li>\n\n\n\n<li>Cont\u00e1ctanos<\/li>\n<\/ul>","protected":false},"excerpt":{"rendered":"<p>CayO es un kit de plantillas de Elementor creado para estudios digitales creativos, dise\u00f1adores, fot\u00f3grafos o artistas. Perfecto tanto para uso personal como para agencias. La plantilla tiene un dise\u00f1o de p\u00edxeles perfectos, lo que garantiza que tu creaci\u00f3n final sea flexible y f\u00e1cilmente extensible. Es una plantilla totalmente adaptable y compatible con varios navegadores. Plantillas:<\/p>","protected":false},"featured_media":2014,"comment_status":"open","ping_status":"open","template":"","meta":{"_jf_limit_responses":"","iawp_total_views":102},"product_brand":[],"product_cat":[32,23,24],"product_tag":[19],"class_list":{"0":"post-2013","1":"product","2":"type-product","3":"status-publish","4":"has-post-thumbnail","6":"product_cat-agencia-de-marketing","7":"product_cat-templates-elementor-e-envato","8":"product_cat-templates-envato","9":"product_tag-vitalicio","11":"first","12":"instock","13":"downloadable","14":"virtual","15":"purchasable","16":"product-type-simple"},"_links":{"self":[{"href":"https:\/\/packdesites.com\/es\/wp-json\/wp\/v2\/product\/2013","targetHints":{"allow":["GET"]}}],"collection":[{"href":"https:\/\/packdesites.com\/es\/wp-json\/wp\/v2\/product"}],"about":[{"href":"https:\/\/packdesites.com\/es\/wp-json\/wp\/v2\/types\/product"}],"replies":[{"embeddable":true,"href":"https:\/\/packdesites.com\/es\/wp-json\/wp\/v2\/comments?post=2013"}],"version-history":[{"count":0,"href":"https:\/\/packdesites.com\/es\/wp-json\/wp\/v2\/product\/2013\/revisions"}],"wp:featuredmedia":[{"embeddable":true,"href":"https:\/\/packdesites.com\/es\/wp-json\/wp\/v2\/media\/2014"}],"wp:attachment":[{"href":"https:\/\/packdesites.com\/es\/wp-json\/wp\/v2\/media?parent=2013"}],"wp:term":[{"taxonomy":"product_brand","embeddable":true,"href":"https:\/\/packdesites.com\/es\/wp-json\/wp\/v2\/product_brand?post=2013"},{"taxonomy":"product_cat","embeddable":true,"href":"https:\/\/packdesites.com\/es\/wp-json\/wp\/v2\/product_cat?post=2013"},{"taxonomy":"product_tag","embeddable":true,"href":"https:\/\/packdesites.com\/es\/wp-json\/wp\/v2\/product_tag?post=2013"}],"curies":[{"name":"wp","href":"https:\/\/api.w.org\/{rel}","templated":true}]}}