{"id":2011,"date":"2025-03-17T20:16:28","date_gmt":"2025-03-17T20:16:28","guid":{"rendered":"https:\/\/packdesites.com\/produto\/moxtechzo-kit-de-modelos-elementor-para-empresas-de-tecnologia-e-servicos-de-ti\/"},"modified":"2025-04-28T16:06:04","modified_gmt":"2025-04-28T19:06:04","slug":"kit-de-plantillas-elementor-de-moxtechzo-para-empresas-de-tecnologia-y-servicios-de-ti","status":"publish","type":"product","link":"https:\/\/packdesites.com\/es\/product\/kit-de-plantillas-elementor-de-moxtechzo-para-empresas-de-tecnologia-y-servicios-de-ti\/","title":{"rendered":"MoxTechZO: Kit de plantillas de Elementor para empresas de tecnolog\u00eda y servicios de TI"},"content":{"rendered":"<p>MoxTechZO es un kit de plantillas Elementor Pro para sitios web de empresas de tecnolog\u00eda y servicios de TI. Esta plantilla tiene un dise\u00f1o limpio, moderno y profesional. Puedes crear f\u00e1cilmente un sitio web para una empresa de tecnolog\u00eda que ofrezca servicios profesionales tanto a startups como a empresas consolidadas. Tambi\u00e9n puedes usar este kit de plantillas Elementor para cualquier servicio, como empresas de soluciones y servicios de TI, tecnolog\u00eda, empresas de TI, startups tecnol\u00f3gicas, software, SaaS, agencias web, etc.<\/p>\n\n\n\n<p>Los kits de plantillas de Elementor contienen contenido para el constructor de p\u00e1ginas Elementor. Este kit est\u00e1 optimizado para usarse con el tema gratuito Hello Elementor, pero es compatible con la mayor\u00eda de los temas compatibles con Elementor.<\/p>\n\n\n\n<p><strong>Caracter\u00edsticas del dise\u00f1o:<\/strong><\/p>\n\n\n\n<ul class=\"wp-block-list\">\n<li>Dise\u00f1o moderno y profesional.<\/li>\n\n\n\n<li>Creado con Elementor Pro<\/li>\n\n\n\n<li>100% Responsivo y compatible con dispositivos m\u00f3viles<\/li>\n\n\n\n<li>M\u00e1s de 12 plantillas predise\u00f1adas<\/li>\n\n\n\n<li>F\u00e1cil de personalizar<\/li>\n\n\n\n<li>Kit de plantillas creado con el tema Hello Elementor<\/li>\n<\/ul>\n\n\n\n<p><strong>Qu\u00e9 incluye el Zip:<\/strong><\/p>\n\n\n\n<ul class=\"wp-block-list\">\n<li>P\u00e1gina de inicio<\/li>\n\n\n\n<li>Sobre nosotros -<\/li>\n\n\n\n<li>Cont\u00e1ctanos<\/li>\n\n\n\n<li>Portafolio detallado<\/li>\n\n\n\n<li>PREGUNTAS FRECUENTES<\/li>\n\n\n\n<li>Error 404<\/li>\n\n\n\n<li>Archivo del blog<\/li>\n\n\n\n<li>Publicaci\u00f3n \u00fanica<\/li>\n\n\n\n<li>Cartera<\/li>\n\n\n\n<li>Plan de precios<\/li>\n\n\n\n<li>Servicios<\/li>\n\n\n\n<li>Equipo<\/li>\n\n\n\n<li>Estilo global<\/li>\n\n\n\n<li>encabezamiento<\/li>\n\n\n\n<li>Z\u00f3calo<\/li>\n<\/ul>","protected":false},"excerpt":{"rendered":"<p>MoxTechZO es un kit de plantillas Elementor Pro para sitios web de empresas de tecnolog\u00eda y servicios de TI. Esta plantilla tiene un dise\u00f1o limpio, moderno y profesional. Puedes crear f\u00e1cilmente un sitio web para una empresa tecnol\u00f3gica que ofrezca servicios profesionales, tanto para startups como para empresas consolidadas. Tambi\u00e9n puedes usar este kit para [\u2026]<\/p>","protected":false},"featured_media":2012,"comment_status":"open","ping_status":"open","template":"","meta":{"_jf_limit_responses":"","iawp_total_views":359},"product_brand":[],"product_cat":[23,32,36,27,24],"product_tag":[19],"class_list":{"0":"post-2011","1":"product","2":"type-product","3":"status-publish","4":"has-post-thumbnail","6":"product_cat-templates-elementor-e-envato","7":"product_cat-agencia-de-marketing","8":"product_cat-consultoria-de-negocios","9":"product_cat-prestadores-de-servicos","10":"product_cat-templates-envato","11":"product_tag-vitalicio","13":"first","14":"instock","15":"downloadable","16":"virtual","17":"purchasable","18":"product-type-simple"},"_links":{"self":[{"href":"https:\/\/packdesites.com\/es\/wp-json\/wp\/v2\/product\/2011","targetHints":{"allow":["GET"]}}],"collection":[{"href":"https:\/\/packdesites.com\/es\/wp-json\/wp\/v2\/product"}],"about":[{"href":"https:\/\/packdesites.com\/es\/wp-json\/wp\/v2\/types\/product"}],"replies":[{"embeddable":true,"href":"https:\/\/packdesites.com\/es\/wp-json\/wp\/v2\/comments?post=2011"}],"version-history":[{"count":1,"href":"https:\/\/packdesites.com\/es\/wp-json\/wp\/v2\/product\/2011\/revisions"}],"predecessor-version":[{"id":22768,"href":"https:\/\/packdesites.com\/es\/wp-json\/wp\/v2\/product\/2011\/revisions\/22768"}],"wp:featuredmedia":[{"embeddable":true,"href":"https:\/\/packdesites.com\/es\/wp-json\/wp\/v2\/media\/2012"}],"wp:attachment":[{"href":"https:\/\/packdesites.com\/es\/wp-json\/wp\/v2\/media?parent=2011"}],"wp:term":[{"taxonomy":"product_brand","embeddable":true,"href":"https:\/\/packdesites.com\/es\/wp-json\/wp\/v2\/product_brand?post=2011"},{"taxonomy":"product_cat","embeddable":true,"href":"https:\/\/packdesites.com\/es\/wp-json\/wp\/v2\/product_cat?post=2011"},{"taxonomy":"product_tag","embeddable":true,"href":"https:\/\/packdesites.com\/es\/wp-json\/wp\/v2\/product_tag?post=2011"}],"curies":[{"name":"wp","href":"https:\/\/api.w.org\/{rel}","templated":true}]}}