{"id":2009,"date":"2025-03-17T20:13:08","date_gmt":"2025-03-17T20:13:08","guid":{"rendered":"https:\/\/packdesites.com\/produto\/terrain-kit-de-templates-elementor-de-paisagismo-e-jardinagem\/"},"modified":"2025-04-03T01:49:21","modified_gmt":"2025-04-03T01:49:21","slug":"kit-de-plantillas-de-paisajismo-y-jardineria-de-elementor-de-terreno","status":"publish","type":"product","link":"https:\/\/packdesites.com\/es\/product\/kit-de-plantillas-de-paisajismo-y-jardineria-de-elementor-de-terreno\/","title":{"rendered":"Terrain \u2013 Kit de plantillas Elementor para paisajismo y jardiner\u00eda"},"content":{"rendered":"<p>errain es un kit de plantillas de Elementor para crear r\u00e1pida y f\u00e1cilmente un sitio web completo de WordPress para tu negocio con un dise\u00f1o moderno y profesional. El kit incluye un sistema de dise\u00f1o totalmente compatible e im\u00e1genes cuidadosamente seleccionadas por profesionales para darle un toque de marca premium a tu pr\u00f3ximo proyecto. Optimizado para usar con el tema gratuito Hello Elementor, este kit es personalizable, de carga r\u00e1pida y totalmente responsivo.<\/p>\n\n\n\n<p><strong>Caracter\u00edsticas:<\/strong><\/p>\n\n\n\n<ul class=\"wp-block-list\">\n<li>Compatible con WordPress \u2013 Elementor<\/li>\n\n\n\n<li>Uso de complementos gratuitos (no se requiere Elementor Pro)<\/li>\n\n\n\n<li>Personalizaci\u00f3n real sin c\u00f3digo con arrastrar y soltar<\/li>\n\n\n\n<li>100% totalmente responsivo y compatible con dispositivos m\u00f3viles<\/li>\n\n\n\n<li>Dise\u00f1o moderno y profesional.<\/li>\n\n\n\n<li>M\u00e1s de 13 plantillas predise\u00f1adas listas para usar<\/li>\n\n\n\n<li>Personaliza fuentes y colores en un solo lugar (Estilo de kit de temas global)<\/li>\n<\/ul>\n\n\n\n<p><strong>Modelos Zip:<\/strong><\/p>\n\n\n\n<ul class=\"wp-block-list\">\n<li>P\u00e1gina de inicio<\/li>\n\n\n\n<li>Sobre nosotros<\/li>\n\n\n\n<li>Servicios<\/li>\n\n\n\n<li>Detalle del servicio<\/li>\n\n\n\n<li>Plan de precios<\/li>\n\n\n\n<li>Cartera<\/li>\n\n\n\n<li>Galer\u00eda<\/li>\n\n\n\n<li>Blog<\/li>\n\n\n\n<li>Preguntas frecuentes<\/li>\n\n\n\n<li>Error 404<\/li>\n\n\n\n<li>Cont\u00e1ctanos<\/li>\n\n\n\n<li>encabezamiento<\/li>\n\n\n\n<li>Z\u00f3calo<\/li>\n\n\n\n<li>Formulario de contacto \u2013 Bloque<\/li>\n<\/ul>\n\n\n\n<p><strong>Complementos necesarios:<\/strong><\/p>\n\n\n\n<ul class=\"wp-block-list\">\n<li>Elementor<\/li>\n\n\n\n<li>ElementsKit Lite<\/li>\n\n\n\n<li>Kit de temas de Roma para Elementor<\/li>\n\n\n\n<li>Forma tem\u00e1tica de Roma<\/li>\n<\/ul>\n\n\n\n<p><strong>C\u00f3mo utilizar los kits de plantillas:<\/strong>&nbsp;Este no es un tema de WordPress. Los kits de plantillas contienen \u00fanicamente datos de dise\u00f1o de Elementor y se instalan mediante el plugin de WordPress de Envato Elements o directamente a trav\u00e9s de Elementor.<\/p>\n\n\n\n<ul class=\"wp-block-list\">\n<li>Instalar y activar el complemento \u201cEnvato Elements\u201d en Complementos &gt; Agregar nuevo en WordPress<\/li>\n\n\n\n<li>Vaya a Elementos &gt; Kits instalados y haga clic en el bot\u00f3n Cargar kit de plantillas. Tambi\u00e9n puede importar autom\u00e1ticamente haciendo clic en Conectar cuenta para vincular su suscripci\u00f3n a Elementos y luego importando en Elementos &gt; Kits de plantillas.<\/li>\n\n\n\n<li>Verifique el banner naranja en la parte superior y haga clic en Requisitos de instalaci\u00f3n para cargar los complementos que utiliza el kit<\/li>\n\n\n\n<li>Primer clic en importar en Estilos del Kit Global<\/li>\n\n\n\n<li>Haz clic en &quot;Importar&quot; en una plantilla a la vez. Se almacenan en Elementor, en Plantillas &gt; Plantillas guardadas. - Ve a P\u00e1ginas, crea una p\u00e1gina nueva y haz clic en &quot;Editar con Elementor&quot;.<\/li>\n\n\n\n<li>Haga clic en el \u00edcono de engranaje en la esquina inferior izquierda del generador para ver la configuraci\u00f3n de la p\u00e1gina y elija Elementor Ancho completo y oculte el t\u00edtulo de la p\u00e1gina.<\/li>\n\n\n\n<li>Haga clic en el \u00edcono de la carpeta gris para acceder a la pesta\u00f1a Mis plantillas, luego importe la p\u00e1gina que desea personalizar.<\/li>\n<\/ul>\n\n\n\n<p>Si tienes Elementor Pro, los encabezados y pies de p\u00e1gina se pueden personalizar en el Generador de temas.<\/p>","protected":false},"excerpt":{"rendered":"<p>errain \u00e9 um Template Kit Elementor para criar de forma r\u00e1pida e f\u00e1cil um site completo em WordPress para sua empresa com um design moderno e profissional. O kit apresenta um sistema de design totalmente compat\u00edvel e imagens escolhidas a dedo profissionalmente para uma vantagem de marca premium em seu pr\u00f3ximo projeto. Otimizado para uso [&hellip;]<\/p>","protected":false},"featured_media":2010,"comment_status":"open","ping_status":"open","template":"","meta":{"_jf_limit_responses":"","iawp_total_views":181},"product_brand":[],"product_cat":[27,23,24],"product_tag":[19],"class_list":{"0":"post-2009","1":"product","2":"type-product","3":"status-publish","4":"has-post-thumbnail","6":"product_cat-prestadores-de-servicos","7":"product_cat-templates-elementor-e-envato","8":"product_cat-templates-envato","9":"product_tag-vitalicio","11":"first","12":"instock","13":"downloadable","14":"virtual","15":"purchasable","16":"product-type-simple"},"_links":{"self":[{"href":"https:\/\/packdesites.com\/es\/wp-json\/wp\/v2\/product\/2009","targetHints":{"allow":["GET"]}}],"collection":[{"href":"https:\/\/packdesites.com\/es\/wp-json\/wp\/v2\/product"}],"about":[{"href":"https:\/\/packdesites.com\/es\/wp-json\/wp\/v2\/types\/product"}],"replies":[{"embeddable":true,"href":"https:\/\/packdesites.com\/es\/wp-json\/wp\/v2\/comments?post=2009"}],"version-history":[{"count":0,"href":"https:\/\/packdesites.com\/es\/wp-json\/wp\/v2\/product\/2009\/revisions"}],"wp:featuredmedia":[{"embeddable":true,"href":"https:\/\/packdesites.com\/es\/wp-json\/wp\/v2\/media\/2010"}],"wp:attachment":[{"href":"https:\/\/packdesites.com\/es\/wp-json\/wp\/v2\/media?parent=2009"}],"wp:term":[{"taxonomy":"product_brand","embeddable":true,"href":"https:\/\/packdesites.com\/es\/wp-json\/wp\/v2\/product_brand?post=2009"},{"taxonomy":"product_cat","embeddable":true,"href":"https:\/\/packdesites.com\/es\/wp-json\/wp\/v2\/product_cat?post=2009"},{"taxonomy":"product_tag","embeddable":true,"href":"https:\/\/packdesites.com\/es\/wp-json\/wp\/v2\/product_tag?post=2009"}],"curies":[{"name":"wp","href":"https:\/\/api.w.org\/{rel}","templated":true}]}}