{"id":2005,"date":"2025-03-14T16:14:19","date_gmt":"2025-03-14T16:14:19","guid":{"rendered":"https:\/\/packdesites.com\/produto\/fistudy-kit-de-modelos-elementor-pro-para-educacao-profissional-e-cursos-on-line\/"},"modified":"2025-04-03T01:49:15","modified_gmt":"2025-04-03T01:49:15","slug":"kit-de-plantillas-de-fistudy-elementor-pro-para-educacion-profesional-y-cursos-en-linea","status":"publish","type":"product","link":"https:\/\/packdesites.com\/es\/product\/kit-de-plantillas-de-fistudy-elementor-pro-para-educacion-profesional-y-cursos-en-linea\/","title":{"rendered":"FiStudy: Kit de plantillas Elementor Pro para educaci\u00f3n profesional y cursos en l\u00ednea"},"content":{"rendered":"<p><strong>FiStudy: Kit de plantillas Elementor Pro para educaci\u00f3n profesional y cursos en l\u00ednea, dise\u00f1ado espec\u00edficamente para el sitio web.<\/strong>\u00a0Para cursos y educaci\u00f3n en l\u00ednea. FiStudy presenta un dise\u00f1o limpio y profesional con una plantilla 100% responsiva y compatible con pantallas retina. Ahorra tiempo creando un sitio web para cursos y educaci\u00f3n en l\u00ednea con este kit de plantillas de Elementor. Con el Creador de P\u00e1ginas de Elementor, puedes editarlo o personalizarlo f\u00e1cilmente, sin necesidad de programar, solo arrastra y suelta.<\/p>\n\n\n\n<p>Los kits de plantillas de Elementor contienen contenido para el constructor de p\u00e1ginas Elementor. Este kit est\u00e1 optimizado para usarse con el tema gratuito Hello Elementor, pero es compatible con la mayor\u00eda de los temas compatibles con Elementor.<\/p>\n\n\n\n<p><strong>Caracter\u00edsticas del dise\u00f1o:<\/strong><\/p>\n\n\n\n<ul class=\"wp-block-list\">\n<li>Dise\u00f1o moderno y profesional.<\/li>\n\n\n\n<li>Compatibilidad entre navegadores<\/li>\n\n\n\n<li>100% Responsivo y compatible con dispositivos m\u00f3viles<\/li>\n\n\n\n<li>M\u00e1s de 13 plantillas de p\u00e1gina listas para usar<\/li>\n\n\n\n<li>Personaliza fuentes y colores en un solo lugar (estilo kit global)<\/li>\n<\/ul>\n\n\n\n<p><strong>Qu\u00e9 incluye el Zip:<\/strong><\/p>\n\n\n\n<ul class=\"wp-block-list\">\n<li>P\u00e1gina de inicio<\/li>\n\n\n\n<li>En<\/li>\n\n\n\n<li>Equipo<\/li>\n\n\n\n<li>Galer\u00eda<\/li>\n\n\n\n<li>Precios<\/li>\n\n\n\n<li>Testimonios<\/li>\n\n\n\n<li>Nuestras preguntas frecuentes<\/li>\n\n\n\n<li>Error 404<\/li>\n\n\n\n<li>Nuestro curso<\/li>\n\n\n\n<li>Detalles del curso<\/li>\n\n\n\n<li>Blog<\/li>\n\n\n\n<li>Detalles del blog<\/li>\n\n\n\n<li>Ponte en contacto con nosotros<\/li>\n\n\n\n<li>encabezamiento<\/li>\n\n\n\n<li>Z\u00f3calo<\/li>\n<\/ul>\n\n\n\n<p><strong>Complementos instalados con el kit:<\/strong><\/p>\n\n\n\n<ul class=\"wp-block-list\">\n<li>Elementor<\/li>\n\n\n\n<li>ElementsKit Lite<\/li>\n<\/ul>","protected":false},"excerpt":{"rendered":"<p>FiStudy \u2014 Kit de modelos Elementor Pro para educa\u00e7\u00e3o profissional e cursos on-line desenvolvido especificamente para o site\u00a0de cursos e educa\u00e7\u00e3o on-line. O FiStudy \u00e9 um design limpo e profissional com um layout 100% responsivo, pronto para retina. Economize seu tempo para criar um site de cursos e educa\u00e7\u00e3o on-line com este kit de templates [&hellip;]<\/p>","protected":false},"featured_media":2006,"comment_status":"open","ping_status":"open","template":"","meta":{"_jf_limit_responses":"","iawp_total_views":141},"product_brand":[],"product_cat":[28,23,24],"product_tag":[19],"class_list":{"0":"post-2005","1":"product","2":"type-product","3":"status-publish","4":"has-post-thumbnail","6":"product_cat-educacao-e-treinamento","7":"product_cat-templates-elementor-e-envato","8":"product_cat-templates-envato","9":"product_tag-vitalicio","11":"first","12":"instock","13":"downloadable","14":"virtual","15":"purchasable","16":"product-type-simple"},"_links":{"self":[{"href":"https:\/\/packdesites.com\/es\/wp-json\/wp\/v2\/product\/2005","targetHints":{"allow":["GET"]}}],"collection":[{"href":"https:\/\/packdesites.com\/es\/wp-json\/wp\/v2\/product"}],"about":[{"href":"https:\/\/packdesites.com\/es\/wp-json\/wp\/v2\/types\/product"}],"replies":[{"embeddable":true,"href":"https:\/\/packdesites.com\/es\/wp-json\/wp\/v2\/comments?post=2005"}],"version-history":[{"count":0,"href":"https:\/\/packdesites.com\/es\/wp-json\/wp\/v2\/product\/2005\/revisions"}],"wp:featuredmedia":[{"embeddable":true,"href":"https:\/\/packdesites.com\/es\/wp-json\/wp\/v2\/media\/2006"}],"wp:attachment":[{"href":"https:\/\/packdesites.com\/es\/wp-json\/wp\/v2\/media?parent=2005"}],"wp:term":[{"taxonomy":"product_brand","embeddable":true,"href":"https:\/\/packdesites.com\/es\/wp-json\/wp\/v2\/product_brand?post=2005"},{"taxonomy":"product_cat","embeddable":true,"href":"https:\/\/packdesites.com\/es\/wp-json\/wp\/v2\/product_cat?post=2005"},{"taxonomy":"product_tag","embeddable":true,"href":"https:\/\/packdesites.com\/es\/wp-json\/wp\/v2\/product_tag?post=2005"}],"curies":[{"name":"wp","href":"https:\/\/api.w.org\/{rel}","templated":true}]}}