{"id":20010,"date":"2025-04-21T13:40:12","date_gmt":"2025-04-21T16:40:12","guid":{"rendered":"https:\/\/packdesites.com\/?post_type=product&#038;p=20010"},"modified":"2025-04-28T20:10:14","modified_gmt":"2025-04-28T23:10:14","slug":"kit-de-plantillas-elementor-para-tienda-de-mascotas-woocommerce-de-pawparadise","status":"publish","type":"product","link":"https:\/\/packdesites.com\/es\/product\/kit-de-plantillas-elementor-para-tienda-de-mascotas-woocommerce-de-pawparadise\/","title":{"rendered":"PawParadise \u2013 Kit de plantillas Elementor para WooCommerce Pet Shop"},"content":{"rendered":"<p>PawParadise es un kit de plantillas de Elementor para sitios web de tiendas de mascotas. Esta plantilla tiene un dise\u00f1o limpio, moderno y atractivo. Puedes crear f\u00e1cilmente un atractivo sitio web de WooCommerce para tiendas de mascotas y servicios relacionados con el cuidado de mascotas, como peluquer\u00eda, adiestramiento, estilismo, adopci\u00f3n, etc.<\/p>\n<p>Ahorra tiempo creando un sitio web para tu tienda de mascotas con este kit de plantillas de Elementor. Con el Creador de P\u00e1ginas de Elementor, puedes editarlo y personalizarlo f\u00e1cilmente sin necesidad de programar: simplemente arrastra y suelta.<\/p>\n<p>Los kits de plantillas de Elementor contienen contenido para el constructor de p\u00e1ginas Elementor. Este kit est\u00e1 optimizado para usarse con el tema gratuito Hello Elementor, pero es compatible con la mayor\u00eda de los temas compatibles con Elementor.<\/p>\n<p><strong>Caracter\u00edsticas del dise\u00f1o:<\/strong><\/p>\n<ul>\n<li>Dise\u00f1o moderno y profesional.<\/li>\n<li>Creado con Elementor Pro + WooCommerce<\/li>\n<li>100% Responsivo y compatible con dispositivos m\u00f3viles<\/li>\n<li>M\u00e1s de 12 plantillas predise\u00f1adas<\/li>\n<li>F\u00e1cil de personalizar<\/li>\n<li>Kit de plantillas creado con el tema Hello Elementor<\/li>\n<\/ul>\n<p><strong>Qu\u00e9 incluye el Zip:<\/strong><\/p>\n<ul>\n<li>P\u00e1gina de inicio<\/li>\n<li>Sobre nosotros<\/li>\n<li>Carro<\/li>\n<li>Verificar<\/li>\n<li>Cont\u00e1ctanos<\/li>\n<li>PREGUNTAS FRECUENTES<\/li>\n<li>P\u00e1gina de inicio de sesi\u00f3n<\/li>\n<li>Mi cuenta<\/li>\n<li>Archivado<\/li>\n<li>Error 404<\/li>\n<li>Archivo de productos<\/li>\n<li>Publicaci\u00f3n \u00fanica<\/li>\n<li>Producto \u00fanico<\/li>\n<li>Resumen de la compra<\/li>\n<li>Equipo<\/li>\n<li>Estilo global<\/li>\n<li>encabezamiento<\/li>\n<li>Z\u00f3calo<\/li>\n<\/ul>\n<p><strong>Complementos instalados con el kit<\/strong><\/p>\n<ul>\n<li>ElementKit Lite<\/li>\n<li>Iconos de Skyboot<\/li>\n<\/ul>\n<p><strong>Se requiere la actualizaci\u00f3n de Elementor Pro para algunas plantillas y funciones<\/strong><\/p>","protected":false},"excerpt":{"rendered":"<p>PawParadise es un kit de plantillas de Elementor para sitios web de tiendas de mascotas. Esta plantilla tiene un dise\u00f1o limpio, moderno y atractivo. Puedes crear f\u00e1cilmente un atractivo sitio web de WooCommerce para tiendas de mascotas y sus servicios relacionados, como peluquer\u00eda, adiestramiento y estilismo, entre otros.<\/p>","protected":false},"featured_media":20011,"comment_status":"open","ping_status":"closed","template":"","meta":{"_jf_limit_responses":"","iawp_total_views":274},"product_brand":[],"product_cat":[23,26,27,24],"product_tag":[19],"class_list":{"0":"post-20010","1":"product","2":"type-product","3":"status-publish","4":"has-post-thumbnail","6":"product_cat-templates-elementor-e-envato","7":"product_cat-lojas-virtuais","8":"product_cat-prestadores-de-servicos","9":"product_cat-templates-envato","10":"product_tag-vitalicio","12":"first","13":"instock","14":"downloadable","15":"virtual","16":"purchasable","17":"product-type-simple"},"_links":{"self":[{"href":"https:\/\/packdesites.com\/es\/wp-json\/wp\/v2\/product\/20010","targetHints":{"allow":["GET"]}}],"collection":[{"href":"https:\/\/packdesites.com\/es\/wp-json\/wp\/v2\/product"}],"about":[{"href":"https:\/\/packdesites.com\/es\/wp-json\/wp\/v2\/types\/product"}],"replies":[{"embeddable":true,"href":"https:\/\/packdesites.com\/es\/wp-json\/wp\/v2\/comments?post=20010"}],"version-history":[{"count":0,"href":"https:\/\/packdesites.com\/es\/wp-json\/wp\/v2\/product\/20010\/revisions"}],"wp:featuredmedia":[{"embeddable":true,"href":"https:\/\/packdesites.com\/es\/wp-json\/wp\/v2\/media\/20011"}],"wp:attachment":[{"href":"https:\/\/packdesites.com\/es\/wp-json\/wp\/v2\/media?parent=20010"}],"wp:term":[{"taxonomy":"product_brand","embeddable":true,"href":"https:\/\/packdesites.com\/es\/wp-json\/wp\/v2\/product_brand?post=20010"},{"taxonomy":"product_cat","embeddable":true,"href":"https:\/\/packdesites.com\/es\/wp-json\/wp\/v2\/product_cat?post=20010"},{"taxonomy":"product_tag","embeddable":true,"href":"https:\/\/packdesites.com\/es\/wp-json\/wp\/v2\/product_tag?post=20010"}],"curies":[{"name":"wp","href":"https:\/\/api.w.org\/{rel}","templated":true}]}}