{"id":19977,"date":"2025-04-19T21:22:04","date_gmt":"2025-04-20T00:22:04","guid":{"rendered":"https:\/\/packdesites.com\/?post_type=product&#038;p=19977"},"modified":"2025-04-19T22:03:23","modified_gmt":"2025-04-20T01:03:23","slug":"publirreportaje-estilo-g1-100-editable-en-elementor","status":"publish","type":"product","link":"https:\/\/packdesites.com\/es\/product\/publirreportaje-estilo-g1-100-editable-en-elementor\/","title":{"rendered":"Publirreportaje de estilo G1: 100% editable en Elementor"},"content":{"rendered":"<p class=\"\" data-start=\"639\" data-end=\"938\">Si desea crear p\u00e1ginas de ventas con altas tasas de conversi\u00f3n y una apariencia profesional, <strong data-start=\"731\" data-end=\"756\">Publirreportaje de estilo G1<\/strong> es la soluci\u00f3n ideal. Desarrollado espec\u00edficamente para Elementor, es 100% editable, ofreciendo total flexibilidad para que puedas adaptar el contenido a tu producto, servicio o campa\u00f1a.<\/p>\n<h2 class=\"\" data-start=\"940\" data-end=\"962\">Tabla de contenido<\/h2>\n<ul data-start=\"963\" data-end=\"1492\">\n<li class=\"\" data-start=\"963\" data-end=\"1033\">\n<p class=\"\" data-start=\"965\" data-end=\"1033\"><a class=\"\" href=\"#o-que-e-o-advertorial-estilo-g1\" rel=\"noopener\" data-start=\"965\" data-end=\"1033\">\u00bfQu\u00e9 es G1 Style Advertorial?<\/a><\/p>\n<\/li>\n<li class=\"\" data-start=\"1034\" data-end=\"1139\">\n<p class=\"\" data-start=\"1036\" data-end=\"1139\"><a class=\"\" href=\"#principais-recursos-do-advertorial-para-elementor\" rel=\"noopener\" data-start=\"1036\" data-end=\"1139\">Caracter\u00edsticas principales de Advertorial para Elementor<\/a><\/p>\n<\/li>\n<li class=\"\" data-start=\"1140\" data-end=\"1231\">\n<p class=\"\" data-start=\"1142\" data-end=\"1231\"><a class=\"\" href=\"#vantagens-de-usar-um-advertorial-estilo-g1\" rel=\"noopener\" data-start=\"1142\" data-end=\"1231\">Ventajas de utilizar un publirreportaje estilo G1<\/a><\/p>\n<\/li>\n<li class=\"\" data-start=\"1232\" data-end=\"1357\">\n<p class=\"\" data-start=\"1234\" data-end=\"1357\"><a class=\"\" href=\"#como-importar-e-editar-o-advertorial-estilo-g1-no-elementor\" rel=\"noopener\" data-start=\"1234\" data-end=\"1357\">C\u00f3mo importar y editar publirreportajes de estilo G1 en Elementor<\/a><\/p>\n<\/li>\n<li class=\"\" data-start=\"1358\" data-end=\"1492\">\n<p class=\"\" data-start=\"1360\" data-end=\"1492\"><a class=\"\" href=\"#conclusao-transforme-suas-campanhas-com-o-advertorial-estilo-g1\" rel=\"noopener\" data-start=\"1360\" data-end=\"1492\">Conclusi\u00f3n: Transforme sus campa\u00f1as con G1 Style Advertorial<\/a><\/p>\n<\/li>\n<\/ul>\n<h2 class=\"\" data-start=\"1494\" data-end=\"1529\">\u00bfQu\u00e9 es G1 Style Advertorial?<\/h2>\n<p class=\"\" data-start=\"1531\" data-end=\"1770\">EL <strong data-start=\"1533\" data-end=\"1558\">Publirreportaje de estilo G1<\/strong> Es una p\u00e1gina de destino altamente optimizada que simula el dise\u00f1o y la apariencia de los art\u00edculos de noticias de los principales portales, como G1. Esto aumenta la credibilidad, genera mayor compromiso e impulsa las conversiones.<\/p>\n<p class=\"\" data-start=\"1772\" data-end=\"2006\">Creado en <strong data-start=\"1782\" data-end=\"1795\">Elementor<\/strong>El publirreportaje se entrega en un archivo que puede importarse f\u00e1cilmente a su sitio de WordPress. Despu\u00e9s de importar, puede editar todos los textos, im\u00e1genes, enlaces y estilos seg\u00fan sus necesidades.<\/p>\n<p class=\"\" data-start=\"2008\" data-end=\"2033\">Este modelo es ideal para:<\/p>\n<ul data-start=\"2034\" data-end=\"2140\">\n<li class=\"\" data-start=\"2034\" data-end=\"2051\">\n<p class=\"\" data-start=\"2036\" data-end=\"2051\">Venta directa.<\/p>\n<\/li>\n<li class=\"\" data-start=\"2052\" data-end=\"2072\">\n<p class=\"\" data-start=\"2054\" data-end=\"2072\">Captura de clientes potenciales.<\/p>\n<\/li>\n<li class=\"\" data-start=\"2073\" data-end=\"2099\">\n<p class=\"\" data-start=\"2075\" data-end=\"2099\">Lanzamientos de productos.<\/p>\n<\/li>\n<li class=\"\" data-start=\"2100\" data-end=\"2140\">\n<p class=\"\" data-start=\"2102\" data-end=\"2140\">Estrategias de marketing de afiliados.<\/p>\n<\/li>\n<\/ul>\n<h2 class=\"\" data-start=\"2308\" data-end=\"2360\">Caracter\u00edsticas principales de Advertorial para Elementor<\/h2>\n<p class=\"\" data-start=\"2362\" data-end=\"2480\">EL <strong data-start=\"2364\" data-end=\"2389\">Publirreportaje de estilo G1<\/strong> Viene con una serie de caracter\u00edsticas que facilitan la creaci\u00f3n de p\u00e1ginas de alta conversi\u00f3n:<\/p>\n<h3 class=\"\" data-start=\"2482\" data-end=\"2508\">1. Totalmente editable<\/h3>\n<p class=\"\" data-start=\"2510\" data-end=\"2625\">Personaliza textos, im\u00e1genes, botones, colores, espaciados y secciones con la total libertad que solo Elementor ofrece.<\/p>\n<h3 class=\"\" data-start=\"2627\" data-end=\"2651\">2. Dise\u00f1o adaptable<\/h3>\n<p class=\"\" data-start=\"2653\" data-end=\"2778\">Compatible con todos los dispositivos, lo que garantiza que su p\u00e1gina sea atractiva y funcional en tel\u00e9fonos inteligentes, tabletas y computadoras de escritorio.<\/p>\n<h3 class=\"\" data-start=\"2780\" data-end=\"2819\">3. Dise\u00f1o period\u00edstico profesional<\/h3>\n<p class=\"\" data-start=\"2821\" data-end=\"2939\">El estilo visual se asemeja al dise\u00f1o de los grandes portales de noticias, aumentando la credibilidad y la atenci\u00f3n de los visitantes.<\/p>\n<h3 class=\"\" data-start=\"2941\" data-end=\"2976\">4. Estructura optimizada para SEO<\/h3>\n<p class=\"\" data-start=\"2978\" data-end=\"3136\">Adem\u00e1s del aspecto visual, el publirreportaje fue creado teniendo en mente la jerarqu\u00eda de t\u00edtulos, la carga r\u00e1pida y una buena experiencia de lectura, que son factores fundamentales para el SEO.<\/p>\n<h2 class=\"\" data-start=\"3292\" data-end=\"3337\">Ventajas de utilizar un publirreportaje estilo G1<\/h2>\n<p class=\"\" data-start=\"3339\" data-end=\"3443\">El uso de un <strong data-start=\"3351\" data-end=\"3381\">publirreportaje para Elementor<\/strong> C\u00f3mo el estilo G1 ofrece varias ventajas estrat\u00e9gicas:<\/p>\n<ul data-start=\"3445\" data-end=\"3836\">\n<li class=\"\" data-start=\"3445\" data-end=\"3530\">\n<p class=\"\" data-start=\"3447\" data-end=\"3530\"><strong data-start=\"3447\" data-end=\"3470\">Aumenta la confianza<\/strong>:Las p\u00e1ginas que parecen noticias generan m\u00e1s credibilidad.<\/p>\n<\/li>\n<li class=\"\" data-start=\"3531\" data-end=\"3626\">\n<p class=\"\" data-start=\"3533\" data-end=\"3626\"><strong data-start=\"3533\" data-end=\"3556\">Mejora la conversi\u00f3n<\/strong>Se ha demostrado que el formato narrativo es m\u00e1s eficiente para las ventas.<\/p>\n<\/li>\n<li class=\"\" data-start=\"3627\" data-end=\"3732\">\n<p class=\"\" data-start=\"3629\" data-end=\"3732\"><strong data-start=\"3629\" data-end=\"3667\">Facilita campa\u00f1as de tr\u00e1fico pagado<\/strong>:Mejor aceptaci\u00f3n en plataformas como Facebook Ads y Google Ads.<\/p>\n<\/li>\n<li class=\"\" data-start=\"3733\" data-end=\"3836\">\n<p class=\"\" data-start=\"3735\" data-end=\"3836\"><strong data-start=\"3735\" data-end=\"3760\">Agilidad en la producci\u00f3n<\/strong>Con s\u00f3lo unos pocos clics tendr\u00e1s una p\u00e1gina profesional lista para lanzar.<\/p>\n<\/li>\n<\/ul>\n<p class=\"\" data-start=\"3838\" data-end=\"3955\">Este modelo es una excelente alternativa para quienes quieren profesionalizar campa\u00f1as y destacar en el mercado digital.<\/p>\n<h2 class=\"\" data-start=\"4101\" data-end=\"4163\">C\u00f3mo importar y editar publirreportajes de estilo G1 en Elementor<\/h2>\n<p class=\"\" data-start=\"4165\" data-end=\"4219\">Editar el <strong data-start=\"4174\" data-end=\"4199\">Publirreportaje de estilo G1<\/strong> Es simple y r\u00e1pido:<\/p>\n<h3 class=\"\" data-start=\"4221\" data-end=\"4252\">Paso 1: Importar el archivo<\/h3>\n<p class=\"\" data-start=\"4253\" data-end=\"4394\">Despu\u00e9s de la compra, recibir\u00e1 el archivo en formato de plantilla Elementor (.json). Simplemente use la funci\u00f3n \u201cImportar plantilla\u201d en el panel de Elementor.<\/p>\n<h3 class=\"\" data-start=\"4396\" data-end=\"4426\">Paso 2: Editar el contenido<\/h3>\n<p class=\"\" data-start=\"4427\" data-end=\"4534\">Reemplace texto, im\u00e1genes y enlaces con su propio material utilizando la interfaz visual de Elementor.<\/p>\n<h3 class=\"\" data-start=\"4536\" data-end=\"4570\">Paso 3: Personaliza el estilo<\/h3>\n<p class=\"\" data-start=\"4571\" data-end=\"4660\">Ajuste los colores, las fuentes y el espaciado para que coincidan con la identidad visual de su proyecto.<\/p>\n<h3 class=\"\" data-start=\"4662\" data-end=\"4683\">Paso 4: Publicar<\/h3>\n<p class=\"\" data-start=\"4684\" data-end=\"4768\">Una vez que hayas terminado de editar, publica tu landing page y comienza a atraer resultados.<\/p>\n<p class=\"\" data-start=\"4770\" data-end=\"4845\">\u00a1Todo esto sin tener que tocar c\u00f3digos ni realizar configuraciones complicadas!<\/p>\n<h2 class=\"\" data-start=\"4852\" data-end=\"4919\">Conclusi\u00f3n: Transforme sus campa\u00f1as con G1 Style Advertorial<\/h2>\n<p class=\"\" data-start=\"4921\" data-end=\"5183\">Si necesita una p\u00e1gina de destino de alto rendimiento, <strong data-start=\"4980\" data-end=\"5005\">Publirreportaje de estilo G1<\/strong> Es el modelo perfecto. Con un dise\u00f1o profesional, f\u00e1cil edici\u00f3n en Elementor y una estructura optimizada para SEO y conversi\u00f3n, podr\u00e1s lanzar campa\u00f1as mucho m\u00e1s r\u00e1pido y eficientemente.<\/p>","protected":false},"excerpt":{"rendered":"<p>Se voc\u00ea quer criar p\u00e1ginas de vendas com alta taxa de convers\u00e3o e apar\u00eancia profissional, o Advertorial Estilo G1 \u00e9 a solu\u00e7\u00e3o ideal. Desenvolvido especialmente para o Elementor, ele \u00e9 100% edit\u00e1vel, oferecendo flexibilidade total para voc\u00ea adaptar o conte\u00fado ao seu produto, servi\u00e7o ou campanha. Tabela de Conte\u00fados O que \u00e9 o Advertorial Estilo [&hellip;]<\/p>","protected":false},"featured_media":19978,"comment_status":"open","ping_status":"closed","template":"","meta":{"_jf_limit_responses":"","iawp_total_views":176},"product_brand":[],"product_cat":[42,72],"product_tag":[46,19],"class_list":{"0":"post-19977","1":"product","2":"type-product","3":"status-publish","4":"has-post-thumbnail","6":"product_cat-landing-page","7":"product_cat-advertorial","8":"product_tag-unlimited-elements","9":"product_tag-vitalicio","11":"first","12":"instock","13":"downloadable","14":"virtual","15":"purchasable","16":"product-type-simple"},"_links":{"self":[{"href":"https:\/\/packdesites.com\/es\/wp-json\/wp\/v2\/product\/19977","targetHints":{"allow":["GET"]}}],"collection":[{"href":"https:\/\/packdesites.com\/es\/wp-json\/wp\/v2\/product"}],"about":[{"href":"https:\/\/packdesites.com\/es\/wp-json\/wp\/v2\/types\/product"}],"replies":[{"embeddable":true,"href":"https:\/\/packdesites.com\/es\/wp-json\/wp\/v2\/comments?post=19977"}],"version-history":[{"count":1,"href":"https:\/\/packdesites.com\/es\/wp-json\/wp\/v2\/product\/19977\/revisions"}],"predecessor-version":[{"id":19979,"href":"https:\/\/packdesites.com\/es\/wp-json\/wp\/v2\/product\/19977\/revisions\/19979"}],"wp:featuredmedia":[{"embeddable":true,"href":"https:\/\/packdesites.com\/es\/wp-json\/wp\/v2\/media\/19978"}],"wp:attachment":[{"href":"https:\/\/packdesites.com\/es\/wp-json\/wp\/v2\/media?parent=19977"}],"wp:term":[{"taxonomy":"product_brand","embeddable":true,"href":"https:\/\/packdesites.com\/es\/wp-json\/wp\/v2\/product_brand?post=19977"},{"taxonomy":"product_cat","embeddable":true,"href":"https:\/\/packdesites.com\/es\/wp-json\/wp\/v2\/product_cat?post=19977"},{"taxonomy":"product_tag","embeddable":true,"href":"https:\/\/packdesites.com\/es\/wp-json\/wp\/v2\/product_tag?post=19977"}],"curies":[{"name":"wp","href":"https:\/\/api.w.org\/{rel}","templated":true}]}}